{"id":112,"date":"2020-10-12T09:56:59","date_gmt":"2020-10-12T07:56:59","guid":{"rendered":"https:\/\/www2.zeitlos-vertrieb.de\/?page_id=112"},"modified":"2023-01-17T10:27:39","modified_gmt":"2023-01-17T09:27:39","slug":"haftungsausschluss","status":"publish","type":"page","link":"https:\/\/www.zeitlos-vertrieb.de\/cs\/odmitnuti\/","title":{"rendered":"Odm\u00edtnut\u00ed odpov\u011bdnosti"},"content":{"rendered":"<p><strong>Obsah online nab\u00eddky<\/strong><br \/>\nzeitlos design + vertriebs GmbH si vyhrazuje pr\u00e1vo neodpov\u00eddat za aktu\u00e1lnost a \u00faplnost poskytnut\u00fdch informac\u00ed. N\u00e1roky z odpov\u011bdnosti v\u016f\u010di spole\u010dnosti zeitlos design + vertriebs GmbH za hmotnou nebo nehmotnou \u0161kodu zp\u016fsobenou pou\u017eit\u00edm nebo nepou\u017eit\u00edm poskytnut\u00fdch informac\u00ed nebo pou\u017eit\u00edm nespr\u00e1vn\u00fdch nebo ne\u00fapln\u00fdch informac\u00ed jsou z\u00e1sadn\u011b vylou\u010deny, pokud nen\u00ed prok\u00e1z\u00e1n \u00famysl nebo hrub\u00e1 nedbalost ze strany spole\u010dnosti zeitlos design + vertriebs GmbH.<\/p>\n<p>Ve\u0161ker\u00e9 nab\u00eddky se mohou bez p\u0159edchoz\u00edho upozorn\u011bn\u00ed m\u011bnit a jsou nez\u00e1vazn\u00e9. zeitlos design + vertriebs GmbH si v\u00fdslovn\u011b vyhrazuje pr\u00e1vo m\u011bnit, dopl\u0148ovat nebo mazat \u010d\u00e1sti str\u00e1nek nebo celou nab\u00eddku bez p\u0159edchoz\u00edho upozorn\u011bn\u00ed nebo do\u010dasn\u011b \u010di trvale p\u0159estat publikovat.<\/p>\n","protected":false},"excerpt":{"rendered":"<p>Obsah online nab\u00eddky zeitlos design + vertriebs GmbH si vyhrazuje pr\u00e1vo neodpov\u00eddat za aktu\u00e1lnost a \u00faplnost poskytnut\u00fdch informac\u00ed. N\u00e1roky z odpov\u011bdnosti v\u016f\u010di spole\u010dnosti zeitlos design + vertriebs GmbH za hmotnou &#8230;<\/p>\n","protected":false},"author":1,"featured_media":0,"parent":0,"menu_order":0,"comment_status":"closed","ping_status":"closed","template":"","meta":{"footnotes":""},"class_list":["post-112","page","type-page","status-publish","hentry"],"yoast_head":"<!-- This site is optimized with the Yoast SEO plugin v27.4 - https:\/\/yoast.com\/product\/yoast-seo-wordpress\/ -->\n<title>Odm\u00edtnut\u00ed odpov\u011bdnosti<\/title>\n<meta name=\"description\" content=\"Obsah online nab\u00eddky zeitlos design + vertriebs GmbH si vyhrazuje pr\u00e1vo neodpov\u00eddat za aktu\u00e1lnost a \u00faplnost poskytnut\u00fdch informac\u00ed. N\u00e1roky z odpov\u011bdnosti v\u016f\u010di spole\u010dnosti zeitlos design + vertriebs GmbH za hmotnou nebo nehmotnou \u0161kodu zp\u016fsobenou pou\u017eit\u00edm nebo nepou\u017eit\u00edm poskytnut\u00fdch informac\u00ed nebo pou\u017eit\u00edm nespr\u00e1vn\u00fdch nebo ne\u00fapln\u00fdch informac\u00ed jsou z\u00e1sadn\u011b vylou\u010deny, pokud nen\u00ed prok\u00e1z\u00e1n \u00famysl nebo hrub\u00e1 nedbalost&hellip;\" \/>\n<meta name=\"robots\" content=\"noindex, follow\" \/>\n<meta property=\"og:locale\" content=\"cs_CZ\" \/>\n<meta property=\"og:type\" content=\"article\" \/>\n<meta property=\"og:title\" content=\"Odm\u00edtnut\u00ed odpov\u011bdnosti\" \/>\n<meta property=\"og:description\" content=\"Obsah online nab\u00eddky zeitlos design + vertriebs GmbH si vyhrazuje pr\u00e1vo neodpov\u00eddat za aktu\u00e1lnost a \u00faplnost poskytnut\u00fdch informac\u00ed. N\u00e1roky z odpov\u011bdnosti v\u016f\u010di spole\u010dnosti zeitlos design + vertriebs GmbH za hmotnou nebo nehmotnou \u0161kodu zp\u016fsobenou pou\u017eit\u00edm nebo nepou\u017eit\u00edm poskytnut\u00fdch informac\u00ed nebo pou\u017eit\u00edm nespr\u00e1vn\u00fdch nebo ne\u00fapln\u00fdch informac\u00ed jsou z\u00e1sadn\u011b vylou\u010deny, pokud nen\u00ed prok\u00e1z\u00e1n \u00famysl nebo hrub\u00e1 nedbalost&hellip;\" \/>\n<meta property=\"og:url\" content=\"https:\/\/www.zeitlos-vertrieb.de\/cs\/odmitnuti\/\" \/>\n<meta property=\"og:site_name\" content=\"ZEITLOS\" \/>\n<meta property=\"article:modified_time\" content=\"2023-01-17T09:27:39+00:00\" \/>\n<meta name=\"twitter:card\" content=\"summary_large_image\" \/>\n<script type=\"application\/ld+json\" class=\"yoast-schema-graph\">{\"@context\":\"https:\\\/\\\/schema.org\",\"@graph\":[{\"@type\":\"WebPage\",\"@id\":\"https:\\\/\\\/www.zeitlos-vertrieb.de\\\/cs\\\/odmitnuti\\\/\",\"url\":\"https:\\\/\\\/www.zeitlos-vertrieb.de\\\/cs\\\/odmitnuti\\\/\",\"name\":\"ZEITLOS - Haftungsausschluss\",\"isPartOf\":{\"@id\":\"https:\\\/\\\/www.zeitlos-vertrieb.de\\\/#website\"},\"datePublished\":\"2020-10-12T07:56:59+00:00\",\"dateModified\":\"2023-01-17T09:27:39+00:00\",\"description\":\"Zeitlos bietet als Outsourcing-Dienstleister im Logistik- und Fulfillmentbereich innovative L\u00f6sungen f\u00fcr alle Prozesse im After Sales Service.\",\"breadcrumb\":{\"@id\":\"https:\\\/\\\/www.zeitlos-vertrieb.de\\\/cs\\\/odmitnuti\\\/#breadcrumb\"},\"inLanguage\":\"cs\",\"potentialAction\":[{\"@type\":\"ReadAction\",\"target\":[\"https:\\\/\\\/www.zeitlos-vertrieb.de\\\/cs\\\/odmitnuti\\\/\"]}]},{\"@type\":\"BreadcrumbList\",\"@id\":\"https:\\\/\\\/www.zeitlos-vertrieb.de\\\/cs\\\/odmitnuti\\\/#breadcrumb\",\"itemListElement\":[{\"@type\":\"ListItem\",\"position\":1,\"name\":\"Startseite\",\"item\":\"https:\\\/\\\/www.zeitlos-vertrieb.de\\\/\"},{\"@type\":\"ListItem\",\"position\":2,\"name\":\"Odm\u00edtnut\u00ed odpov\u011bdnosti\"}]},{\"@type\":\"WebSite\",\"@id\":\"https:\\\/\\\/www.zeitlos-vertrieb.de\\\/cs\\\/#website\",\"url\":\"https:\\\/\\\/www.zeitlos-vertrieb.de\\\/cs\\\/\",\"name\":\"ZEITLOS\",\"description\":\"Design- und Vertriebs GmbH\",\"publisher\":{\"@id\":\"https:\\\/\\\/www.zeitlos-vertrieb.de\\\/cs\\\/#organization\"},\"potentialAction\":[{\"@type\":\"SearchAction\",\"target\":{\"@type\":\"EntryPoint\",\"urlTemplate\":\"https:\\\/\\\/www.zeitlos-vertrieb.de\\\/cs\\\/?s={search_term_string}\"},\"query-input\":{\"@type\":\"PropertyValueSpecification\",\"valueRequired\":true,\"valueName\":\"search_term_string\"}}],\"inLanguage\":\"cs\"},{\"@type\":\"Organization\",\"@id\":\"https:\\\/\\\/www.zeitlos-vertrieb.de\\\/cs\\\/#organization\",\"name\":\"ZEITLOS Design- und Vertriebs GmbH\",\"url\":\"https:\\\/\\\/www.zeitlos-vertrieb.de\\\/cs\\\/\",\"logo\":{\"@type\":\"ImageObject\",\"inLanguage\":\"cs\",\"@id\":\"https:\\\/\\\/www.zeitlos-vertrieb.de\\\/cs\\\/#\\\/schema\\\/logo\\\/image\\\/\",\"url\":\"https:\\\/\\\/www.zeitlos-vertrieb.de\\\/wp-content\\\/uploads\\\/2020\\\/10\\\/Logo2.png\",\"contentUrl\":\"https:\\\/\\\/www.zeitlos-vertrieb.de\\\/wp-content\\\/uploads\\\/2020\\\/10\\\/Logo2.png\",\"width\":551,\"height\":154,\"caption\":\"ZEITLOS Design- und Vertriebs GmbH\"},\"image\":{\"@id\":\"https:\\\/\\\/www.zeitlos-vertrieb.de\\\/cs\\\/#\\\/schema\\\/logo\\\/image\\\/\"}}]}<\/script>\n<!-- \/ Yoast SEO plugin. -->","yoast_head_json":{"title":"Odm\u00edtnut\u00ed odpov\u011bdnosti","description":"Obsah online nab\u00eddky zeitlos design + vertriebs GmbH si vyhrazuje pr\u00e1vo neodpov\u00eddat za aktu\u00e1lnost a \u00faplnost poskytnut\u00fdch informac\u00ed. N\u00e1roky z odpov\u011bdnosti v\u016f\u010di spole\u010dnosti zeitlos design + vertriebs GmbH za hmotnou nebo nehmotnou \u0161kodu zp\u016fsobenou pou\u017eit\u00edm nebo nepou\u017eit\u00edm poskytnut\u00fdch informac\u00ed nebo pou\u017eit\u00edm nespr\u00e1vn\u00fdch nebo ne\u00fapln\u00fdch informac\u00ed jsou z\u00e1sadn\u011b vylou\u010deny, pokud nen\u00ed prok\u00e1z\u00e1n \u00famysl nebo hrub\u00e1 nedbalost&hellip;","robots":{"index":"noindex","follow":"follow"},"og_locale":"cs_CZ","og_type":"article","og_title":"Odm\u00edtnut\u00ed odpov\u011bdnosti","og_description":"Obsah online nab\u00eddky zeitlos design + vertriebs GmbH si vyhrazuje pr\u00e1vo neodpov\u00eddat za aktu\u00e1lnost a \u00faplnost poskytnut\u00fdch informac\u00ed. N\u00e1roky z odpov\u011bdnosti v\u016f\u010di spole\u010dnosti zeitlos design + vertriebs GmbH za hmotnou nebo nehmotnou \u0161kodu zp\u016fsobenou pou\u017eit\u00edm nebo nepou\u017eit\u00edm poskytnut\u00fdch informac\u00ed nebo pou\u017eit\u00edm nespr\u00e1vn\u00fdch nebo ne\u00fapln\u00fdch informac\u00ed jsou z\u00e1sadn\u011b vylou\u010deny, pokud nen\u00ed prok\u00e1z\u00e1n \u00famysl nebo hrub\u00e1 nedbalost&hellip;","og_url":"https:\/\/www.zeitlos-vertrieb.de\/cs\/odmitnuti\/","og_site_name":"ZEITLOS","article_modified_time":"2023-01-17T09:27:39+00:00","twitter_card":"summary_large_image","schema":{"@context":"https:\/\/schema.org","@graph":[{"@type":"WebPage","@id":"https:\/\/www.zeitlos-vertrieb.de\/cs\/odmitnuti\/","url":"https:\/\/www.zeitlos-vertrieb.de\/cs\/odmitnuti\/","name":"ZEITLOS - Haftungsausschluss","isPartOf":{"@id":"https:\/\/www.zeitlos-vertrieb.de\/#website"},"datePublished":"2020-10-12T07:56:59+00:00","dateModified":"2023-01-17T09:27:39+00:00","description":"Zeitlos bietet als Outsourcing-Dienstleister im Logistik- und Fulfillmentbereich innovative L\u00f6sungen f\u00fcr alle Prozesse im After Sales Service.","breadcrumb":{"@id":"https:\/\/www.zeitlos-vertrieb.de\/cs\/odmitnuti\/#breadcrumb"},"inLanguage":"cs","potentialAction":[{"@type":"ReadAction","target":["https:\/\/www.zeitlos-vertrieb.de\/cs\/odmitnuti\/"]}]},{"@type":"BreadcrumbList","@id":"https:\/\/www.zeitlos-vertrieb.de\/cs\/odmitnuti\/#breadcrumb","itemListElement":[{"@type":"ListItem","position":1,"name":"Startseite","item":"https:\/\/www.zeitlos-vertrieb.de\/"},{"@type":"ListItem","position":2,"name":"Odm\u00edtnut\u00ed odpov\u011bdnosti"}]},{"@type":"WebSite","@id":"https:\/\/www.zeitlos-vertrieb.de\/cs\/#website","url":"https:\/\/www.zeitlos-vertrieb.de\/cs\/","name":"ZEITLOS","description":"Design- und Vertriebs GmbH","publisher":{"@id":"https:\/\/www.zeitlos-vertrieb.de\/cs\/#organization"},"potentialAction":[{"@type":"SearchAction","target":{"@type":"EntryPoint","urlTemplate":"https:\/\/www.zeitlos-vertrieb.de\/cs\/?s={search_term_string}"},"query-input":{"@type":"PropertyValueSpecification","valueRequired":true,"valueName":"search_term_string"}}],"inLanguage":"cs"},{"@type":"Organization","@id":"https:\/\/www.zeitlos-vertrieb.de\/cs\/#organization","name":"ZEITLOS Design- und Vertriebs GmbH","url":"https:\/\/www.zeitlos-vertrieb.de\/cs\/","logo":{"@type":"ImageObject","inLanguage":"cs","@id":"https:\/\/www.zeitlos-vertrieb.de\/cs\/#\/schema\/logo\/image\/","url":"https:\/\/www.zeitlos-vertrieb.de\/wp-content\/uploads\/2020\/10\/Logo2.png","contentUrl":"https:\/\/www.zeitlos-vertrieb.de\/wp-content\/uploads\/2020\/10\/Logo2.png","width":551,"height":154,"caption":"ZEITLOS Design- und Vertriebs GmbH"},"image":{"@id":"https:\/\/www.zeitlos-vertrieb.de\/cs\/#\/schema\/logo\/image\/"}}]}},"_links":{"self":[{"href":"https:\/\/www.zeitlos-vertrieb.de\/cs\/wp-json\/wp\/v2\/pages\/112","targetHints":{"allow":["GET"]}}],"collection":[{"href":"https:\/\/www.zeitlos-vertrieb.de\/cs\/wp-json\/wp\/v2\/pages"}],"about":[{"href":"https:\/\/www.zeitlos-vertrieb.de\/cs\/wp-json\/wp\/v2\/types\/page"}],"author":[{"embeddable":true,"href":"https:\/\/www.zeitlos-vertrieb.de\/cs\/wp-json\/wp\/v2\/users\/1"}],"replies":[{"embeddable":true,"href":"https:\/\/www.zeitlos-vertrieb.de\/cs\/wp-json\/wp\/v2\/comments?post=112"}],"version-history":[{"count":4,"href":"https:\/\/www.zeitlos-vertrieb.de\/cs\/wp-json\/wp\/v2\/pages\/112\/revisions"}],"predecessor-version":[{"id":345,"href":"https:\/\/www.zeitlos-vertrieb.de\/cs\/wp-json\/wp\/v2\/pages\/112\/revisions\/345"}],"wp:attachment":[{"href":"https:\/\/www.zeitlos-vertrieb.de\/cs\/wp-json\/wp\/v2\/media?parent=112"}],"curies":[{"name":"wp","href":"https:\/\/api.w.org\/{rel}","templated":true}]}}