{"id":114,"date":"2020-10-12T09:57:22","date_gmt":"2020-10-12T07:57:22","guid":{"rendered":"https:\/\/www2.zeitlos-vertrieb.de\/?page_id=114"},"modified":"2023-01-17T10:26:47","modified_gmt":"2023-01-17T09:26:47","slug":"agb","status":"publish","type":"page","link":"https:\/\/www.zeitlos-vertrieb.de\/da\/betingelser\/","title":{"rendered":"Generelle vilk\u00e5r og betingelser"},"content":{"rendered":"\r\n<p><strong>Generelle vilk\u00e5r og betingelser for webshoppen zeitlos vertrieb &#038; design GmbH<\/strong><br>(i det f\u00f8lgende ben\u00e6vnt &#8220;webshoppen zeitlos&#8221;)<br><\/p>\r\n\r\n\r\n\r\n<p><strong>1. Generelt<\/strong><br>Alle tjenester, som Onlineshop zeitlos leverer til kunden, leveres udelukkende p\u00e5 grundlag af f\u00f8lgende generelle vilk\u00e5r og betingelser. Afvigende bestemmelser er kun gyldige, hvis de er blevet aftalt skriftligt mellem Onlineshop zeitlos og kunden.<\/p>\r\n\r\n\r\n\r\n<p><strong>2. Indg\u00e5else af kontrakten<\/strong><br>a) Tilbuddene fra den onlineshop zeitlos p\u00e5 internettet er en uforpligtende opfordring til kunden om at bestille varer i onlineshoppen.<br>b) Kunden afgiver et bindende tilbud om at indg\u00e5 en k\u00f8bsaftale, n\u00e5r han\/hun bestiller varer p\u00e5 internettet.<br>c) Onlinebutikken zeitlos er berettiget til at acceptere dette tilbud inden for 2 kalenderdage ved at sende en ordrebekr\u00e6ftelse. Ordrebekr\u00e6ftelsen skal sendes pr. e-mail. Hvis fristen p\u00e5 2 dage udl\u00f8ber uden svar, anses tilbuddet for at v\u00e6re afvist.<\/p>\r\n\r\n\r\n\r\n<p><strong>3. Leveringstider<\/strong><br>Alle varer leveres straks, hvis de er p\u00e5 lager, og kun s\u00e5 l\u00e6nge lager haves.<br>Levering sker kun inden for Tyskland. Leveringstiden er normalt 5 arbejdsdage og begynder med afsendelsen af ordrebekr\u00e6ftelsen. Angivelsen af leveringstiden er uforpligtende, medmindre der foreligger en skriftlig aftale om det modsatte.<br>Hvis en vare ikke er tilg\u00e6ngelig med kort varsel, informerer vi dig pr. e-mail om den forventede leveringstid, forudsat at vi har din adresse.<br>Nogle varer har en l\u00e6ngere leveringstid.<br>I tilf\u00e6lde af forsinkelser i leveringen, f.eks. p\u00e5 grund af force majeure, trafikforstyrrelser og p\u00e5bud fra h\u00f8jere myndigheder samt andre begivenheder, som online shop zeitlos ikke er ansvarlig for, kan der ikke g\u00f8res krav p\u00e5 erstatning over for online shop zeitlos.<\/p>\r\n\r\n\r\n\r\n<p><strong>4. Emballage- og forsendelsesomkostninger<\/strong><br>For levering inden for Tyskland og emballageomkostninger opkr\u00e6ver onlinebutikken zeitlos en fast pro rata-pris p\u00e5 EUR, uanset antallet og v\u00e6gten af varer.<br>For ordrer med en ordrev\u00e6rdi p\u00e5 over EUR leverer vi fragtfrit inden for Tyskland (undtaget herfra). P\u00e5 kundens anmodning kan der ogs\u00e5 foretages ekspresleverancer. Kunden b\u00e6rer de ekstra omkostninger, der opst\u00e5r.<br><br><strong>5. Priser og betaling<\/strong><br>1. Alle angivne priser er endelige priser, som omfatter den lovpligtige moms p\u00e5 i \u00f8jeblikket 19 %.<br>2. De endelige priser omfatter ikke udgifter til emballage og forsendelse.<br>3. P\u00e5 grund af den konstante opdatering af websiderne p\u00e5 webshoppen zeitlos mister de oplysninger, der er givet p\u00e5 et tidligere tidspunkt med hensyn til varernes pris og tilstand, deres gyldighed.<br>4. Den pris, der er angivet p\u00e5 det tidspunkt, hvor kunden afgiver sit tilbud, er afg\u00f8rende for faktureringen.<br>5. Betaling af varerne sker mod forudbetaling. Undtagelser er kun gyldige, hvis de er blevet aftalt skriftligt mellem online shop zeitlos og kunden.<br>6. Kunden er forpligtet til at betale fakturabel\u00f8bet inden for 14 dage efter modtagelse af varerne.<br>7. Hvis kunden ikke har opfyldt sin betalingsforpligtelse efter udl\u00f8bet af den i nr. 6 n\u00e6vnte frist, forbeholder Online Shop zeitlos sig ret til at opkr\u00e6ve kunden yderligere p\u00e5mindelses- og behandlingsgebyrer, der opst\u00e5r i den forbindelse.<br>8. Hvis kunden er i restance med betalingen, er online shop zeitlos berettiget til at kr\u00e6ve morarenter til den lovbestemte sats. Online-shop zeitlos&#8217; ret til eventuelt at g\u00f8re yderligere erstatningskrav g\u00e6ldende forbliver up\u00e5virket af dette.<br><br><strong>6. Forbehold af ejendomsret<\/strong><br>De bestilte varer forbliver online shop zeitlos&#8217;s ejendom, indtil fuld betaling er foretaget (ejendomsforbehold i henhold til \u00a7 449 BGB). Forud for overdragelse af ejendomsretten er pants\u00e6tning, sikkerhedsoverdragelse, forarbejdning eller omdannelse af varen ikke tilladt uden udtrykkeligt samtykke fra online shop zeitlos.<\/p>\r\n\r\n\r\n\r\n<p><strong>7. Garanti<\/strong><br>1. Kundens krav mod online shop zeitlos, som skyldes en defekt ved varen, er underlagt de lovbestemte bestemmelser.<br>2. Kunden forpligter sig til at unders\u00f8ge varerne for eventuelle mangler ved modtagelsen og til straks at informere webshoppen, hvis s\u00e5danne mangler konstateres. Hvis kunden p\u00e5 et senere tidspunkt opdager, at varen er mangelfuld, er han forpligtet til at underrette online-shoppen uden tidsbegr\u00e6nsning straks efter, at han har opdaget det. Hvis kunden undlader at anmelde en mangel, anses varen for at v\u00e6re godkendt.<br>3. Mangler ved varerne omfatter ikke skader, der er for\u00e5rsaget af kunden ved forkert eller ikke kontraktm\u00e6ssig h\u00e5ndtering. De oplysninger, som varens producent har givet, er afg\u00f8rende for ukorrekt og ikke-kontraktm\u00e6ssig h\u00e5ndtering.<\/p>\r\n\r\n\r\n\r\n<p><strong>8. Begr\u00e6nsning af ansvar<\/strong><br>Online shop zeitlos er kun ansvarlig for skader, der er baseret p\u00e5 groft uagtsomme eller fors\u00e6tlige handlinger eller p\u00e5 en skyldig overtr\u00e6delse af en v\u00e6sentlig kontraktlig forpligtelse, og som er for\u00e5rsaget af den selv eller af en af dennes stedfortr\u00e6dere. Ethvert yderligere erstatningskrav er udelukket. Bestemmelserne i produktansvarsloven forbliver up\u00e5virket.<br>Desuden er webshoppen zeitlos ikke ansvarlig for den ubegr\u00e6nsede tilg\u00e6ngelighed af webshoppen selv, da den ikke kan garantere en flydende og fejlfri datakommunikation via internettet, som er n\u00f8dvendig for dette.<\/p>\r\n\r\n\r\n\r\n<p><strong>9. Databeskyttelse<\/strong><br>De data, som kunden overf\u00f8rer, vil af online shop zeitlos udelukkende blive brugt til at behandle ordrerne. Alle data behandles strengt fortroligt. Data videregives kun til tredjeparter (f.eks. forsendelsestjenester), hvis dette er n\u00f8dvendigt for ordrebehandlingen. Bestillingsdataene overf\u00f8res krypteret og sikret, men vi p\u00e5tager os intet ansvar for datasikkerheden under disse overf\u00f8rsler via internettet (f.eks. p\u00e5 grund af tekniske fejl hos udbyderen) eller for tredjemands kriminelle adgang til filer p\u00e5 vores internetsted. Kunde-logindata, der overf\u00f8res til kunden p\u00e5 kundens anmodning, skal behandles strengt fortroligt af kunden, da vi ikke p\u00e5tager os noget ansvar for anvendelsen og anvendelsen af disse data.<\/p>\r\n\r\n\r\n\r\n<p><strong>10. Copyright<\/strong><br>Alle logoer, billeder og grafik fra tredjeparter tilh\u00f8rer de respektive virksomheder og er underlagt de respektive licensgiveres ophavsret. Alle billeder, logoer, tekster, rapporter, scripts og programmeringsrutiner, der vises p\u00e5 disse sider, og som er vores egne udviklinger eller er udarbejdet af os, m\u00e5 ikke kopieres eller anvendes p\u00e5 anden m\u00e5de uden vores samtykke. Alle rettigheder forbeholdes.<\/p>\r\n\r\n\r\n\r\n<p><strong>11. Links p\u00e5 vores sider<\/strong><br>I sin dom af 12. maj 1998 &#8211; 312 O 85\/98 &#8211; &#8220;Ansvar for links&#8221; har landsretten i Hamborg besluttet, at man ved at inds\u00e6tte links ogs\u00e5 er medansvarlig for det materiale, der tilbydes via disse links. If\u00f8lge landsretten kan dette kun forhindres ved udtrykkeligt at tage afstand fra dette indhold. Vi tager derfor udtrykkeligt afstand fra alle indhold p\u00e5 alle linkede sider p\u00e5 denne hjemmeside. Denne erkl\u00e6ring g\u00e6lder for alle links p\u00e5 vores hjemmeside.<\/p>\r\n\r\n\r\n\r\n<p><strong>12. Sted med jurisdiktion<\/strong><br>1. Medmindre andet er fastsat i loven, er v\u00e6rnetinget det sted, hvor webshoppen zeitlos har sit hjemsted.<br>2. Tysk lov finder anvendelse p\u00e5 alle tvister, der m\u00e5tte opst\u00e5 i forbindelse med dette retsforhold. Anvendelse af FN&#8217;s k\u00f8belov er udelukket.<\/p>\r\n\r\n\r\n\r\n<p><strong>13. Gyldigheden af de almindelige betingelser<\/strong><br>Ved at afgive en ordre accepteres de generelle vilk\u00e5r og betingelser for onlinebutikken zeitlos. Hvis en bestemmelse i disse generelle vilk\u00e5r og betingelser skulle v\u00e6re ugyldig, uanset \u00e5rsagen, forbliver gyldigheden af de resterende bestemmelser u\u00e6ndret. Mundtlige aftaler kr\u00e6ver skriftlig bekr\u00e6ftelse.<\/p>\r\n\r\n","protected":false},"excerpt":{"rendered":"<p>Generelle vilk\u00e5r og betingelser for webshoppen zeitlos vertrieb &#038; design GmbH(i det f\u00f8lgende ben\u00e6vnt &#8220;webshoppen zeitlos&#8221;) 1. GenereltAlle tjenester, som Onlineshop zeitlos leverer til kunden, leveres udelukkende p\u00e5 grundlag af &#8230;<\/p>\n","protected":false},"author":1,"featured_media":0,"parent":0,"menu_order":0,"comment_status":"closed","ping_status":"closed","template":"","meta":{"footnotes":""},"class_list":["post-114","page","type-page","status-publish","hentry"],"yoast_head":"<!-- This site is optimized with the Yoast SEO plugin v27.4 - https:\/\/yoast.com\/product\/yoast-seo-wordpress\/ -->\n<title>Generelle vilk\u00e5r og betingelser<\/title>\n<meta name=\"description\" content=\"Generelle vilk\u00e5r og betingelser for webshoppen zeitlos vertrieb &amp; design GmbH(i det f\u00f8lgende ben\u00e6vnt &quot;webshoppen zeitlos&quot;) 1. GenereltAlle tjenester, som Onlineshop zeitlos leverer til kunden, leveres udelukkende p\u00e5 grundlag af f\u00f8lgende generelle vilk\u00e5r og betingelser. Afvigende bestemmelser er kun gyldige, hvis de er blevet aftalt skriftligt mellem Onlineshop zeitlos og kunden. 2. Indg\u00e5else af kontraktena)&hellip;\" \/>\n<meta name=\"robots\" content=\"noindex, follow\" \/>\n<meta property=\"og:locale\" content=\"da_DK\" \/>\n<meta property=\"og:type\" content=\"article\" \/>\n<meta property=\"og:title\" content=\"Generelle vilk\u00e5r og betingelser\" \/>\n<meta property=\"og:description\" content=\"Generelle vilk\u00e5r og betingelser for webshoppen zeitlos vertrieb &amp; design GmbH(i det f\u00f8lgende ben\u00e6vnt &quot;webshoppen zeitlos&quot;) 1. GenereltAlle tjenester, som Onlineshop zeitlos leverer til kunden, leveres udelukkende p\u00e5 grundlag af f\u00f8lgende generelle vilk\u00e5r og betingelser. Afvigende bestemmelser er kun gyldige, hvis de er blevet aftalt skriftligt mellem Onlineshop zeitlos og kunden. 2. Indg\u00e5else af kontraktena)&hellip;\" \/>\n<meta property=\"og:url\" content=\"https:\/\/www.zeitlos-vertrieb.de\/da\/betingelser\/\" \/>\n<meta property=\"og:site_name\" content=\"ZEITLOS\" \/>\n<meta property=\"article:modified_time\" content=\"2023-01-17T09:26:47+00:00\" \/>\n<meta name=\"twitter:card\" content=\"summary_large_image\" \/>\n<script type=\"application\/ld+json\" class=\"yoast-schema-graph\">{\"@context\":\"https:\\\/\\\/schema.org\",\"@graph\":[{\"@type\":\"WebPage\",\"@id\":\"https:\\\/\\\/www.zeitlos-vertrieb.de\\\/da\\\/betingelser\\\/\",\"url\":\"https:\\\/\\\/www.zeitlos-vertrieb.de\\\/da\\\/betingelser\\\/\",\"name\":\"ZEITLOS - AGB\",\"isPartOf\":{\"@id\":\"https:\\\/\\\/www.zeitlos-vertrieb.de\\\/#website\"},\"datePublished\":\"2020-10-12T07:57:22+00:00\",\"dateModified\":\"2023-01-17T09:26:47+00:00\",\"description\":\"Zeitlos bietet als Outsourcing-Dienstleister im Logistik- und Fulfillmentbereich innovative L\u00f6sungen f\u00fcr alle Prozesse im After Sales Service.\",\"breadcrumb\":{\"@id\":\"https:\\\/\\\/www.zeitlos-vertrieb.de\\\/da\\\/betingelser\\\/#breadcrumb\"},\"inLanguage\":\"da-DK\",\"potentialAction\":[{\"@type\":\"ReadAction\",\"target\":[\"https:\\\/\\\/www.zeitlos-vertrieb.de\\\/da\\\/betingelser\\\/\"]}]},{\"@type\":\"BreadcrumbList\",\"@id\":\"https:\\\/\\\/www.zeitlos-vertrieb.de\\\/da\\\/betingelser\\\/#breadcrumb\",\"itemListElement\":[{\"@type\":\"ListItem\",\"position\":1,\"name\":\"Startseite\",\"item\":\"https:\\\/\\\/www.zeitlos-vertrieb.de\\\/\"},{\"@type\":\"ListItem\",\"position\":2,\"name\":\"Generelle vilk\u00e5r og betingelser\"}]},{\"@type\":\"WebSite\",\"@id\":\"https:\\\/\\\/www.zeitlos-vertrieb.de\\\/da\\\/#website\",\"url\":\"https:\\\/\\\/www.zeitlos-vertrieb.de\\\/da\\\/\",\"name\":\"ZEITLOS\",\"description\":\"Design- und Vertriebs GmbH\",\"publisher\":{\"@id\":\"https:\\\/\\\/www.zeitlos-vertrieb.de\\\/da\\\/#organization\"},\"potentialAction\":[{\"@type\":\"SearchAction\",\"target\":{\"@type\":\"EntryPoint\",\"urlTemplate\":\"https:\\\/\\\/www.zeitlos-vertrieb.de\\\/da\\\/?s={search_term_string}\"},\"query-input\":{\"@type\":\"PropertyValueSpecification\",\"valueRequired\":true,\"valueName\":\"search_term_string\"}}],\"inLanguage\":\"da-DK\"},{\"@type\":\"Organization\",\"@id\":\"https:\\\/\\\/www.zeitlos-vertrieb.de\\\/da\\\/#organization\",\"name\":\"ZEITLOS Design- und Vertriebs GmbH\",\"url\":\"https:\\\/\\\/www.zeitlos-vertrieb.de\\\/da\\\/\",\"logo\":{\"@type\":\"ImageObject\",\"inLanguage\":\"da-DK\",\"@id\":\"https:\\\/\\\/www.zeitlos-vertrieb.de\\\/da\\\/#\\\/schema\\\/logo\\\/image\\\/\",\"url\":\"https:\\\/\\\/www.zeitlos-vertrieb.de\\\/wp-content\\\/uploads\\\/2020\\\/10\\\/Logo2.png\",\"contentUrl\":\"https:\\\/\\\/www.zeitlos-vertrieb.de\\\/wp-content\\\/uploads\\\/2020\\\/10\\\/Logo2.png\",\"width\":551,\"height\":154,\"caption\":\"ZEITLOS Design- und Vertriebs GmbH\"},\"image\":{\"@id\":\"https:\\\/\\\/www.zeitlos-vertrieb.de\\\/da\\\/#\\\/schema\\\/logo\\\/image\\\/\"}}]}<\/script>\n<!-- \/ Yoast SEO plugin. -->","yoast_head_json":{"title":"Generelle vilk\u00e5r og betingelser","description":"Generelle vilk\u00e5r og betingelser for webshoppen zeitlos vertrieb & design GmbH(i det f\u00f8lgende ben\u00e6vnt \"webshoppen zeitlos\") 1. GenereltAlle tjenester, som Onlineshop zeitlos leverer til kunden, leveres udelukkende p\u00e5 grundlag af f\u00f8lgende generelle vilk\u00e5r og betingelser. Afvigende bestemmelser er kun gyldige, hvis de er blevet aftalt skriftligt mellem Onlineshop zeitlos og kunden. 2. Indg\u00e5else af kontraktena)&hellip;","robots":{"index":"noindex","follow":"follow"},"og_locale":"da_DK","og_type":"article","og_title":"Generelle vilk\u00e5r og betingelser","og_description":"Generelle vilk\u00e5r og betingelser for webshoppen zeitlos vertrieb & design GmbH(i det f\u00f8lgende ben\u00e6vnt \"webshoppen zeitlos\") 1. GenereltAlle tjenester, som Onlineshop zeitlos leverer til kunden, leveres udelukkende p\u00e5 grundlag af f\u00f8lgende generelle vilk\u00e5r og betingelser. Afvigende bestemmelser er kun gyldige, hvis de er blevet aftalt skriftligt mellem Onlineshop zeitlos og kunden. 2. Indg\u00e5else af kontraktena)&hellip;","og_url":"https:\/\/www.zeitlos-vertrieb.de\/da\/betingelser\/","og_site_name":"ZEITLOS","article_modified_time":"2023-01-17T09:26:47+00:00","twitter_card":"summary_large_image","schema":{"@context":"https:\/\/schema.org","@graph":[{"@type":"WebPage","@id":"https:\/\/www.zeitlos-vertrieb.de\/da\/betingelser\/","url":"https:\/\/www.zeitlos-vertrieb.de\/da\/betingelser\/","name":"ZEITLOS - AGB","isPartOf":{"@id":"https:\/\/www.zeitlos-vertrieb.de\/#website"},"datePublished":"2020-10-12T07:57:22+00:00","dateModified":"2023-01-17T09:26:47+00:00","description":"Zeitlos bietet als Outsourcing-Dienstleister im Logistik- und Fulfillmentbereich innovative L\u00f6sungen f\u00fcr alle Prozesse im After Sales Service.","breadcrumb":{"@id":"https:\/\/www.zeitlos-vertrieb.de\/da\/betingelser\/#breadcrumb"},"inLanguage":"da-DK","potentialAction":[{"@type":"ReadAction","target":["https:\/\/www.zeitlos-vertrieb.de\/da\/betingelser\/"]}]},{"@type":"BreadcrumbList","@id":"https:\/\/www.zeitlos-vertrieb.de\/da\/betingelser\/#breadcrumb","itemListElement":[{"@type":"ListItem","position":1,"name":"Startseite","item":"https:\/\/www.zeitlos-vertrieb.de\/"},{"@type":"ListItem","position":2,"name":"Generelle vilk\u00e5r og betingelser"}]},{"@type":"WebSite","@id":"https:\/\/www.zeitlos-vertrieb.de\/da\/#website","url":"https:\/\/www.zeitlos-vertrieb.de\/da\/","name":"ZEITLOS","description":"Design- und Vertriebs GmbH","publisher":{"@id":"https:\/\/www.zeitlos-vertrieb.de\/da\/#organization"},"potentialAction":[{"@type":"SearchAction","target":{"@type":"EntryPoint","urlTemplate":"https:\/\/www.zeitlos-vertrieb.de\/da\/?s={search_term_string}"},"query-input":{"@type":"PropertyValueSpecification","valueRequired":true,"valueName":"search_term_string"}}],"inLanguage":"da-DK"},{"@type":"Organization","@id":"https:\/\/www.zeitlos-vertrieb.de\/da\/#organization","name":"ZEITLOS Design- und Vertriebs GmbH","url":"https:\/\/www.zeitlos-vertrieb.de\/da\/","logo":{"@type":"ImageObject","inLanguage":"da-DK","@id":"https:\/\/www.zeitlos-vertrieb.de\/da\/#\/schema\/logo\/image\/","url":"https:\/\/www.zeitlos-vertrieb.de\/wp-content\/uploads\/2020\/10\/Logo2.png","contentUrl":"https:\/\/www.zeitlos-vertrieb.de\/wp-content\/uploads\/2020\/10\/Logo2.png","width":551,"height":154,"caption":"ZEITLOS Design- und Vertriebs GmbH"},"image":{"@id":"https:\/\/www.zeitlos-vertrieb.de\/da\/#\/schema\/logo\/image\/"}}]}},"_links":{"self":[{"href":"https:\/\/www.zeitlos-vertrieb.de\/da\/wp-json\/wp\/v2\/pages\/114","targetHints":{"allow":["GET"]}}],"collection":[{"href":"https:\/\/www.zeitlos-vertrieb.de\/da\/wp-json\/wp\/v2\/pages"}],"about":[{"href":"https:\/\/www.zeitlos-vertrieb.de\/da\/wp-json\/wp\/v2\/types\/page"}],"author":[{"embeddable":true,"href":"https:\/\/www.zeitlos-vertrieb.de\/da\/wp-json\/wp\/v2\/users\/1"}],"replies":[{"embeddable":true,"href":"https:\/\/www.zeitlos-vertrieb.de\/da\/wp-json\/wp\/v2\/comments?post=114"}],"version-history":[{"count":10,"href":"https:\/\/www.zeitlos-vertrieb.de\/da\/wp-json\/wp\/v2\/pages\/114\/revisions"}],"predecessor-version":[{"id":343,"href":"https:\/\/www.zeitlos-vertrieb.de\/da\/wp-json\/wp\/v2\/pages\/114\/revisions\/343"}],"wp:attachment":[{"href":"https:\/\/www.zeitlos-vertrieb.de\/da\/wp-json\/wp\/v2\/media?parent=114"}],"curies":[{"name":"wp","href":"https:\/\/api.w.org\/{rel}","templated":true}]}}