{"id":112,"date":"2020-10-12T09:56:59","date_gmt":"2020-10-12T07:56:59","guid":{"rendered":"https:\/\/www2.zeitlos-vertrieb.de\/?page_id=112"},"modified":"2023-01-17T10:27:39","modified_gmt":"2023-01-17T09:27:39","slug":"haftungsausschluss","status":"publish","type":"page","link":"https:\/\/www.zeitlos-vertrieb.de\/es\/descargo\/","title":{"rendered":"Descargo de responsabilidad"},"content":{"rendered":"\r\n<p><strong>Contenido de la oferta en l\u00ednea<\/strong><br>zeitlos design + vertriebs GmbH no asume responsabilidad alguna por la actualidad o integridad de la informaci\u00f3n facilitada. Quedan excluidas por principio las reclamaciones de responsabilidad contra zeitlos design + vertriebs GmbH relativas a da\u00f1os materiales o inmateriales causados por el uso o no uso de la informaci\u00f3n facilitada o por el uso de informaci\u00f3n incorrecta o incompleta, a menos que se pueda demostrar que zeitlos design + vertriebs GmbH ha actuado con dolo o negligencia grave.<\/p>\r\n\r\n\r\n\r\n<p>Todas las ofertas est\u00e1n sujetas a cambios sin previo aviso y no son vinculantes. zeitlos design + vertriebs GmbH se reserva expresamente el derecho a modificar, completar o eliminar partes de las p\u00e1ginas o la oferta completa sin previo aviso o a suspender la publicaci\u00f3n temporal o definitivamente.<\/p>\r\n","protected":false},"excerpt":{"rendered":"<p>Contenido de la oferta en l\u00edneazeitlos design + vertriebs GmbH no asume responsabilidad alguna por la actualidad o integridad de la informaci\u00f3n facilitada. Quedan excluidas por principio las reclamaciones de &#8230;<\/p>\n","protected":false},"author":1,"featured_media":0,"parent":0,"menu_order":0,"comment_status":"closed","ping_status":"closed","template":"","meta":{"footnotes":""},"class_list":["post-112","page","type-page","status-publish","hentry"],"yoast_head":"<!-- This site is optimized with the Yoast SEO plugin v27.4 - https:\/\/yoast.com\/product\/yoast-seo-wordpress\/ -->\n<title>Descargo de responsabilidad<\/title>\n<meta name=\"description\" content=\"Contenido de la oferta en l\u00edneazeitlos design + vertriebs GmbH no asume responsabilidad alguna por la actualidad o integridad de la informaci\u00f3n facilitada. Quedan excluidas por principio las reclamaciones de responsabilidad contra zeitlos design + vertriebs GmbH relativas a da\u00f1os materiales o inmateriales causados por el uso o no uso de la informaci\u00f3n facilitada o&hellip;\" \/>\n<meta name=\"robots\" content=\"noindex, follow\" \/>\n<meta property=\"og:locale\" content=\"es_ES\" \/>\n<meta property=\"og:type\" content=\"article\" \/>\n<meta property=\"og:title\" content=\"Descargo de responsabilidad\" \/>\n<meta property=\"og:description\" content=\"Contenido de la oferta en l\u00edneazeitlos design + vertriebs GmbH no asume responsabilidad alguna por la actualidad o integridad de la informaci\u00f3n facilitada. Quedan excluidas por principio las reclamaciones de responsabilidad contra zeitlos design + vertriebs GmbH relativas a da\u00f1os materiales o inmateriales causados por el uso o no uso de la informaci\u00f3n facilitada o&hellip;\" \/>\n<meta property=\"og:url\" content=\"https:\/\/www.zeitlos-vertrieb.de\/es\/descargo\/\" \/>\n<meta property=\"og:site_name\" content=\"ZEITLOS\" \/>\n<meta property=\"article:modified_time\" content=\"2023-01-17T09:27:39+00:00\" \/>\n<meta name=\"twitter:card\" content=\"summary_large_image\" \/>\n<script type=\"application\/ld+json\" class=\"yoast-schema-graph\">{\"@context\":\"https:\\\/\\\/schema.org\",\"@graph\":[{\"@type\":\"WebPage\",\"@id\":\"https:\\\/\\\/www.zeitlos-vertrieb.de\\\/es\\\/descargo\\\/\",\"url\":\"https:\\\/\\\/www.zeitlos-vertrieb.de\\\/es\\\/descargo\\\/\",\"name\":\"ZEITLOS - Haftungsausschluss\",\"isPartOf\":{\"@id\":\"https:\\\/\\\/www.zeitlos-vertrieb.de\\\/#website\"},\"datePublished\":\"2020-10-12T07:56:59+00:00\",\"dateModified\":\"2023-01-17T09:27:39+00:00\",\"description\":\"Zeitlos bietet als Outsourcing-Dienstleister im Logistik- und Fulfillmentbereich innovative L\u00f6sungen f\u00fcr alle Prozesse im After Sales Service.\",\"breadcrumb\":{\"@id\":\"https:\\\/\\\/www.zeitlos-vertrieb.de\\\/es\\\/descargo\\\/#breadcrumb\"},\"inLanguage\":\"es\",\"potentialAction\":[{\"@type\":\"ReadAction\",\"target\":[\"https:\\\/\\\/www.zeitlos-vertrieb.de\\\/es\\\/descargo\\\/\"]}]},{\"@type\":\"BreadcrumbList\",\"@id\":\"https:\\\/\\\/www.zeitlos-vertrieb.de\\\/es\\\/descargo\\\/#breadcrumb\",\"itemListElement\":[{\"@type\":\"ListItem\",\"position\":1,\"name\":\"Startseite\",\"item\":\"https:\\\/\\\/www.zeitlos-vertrieb.de\\\/\"},{\"@type\":\"ListItem\",\"position\":2,\"name\":\"Descargo de responsabilidad\"}]},{\"@type\":\"WebSite\",\"@id\":\"https:\\\/\\\/www.zeitlos-vertrieb.de\\\/es\\\/#website\",\"url\":\"https:\\\/\\\/www.zeitlos-vertrieb.de\\\/es\\\/\",\"name\":\"ZEITLOS\",\"description\":\"Design- und Vertriebs GmbH\",\"publisher\":{\"@id\":\"https:\\\/\\\/www.zeitlos-vertrieb.de\\\/es\\\/#organization\"},\"potentialAction\":[{\"@type\":\"SearchAction\",\"target\":{\"@type\":\"EntryPoint\",\"urlTemplate\":\"https:\\\/\\\/www.zeitlos-vertrieb.de\\\/es\\\/?s={search_term_string}\"},\"query-input\":{\"@type\":\"PropertyValueSpecification\",\"valueRequired\":true,\"valueName\":\"search_term_string\"}}],\"inLanguage\":\"es\"},{\"@type\":\"Organization\",\"@id\":\"https:\\\/\\\/www.zeitlos-vertrieb.de\\\/es\\\/#organization\",\"name\":\"ZEITLOS Design- und Vertriebs GmbH\",\"url\":\"https:\\\/\\\/www.zeitlos-vertrieb.de\\\/es\\\/\",\"logo\":{\"@type\":\"ImageObject\",\"inLanguage\":\"es\",\"@id\":\"https:\\\/\\\/www.zeitlos-vertrieb.de\\\/es\\\/#\\\/schema\\\/logo\\\/image\\\/\",\"url\":\"https:\\\/\\\/www.zeitlos-vertrieb.de\\\/wp-content\\\/uploads\\\/2020\\\/10\\\/Logo2.png\",\"contentUrl\":\"https:\\\/\\\/www.zeitlos-vertrieb.de\\\/wp-content\\\/uploads\\\/2020\\\/10\\\/Logo2.png\",\"width\":551,\"height\":154,\"caption\":\"ZEITLOS Design- und Vertriebs GmbH\"},\"image\":{\"@id\":\"https:\\\/\\\/www.zeitlos-vertrieb.de\\\/es\\\/#\\\/schema\\\/logo\\\/image\\\/\"}}]}<\/script>\n<!-- \/ Yoast SEO plugin. -->","yoast_head_json":{"title":"Descargo de responsabilidad","description":"Contenido de la oferta en l\u00edneazeitlos design + vertriebs GmbH no asume responsabilidad alguna por la actualidad o integridad de la informaci\u00f3n facilitada. Quedan excluidas por principio las reclamaciones de responsabilidad contra zeitlos design + vertriebs GmbH relativas a da\u00f1os materiales o inmateriales causados por el uso o no uso de la informaci\u00f3n facilitada o&hellip;","robots":{"index":"noindex","follow":"follow"},"og_locale":"es_ES","og_type":"article","og_title":"Descargo de responsabilidad","og_description":"Contenido de la oferta en l\u00edneazeitlos design + vertriebs GmbH no asume responsabilidad alguna por la actualidad o integridad de la informaci\u00f3n facilitada. Quedan excluidas por principio las reclamaciones de responsabilidad contra zeitlos design + vertriebs GmbH relativas a da\u00f1os materiales o inmateriales causados por el uso o no uso de la informaci\u00f3n facilitada o&hellip;","og_url":"https:\/\/www.zeitlos-vertrieb.de\/es\/descargo\/","og_site_name":"ZEITLOS","article_modified_time":"2023-01-17T09:27:39+00:00","twitter_card":"summary_large_image","schema":{"@context":"https:\/\/schema.org","@graph":[{"@type":"WebPage","@id":"https:\/\/www.zeitlos-vertrieb.de\/es\/descargo\/","url":"https:\/\/www.zeitlos-vertrieb.de\/es\/descargo\/","name":"ZEITLOS - Haftungsausschluss","isPartOf":{"@id":"https:\/\/www.zeitlos-vertrieb.de\/#website"},"datePublished":"2020-10-12T07:56:59+00:00","dateModified":"2023-01-17T09:27:39+00:00","description":"Zeitlos bietet als Outsourcing-Dienstleister im Logistik- und Fulfillmentbereich innovative L\u00f6sungen f\u00fcr alle Prozesse im After Sales Service.","breadcrumb":{"@id":"https:\/\/www.zeitlos-vertrieb.de\/es\/descargo\/#breadcrumb"},"inLanguage":"es","potentialAction":[{"@type":"ReadAction","target":["https:\/\/www.zeitlos-vertrieb.de\/es\/descargo\/"]}]},{"@type":"BreadcrumbList","@id":"https:\/\/www.zeitlos-vertrieb.de\/es\/descargo\/#breadcrumb","itemListElement":[{"@type":"ListItem","position":1,"name":"Startseite","item":"https:\/\/www.zeitlos-vertrieb.de\/"},{"@type":"ListItem","position":2,"name":"Descargo de responsabilidad"}]},{"@type":"WebSite","@id":"https:\/\/www.zeitlos-vertrieb.de\/es\/#website","url":"https:\/\/www.zeitlos-vertrieb.de\/es\/","name":"ZEITLOS","description":"Design- und Vertriebs GmbH","publisher":{"@id":"https:\/\/www.zeitlos-vertrieb.de\/es\/#organization"},"potentialAction":[{"@type":"SearchAction","target":{"@type":"EntryPoint","urlTemplate":"https:\/\/www.zeitlos-vertrieb.de\/es\/?s={search_term_string}"},"query-input":{"@type":"PropertyValueSpecification","valueRequired":true,"valueName":"search_term_string"}}],"inLanguage":"es"},{"@type":"Organization","@id":"https:\/\/www.zeitlos-vertrieb.de\/es\/#organization","name":"ZEITLOS Design- und Vertriebs GmbH","url":"https:\/\/www.zeitlos-vertrieb.de\/es\/","logo":{"@type":"ImageObject","inLanguage":"es","@id":"https:\/\/www.zeitlos-vertrieb.de\/es\/#\/schema\/logo\/image\/","url":"https:\/\/www.zeitlos-vertrieb.de\/wp-content\/uploads\/2020\/10\/Logo2.png","contentUrl":"https:\/\/www.zeitlos-vertrieb.de\/wp-content\/uploads\/2020\/10\/Logo2.png","width":551,"height":154,"caption":"ZEITLOS Design- und Vertriebs GmbH"},"image":{"@id":"https:\/\/www.zeitlos-vertrieb.de\/es\/#\/schema\/logo\/image\/"}}]}},"_links":{"self":[{"href":"https:\/\/www.zeitlos-vertrieb.de\/es\/wp-json\/wp\/v2\/pages\/112","targetHints":{"allow":["GET"]}}],"collection":[{"href":"https:\/\/www.zeitlos-vertrieb.de\/es\/wp-json\/wp\/v2\/pages"}],"about":[{"href":"https:\/\/www.zeitlos-vertrieb.de\/es\/wp-json\/wp\/v2\/types\/page"}],"author":[{"embeddable":true,"href":"https:\/\/www.zeitlos-vertrieb.de\/es\/wp-json\/wp\/v2\/users\/1"}],"replies":[{"embeddable":true,"href":"https:\/\/www.zeitlos-vertrieb.de\/es\/wp-json\/wp\/v2\/comments?post=112"}],"version-history":[{"count":4,"href":"https:\/\/www.zeitlos-vertrieb.de\/es\/wp-json\/wp\/v2\/pages\/112\/revisions"}],"predecessor-version":[{"id":345,"href":"https:\/\/www.zeitlos-vertrieb.de\/es\/wp-json\/wp\/v2\/pages\/112\/revisions\/345"}],"wp:attachment":[{"href":"https:\/\/www.zeitlos-vertrieb.de\/es\/wp-json\/wp\/v2\/media?parent=112"}],"curies":[{"name":"wp","href":"https:\/\/api.w.org\/{rel}","templated":true}]}}