{"id":112,"date":"2020-10-12T09:56:59","date_gmt":"2020-10-12T07:56:59","guid":{"rendered":"https:\/\/www2.zeitlos-vertrieb.de\/?page_id=112"},"modified":"2023-01-17T10:27:39","modified_gmt":"2023-01-17T09:27:39","slug":"haftungsausschluss","status":"publish","type":"page","link":"https:\/\/www.zeitlos-vertrieb.de\/fi\/vastuuvapauslauseke\/","title":{"rendered":"Vastuuvapauslauseke"},"content":{"rendered":"<p><strong>Verkkotarjouksen sis\u00e4lt\u00f6<\/strong><br \/>\nzeitlos design + vertriebs GmbH pid\u00e4tt\u00e4\u00e4 oikeuden olla vastaamatta annettujen tietojen ajantasaisuudesta tai t\u00e4ydellisyydest\u00e4. Vastuuvaatimukset zeitlos design + vertriebs GmbH:ta kohtaan, jotka koskevat aineellisia tai aineettomia vahinkoja, jotka johtuvat annettujen tietojen k\u00e4yt\u00f6st\u00e4 tai k\u00e4ytt\u00e4m\u00e4tt\u00e4 j\u00e4tt\u00e4misest\u00e4 tai virheellisten tai puutteellisten tietojen k\u00e4yt\u00f6st\u00e4, suljetaan l\u00e4ht\u00f6kohtaisesti pois, mik\u00e4li zeitlos design + vertriebs GmbH:n tahallisuudesta tai t\u00f6rke\u00e4st\u00e4 huolimattomuudesta ei ole n\u00e4ytt\u00f6\u00e4.<\/p>\n<p>Kaikki tarjoukset voivat muuttua ilman ennakkoilmoitusta, eiv\u00e4tk\u00e4 ne ole sitovia. zeitlos design + vertriebs GmbH pid\u00e4tt\u00e4\u00e4 nimenomaisesti oikeuden muuttaa, t\u00e4ydent\u00e4\u00e4 tai poistaa osia sivuista tai koko tarjonnasta ilman ennakkoilmoitusta tai lopettaa julkaisemisen v\u00e4liaikaisesti tai pysyv\u00e4sti.<\/p>\n","protected":false},"excerpt":{"rendered":"<p>Verkkotarjouksen sis\u00e4lt\u00f6 zeitlos design + vertriebs GmbH pid\u00e4tt\u00e4\u00e4 oikeuden olla vastaamatta annettujen tietojen ajantasaisuudesta tai t\u00e4ydellisyydest\u00e4. Vastuuvaatimukset zeitlos design + vertriebs GmbH:ta kohtaan, jotka koskevat aineellisia tai aineettomia vahinkoja, jotka &#8230;<\/p>\n","protected":false},"author":1,"featured_media":0,"parent":0,"menu_order":0,"comment_status":"closed","ping_status":"closed","template":"","meta":{"footnotes":""},"class_list":["post-112","page","type-page","status-publish","hentry"],"yoast_head":"<!-- This site is optimized with the Yoast SEO plugin v27.4 - https:\/\/yoast.com\/product\/yoast-seo-wordpress\/ -->\n<title>Vastuuvapauslauseke<\/title>\n<meta name=\"description\" content=\"Verkkotarjouksen sis\u00e4lt\u00f6 zeitlos design + vertriebs GmbH pid\u00e4tt\u00e4\u00e4 oikeuden olla vastaamatta annettujen tietojen ajantasaisuudesta tai t\u00e4ydellisyydest\u00e4. Vastuuvaatimukset zeitlos design + vertriebs GmbH:ta kohtaan, jotka koskevat aineellisia tai aineettomia vahinkoja, jotka johtuvat annettujen tietojen k\u00e4yt\u00f6st\u00e4 tai k\u00e4ytt\u00e4m\u00e4tt\u00e4 j\u00e4tt\u00e4misest\u00e4 tai virheellisten tai puutteellisten tietojen k\u00e4yt\u00f6st\u00e4, suljetaan l\u00e4ht\u00f6kohtaisesti pois, mik\u00e4li zeitlos design + vertriebs GmbH:n tahallisuudesta tai t\u00f6rke\u00e4st\u00e4&hellip;\" \/>\n<meta name=\"robots\" content=\"noindex, follow\" \/>\n<meta property=\"og:locale\" content=\"fi_FI\" \/>\n<meta property=\"og:type\" content=\"article\" \/>\n<meta property=\"og:title\" content=\"Vastuuvapauslauseke\" \/>\n<meta property=\"og:description\" content=\"Verkkotarjouksen sis\u00e4lt\u00f6 zeitlos design + vertriebs GmbH pid\u00e4tt\u00e4\u00e4 oikeuden olla vastaamatta annettujen tietojen ajantasaisuudesta tai t\u00e4ydellisyydest\u00e4. Vastuuvaatimukset zeitlos design + vertriebs GmbH:ta kohtaan, jotka koskevat aineellisia tai aineettomia vahinkoja, jotka johtuvat annettujen tietojen k\u00e4yt\u00f6st\u00e4 tai k\u00e4ytt\u00e4m\u00e4tt\u00e4 j\u00e4tt\u00e4misest\u00e4 tai virheellisten tai puutteellisten tietojen k\u00e4yt\u00f6st\u00e4, suljetaan l\u00e4ht\u00f6kohtaisesti pois, mik\u00e4li zeitlos design + vertriebs GmbH:n tahallisuudesta tai t\u00f6rke\u00e4st\u00e4&hellip;\" \/>\n<meta property=\"og:url\" content=\"https:\/\/www.zeitlos-vertrieb.de\/fi\/vastuuvapauslauseke\/\" \/>\n<meta property=\"og:site_name\" content=\"ZEITLOS\" \/>\n<meta property=\"article:modified_time\" content=\"2023-01-17T09:27:39+00:00\" \/>\n<meta name=\"twitter:card\" content=\"summary_large_image\" \/>\n<script type=\"application\/ld+json\" class=\"yoast-schema-graph\">{\"@context\":\"https:\\\/\\\/schema.org\",\"@graph\":[{\"@type\":\"WebPage\",\"@id\":\"https:\\\/\\\/www.zeitlos-vertrieb.de\\\/fi\\\/vastuuvapauslauseke\\\/\",\"url\":\"https:\\\/\\\/www.zeitlos-vertrieb.de\\\/fi\\\/vastuuvapauslauseke\\\/\",\"name\":\"ZEITLOS - Haftungsausschluss\",\"isPartOf\":{\"@id\":\"https:\\\/\\\/www.zeitlos-vertrieb.de\\\/#website\"},\"datePublished\":\"2020-10-12T07:56:59+00:00\",\"dateModified\":\"2023-01-17T09:27:39+00:00\",\"description\":\"Zeitlos bietet als Outsourcing-Dienstleister im Logistik- und Fulfillmentbereich innovative L\u00f6sungen f\u00fcr alle Prozesse im After Sales Service.\",\"breadcrumb\":{\"@id\":\"https:\\\/\\\/www.zeitlos-vertrieb.de\\\/fi\\\/vastuuvapauslauseke\\\/#breadcrumb\"},\"inLanguage\":\"fi\",\"potentialAction\":[{\"@type\":\"ReadAction\",\"target\":[\"https:\\\/\\\/www.zeitlos-vertrieb.de\\\/fi\\\/vastuuvapauslauseke\\\/\"]}]},{\"@type\":\"BreadcrumbList\",\"@id\":\"https:\\\/\\\/www.zeitlos-vertrieb.de\\\/fi\\\/vastuuvapauslauseke\\\/#breadcrumb\",\"itemListElement\":[{\"@type\":\"ListItem\",\"position\":1,\"name\":\"Startseite\",\"item\":\"https:\\\/\\\/www.zeitlos-vertrieb.de\\\/\"},{\"@type\":\"ListItem\",\"position\":2,\"name\":\"Vastuuvapauslauseke\"}]},{\"@type\":\"WebSite\",\"@id\":\"https:\\\/\\\/www.zeitlos-vertrieb.de\\\/fi\\\/#website\",\"url\":\"https:\\\/\\\/www.zeitlos-vertrieb.de\\\/fi\\\/\",\"name\":\"ZEITLOS\",\"description\":\"Design- und Vertriebs GmbH\",\"publisher\":{\"@id\":\"https:\\\/\\\/www.zeitlos-vertrieb.de\\\/fi\\\/#organization\"},\"potentialAction\":[{\"@type\":\"SearchAction\",\"target\":{\"@type\":\"EntryPoint\",\"urlTemplate\":\"https:\\\/\\\/www.zeitlos-vertrieb.de\\\/fi\\\/?s={search_term_string}\"},\"query-input\":{\"@type\":\"PropertyValueSpecification\",\"valueRequired\":true,\"valueName\":\"search_term_string\"}}],\"inLanguage\":\"fi\"},{\"@type\":\"Organization\",\"@id\":\"https:\\\/\\\/www.zeitlos-vertrieb.de\\\/fi\\\/#organization\",\"name\":\"ZEITLOS Design- und Vertriebs GmbH\",\"url\":\"https:\\\/\\\/www.zeitlos-vertrieb.de\\\/fi\\\/\",\"logo\":{\"@type\":\"ImageObject\",\"inLanguage\":\"fi\",\"@id\":\"https:\\\/\\\/www.zeitlos-vertrieb.de\\\/fi\\\/#\\\/schema\\\/logo\\\/image\\\/\",\"url\":\"https:\\\/\\\/www.zeitlos-vertrieb.de\\\/wp-content\\\/uploads\\\/2020\\\/10\\\/Logo2.png\",\"contentUrl\":\"https:\\\/\\\/www.zeitlos-vertrieb.de\\\/wp-content\\\/uploads\\\/2020\\\/10\\\/Logo2.png\",\"width\":551,\"height\":154,\"caption\":\"ZEITLOS Design- und Vertriebs GmbH\"},\"image\":{\"@id\":\"https:\\\/\\\/www.zeitlos-vertrieb.de\\\/fi\\\/#\\\/schema\\\/logo\\\/image\\\/\"}}]}<\/script>\n<!-- \/ Yoast SEO plugin. -->","yoast_head_json":{"title":"Vastuuvapauslauseke","description":"Verkkotarjouksen sis\u00e4lt\u00f6 zeitlos design + vertriebs GmbH pid\u00e4tt\u00e4\u00e4 oikeuden olla vastaamatta annettujen tietojen ajantasaisuudesta tai t\u00e4ydellisyydest\u00e4. Vastuuvaatimukset zeitlos design + vertriebs GmbH:ta kohtaan, jotka koskevat aineellisia tai aineettomia vahinkoja, jotka johtuvat annettujen tietojen k\u00e4yt\u00f6st\u00e4 tai k\u00e4ytt\u00e4m\u00e4tt\u00e4 j\u00e4tt\u00e4misest\u00e4 tai virheellisten tai puutteellisten tietojen k\u00e4yt\u00f6st\u00e4, suljetaan l\u00e4ht\u00f6kohtaisesti pois, mik\u00e4li zeitlos design + vertriebs GmbH:n tahallisuudesta tai t\u00f6rke\u00e4st\u00e4&hellip;","robots":{"index":"noindex","follow":"follow"},"og_locale":"fi_FI","og_type":"article","og_title":"Vastuuvapauslauseke","og_description":"Verkkotarjouksen sis\u00e4lt\u00f6 zeitlos design + vertriebs GmbH pid\u00e4tt\u00e4\u00e4 oikeuden olla vastaamatta annettujen tietojen ajantasaisuudesta tai t\u00e4ydellisyydest\u00e4. Vastuuvaatimukset zeitlos design + vertriebs GmbH:ta kohtaan, jotka koskevat aineellisia tai aineettomia vahinkoja, jotka johtuvat annettujen tietojen k\u00e4yt\u00f6st\u00e4 tai k\u00e4ytt\u00e4m\u00e4tt\u00e4 j\u00e4tt\u00e4misest\u00e4 tai virheellisten tai puutteellisten tietojen k\u00e4yt\u00f6st\u00e4, suljetaan l\u00e4ht\u00f6kohtaisesti pois, mik\u00e4li zeitlos design + vertriebs GmbH:n tahallisuudesta tai t\u00f6rke\u00e4st\u00e4&hellip;","og_url":"https:\/\/www.zeitlos-vertrieb.de\/fi\/vastuuvapauslauseke\/","og_site_name":"ZEITLOS","article_modified_time":"2023-01-17T09:27:39+00:00","twitter_card":"summary_large_image","schema":{"@context":"https:\/\/schema.org","@graph":[{"@type":"WebPage","@id":"https:\/\/www.zeitlos-vertrieb.de\/fi\/vastuuvapauslauseke\/","url":"https:\/\/www.zeitlos-vertrieb.de\/fi\/vastuuvapauslauseke\/","name":"ZEITLOS - Haftungsausschluss","isPartOf":{"@id":"https:\/\/www.zeitlos-vertrieb.de\/#website"},"datePublished":"2020-10-12T07:56:59+00:00","dateModified":"2023-01-17T09:27:39+00:00","description":"Zeitlos bietet als Outsourcing-Dienstleister im Logistik- und Fulfillmentbereich innovative L\u00f6sungen f\u00fcr alle Prozesse im After Sales Service.","breadcrumb":{"@id":"https:\/\/www.zeitlos-vertrieb.de\/fi\/vastuuvapauslauseke\/#breadcrumb"},"inLanguage":"fi","potentialAction":[{"@type":"ReadAction","target":["https:\/\/www.zeitlos-vertrieb.de\/fi\/vastuuvapauslauseke\/"]}]},{"@type":"BreadcrumbList","@id":"https:\/\/www.zeitlos-vertrieb.de\/fi\/vastuuvapauslauseke\/#breadcrumb","itemListElement":[{"@type":"ListItem","position":1,"name":"Startseite","item":"https:\/\/www.zeitlos-vertrieb.de\/"},{"@type":"ListItem","position":2,"name":"Vastuuvapauslauseke"}]},{"@type":"WebSite","@id":"https:\/\/www.zeitlos-vertrieb.de\/fi\/#website","url":"https:\/\/www.zeitlos-vertrieb.de\/fi\/","name":"ZEITLOS","description":"Design- und Vertriebs GmbH","publisher":{"@id":"https:\/\/www.zeitlos-vertrieb.de\/fi\/#organization"},"potentialAction":[{"@type":"SearchAction","target":{"@type":"EntryPoint","urlTemplate":"https:\/\/www.zeitlos-vertrieb.de\/fi\/?s={search_term_string}"},"query-input":{"@type":"PropertyValueSpecification","valueRequired":true,"valueName":"search_term_string"}}],"inLanguage":"fi"},{"@type":"Organization","@id":"https:\/\/www.zeitlos-vertrieb.de\/fi\/#organization","name":"ZEITLOS Design- und Vertriebs GmbH","url":"https:\/\/www.zeitlos-vertrieb.de\/fi\/","logo":{"@type":"ImageObject","inLanguage":"fi","@id":"https:\/\/www.zeitlos-vertrieb.de\/fi\/#\/schema\/logo\/image\/","url":"https:\/\/www.zeitlos-vertrieb.de\/wp-content\/uploads\/2020\/10\/Logo2.png","contentUrl":"https:\/\/www.zeitlos-vertrieb.de\/wp-content\/uploads\/2020\/10\/Logo2.png","width":551,"height":154,"caption":"ZEITLOS Design- und Vertriebs GmbH"},"image":{"@id":"https:\/\/www.zeitlos-vertrieb.de\/fi\/#\/schema\/logo\/image\/"}}]}},"_links":{"self":[{"href":"https:\/\/www.zeitlos-vertrieb.de\/fi\/wp-json\/wp\/v2\/pages\/112","targetHints":{"allow":["GET"]}}],"collection":[{"href":"https:\/\/www.zeitlos-vertrieb.de\/fi\/wp-json\/wp\/v2\/pages"}],"about":[{"href":"https:\/\/www.zeitlos-vertrieb.de\/fi\/wp-json\/wp\/v2\/types\/page"}],"author":[{"embeddable":true,"href":"https:\/\/www.zeitlos-vertrieb.de\/fi\/wp-json\/wp\/v2\/users\/1"}],"replies":[{"embeddable":true,"href":"https:\/\/www.zeitlos-vertrieb.de\/fi\/wp-json\/wp\/v2\/comments?post=112"}],"version-history":[{"count":4,"href":"https:\/\/www.zeitlos-vertrieb.de\/fi\/wp-json\/wp\/v2\/pages\/112\/revisions"}],"predecessor-version":[{"id":345,"href":"https:\/\/www.zeitlos-vertrieb.de\/fi\/wp-json\/wp\/v2\/pages\/112\/revisions\/345"}],"wp:attachment":[{"href":"https:\/\/www.zeitlos-vertrieb.de\/fi\/wp-json\/wp\/v2\/media?parent=112"}],"curies":[{"name":"wp","href":"https:\/\/api.w.org\/{rel}","templated":true}]}}