{"id":114,"date":"2020-10-12T09:57:22","date_gmt":"2020-10-12T07:57:22","guid":{"rendered":"https:\/\/www2.zeitlos-vertrieb.de\/?page_id=114"},"modified":"2023-01-17T10:26:47","modified_gmt":"2023-01-17T09:26:47","slug":"agb","status":"publish","type":"page","link":"https:\/\/www.zeitlos-vertrieb.de\/fr\/conditions\/","title":{"rendered":"Conditions g\u00e9n\u00e9rales"},"content":{"rendered":"\r\n<p><strong>Conditions g\u00e9n\u00e9rales de vente de la boutique en ligne zeitlos vertrieb &#038; design GmbH<\/strong><br>(ci-apr\u00e8s d\u00e9nomm\u00e9e la boutique en ligne zeitlos)<br><\/p>\r\n\r\n\r\n\r\n<p><strong>1. G\u00e9n\u00e9ralit\u00e9s<\/strong><br>Toutes les prestations fournies par la boutique en ligne zeitlos au client sont exclusivement bas\u00e9es sur les conditions g\u00e9n\u00e9rales de vente suivantes. Les dispositions divergentes ne sont valables que si elles ont \u00e9t\u00e9 convenues par \u00e9crit entre la boutique en ligne zeitlos et le client.<\/p>\r\n\r\n\r\n\r\n<p><strong>2. Conclusion du contrat<\/strong><br>a) Les offres de la boutique en ligne zeitlos sur Internet sont une invitation sans engagement pour le client \u00e0 commander des marchandises dans la boutique en ligne.<br>b) Le client fait une offre ferme de conclusion d&rsquo;un contrat de vente lorsqu&rsquo;il commande des marchandises sur Internet.<br>c) La boutique en ligne zeitlos est en droit d&rsquo;accepter cette offre dans un d\u00e9lai de 2 jours calendaires en envoyant une confirmation de commande. La confirmation de commande est envoy\u00e9e par e-mail. Si le d\u00e9lai de deux jours est d\u00e9pass\u00e9 sans r\u00e9ponse, l&rsquo;offre est consid\u00e9r\u00e9e comme refus\u00e9e.<\/p>\r\n\r\n\r\n\r\n<p><strong>3. D\u00e9lais de livraison<\/strong><br>Tous les articles sont livr\u00e9s imm\u00e9diatement, dans la mesure o\u00f9 ils sont disponibles en stock et dans la limite des stocks disponibles.<br>La livraison s&rsquo;effectue uniquement en Allemagne. Le d\u00e9lai de livraison est en r\u00e8gle g\u00e9n\u00e9rale de 5 jours ouvrables et commence \u00e0 courir \u00e0 partir de l&rsquo;envoi de la confirmation de commande. L&rsquo;indication du d\u00e9lai de livraison n&rsquo;est pas contraignante, sauf s&rsquo;il existe un accord \u00e9crit contraire.<br>Si un article n&rsquo;est pas disponible \u00e0 court terme, nous vous informons par e-mail du d\u00e9lai de livraison pr\u00e9vu, pour autant que nous disposions d&rsquo;une adresse de votre part.<br>Certains articles ont un d\u00e9lai de livraison plus long.<br>En cas de retard de livraison, comme par exemple en cas de force majeure, de perturbations du trafic et de dispositions prises par les autorit\u00e9s, ainsi que d&rsquo;autres \u00e9v\u00e9nements dont la boutique en ligne zeitlos n&rsquo;est pas responsable, aucun d\u00e9dommagement ne peut \u00eatre r\u00e9clam\u00e9 \u00e0 la boutique en ligne zeitlos.<\/p>\r\n\r\n\r\n\r\n<p><strong>4. Frais d&#8217;emballage et d&rsquo;exp\u00e9dition<\/strong><br>Pour la livraison en Allemagne et les frais d&#8217;emballage, la boutique en ligne zeitlos facture un montant forfaitaire proportionnel de EUR, ind\u00e9pendamment du nombre et du poids des articles.<br>Pour les commandes d&rsquo;un montant sup\u00e9rieur \u00e0 EUR, nous livrons en Allemagne sans frais d&rsquo;exp\u00e9dition (\u00e0 l&rsquo;exception de). Sur demande du client, nous pouvons \u00e9galement effectuer des livraisons urgentes. Les frais suppl\u00e9mentaires qui en d\u00e9coulent sont \u00e0 la charge du client.<br><br><strong>5. Prix et paiement<\/strong><br>1. Tous les prix indiqu\u00e9s sont des prix finaux, qui incluent la TVA l\u00e9gale, actuellement de 19 %.<br>2. Les prix finaux n&rsquo;incluent pas les frais d&#8217;emballage et d&rsquo;exp\u00e9dition.<br>3. En raison de la mise \u00e0 jour constante des pages Internet de la boutique en ligne zeitlos, les informations relatives au prix et \u00e0 la qualit\u00e9 de la marchandise fournies ant\u00e9rieurement perdent leur validit\u00e9.<br>4. Le prix affich\u00e9 au moment de la soumission de l&rsquo;offre du client est d\u00e9terminant pour la facturation.<br>5. Le paiement des marchandises s&rsquo;effectue sur facture. Les exceptions ne sont valables que si elles ont \u00e9t\u00e9 convenues par \u00e9crit entre la boutique en ligne zeitlos et le client.<br>6. Le client est tenu de r\u00e9gler le montant de la facture dans les 14 jours suivant la r\u00e9ception de la marchandise.<br>7. Si le client ne s&rsquo;est pas acquitt\u00e9 de son obligation de paiement \u00e0 l&rsquo;expiration du d\u00e9lai mentionn\u00e9 au point 6, la boutique en ligne zeitlos se r\u00e9serve le droit de facturer au client les frais de rappel et de traitement suppl\u00e9mentaires qui en d\u00e9coulent.<br>8. Si le client est en retard de paiement, la boutique en ligne zeitlos est en droit de r\u00e9clamer des int\u00e9r\u00eats de retard au taux l\u00e9gal. Ceci n&rsquo;affecte pas le droit de la boutique en ligne zeitlos de faire valoir d&rsquo;\u00e9ventuelles demandes de dommages et int\u00e9r\u00eats suppl\u00e9mentaires.<br><br><strong>6. R\u00e9serve de propri\u00e9t\u00e9<\/strong><br>Jusqu&rsquo;au paiement int\u00e9gral, les marchandises command\u00e9es restent la propri\u00e9t\u00e9 de la boutique en ligne zeitlos (r\u00e9serve de propri\u00e9t\u00e9 conform\u00e9ment au \u00a7 449 du Code civil allemand). Avant le transfert de propri\u00e9t\u00e9, la mise en gage, le transfert de propri\u00e9t\u00e9 \u00e0 titre de garantie, le traitement ou la transformation des marchandises ne sont pas autoris\u00e9s sans l&rsquo;accord expr\u00e8s de la boutique en ligne zeitlos.<\/p>\r\n\r\n\r\n\r\n<p><strong>7. Garantie<\/strong><br>1. Les droits du client fond\u00e9s sur un d\u00e9faut de la marchandise \u00e0 l&rsquo;encontre de la boutique en ligne zeitlos sont r\u00e9gis par les dispositions l\u00e9gales.<br>2. Le client s&rsquo;engage \u00e0 examiner la marchandise lors de sa r\u00e9ception afin de d\u00e9celer d&rsquo;\u00e9ventuels d\u00e9fauts et, en cas de constatation d&rsquo;un tel d\u00e9faut, d&rsquo;en informer imm\u00e9diatement la boutique en ligne. Si le client constate ult\u00e9rieurement que la marchandise est d\u00e9fectueuse, il est tenu d&rsquo;en informer la boutique en ligne zeitlos d\u00e8s la d\u00e9couverte du d\u00e9faut. Si le client omet de signaler un d\u00e9faut, la marchandise est consid\u00e9r\u00e9e comme accept\u00e9e.<br>3. Ne sont pas consid\u00e9r\u00e9s comme des d\u00e9fauts de la marchandise les dommages caus\u00e9s par le client en raison d&rsquo;une manipulation inappropri\u00e9e ou non conforme au contrat. Les indications du fabricant de la marchandise sont d\u00e9terminantes en ce qui concerne la non-conformit\u00e9 et la non-conformit\u00e9 au contrat.<\/p>\r\n\r\n\r\n\r\n<p><strong>8. Limitation de responsabilit\u00e9<\/strong><br>La boutique en ligne zeitlos n&rsquo;est responsable que des dommages r\u00e9sultant d&rsquo;une n\u00e9gligence grave ou d&rsquo;une action intentionnelle ou d&rsquo;une violation fautive d&rsquo;une obligation contractuelle essentielle et caus\u00e9s par elle-m\u00eame ou par l&rsquo;un de ses auxiliaires d&rsquo;ex\u00e9cution. Toute demande de dommages et int\u00e9r\u00eats d\u00e9passant ce cadre est exclue. Les dispositions de la loi sur la responsabilit\u00e9 du fait des produits ne sont pas affect\u00e9es par cette disposition.<br>La boutique en ligne zeitlos n&rsquo;est pas non plus responsable de la disponibilit\u00e9 illimit\u00e9e de la boutique en ligne elle-m\u00eame, car elle ne peut pas garantir la fluidit\u00e9 et l&rsquo;absence d&rsquo;erreurs de la communication des donn\u00e9es par Internet.<\/p>\r\n\r\n\r\n\r\n<p><strong>9. Protection des donn\u00e9es<\/strong><br>Les donn\u00e9es transmises par le client sont utilis\u00e9es par la boutique en ligne zeitlos exclusivement pour le traitement des commandes. Toutes les donn\u00e9es sont trait\u00e9es de mani\u00e8re strictement confidentielle. Les donn\u00e9es ne sont transmises \u00e0 des tiers (par ex. services d&rsquo;exp\u00e9dition) que si cela est n\u00e9cessaire pour le traitement de la commande. Les donn\u00e9es de commande sont transmises de mani\u00e8re crypt\u00e9e et s\u00e9curis\u00e9e, mais nous n&rsquo;assumons aucune responsabilit\u00e9 pour la s\u00e9curit\u00e9 des donn\u00e9es pendant ces transmissions via Internet (par ex. en raison d&rsquo;erreurs techniques du fournisseur d&rsquo;acc\u00e8s) ou pour un \u00e9ventuel acc\u00e8s criminel de tiers aux fichiers de notre pr\u00e9sence sur Internet. Les donn\u00e9es d&rsquo;acc\u00e8s du client qui lui sont transmises \u00e0 sa demande doivent \u00eatre trait\u00e9es de mani\u00e8re strictement confidentielle par le client, car nous n&rsquo;assumons aucune responsabilit\u00e9 pour l&rsquo;utilisation et l&rsquo;exploitation de ces donn\u00e9es.<\/p>\r\n\r\n\r\n\r\n<p><strong>10. Copyright<\/strong><br>Tous les logos, images et graphiques de tiers repr\u00e9sent\u00e9s sont la propri\u00e9t\u00e9 des entreprises correspondantes et sont soumis au copyright des conc\u00e9dants de licence correspondants. Toutes les photos, logos, textes, rapports, scripts et routines de programmation pr\u00e9sent\u00e9s sur ces pages, qui ont \u00e9t\u00e9 d\u00e9velopp\u00e9s par nos soins ou pr\u00e9par\u00e9s par nos soins, ne peuvent \u00eatre copi\u00e9s ou utilis\u00e9s d&rsquo;une autre mani\u00e8re sans notre accord. Tous droits r\u00e9serv\u00e9s.<\/p>\r\n\r\n\r\n\r\n<p><strong>11. Liens sur nos pages<\/strong><br>Par son jugement du 12 mai 1998 &#8211; 312 O 85\/98 &#8211; \u00ab\u00a0Responsabilit\u00e9 pour les liens\u00a0\u00bb, le tribunal de grande instance de Hambourg a d\u00e9cid\u00e9 que la publication d&rsquo;un lien entra\u00eene, le cas \u00e9ch\u00e9ant, une co-responsabilit\u00e9 pour les contenus de la page li\u00e9e. Selon le tribunal, cela ne peut \u00eatre \u00e9vit\u00e9 que si l&rsquo;on se distancie express\u00e9ment de ces contenus. C&rsquo;est pourquoi nous prenons express\u00e9ment nos distances par rapport \u00e0 tous les contenus de toutes les pages li\u00e9es \u00e0 ce site. Cette d\u00e9claration s&rsquo;applique \u00e0 tous les liens figurant sur nos pages Internet.<\/p>\r\n\r\n\r\n\r\n<p><strong>12. Lieu de juridiction<\/strong><br>1. Le tribunal comp\u00e9tent est, sauf disposition contraire de la loi, le si\u00e8ge social de la boutique en ligne zeitlos.<br>2. Le droit allemand s&rsquo;applique \u00e0 tous les litiges pouvant r\u00e9sulter de cette relation juridique. L&rsquo;application de la Convention des Nations Unies sur les contrats de vente internationale de marchandises est exclue.<\/p>\r\n\r\n\r\n\r\n<p><strong>13. Validit\u00e9 des conditions g\u00e9n\u00e9rales<\/strong><br>Toute commande implique l&rsquo;acceptation des conditions g\u00e9n\u00e9rales de vente de la boutique en ligne zeitlos. Si l&rsquo;une des dispositions des pr\u00e9sentes conditions g\u00e9n\u00e9rales de vente est nulle, pour quelque raison que ce soit, la validit\u00e9 des autres dispositions n&rsquo;en sera pas affect\u00e9e. Les accords oraux doivent \u00eatre confirm\u00e9s par \u00e9crit.<\/p>\r\n\r\n","protected":false},"excerpt":{"rendered":"<p>Conditions g\u00e9n\u00e9rales de vente de la boutique en ligne zeitlos vertrieb &#038; design GmbH(ci-apr\u00e8s d\u00e9nomm\u00e9e la boutique en ligne zeitlos) 1. G\u00e9n\u00e9ralit\u00e9sToutes les prestations fournies par la boutique en ligne &#8230;<\/p>\n","protected":false},"author":1,"featured_media":0,"parent":0,"menu_order":0,"comment_status":"closed","ping_status":"closed","template":"","meta":{"footnotes":""},"class_list":["post-114","page","type-page","status-publish","hentry"],"yoast_head":"<!-- This site is optimized with the Yoast SEO plugin v27.5 - https:\/\/yoast.com\/product\/yoast-seo-wordpress\/ -->\n<title>Conditions g\u00e9n\u00e9rales<\/title>\n<meta name=\"description\" content=\"Conditions g\u00e9n\u00e9rales de vente de la boutique en ligne zeitlos vertrieb &amp; design GmbH(ci-apr\u00e8s d\u00e9nomm\u00e9e la boutique en ligne zeitlos) 1. G\u00e9n\u00e9ralit\u00e9sToutes les prestations fournies par la boutique en ligne zeitlos au client sont exclusivement bas\u00e9es sur les conditions g\u00e9n\u00e9rales de vente suivantes. Les dispositions divergentes ne sont valables que si elles ont \u00e9t\u00e9 convenues\u2026\" \/>\n<meta name=\"robots\" content=\"noindex, follow\" \/>\n<meta property=\"og:locale\" content=\"fr_FR\" \/>\n<meta property=\"og:type\" content=\"article\" \/>\n<meta property=\"og:title\" content=\"Conditions g\u00e9n\u00e9rales\" \/>\n<meta property=\"og:description\" content=\"Conditions g\u00e9n\u00e9rales de vente de la boutique en ligne zeitlos vertrieb &amp; design GmbH(ci-apr\u00e8s d\u00e9nomm\u00e9e la boutique en ligne zeitlos) 1. G\u00e9n\u00e9ralit\u00e9sToutes les prestations fournies par la boutique en ligne zeitlos au client sont exclusivement bas\u00e9es sur les conditions g\u00e9n\u00e9rales de vente suivantes. Les dispositions divergentes ne sont valables que si elles ont \u00e9t\u00e9 convenues\u2026\" \/>\n<meta property=\"og:url\" content=\"https:\/\/www.zeitlos-vertrieb.de\/fr\/conditions\/\" \/>\n<meta property=\"og:site_name\" content=\"ZEITLOS\" \/>\n<meta property=\"article:modified_time\" content=\"2023-01-17T09:26:47+00:00\" \/>\n<meta name=\"twitter:card\" content=\"summary_large_image\" \/>\n<script type=\"application\/ld+json\" class=\"yoast-schema-graph\">{\"@context\":\"https:\\\/\\\/schema.org\",\"@graph\":[{\"@type\":\"WebPage\",\"@id\":\"https:\\\/\\\/www.zeitlos-vertrieb.de\\\/fr\\\/conditions\\\/\",\"url\":\"https:\\\/\\\/www.zeitlos-vertrieb.de\\\/fr\\\/conditions\\\/\",\"name\":\"ZEITLOS - AGB\",\"isPartOf\":{\"@id\":\"https:\\\/\\\/www.zeitlos-vertrieb.de\\\/#website\"},\"datePublished\":\"2020-10-12T07:57:22+00:00\",\"dateModified\":\"2023-01-17T09:26:47+00:00\",\"description\":\"Zeitlos bietet als Outsourcing-Dienstleister im Logistik- und Fulfillmentbereich innovative L\u00f6sungen f\u00fcr alle Prozesse im After Sales Service.\",\"breadcrumb\":{\"@id\":\"https:\\\/\\\/www.zeitlos-vertrieb.de\\\/fr\\\/conditions\\\/#breadcrumb\"},\"inLanguage\":\"fr-FR\",\"potentialAction\":[{\"@type\":\"ReadAction\",\"target\":[\"https:\\\/\\\/www.zeitlos-vertrieb.de\\\/fr\\\/conditions\\\/\"]}]},{\"@type\":\"BreadcrumbList\",\"@id\":\"https:\\\/\\\/www.zeitlos-vertrieb.de\\\/fr\\\/conditions\\\/#breadcrumb\",\"itemListElement\":[{\"@type\":\"ListItem\",\"position\":1,\"name\":\"Startseite\",\"item\":\"https:\\\/\\\/www.zeitlos-vertrieb.de\\\/\"},{\"@type\":\"ListItem\",\"position\":2,\"name\":\"Conditions g\u00e9n\u00e9rales\"}]},{\"@type\":\"WebSite\",\"@id\":\"https:\\\/\\\/www.zeitlos-vertrieb.de\\\/fr\\\/#website\",\"url\":\"https:\\\/\\\/www.zeitlos-vertrieb.de\\\/fr\\\/\",\"name\":\"ZEITLOS\",\"description\":\"Design- und Vertriebs GmbH\",\"publisher\":{\"@id\":\"https:\\\/\\\/www.zeitlos-vertrieb.de\\\/fr\\\/#organization\"},\"potentialAction\":[{\"@type\":\"SearchAction\",\"target\":{\"@type\":\"EntryPoint\",\"urlTemplate\":\"https:\\\/\\\/www.zeitlos-vertrieb.de\\\/fr\\\/?s={search_term_string}\"},\"query-input\":{\"@type\":\"PropertyValueSpecification\",\"valueRequired\":true,\"valueName\":\"search_term_string\"}}],\"inLanguage\":\"fr-FR\"},{\"@type\":\"Organization\",\"@id\":\"https:\\\/\\\/www.zeitlos-vertrieb.de\\\/fr\\\/#organization\",\"name\":\"ZEITLOS Design- und Vertriebs GmbH\",\"url\":\"https:\\\/\\\/www.zeitlos-vertrieb.de\\\/fr\\\/\",\"logo\":{\"@type\":\"ImageObject\",\"inLanguage\":\"fr-FR\",\"@id\":\"https:\\\/\\\/www.zeitlos-vertrieb.de\\\/fr\\\/#\\\/schema\\\/logo\\\/image\\\/\",\"url\":\"https:\\\/\\\/www.zeitlos-vertrieb.de\\\/wp-content\\\/uploads\\\/2020\\\/10\\\/Logo2.png\",\"contentUrl\":\"https:\\\/\\\/www.zeitlos-vertrieb.de\\\/wp-content\\\/uploads\\\/2020\\\/10\\\/Logo2.png\",\"width\":551,\"height\":154,\"caption\":\"ZEITLOS Design- und Vertriebs GmbH\"},\"image\":{\"@id\":\"https:\\\/\\\/www.zeitlos-vertrieb.de\\\/fr\\\/#\\\/schema\\\/logo\\\/image\\\/\"}}]}<\/script>\n<!-- \/ Yoast SEO plugin. -->","yoast_head_json":{"title":"Conditions g\u00e9n\u00e9rales","description":"Conditions g\u00e9n\u00e9rales de vente de la boutique en ligne zeitlos vertrieb & design GmbH(ci-apr\u00e8s d\u00e9nomm\u00e9e la boutique en ligne zeitlos) 1. G\u00e9n\u00e9ralit\u00e9sToutes les prestations fournies par la boutique en ligne zeitlos au client sont exclusivement bas\u00e9es sur les conditions g\u00e9n\u00e9rales de vente suivantes. Les dispositions divergentes ne sont valables que si elles ont \u00e9t\u00e9 convenues\u2026","robots":{"index":"noindex","follow":"follow"},"og_locale":"fr_FR","og_type":"article","og_title":"Conditions g\u00e9n\u00e9rales","og_description":"Conditions g\u00e9n\u00e9rales de vente de la boutique en ligne zeitlos vertrieb & design GmbH(ci-apr\u00e8s d\u00e9nomm\u00e9e la boutique en ligne zeitlos) 1. G\u00e9n\u00e9ralit\u00e9sToutes les prestations fournies par la boutique en ligne zeitlos au client sont exclusivement bas\u00e9es sur les conditions g\u00e9n\u00e9rales de vente suivantes. Les dispositions divergentes ne sont valables que si elles ont \u00e9t\u00e9 convenues\u2026","og_url":"https:\/\/www.zeitlos-vertrieb.de\/fr\/conditions\/","og_site_name":"ZEITLOS","article_modified_time":"2023-01-17T09:26:47+00:00","twitter_card":"summary_large_image","schema":{"@context":"https:\/\/schema.org","@graph":[{"@type":"WebPage","@id":"https:\/\/www.zeitlos-vertrieb.de\/fr\/conditions\/","url":"https:\/\/www.zeitlos-vertrieb.de\/fr\/conditions\/","name":"ZEITLOS - AGB","isPartOf":{"@id":"https:\/\/www.zeitlos-vertrieb.de\/#website"},"datePublished":"2020-10-12T07:57:22+00:00","dateModified":"2023-01-17T09:26:47+00:00","description":"Zeitlos bietet als Outsourcing-Dienstleister im Logistik- und Fulfillmentbereich innovative L\u00f6sungen f\u00fcr alle Prozesse im After Sales Service.","breadcrumb":{"@id":"https:\/\/www.zeitlos-vertrieb.de\/fr\/conditions\/#breadcrumb"},"inLanguage":"fr-FR","potentialAction":[{"@type":"ReadAction","target":["https:\/\/www.zeitlos-vertrieb.de\/fr\/conditions\/"]}]},{"@type":"BreadcrumbList","@id":"https:\/\/www.zeitlos-vertrieb.de\/fr\/conditions\/#breadcrumb","itemListElement":[{"@type":"ListItem","position":1,"name":"Startseite","item":"https:\/\/www.zeitlos-vertrieb.de\/"},{"@type":"ListItem","position":2,"name":"Conditions g\u00e9n\u00e9rales"}]},{"@type":"WebSite","@id":"https:\/\/www.zeitlos-vertrieb.de\/fr\/#website","url":"https:\/\/www.zeitlos-vertrieb.de\/fr\/","name":"ZEITLOS","description":"Design- und Vertriebs GmbH","publisher":{"@id":"https:\/\/www.zeitlos-vertrieb.de\/fr\/#organization"},"potentialAction":[{"@type":"SearchAction","target":{"@type":"EntryPoint","urlTemplate":"https:\/\/www.zeitlos-vertrieb.de\/fr\/?s={search_term_string}"},"query-input":{"@type":"PropertyValueSpecification","valueRequired":true,"valueName":"search_term_string"}}],"inLanguage":"fr-FR"},{"@type":"Organization","@id":"https:\/\/www.zeitlos-vertrieb.de\/fr\/#organization","name":"ZEITLOS Design- und Vertriebs GmbH","url":"https:\/\/www.zeitlos-vertrieb.de\/fr\/","logo":{"@type":"ImageObject","inLanguage":"fr-FR","@id":"https:\/\/www.zeitlos-vertrieb.de\/fr\/#\/schema\/logo\/image\/","url":"https:\/\/www.zeitlos-vertrieb.de\/wp-content\/uploads\/2020\/10\/Logo2.png","contentUrl":"https:\/\/www.zeitlos-vertrieb.de\/wp-content\/uploads\/2020\/10\/Logo2.png","width":551,"height":154,"caption":"ZEITLOS Design- und Vertriebs GmbH"},"image":{"@id":"https:\/\/www.zeitlos-vertrieb.de\/fr\/#\/schema\/logo\/image\/"}}]}},"_links":{"self":[{"href":"https:\/\/www.zeitlos-vertrieb.de\/fr\/wp-json\/wp\/v2\/pages\/114","targetHints":{"allow":["GET"]}}],"collection":[{"href":"https:\/\/www.zeitlos-vertrieb.de\/fr\/wp-json\/wp\/v2\/pages"}],"about":[{"href":"https:\/\/www.zeitlos-vertrieb.de\/fr\/wp-json\/wp\/v2\/types\/page"}],"author":[{"embeddable":true,"href":"https:\/\/www.zeitlos-vertrieb.de\/fr\/wp-json\/wp\/v2\/users\/1"}],"replies":[{"embeddable":true,"href":"https:\/\/www.zeitlos-vertrieb.de\/fr\/wp-json\/wp\/v2\/comments?post=114"}],"version-history":[{"count":10,"href":"https:\/\/www.zeitlos-vertrieb.de\/fr\/wp-json\/wp\/v2\/pages\/114\/revisions"}],"predecessor-version":[{"id":343,"href":"https:\/\/www.zeitlos-vertrieb.de\/fr\/wp-json\/wp\/v2\/pages\/114\/revisions\/343"}],"wp:attachment":[{"href":"https:\/\/www.zeitlos-vertrieb.de\/fr\/wp-json\/wp\/v2\/media?parent=114"}],"curies":[{"name":"wp","href":"https:\/\/api.w.org\/{rel}","templated":true}]}}