{"id":114,"date":"2020-10-12T09:57:22","date_gmt":"2020-10-12T07:57:22","guid":{"rendered":"https:\/\/www2.zeitlos-vertrieb.de\/?page_id=114"},"modified":"2023-01-17T10:26:47","modified_gmt":"2023-01-17T09:26:47","slug":"agb","status":"publish","type":"page","link":"https:\/\/www.zeitlos-vertrieb.de\/hu\/feltetelek\/","title":{"rendered":"Felt\u00e9telek"},"content":{"rendered":"\r\n<p><strong>A zeitlos vertrieb &#038; design GmbH web\u00e1ruh\u00e1z \u00e1ltal\u00e1nos szerz\u0151d\u00e9si felt\u00e9telei<\/strong><br>(a tov\u00e1bbiakban: web\u00e1ruh\u00e1z zeitlos)<br><\/p>\r\n\r\n\r\n\r\n<p><strong>1. \u00c1ltal\u00e1nos<\/strong><br>Az Onlineshop zeitlos \u00e1ltal az \u00fcgyf\u00e9l sz\u00e1m\u00e1ra ny\u00fajtott valamennyi szolg\u00e1ltat\u00e1s kiz\u00e1r\u00f3lag az al\u00e1bbi \u00c1ltal\u00e1nos Szerz\u0151d\u00e9si Felt\u00e9telek alapj\u00e1n vehet\u0151 ig\u00e9nybe. Ett\u0151l elt\u00e9r\u0151 rendelkez\u00e9sek csak akkor \u00e9rv\u00e9nyesek, ha azokr\u00f3l az Onlineshop zeitlos \u00e9s az \u00fcgyf\u00e9l \u00edr\u00e1sban \u00e1llapodott meg.<\/p>\r\n\r\n\r\n\r\n<p><strong>2. A szerz\u0151d\u00e9s megk\u00f6t\u00e9se<\/strong><br>a) A web\u00e1ruh\u00e1z id\u0151 n\u00e9lk\u00fcli aj\u00e1nlatai az interneten nem k\u00f6telez\u0151 \u00e9rv\u00e9ny\u0171 felh\u00edv\u00e1st jelentenek a v\u00e1s\u00e1rl\u00f3 sz\u00e1m\u00e1ra, hogy rendeljen \u00e1rut a web\u00e1ruh\u00e1zban.<br>b) A v\u00e1s\u00e1rl\u00f3 az interneten t\u00f6rt\u00e9n\u0151 \u00e1rubeszerz\u00e9skor k\u00f6telez\u0151 \u00e9rv\u00e9ny\u0171 aj\u00e1nlatot tesz az ad\u00e1sv\u00e9teli szerz\u0151d\u00e9s megk\u00f6t\u00e9s\u00e9re.<br>c) A zeitlos web\u00e1ruh\u00e1z jogosult ezt az aj\u00e1nlatot 2 napt\u00e1ri napon bel\u00fcl elfogadni a megrendel\u00e9s visszaigazol\u00e1s\u00e1nak elk\u00fcld\u00e9s\u00e9vel. A megrendel\u00e9s visszaigazol\u00e1s\u00e1t e-mailben kell elk\u00fcldeni. Ha a 2 napos hat\u00e1rid\u0151 v\u00e1lasz n\u00e9lk\u00fcl telik le, az aj\u00e1nlatot elutas\u00edtottnak kell tekinteni.<\/p>\r\n\r\n\r\n\r\n<p><strong>3. Sz\u00e1ll\u00edt\u00e1si id\u0151k<\/strong><br>Minden term\u00e9ket azonnal kisz\u00e1ll\u00edtunk, ha van rakt\u00e1ron, \u00e9s csak a k\u00e9szlet erej\u00e9ig.<br>A sz\u00e1ll\u00edt\u00e1s csak N\u00e9metorsz\u00e1gon bel\u00fcl t\u00f6rt\u00e9nik. A sz\u00e1ll\u00edt\u00e1si id\u0151 \u00e1ltal\u00e1ban 5 munkanap, \u00e9s a rendel\u00e9s visszaigazol\u00e1s\u00e1nak elk\u00fcld\u00e9s\u00e9vel kezd\u0151dik. A sz\u00e1ll\u00edt\u00e1si hat\u00e1rid\u0151 megjel\u00f6l\u00e9se nem k\u00f6telez\u0151 \u00e9rv\u00e9ny\u0171, kiv\u00e9ve, ha ezzel ellent\u00e9tes \u00edr\u00e1sbeli meg\u00e1llapod\u00e1s van.<br>Ha egy term\u00e9k r\u00f6vid id\u0151n bel\u00fcl nem \u00e1ll rendelkez\u00e9sre, e-mailben t\u00e1j\u00e9koztatjuk \u00d6nt a v\u00e1rhat\u00f3 sz\u00e1ll\u00edt\u00e1si id\u0151r\u0151l, felt\u00e9ve, hogy rendelkez\u00fcnk az \u00d6n c\u00edm\u00e9vel.<br>Egyes t\u00e9telek hosszabb sz\u00e1ll\u00edt\u00e1si id\u0151vel rendelkeznek.<br>A sz\u00e1ll\u00edt\u00e1s k\u00e9sedelme eset\u00e9n, pl. vis maior, k\u00f6zleked\u00e9si fennakad\u00e1sok \u00e9s fels\u0151bb hat\u00f3s\u00e1gok utas\u00edt\u00e1sai, valamint egy\u00e9b olyan esem\u00e9nyek miatt, amelyek\u00e9rt a zeitlos web\u00e1ruh\u00e1z nem felel\u0151s, a zeitlos web\u00e1ruh\u00e1zzal szemben semmilyen k\u00e1rt\u00e9r\u00edt\u00e9si ig\u00e9ny nem \u00e9rv\u00e9nyes\u00edthet\u0151.<\/p>\r\n\r\n\r\n\r\n<p><strong>4. Csomagol\u00e1si \u00e9s sz\u00e1ll\u00edt\u00e1si k\u00f6lts\u00e9gek<\/strong><br>A N\u00e9metorsz\u00e1gon bel\u00fcli sz\u00e1ll\u00edt\u00e1s\u00e9rt \u00e9s a csomagol\u00e1si k\u00f6lts\u00e9gek\u00e9rt az online shop zeitlos a t\u00e9telek sz\u00e1m\u00e1t\u00f3l \u00e9s s\u00faly\u00e1t\u00f3l f\u00fcggetlen\u00fcl id\u0151ar\u00e1nyos EUR \u00e1tal\u00e1nyd\u00edjat sz\u00e1m\u00edt fel.<br>EUR feletti rendel\u00e9s eset\u00e9n N\u00e9metorsz\u00e1gon bel\u00fcl (kiv\u00e9ve) sz\u00e1ll\u00edt\u00e1si k\u00f6lts\u00e9gmentesen sz\u00e1ll\u00edtunk. A megrendel\u0151 k\u00e9r\u00e9s\u00e9re expressz sz\u00e1ll\u00edt\u00e1s is lehets\u00e9ges. A felmer\u00fcl\u0151 t\u00f6bbletk\u00f6lts\u00e9geket a megrendel\u0151 viseli.<br><br><strong>5. \u00c1rak \u00e9s fizet\u00e9s<\/strong><br>1. A felt\u00fcntetett \u00e1rak v\u00e9gleges \u00e1rak, amelyek tartalmazz\u00e1k a jelenleg 19 %-os t\u00f6rv\u00e9nyes \u00e1f\u00e1t.<br>2. A v\u00e9gleges \u00e1rak nem tartalmazz\u00e1k a csomagol\u00e1s \u00e9s a sz\u00e1ll\u00edt\u00e1s k\u00f6lts\u00e9geit.<br>3. Az id\u0151tlen web\u00e1ruh\u00e1z internetes oldalainak folyamatos friss\u00edt\u00e9se miatt az \u00e1ruk \u00e1r\u00e1ra \u00e9s \u00e1llapot\u00e1ra vonatkoz\u00f3, egy kor\u00e1bbi id\u0151pontban megadott inform\u00e1ci\u00f3k \u00e9rv\u00e9ny\u00fcket vesztik.<br>4. A sz\u00e1ml\u00e1z\u00e1s szempontj\u00e1b\u00f3l az \u00fcgyf\u00e9l aj\u00e1nlat\u00e1nak beny\u00fajt\u00e1sakor felt\u00fcntetett \u00e1r az ir\u00e1nyad\u00f3.<br>5. Az \u00e1ruk kifizet\u00e9se el\u0151legk\u00e9nt t\u00f6rt\u00e9nik. A kiv\u00e9telek csak akkor \u00e9rv\u00e9nyesek, ha azokr\u00f3l az id\u0151tlen web\u00e1ruh\u00e1z \u00e9s a v\u00e1s\u00e1rl\u00f3 \u00edr\u00e1sban meg\u00e1llapodott.<br>6. A vev\u0151 k\u00f6teles a sz\u00e1mla \u00f6sszeg\u00e9t az \u00e1ru \u00e1tv\u00e9tel\u00e9t k\u00f6vet\u0151 14 napon bel\u00fcl kifizetni.<br>7. Amennyiben a v\u00e1s\u00e1rl\u00f3 a 6. pontban meghat\u00e1rozott hat\u00e1rid\u0151 lej\u00e1rta ut\u00e1n sem teljes\u00edti fizet\u00e9si k\u00f6telezetts\u00e9g\u00e9t, a Web\u00e1ruh\u00e1z id\u0151tlen fenntartja a jogot, hogy az ebb\u0151l ered\u0151 tov\u00e1bbi eml\u00e9keztet\u0151 \u00e9s feldolgoz\u00e1si d\u00edjakat sz\u00e1m\u00edtson fel a v\u00e1s\u00e1rl\u00f3nak.<br>8. Ha a v\u00e1s\u00e1rl\u00f3 fizet\u00e9si k\u00e9sedelembe esik, a zeitlos web\u00e1ruh\u00e1z jogosult a t\u00f6rv\u00e9nyben el\u0151\u00edrt m\u00e9rt\u00e9k\u0171 k\u00e9sedelmi kamatot k\u00f6vetelni. Ez nem \u00e9rinti a zeitlos web\u00e1ruh\u00e1z jog\u00e1t az esetleges tov\u00e1bbi k\u00e1rt\u00e9r\u00edt\u00e9si ig\u00e9nyek \u00e9rv\u00e9nyes\u00edt\u00e9s\u00e9re.<br><br><strong>6. A tulajdonjog fenntart\u00e1sa<\/strong><br>A megrendelt \u00e1ru a teljes fizet\u00e9sig a zeitlos web\u00e1ruh\u00e1z tulajdon\u00e1ban marad (a BGB 449. \u00a7-a szerinti tulajdonjog fenntart\u00e1sa). A tulajdonjog \u00e1truh\u00e1z\u00e1s\u00e1t megel\u0151z\u0151en az \u00e1ruk elz\u00e1logos\u00edt\u00e1sa, biztos\u00edt\u00e9kk\u00e9nt t\u00f6rt\u00e9n\u0151 \u00e1truh\u00e1z\u00e1sa, feldolgoz\u00e1sa vagy \u00e1talak\u00edt\u00e1sa a zeitlos web\u00e1ruh\u00e1z kifejezett hozz\u00e1j\u00e1rul\u00e1sa n\u00e9lk\u00fcl nem megengedett.<\/p>\r\n\r\n\r\n\r\n<p><strong>7. Garancia<\/strong><br>1. A v\u00e1s\u00e1rl\u00f3nak a web\u00e1ruh\u00e1zzal szembeni, az \u00e1ru hib\u00e1j\u00e1b\u00f3l ered\u0151 k\u00f6vetel\u00e9seire a t\u00f6rv\u00e9nyi rendelkez\u00e9sek az ir\u00e1nyad\u00f3k.<br>2. A v\u00e1s\u00e1rl\u00f3 v\u00e1llalja, hogy az \u00e1ru \u00e1tv\u00e9telekor megvizsg\u00e1lja az \u00e1rut az esetleges hib\u00e1k tekintet\u00e9ben, \u00e9s ha ilyen hib\u00e1t \u00e9szlel, halad\u00e9ktalanul t\u00e1j\u00e9koztatja a web\u00e1ruh\u00e1zat. Amennyiben a v\u00e1s\u00e1rl\u00f3 k\u00e9s\u0151bb \u00e9szleli, hogy az \u00e1ru hib\u00e1s, k\u00f6teles err\u0151l a felfedez\u00e9st k\u00f6vet\u0151en halad\u00e9ktalanul t\u00e1j\u00e9koztatni az online \u00e1ruh\u00e1zat. Ha a v\u00e1s\u00e1rl\u00f3 elmulasztja a hiba bejelent\u00e9s\u00e9t, az \u00e1rut elfogadottnak kell tekinteni.<br>3. Az \u00e1ru hib\u00e1i nem foglalj\u00e1k magukban az \u00fcgyf\u00e9l \u00e1ltal a nem megfelel\u0151 vagy nem szerz\u0151d\u00e9sszer\u0171 kezel\u00e9ssel okozott k\u00e1rokat. A nem megfelel\u0151 \u00e9s nem szerz\u0151d\u00e9sszer\u0171 kezel\u00e9sre vonatkoz\u00f3an az \u00e1ru gy\u00e1rt\u00f3ja \u00e1ltal adott t\u00e1j\u00e9koztat\u00e1s az ir\u00e1nyad\u00f3.<\/p>\r\n\r\n\r\n\r\n<p><strong>8. A felel\u0151ss\u00e9g korl\u00e1toz\u00e1sa<\/strong><br>A zeitlos web\u00e1ruh\u00e1z csak olyan k\u00e1rok\u00e9rt felel, amelyek s\u00falyos gondatlans\u00e1gon vagy sz\u00e1nd\u00e9kos cselekm\u00e9nyen, illetve l\u00e9nyeges szerz\u0151d\u00e9ses k\u00f6telezetts\u00e9g v\u00e9tkes megszeg\u00e9s\u00e9n alapulnak, \u00e9s amelyeket \u0151 maga vagy valamelyik k\u00f6zrem\u0171k\u00f6d\u0151je okozott. Minden tov\u00e1bbi k\u00e1rt\u00e9r\u00edt\u00e9si ig\u00e9ny kiz\u00e1rt. A term\u00e9kfelel\u0151ss\u00e9gr\u0151l sz\u00f3l\u00f3 t\u00f6rv\u00e9ny rendelkez\u00e9sei nem \u00e9rintik.<br>A zeitlos web\u00e1ruh\u00e1z tov\u00e1bb\u00e1 nem v\u00e1llal felel\u0151ss\u00e9get mag\u00e1nak a web\u00e1ruh\u00e1znak a korl\u00e1tlan el\u00e9rhet\u0151s\u00e9g\u00e9\u00e9rt, mivel nem tudja garant\u00e1lni az ehhez sz\u00fcks\u00e9ges g\u00f6rd\u00fcl\u00e9keny \u00e9s hibamentes internetes adatkommunik\u00e1ci\u00f3t.<\/p>\r\n\r\n\r\n\r\n<p><strong>9. Adatv\u00e9delem<\/strong><br>A v\u00e1s\u00e1rl\u00f3 \u00e1ltal tov\u00e1bb\u00edtott adatokat a zeitlos web\u00e1ruh\u00e1z kiz\u00e1r\u00f3lag a megrendel\u00e9sek feldolgoz\u00e1s\u00e1ra haszn\u00e1lja fel. Minden adatot szigor\u00faan bizalmasan kezel\u00fcnk. Az adatokat csak akkor adjuk \u00e1t harmadik f\u00e9lnek (pl. sz\u00e1ll\u00edt\u00e1si szolg\u00e1ltat\u00e1sok), ha ez a megrendel\u00e9s feldolgoz\u00e1s\u00e1hoz sz\u00fcks\u00e9ges. A rendel\u00e9si adatokat titkos\u00edtott \u00e9s biztons\u00e1gos form\u00e1ban tov\u00e1bb\u00edtjuk, de nem v\u00e1llalunk felel\u0151ss\u00e9get az adatbiztons\u00e1g\u00e9rt az interneten kereszt\u00fcl t\u00f6rt\u00e9n\u0151 \u00e1tvitel sor\u00e1n (pl. a szolg\u00e1ltat\u00f3 technikai hib\u00e1i miatt), sem pedig az\u00e9rt, ha harmadik szem\u00e9lyek b\u0171n\u00f6s m\u00f3don hozz\u00e1f\u00e9rnek az internetes oldalunkon tal\u00e1lhat\u00f3 f\u00e1jlokhoz. Az \u00fcgyf\u00e9l k\u00e9r\u00e9s\u00e9re az \u00fcgyf\u00e9lnek tov\u00e1bb\u00edtott \u00fcgyf\u00e9l bejelentkez\u00e9si adatokat az \u00fcgyf\u00e9lnek szigor\u00faan bizalmasan kell kezelnie, mivel nem v\u00e1llalunk felel\u0151ss\u00e9get ezen adatok felhaszn\u00e1l\u00e1s\u00e1\u00e9rt \u00e9s alkalmaz\u00e1s\u00e1\u00e9rt.<\/p>\r\n\r\n\r\n\r\n<p><strong>10. Copyright<\/strong><br>Minden harmadik f\u00e9l log\u00f3ja, k\u00e9pe \u00e9s grafik\u00e1ja az adott c\u00e9gek tulajdon\u00e1t k\u00e9pezi, \u00e9s az adott licencad\u00f3 szerz\u0151i joga al\u00e1 tartozik. Az ezeken az oldalakon megjelen\u0151 \u00f6sszes f\u00e9nyk\u00e9p, log\u00f3, sz\u00f6veg, jelent\u00e9s, szkript \u00e9s programoz\u00e1si rutin, amelyek saj\u00e1t fejleszt\u00e9s\u0171ek vagy \u00e1ltalunk k\u00e9sz\u00fcltek, nem m\u00e1solhat\u00f3k vagy haszn\u00e1lhat\u00f3k fel m\u00e1s m\u00f3don a hozz\u00e1j\u00e1rul\u00e1sunk n\u00e9lk\u00fcl. Minden jog fenntartva.<\/p>\r\n\r\n\r\n\r\n<p><strong>11. Linkek oldalainkon<\/strong><br>A hamburgi tartom\u00e1nyi b\u00edr\u00f3s\u00e1g 1998. m\u00e1jus 12-i \u00edt\u00e9let\u00e9ben &#8211; 312 O 85\/98 &#8211; &#8222;Felel\u0151ss\u00e9g a linkek\u00e9rt&#8221; &#8211; kimondta, hogy a linkek elhelyez\u00e9se a linkeken kereszt\u00fcl k\u00edn\u00e1lt anyagok\u00e9rt val\u00f3 t\u00e1rsfelel\u0151ss\u00e9get is eredm\u00e9nyezi. A tartom\u00e1nyi b\u00edr\u00f3s\u00e1g szerint ez csak \u00fagy akad\u00e1lyozhat\u00f3 meg, ha kifejezetten elhat\u00e1rol\u00f3dunk ezekt\u0151l a tartalmakt\u00f3l. Ez\u00e9rt kifejezetten elhat\u00e1rol\u00f3dunk a honlapon tal\u00e1lhat\u00f3 \u00f6sszes linkelt oldal tartalm\u00e1t\u00f3l. Ez a nyilatkozat a honlapunkon tal\u00e1lhat\u00f3 \u00f6sszes linkre vonatkozik.<\/p>\r\n\r\n\r\n\r\n<p><strong>12. A joghat\u00f3s\u00e1g helye<\/strong><br>1. Amennyiben a t\u00f6rv\u00e9ny m\u00e1sk\u00e9nt nem rendelkezik, a joghat\u00f3s\u00e1g helye a zeitlos web\u00e1ruh\u00e1z sz\u00e9khelye.<br>2. A jelen jogviszonyb\u00f3l ered\u0151 valamennyi jogvit\u00e1ra a n\u00e9met jog alkalmazand\u00f3. Az ENSZ ad\u00e1sv\u00e9teli jog\u00e1nak alkalmaz\u00e1sa kiz\u00e1rt.<\/p>\r\n\r\n\r\n\r\n<p><strong>13. Az \u00c1SZF \u00e9rv\u00e9nyess\u00e9ge<\/strong><br>A megrendel\u00e9s lead\u00e1s\u00e1val az id\u0151tlen web\u00e1ruh\u00e1z \u00e1ltal\u00e1nos szerz\u0151d\u00e9si felt\u00e9teleit elfogadja. Amennyiben az \u00c1ltal\u00e1nos Szerz\u0151d\u00e9si Felt\u00e9telek b\u00e1rmely rendelkez\u00e9se b\u00e1rmilyen okb\u00f3l \u00e9rv\u00e9nytelen lenne, a t\u00f6bbi rendelkez\u00e9s \u00e9rv\u00e9nyess\u00e9g\u00e9t nem \u00e9rinti. A sz\u00f3beli meg\u00e1llapod\u00e1sok \u00edr\u00e1sos meger\u0151s\u00edt\u00e9st ig\u00e9nyelnek.<\/p>\r\n\r\n","protected":false},"excerpt":{"rendered":"<p>A zeitlos vertrieb &#038; design GmbH web\u00e1ruh\u00e1z \u00e1ltal\u00e1nos szerz\u0151d\u00e9si felt\u00e9telei(a tov\u00e1bbiakban: web\u00e1ruh\u00e1z zeitlos) 1. \u00c1ltal\u00e1nosAz Onlineshop zeitlos \u00e1ltal az \u00fcgyf\u00e9l sz\u00e1m\u00e1ra ny\u00fajtott valamennyi szolg\u00e1ltat\u00e1s kiz\u00e1r\u00f3lag az al\u00e1bbi \u00c1ltal\u00e1nos Szerz\u0151d\u00e9si Felt\u00e9telek &#8230;<\/p>\n","protected":false},"author":1,"featured_media":0,"parent":0,"menu_order":0,"comment_status":"closed","ping_status":"closed","template":"","meta":{"footnotes":""},"class_list":["post-114","page","type-page","status-publish","hentry"],"yoast_head":"<!-- This site is optimized with the Yoast SEO plugin v27.4 - https:\/\/yoast.com\/product\/yoast-seo-wordpress\/ -->\n<title>Felt\u00e9telek<\/title>\n<meta name=\"description\" content=\"A zeitlos vertrieb &amp; design GmbH web\u00e1ruh\u00e1z \u00e1ltal\u00e1nos szerz\u0151d\u00e9si felt\u00e9telei(a tov\u00e1bbiakban: web\u00e1ruh\u00e1z zeitlos) 1. \u00c1ltal\u00e1nosAz Onlineshop zeitlos \u00e1ltal az \u00fcgyf\u00e9l sz\u00e1m\u00e1ra ny\u00fajtott valamennyi szolg\u00e1ltat\u00e1s kiz\u00e1r\u00f3lag az al\u00e1bbi \u00c1ltal\u00e1nos Szerz\u0151d\u00e9si Felt\u00e9telek alapj\u00e1n vehet\u0151 ig\u00e9nybe. Ett\u0151l elt\u00e9r\u0151 rendelkez\u00e9sek csak akkor \u00e9rv\u00e9nyesek, ha azokr\u00f3l az Onlineshop zeitlos \u00e9s az \u00fcgyf\u00e9l \u00edr\u00e1sban \u00e1llapodott meg. 2. A szerz\u0151d\u00e9s megk\u00f6t\u00e9sea) A&hellip;\" \/>\n<meta name=\"robots\" content=\"noindex, follow\" \/>\n<meta property=\"og:locale\" content=\"hu_HU\" \/>\n<meta property=\"og:type\" content=\"article\" \/>\n<meta property=\"og:title\" content=\"Felt\u00e9telek\" \/>\n<meta property=\"og:description\" content=\"A zeitlos vertrieb &amp; design GmbH web\u00e1ruh\u00e1z \u00e1ltal\u00e1nos szerz\u0151d\u00e9si felt\u00e9telei(a tov\u00e1bbiakban: web\u00e1ruh\u00e1z zeitlos) 1. \u00c1ltal\u00e1nosAz Onlineshop zeitlos \u00e1ltal az \u00fcgyf\u00e9l sz\u00e1m\u00e1ra ny\u00fajtott valamennyi szolg\u00e1ltat\u00e1s kiz\u00e1r\u00f3lag az al\u00e1bbi \u00c1ltal\u00e1nos Szerz\u0151d\u00e9si Felt\u00e9telek alapj\u00e1n vehet\u0151 ig\u00e9nybe. Ett\u0151l elt\u00e9r\u0151 rendelkez\u00e9sek csak akkor \u00e9rv\u00e9nyesek, ha azokr\u00f3l az Onlineshop zeitlos \u00e9s az \u00fcgyf\u00e9l \u00edr\u00e1sban \u00e1llapodott meg. 2. A szerz\u0151d\u00e9s megk\u00f6t\u00e9sea) A&hellip;\" \/>\n<meta property=\"og:url\" content=\"https:\/\/www.zeitlos-vertrieb.de\/hu\/feltetelek\/\" \/>\n<meta property=\"og:site_name\" content=\"ZEITLOS\" \/>\n<meta property=\"article:modified_time\" content=\"2023-01-17T09:26:47+00:00\" \/>\n<meta name=\"twitter:card\" content=\"summary_large_image\" \/>\n<script type=\"application\/ld+json\" class=\"yoast-schema-graph\">{\"@context\":\"https:\\\/\\\/schema.org\",\"@graph\":[{\"@type\":\"WebPage\",\"@id\":\"https:\\\/\\\/www.zeitlos-vertrieb.de\\\/hu\\\/feltetelek\\\/\",\"url\":\"https:\\\/\\\/www.zeitlos-vertrieb.de\\\/hu\\\/feltetelek\\\/\",\"name\":\"ZEITLOS - AGB\",\"isPartOf\":{\"@id\":\"https:\\\/\\\/www.zeitlos-vertrieb.de\\\/#website\"},\"datePublished\":\"2020-10-12T07:57:22+00:00\",\"dateModified\":\"2023-01-17T09:26:47+00:00\",\"description\":\"Zeitlos bietet als Outsourcing-Dienstleister im Logistik- und Fulfillmentbereich innovative L\u00f6sungen f\u00fcr alle Prozesse im After Sales Service.\",\"breadcrumb\":{\"@id\":\"https:\\\/\\\/www.zeitlos-vertrieb.de\\\/hu\\\/feltetelek\\\/#breadcrumb\"},\"inLanguage\":\"hu\",\"potentialAction\":[{\"@type\":\"ReadAction\",\"target\":[\"https:\\\/\\\/www.zeitlos-vertrieb.de\\\/hu\\\/feltetelek\\\/\"]}]},{\"@type\":\"BreadcrumbList\",\"@id\":\"https:\\\/\\\/www.zeitlos-vertrieb.de\\\/hu\\\/feltetelek\\\/#breadcrumb\",\"itemListElement\":[{\"@type\":\"ListItem\",\"position\":1,\"name\":\"Startseite\",\"item\":\"https:\\\/\\\/www.zeitlos-vertrieb.de\\\/\"},{\"@type\":\"ListItem\",\"position\":2,\"name\":\"Felt\u00e9telek\"}]},{\"@type\":\"WebSite\",\"@id\":\"https:\\\/\\\/www.zeitlos-vertrieb.de\\\/hu\\\/#website\",\"url\":\"https:\\\/\\\/www.zeitlos-vertrieb.de\\\/hu\\\/\",\"name\":\"ZEITLOS\",\"description\":\"Design- und Vertriebs GmbH\",\"publisher\":{\"@id\":\"https:\\\/\\\/www.zeitlos-vertrieb.de\\\/hu\\\/#organization\"},\"potentialAction\":[{\"@type\":\"SearchAction\",\"target\":{\"@type\":\"EntryPoint\",\"urlTemplate\":\"https:\\\/\\\/www.zeitlos-vertrieb.de\\\/hu\\\/?s={search_term_string}\"},\"query-input\":{\"@type\":\"PropertyValueSpecification\",\"valueRequired\":true,\"valueName\":\"search_term_string\"}}],\"inLanguage\":\"hu\"},{\"@type\":\"Organization\",\"@id\":\"https:\\\/\\\/www.zeitlos-vertrieb.de\\\/hu\\\/#organization\",\"name\":\"ZEITLOS Design- und Vertriebs GmbH\",\"url\":\"https:\\\/\\\/www.zeitlos-vertrieb.de\\\/hu\\\/\",\"logo\":{\"@type\":\"ImageObject\",\"inLanguage\":\"hu\",\"@id\":\"https:\\\/\\\/www.zeitlos-vertrieb.de\\\/hu\\\/#\\\/schema\\\/logo\\\/image\\\/\",\"url\":\"https:\\\/\\\/www.zeitlos-vertrieb.de\\\/wp-content\\\/uploads\\\/2020\\\/10\\\/Logo2.png\",\"contentUrl\":\"https:\\\/\\\/www.zeitlos-vertrieb.de\\\/wp-content\\\/uploads\\\/2020\\\/10\\\/Logo2.png\",\"width\":551,\"height\":154,\"caption\":\"ZEITLOS Design- und Vertriebs GmbH\"},\"image\":{\"@id\":\"https:\\\/\\\/www.zeitlos-vertrieb.de\\\/hu\\\/#\\\/schema\\\/logo\\\/image\\\/\"}}]}<\/script>\n<!-- \/ Yoast SEO plugin. -->","yoast_head_json":{"title":"Felt\u00e9telek","description":"A zeitlos vertrieb & design GmbH web\u00e1ruh\u00e1z \u00e1ltal\u00e1nos szerz\u0151d\u00e9si felt\u00e9telei(a tov\u00e1bbiakban: web\u00e1ruh\u00e1z zeitlos) 1. \u00c1ltal\u00e1nosAz Onlineshop zeitlos \u00e1ltal az \u00fcgyf\u00e9l sz\u00e1m\u00e1ra ny\u00fajtott valamennyi szolg\u00e1ltat\u00e1s kiz\u00e1r\u00f3lag az al\u00e1bbi \u00c1ltal\u00e1nos Szerz\u0151d\u00e9si Felt\u00e9telek alapj\u00e1n vehet\u0151 ig\u00e9nybe. Ett\u0151l elt\u00e9r\u0151 rendelkez\u00e9sek csak akkor \u00e9rv\u00e9nyesek, ha azokr\u00f3l az Onlineshop zeitlos \u00e9s az \u00fcgyf\u00e9l \u00edr\u00e1sban \u00e1llapodott meg. 2. A szerz\u0151d\u00e9s megk\u00f6t\u00e9sea) A&hellip;","robots":{"index":"noindex","follow":"follow"},"og_locale":"hu_HU","og_type":"article","og_title":"Felt\u00e9telek","og_description":"A zeitlos vertrieb & design GmbH web\u00e1ruh\u00e1z \u00e1ltal\u00e1nos szerz\u0151d\u00e9si felt\u00e9telei(a tov\u00e1bbiakban: web\u00e1ruh\u00e1z zeitlos) 1. \u00c1ltal\u00e1nosAz Onlineshop zeitlos \u00e1ltal az \u00fcgyf\u00e9l sz\u00e1m\u00e1ra ny\u00fajtott valamennyi szolg\u00e1ltat\u00e1s kiz\u00e1r\u00f3lag az al\u00e1bbi \u00c1ltal\u00e1nos Szerz\u0151d\u00e9si Felt\u00e9telek alapj\u00e1n vehet\u0151 ig\u00e9nybe. Ett\u0151l elt\u00e9r\u0151 rendelkez\u00e9sek csak akkor \u00e9rv\u00e9nyesek, ha azokr\u00f3l az Onlineshop zeitlos \u00e9s az \u00fcgyf\u00e9l \u00edr\u00e1sban \u00e1llapodott meg. 2. A szerz\u0151d\u00e9s megk\u00f6t\u00e9sea) A&hellip;","og_url":"https:\/\/www.zeitlos-vertrieb.de\/hu\/feltetelek\/","og_site_name":"ZEITLOS","article_modified_time":"2023-01-17T09:26:47+00:00","twitter_card":"summary_large_image","schema":{"@context":"https:\/\/schema.org","@graph":[{"@type":"WebPage","@id":"https:\/\/www.zeitlos-vertrieb.de\/hu\/feltetelek\/","url":"https:\/\/www.zeitlos-vertrieb.de\/hu\/feltetelek\/","name":"ZEITLOS - AGB","isPartOf":{"@id":"https:\/\/www.zeitlos-vertrieb.de\/#website"},"datePublished":"2020-10-12T07:57:22+00:00","dateModified":"2023-01-17T09:26:47+00:00","description":"Zeitlos bietet als Outsourcing-Dienstleister im Logistik- und Fulfillmentbereich innovative L\u00f6sungen f\u00fcr alle Prozesse im After Sales Service.","breadcrumb":{"@id":"https:\/\/www.zeitlos-vertrieb.de\/hu\/feltetelek\/#breadcrumb"},"inLanguage":"hu","potentialAction":[{"@type":"ReadAction","target":["https:\/\/www.zeitlos-vertrieb.de\/hu\/feltetelek\/"]}]},{"@type":"BreadcrumbList","@id":"https:\/\/www.zeitlos-vertrieb.de\/hu\/feltetelek\/#breadcrumb","itemListElement":[{"@type":"ListItem","position":1,"name":"Startseite","item":"https:\/\/www.zeitlos-vertrieb.de\/"},{"@type":"ListItem","position":2,"name":"Felt\u00e9telek"}]},{"@type":"WebSite","@id":"https:\/\/www.zeitlos-vertrieb.de\/hu\/#website","url":"https:\/\/www.zeitlos-vertrieb.de\/hu\/","name":"ZEITLOS","description":"Design- und Vertriebs GmbH","publisher":{"@id":"https:\/\/www.zeitlos-vertrieb.de\/hu\/#organization"},"potentialAction":[{"@type":"SearchAction","target":{"@type":"EntryPoint","urlTemplate":"https:\/\/www.zeitlos-vertrieb.de\/hu\/?s={search_term_string}"},"query-input":{"@type":"PropertyValueSpecification","valueRequired":true,"valueName":"search_term_string"}}],"inLanguage":"hu"},{"@type":"Organization","@id":"https:\/\/www.zeitlos-vertrieb.de\/hu\/#organization","name":"ZEITLOS Design- und Vertriebs GmbH","url":"https:\/\/www.zeitlos-vertrieb.de\/hu\/","logo":{"@type":"ImageObject","inLanguage":"hu","@id":"https:\/\/www.zeitlos-vertrieb.de\/hu\/#\/schema\/logo\/image\/","url":"https:\/\/www.zeitlos-vertrieb.de\/wp-content\/uploads\/2020\/10\/Logo2.png","contentUrl":"https:\/\/www.zeitlos-vertrieb.de\/wp-content\/uploads\/2020\/10\/Logo2.png","width":551,"height":154,"caption":"ZEITLOS Design- und Vertriebs GmbH"},"image":{"@id":"https:\/\/www.zeitlos-vertrieb.de\/hu\/#\/schema\/logo\/image\/"}}]}},"_links":{"self":[{"href":"https:\/\/www.zeitlos-vertrieb.de\/hu\/wp-json\/wp\/v2\/pages\/114","targetHints":{"allow":["GET"]}}],"collection":[{"href":"https:\/\/www.zeitlos-vertrieb.de\/hu\/wp-json\/wp\/v2\/pages"}],"about":[{"href":"https:\/\/www.zeitlos-vertrieb.de\/hu\/wp-json\/wp\/v2\/types\/page"}],"author":[{"embeddable":true,"href":"https:\/\/www.zeitlos-vertrieb.de\/hu\/wp-json\/wp\/v2\/users\/1"}],"replies":[{"embeddable":true,"href":"https:\/\/www.zeitlos-vertrieb.de\/hu\/wp-json\/wp\/v2\/comments?post=114"}],"version-history":[{"count":10,"href":"https:\/\/www.zeitlos-vertrieb.de\/hu\/wp-json\/wp\/v2\/pages\/114\/revisions"}],"predecessor-version":[{"id":343,"href":"https:\/\/www.zeitlos-vertrieb.de\/hu\/wp-json\/wp\/v2\/pages\/114\/revisions\/343"}],"wp:attachment":[{"href":"https:\/\/www.zeitlos-vertrieb.de\/hu\/wp-json\/wp\/v2\/media?parent=114"}],"curies":[{"name":"wp","href":"https:\/\/api.w.org\/{rel}","templated":true}]}}