{"id":114,"date":"2020-10-12T09:57:22","date_gmt":"2020-10-12T07:57:22","guid":{"rendered":"https:\/\/www2.zeitlos-vertrieb.de\/?page_id=114"},"modified":"2023-01-17T10:26:47","modified_gmt":"2023-01-17T09:26:47","slug":"agb","status":"publish","type":"page","link":"https:\/\/www.zeitlos-vertrieb.de\/it\/termini\/","title":{"rendered":"Termini e condizioni generali"},"content":{"rendered":"\r\n<p><strong>Condizioni generali di contratto del negozio online zeitlos vertrieb &#038; design GmbH<\/strong><br>(di seguito denominato negozio online zeitlos)<br><\/p>\r\n\r\n\r\n\r\n<p><strong>1. Generale<\/strong><br>Tutti i servizi forniti dall&#8217;Onlineshop zeitlos al cliente si basano esclusivamente sulle seguenti condizioni generali di contratto. Eventuali deroghe sono valide solo se concordate per iscritto tra l&#8217;Onlineshop zeitlos e il cliente.<\/p>\r\n\r\n\r\n\r\n<p><strong>2. Conclusione del contratto<\/strong><br>a) Le offerte del negozio online zeitlos su Internet sono un invito non vincolante al cliente a ordinare la merce nel negozio online.<br>b) Il cliente fa un&#8217;offerta vincolante per la stipula di un contratto di acquisto quando ordina la merce su Internet.<br>c) Il negozio online zeitlos \u00e8 autorizzato ad accettare l&#8217;offerta entro 2 giorni di calendario inviando una conferma d&#8217;ordine. La conferma d&#8217;ordine viene inviata per e-mail. Se il termine di 2 giorni scade senza risposta, l&#8217;offerta si considera rifiutata.<\/p>\r\n\r\n\r\n\r\n<p><strong>3. Tempi di consegna<\/strong><br>Tutti gli articoli saranno consegnati immediatamente, se disponibili in magazzino e solo fino a esaurimento scorte.<br>La consegna viene effettuata solo in Germania. I tempi di consegna sono generalmente di 5 giorni lavorativi e decorrono dall&#8217;invio della conferma d&#8217;ordine. L&#8217;indicazione dei tempi di consegna non \u00e8 vincolante, a meno che non vi sia un accordo scritto in senso contrario.<br>Se un articolo non \u00e8 disponibile con breve preavviso, vi informeremo via e-mail sui tempi di consegna previsti, a condizione che abbiamo il vostro indirizzo.<br>Alcuni articoli hanno tempi di consegna pi\u00f9 lunghi.<br>In caso di ritardi nella consegna, ad esempio per cause di forza maggiore, interruzioni del traffico e ordini di autorit\u00e0 superiori, nonch\u00e9 per altri eventi di cui l&#8217;Online-Shop zeitlos non \u00e8 responsabile, non \u00e8 possibile avanzare alcuna richiesta di risarcimento danni nei confronti dell&#8217;Online-Shop zeitlos.<\/p>\r\n\r\n\r\n\r\n<p><strong>4. Costi di imballaggio e spedizione<\/strong><br>Per la consegna in Germania e le spese di imballaggio, il negozio online zeitlos addebita un importo forfettario pro rata di EUR, indipendentemente dal numero e dal peso degli articoli.<br>Per gli ordini con un valore superiore a EUR, le spese di spedizione sono gratuite all&#8217;interno della Germania (esclusa). Su richiesta del cliente, possono essere effettuate anche consegne espresse. I costi aggiuntivi sono a carico del cliente.<br><br><strong>5. Prezzi e pagamenti<\/strong><br>1. Tutti i prezzi indicati sono prezzi finali, comprensivi dell&#8217;IVA, attualmente pari al 19 %.<br>2. I prezzi finali non includono i costi di imballaggio e spedizione.<br>3. A causa del costante aggiornamento delle pagine internet del negozio online zeitlos, le informazioni fornite in un momento precedente riguardo al prezzo e alle condizioni della merce perdono la loro validit\u00e0.<br>4. Per la fatturazione \u00e8 determinante il prezzo indicato al momento della presentazione dell&#8217;offerta del cliente.<br>5. Il pagamento della merce deve essere effettuato in acconto. Le eccezioni sono valide solo se concordate per iscritto tra il negozio online zeitlos e il cliente.<br>6. Il cliente \u00e8 tenuto a pagare l&#8217;importo della fattura entro 14 giorni dal ricevimento della merce.<br>7. Se il cliente non ha adempiuto al suo obbligo di pagamento dopo la scadenza del termine di cui al punto 6, l&#8217;Online Shop zeitlos si riserva il diritto di addebitare al cliente ulteriori spese di sollecito e di elaborazione derivanti da ci\u00f2.<br>8. Se il cliente \u00e8 in ritardo con il pagamento, l&#8217;Online-Shop zeitlos \u00e8 autorizzato a richiedere gli interessi di mora al tasso previsto dalla legge. Resta impregiudicato il diritto dell&#8217;Online-Shop zeitlos di far valere eventualmente ulteriori diritti al risarcimento dei danni.<br><br><strong>6. Mantenimento del titolo<\/strong><br>La merce ordinata rimane di propriet\u00e0 dello shop online zeitlos fino al completo pagamento (riserva di propriet\u00e0 ai sensi del \u00a7 449 BGB). Senza l&#8217;esplicito consenso dello shop online zeitlos non \u00e8 consentito il passaggio di propriet\u00e0, la costituzione in pegno, il trasferimento a titolo di garanzia, la lavorazione o la trasformazione della merce.<\/p>\r\n\r\n\r\n\r\n<p><strong>7. Garanzia<\/strong><br>1. I diritti del cliente nei confronti del negozio online zeitlos derivanti da un difetto della merce sono disciplinati dalle disposizioni di legge.<br>2. Il cliente si impegna a verificare la presenza di eventuali difetti al momento del ricevimento della merce e ad informare immediatamente il negozio online in caso di scoperta di tali difetti. Se il cliente dovesse scoprire in un secondo momento che la merce \u00e8 difettosa, \u00e8 tenuto a informare il negozio online zeitlos subito dopo la scoperta. Se il cliente non denuncia un difetto, la merce si considera approvata.<br>3. I difetti della merce non comprendono i danni causati dal cliente a causa di una manipolazione impropria o extracontrattuale. Le informazioni fornite dal produttore della merce sono decisive per la manipolazione impropria ed extracontrattuale.<\/p>\r\n\r\n\r\n\r\n<p><strong>8. Limitazione di responsabilit\u00e0<\/strong><br>Lo shop online zeitlos risponde solo dei danni che si basano su azioni gravemente negligenti o intenzionali o sulla violazione colposa di un obbligo contrattuale essenziale e che sono stati causati da lui stesso o da uno dei suoi ausiliari. Sono escluse ulteriori richieste di risarcimento danni. Le disposizioni della legge sulla responsabilit\u00e0 del prodotto rimangono inalterate.<br>Inoltre, il negozio online zeitlos non risponde della disponibilit\u00e0 illimitata del negozio online stesso, in quanto non pu\u00f2 garantire la comunicazione fluida e priva di errori dei dati via Internet, necessaria a tal fine.<\/p>\r\n\r\n\r\n\r\n<p><strong>9. Protezione dei dati<\/strong><br>I dati trasmessi dal cliente saranno utilizzati dal negozio online zeitlos esclusivamente per l&#8217;elaborazione degli ordini. Tutti i dati vengono trattati in modo strettamente confidenziale. I dati vengono trasmessi a terzi (ad es. servizi di spedizione) solo se ci\u00f2 \u00e8 necessario per l&#8217;elaborazione dell&#8217;ordine. I dati dell&#8217;ordine vengono trasmessi in forma criptata e protetta, ma non ci assumiamo alcuna responsabilit\u00e0 per la sicurezza dei dati durante la trasmissione via Internet (ad esempio a causa di errori tecnici da parte del provider) o per l&#8217;accesso criminale di terzi ai file del nostro sito Internet. I dati di accesso del cliente trasmessi al cliente su richiesta di quest&#8217;ultimo devono essere trattati in modo strettamente confidenziale dal cliente, poich\u00e9 non ci assumiamo alcuna responsabilit\u00e0 per l&#8217;uso e l&#8217;applicazione di tali dati.<\/p>\r\n\r\n\r\n\r\n<p><strong>10. Copyright<\/strong><br>Tutti i loghi, le immagini e i grafici di terzi sono di propriet\u00e0 delle rispettive aziende e sono soggetti al copyright dei rispettivi licenziatari. Tutte le foto, i loghi, i testi, le relazioni, gli script e le routine di programmazione mostrati in queste pagine, che sono di nostra creazione o sono stati preparati da noi, non possono essere copiati o utilizzati in altro modo senza il nostro consenso. Tutti i diritti sono riservati.<\/p>\r\n\r\n\r\n\r\n<p><strong>11. Link sulle nostre pagine<\/strong><br>Nella sentenza del 12 maggio 1998 &#8211; 312 O 85\/98 &#8211; &#8220;Responsabilit\u00e0 per i link&#8221;, il Tribunale regionale di Amburgo ha stabilito che l&#8217;inserimento di link comporta anche la corresponsabilit\u00e0 del materiale offerto tramite tali link. Secondo il Tribunale Regionale, ci\u00f2 pu\u00f2 essere evitato solo prendendo espressamente le distanze da questi contenuti. Pertanto, prendiamo espressamente le distanze da tutti i contenuti di tutte le pagine collegate a questa homepage. Questa dichiarazione vale per tutti i link presenti sul nostro sito web.<\/p>\r\n\r\n\r\n\r\n<p><strong>12. Luogo di giurisdizione<\/strong><br>1. Salvo diversa disposizione di legge, il foro competente \u00e8 la sede legale del negozio online zeitlos.<br>2. Il diritto tedesco si applica a tutte le controversie che possono derivare da questo rapporto giuridico. \u00c8 esclusa l&#8217;applicazione del diritto di vendita delle Nazioni Unite.<\/p>\r\n\r\n\r\n\r\n<p><strong>13. Validit\u00e0 delle CGC<\/strong><br>Effettuando un ordine, si accettano le condizioni generali del negozio online zeitlos. Nel caso in cui una qualsiasi disposizione delle presenti Condizioni Generali di Vendita sia nulla, per qualsiasi motivo, la validit\u00e0 delle restanti disposizioni rimarr\u00e0 inalterata. Gli accordi verbali richiedono una conferma scritta.<\/p>\r\n\r\n","protected":false},"excerpt":{"rendered":"<p>Condizioni generali di contratto del negozio online zeitlos vertrieb &#038; design GmbH(di seguito denominato negozio online zeitlos) 1. GeneraleTutti i servizi forniti dall&#8217;Onlineshop zeitlos al cliente si basano esclusivamente sulle &#8230;<\/p>\n","protected":false},"author":1,"featured_media":0,"parent":0,"menu_order":0,"comment_status":"closed","ping_status":"closed","template":"","meta":{"footnotes":""},"class_list":["post-114","page","type-page","status-publish","hentry"],"yoast_head":"<!-- This site is optimized with the Yoast SEO plugin v27.5 - https:\/\/yoast.com\/product\/yoast-seo-wordpress\/ -->\n<title>Termini e condizioni generali<\/title>\n<meta name=\"description\" content=\"Condizioni generali di contratto del negozio online zeitlos vertrieb &amp; design GmbH(di seguito denominato negozio online zeitlos) 1. GeneraleTutti i servizi forniti dall&#039;Onlineshop zeitlos al cliente si basano esclusivamente sulle seguenti condizioni generali di contratto. Eventuali deroghe sono valide solo se concordate per iscritto tra l&#039;Onlineshop zeitlos e il cliente. 2. Conclusione del contrattoa) Le&hellip;\" \/>\n<meta name=\"robots\" content=\"noindex, follow\" \/>\n<meta property=\"og:locale\" content=\"it_IT\" \/>\n<meta property=\"og:type\" content=\"article\" \/>\n<meta property=\"og:title\" content=\"Termini e condizioni generali\" \/>\n<meta property=\"og:description\" content=\"Condizioni generali di contratto del negozio online zeitlos vertrieb &amp; design GmbH(di seguito denominato negozio online zeitlos) 1. GeneraleTutti i servizi forniti dall&#039;Onlineshop zeitlos al cliente si basano esclusivamente sulle seguenti condizioni generali di contratto. Eventuali deroghe sono valide solo se concordate per iscritto tra l&#039;Onlineshop zeitlos e il cliente. 2. Conclusione del contrattoa) Le&hellip;\" \/>\n<meta property=\"og:url\" content=\"https:\/\/www.zeitlos-vertrieb.de\/it\/termini\/\" \/>\n<meta property=\"og:site_name\" content=\"ZEITLOS\" \/>\n<meta property=\"article:modified_time\" content=\"2023-01-17T09:26:47+00:00\" \/>\n<meta name=\"twitter:card\" content=\"summary_large_image\" \/>\n<script type=\"application\/ld+json\" class=\"yoast-schema-graph\">{\"@context\":\"https:\\\/\\\/schema.org\",\"@graph\":[{\"@type\":\"WebPage\",\"@id\":\"https:\\\/\\\/www.zeitlos-vertrieb.de\\\/it\\\/termini\\\/\",\"url\":\"https:\\\/\\\/www.zeitlos-vertrieb.de\\\/it\\\/termini\\\/\",\"name\":\"ZEITLOS - AGB\",\"isPartOf\":{\"@id\":\"https:\\\/\\\/www.zeitlos-vertrieb.de\\\/#website\"},\"datePublished\":\"2020-10-12T07:57:22+00:00\",\"dateModified\":\"2023-01-17T09:26:47+00:00\",\"description\":\"Zeitlos bietet als Outsourcing-Dienstleister im Logistik- und Fulfillmentbereich innovative L\u00f6sungen f\u00fcr alle Prozesse im After Sales Service.\",\"breadcrumb\":{\"@id\":\"https:\\\/\\\/www.zeitlos-vertrieb.de\\\/it\\\/termini\\\/#breadcrumb\"},\"inLanguage\":\"it-IT\",\"potentialAction\":[{\"@type\":\"ReadAction\",\"target\":[\"https:\\\/\\\/www.zeitlos-vertrieb.de\\\/it\\\/termini\\\/\"]}]},{\"@type\":\"BreadcrumbList\",\"@id\":\"https:\\\/\\\/www.zeitlos-vertrieb.de\\\/it\\\/termini\\\/#breadcrumb\",\"itemListElement\":[{\"@type\":\"ListItem\",\"position\":1,\"name\":\"Startseite\",\"item\":\"https:\\\/\\\/www.zeitlos-vertrieb.de\\\/\"},{\"@type\":\"ListItem\",\"position\":2,\"name\":\"Termini e condizioni generali\"}]},{\"@type\":\"WebSite\",\"@id\":\"https:\\\/\\\/www.zeitlos-vertrieb.de\\\/it\\\/#website\",\"url\":\"https:\\\/\\\/www.zeitlos-vertrieb.de\\\/it\\\/\",\"name\":\"ZEITLOS\",\"description\":\"Design- und Vertriebs GmbH\",\"publisher\":{\"@id\":\"https:\\\/\\\/www.zeitlos-vertrieb.de\\\/it\\\/#organization\"},\"potentialAction\":[{\"@type\":\"SearchAction\",\"target\":{\"@type\":\"EntryPoint\",\"urlTemplate\":\"https:\\\/\\\/www.zeitlos-vertrieb.de\\\/it\\\/?s={search_term_string}\"},\"query-input\":{\"@type\":\"PropertyValueSpecification\",\"valueRequired\":true,\"valueName\":\"search_term_string\"}}],\"inLanguage\":\"it-IT\"},{\"@type\":\"Organization\",\"@id\":\"https:\\\/\\\/www.zeitlos-vertrieb.de\\\/it\\\/#organization\",\"name\":\"ZEITLOS Design- und Vertriebs GmbH\",\"url\":\"https:\\\/\\\/www.zeitlos-vertrieb.de\\\/it\\\/\",\"logo\":{\"@type\":\"ImageObject\",\"inLanguage\":\"it-IT\",\"@id\":\"https:\\\/\\\/www.zeitlos-vertrieb.de\\\/it\\\/#\\\/schema\\\/logo\\\/image\\\/\",\"url\":\"https:\\\/\\\/www.zeitlos-vertrieb.de\\\/wp-content\\\/uploads\\\/2020\\\/10\\\/Logo2.png\",\"contentUrl\":\"https:\\\/\\\/www.zeitlos-vertrieb.de\\\/wp-content\\\/uploads\\\/2020\\\/10\\\/Logo2.png\",\"width\":551,\"height\":154,\"caption\":\"ZEITLOS Design- und Vertriebs GmbH\"},\"image\":{\"@id\":\"https:\\\/\\\/www.zeitlos-vertrieb.de\\\/it\\\/#\\\/schema\\\/logo\\\/image\\\/\"}}]}<\/script>\n<!-- \/ Yoast SEO plugin. -->","yoast_head_json":{"title":"Termini e condizioni generali","description":"Condizioni generali di contratto del negozio online zeitlos vertrieb & design GmbH(di seguito denominato negozio online zeitlos) 1. GeneraleTutti i servizi forniti dall'Onlineshop zeitlos al cliente si basano esclusivamente sulle seguenti condizioni generali di contratto. Eventuali deroghe sono valide solo se concordate per iscritto tra l'Onlineshop zeitlos e il cliente. 2. Conclusione del contrattoa) Le&hellip;","robots":{"index":"noindex","follow":"follow"},"og_locale":"it_IT","og_type":"article","og_title":"Termini e condizioni generali","og_description":"Condizioni generali di contratto del negozio online zeitlos vertrieb & design GmbH(di seguito denominato negozio online zeitlos) 1. GeneraleTutti i servizi forniti dall'Onlineshop zeitlos al cliente si basano esclusivamente sulle seguenti condizioni generali di contratto. Eventuali deroghe sono valide solo se concordate per iscritto tra l'Onlineshop zeitlos e il cliente. 2. Conclusione del contrattoa) Le&hellip;","og_url":"https:\/\/www.zeitlos-vertrieb.de\/it\/termini\/","og_site_name":"ZEITLOS","article_modified_time":"2023-01-17T09:26:47+00:00","twitter_card":"summary_large_image","schema":{"@context":"https:\/\/schema.org","@graph":[{"@type":"WebPage","@id":"https:\/\/www.zeitlos-vertrieb.de\/it\/termini\/","url":"https:\/\/www.zeitlos-vertrieb.de\/it\/termini\/","name":"ZEITLOS - AGB","isPartOf":{"@id":"https:\/\/www.zeitlos-vertrieb.de\/#website"},"datePublished":"2020-10-12T07:57:22+00:00","dateModified":"2023-01-17T09:26:47+00:00","description":"Zeitlos bietet als Outsourcing-Dienstleister im Logistik- und Fulfillmentbereich innovative L\u00f6sungen f\u00fcr alle Prozesse im After Sales Service.","breadcrumb":{"@id":"https:\/\/www.zeitlos-vertrieb.de\/it\/termini\/#breadcrumb"},"inLanguage":"it-IT","potentialAction":[{"@type":"ReadAction","target":["https:\/\/www.zeitlos-vertrieb.de\/it\/termini\/"]}]},{"@type":"BreadcrumbList","@id":"https:\/\/www.zeitlos-vertrieb.de\/it\/termini\/#breadcrumb","itemListElement":[{"@type":"ListItem","position":1,"name":"Startseite","item":"https:\/\/www.zeitlos-vertrieb.de\/"},{"@type":"ListItem","position":2,"name":"Termini e condizioni generali"}]},{"@type":"WebSite","@id":"https:\/\/www.zeitlos-vertrieb.de\/it\/#website","url":"https:\/\/www.zeitlos-vertrieb.de\/it\/","name":"ZEITLOS","description":"Design- und Vertriebs GmbH","publisher":{"@id":"https:\/\/www.zeitlos-vertrieb.de\/it\/#organization"},"potentialAction":[{"@type":"SearchAction","target":{"@type":"EntryPoint","urlTemplate":"https:\/\/www.zeitlos-vertrieb.de\/it\/?s={search_term_string}"},"query-input":{"@type":"PropertyValueSpecification","valueRequired":true,"valueName":"search_term_string"}}],"inLanguage":"it-IT"},{"@type":"Organization","@id":"https:\/\/www.zeitlos-vertrieb.de\/it\/#organization","name":"ZEITLOS Design- und Vertriebs GmbH","url":"https:\/\/www.zeitlos-vertrieb.de\/it\/","logo":{"@type":"ImageObject","inLanguage":"it-IT","@id":"https:\/\/www.zeitlos-vertrieb.de\/it\/#\/schema\/logo\/image\/","url":"https:\/\/www.zeitlos-vertrieb.de\/wp-content\/uploads\/2020\/10\/Logo2.png","contentUrl":"https:\/\/www.zeitlos-vertrieb.de\/wp-content\/uploads\/2020\/10\/Logo2.png","width":551,"height":154,"caption":"ZEITLOS Design- und Vertriebs GmbH"},"image":{"@id":"https:\/\/www.zeitlos-vertrieb.de\/it\/#\/schema\/logo\/image\/"}}]}},"_links":{"self":[{"href":"https:\/\/www.zeitlos-vertrieb.de\/it\/wp-json\/wp\/v2\/pages\/114","targetHints":{"allow":["GET"]}}],"collection":[{"href":"https:\/\/www.zeitlos-vertrieb.de\/it\/wp-json\/wp\/v2\/pages"}],"about":[{"href":"https:\/\/www.zeitlos-vertrieb.de\/it\/wp-json\/wp\/v2\/types\/page"}],"author":[{"embeddable":true,"href":"https:\/\/www.zeitlos-vertrieb.de\/it\/wp-json\/wp\/v2\/users\/1"}],"replies":[{"embeddable":true,"href":"https:\/\/www.zeitlos-vertrieb.de\/it\/wp-json\/wp\/v2\/comments?post=114"}],"version-history":[{"count":10,"href":"https:\/\/www.zeitlos-vertrieb.de\/it\/wp-json\/wp\/v2\/pages\/114\/revisions"}],"predecessor-version":[{"id":343,"href":"https:\/\/www.zeitlos-vertrieb.de\/it\/wp-json\/wp\/v2\/pages\/114\/revisions\/343"}],"wp:attachment":[{"href":"https:\/\/www.zeitlos-vertrieb.de\/it\/wp-json\/wp\/v2\/media?parent=114"}],"curies":[{"name":"wp","href":"https:\/\/api.w.org\/{rel}","templated":true}]}}