{"id":112,"date":"2020-10-12T09:56:59","date_gmt":"2020-10-12T07:56:59","guid":{"rendered":"https:\/\/www2.zeitlos-vertrieb.de\/?page_id=112"},"modified":"2023-01-17T10:27:39","modified_gmt":"2023-01-17T09:27:39","slug":"haftungsausschluss","status":"publish","type":"page","link":"https:\/\/www.zeitlos-vertrieb.de\/lb\/verzichterklarung\/","title":{"rendered":"Verzichterkl\u00e4rung"},"content":{"rendered":"<p><strong>Inhalt vun der online Offer<\/strong><br \/>\nzeitlos design + vertriebs GmbH iwwerh\u00eblt keng Haftung fir d&#8217;Aktualit\u00e9it oder Vollst\u00e4ndegkeet vun der geliwwert Informatioun. Haftungsfuerderunge g\u00e9int z\u00e4itlos Design + vertriebs GmbH, d\u00e9i op materiellen oder immaterielle Schued bez\u00e9ien, deen duerch d&#8217;Benotzung oder Net-Notzung vun der geliwwertem Informatioun oder duerch d&#8217;Benotzung vu falschen an onkompletten Informatioune verursaacht g\u00ebtt, sinn gronds\u00e4tzlech ausgeschloss, wann z\u00e4itlos Design + vertriebs GmbH keng beweisbar Schold vun enger virs\u00e4tzlecher oder gr\u00e9isser vernol\u00e9issegen Natur.<\/p>\n<p>All Offeren sinn onverbindlech. zeitlos design + vertriebs GmbH beh\u00e4lt sech ausdr\u00e9cklech d&#8217;Recht fir Deeler vun de S\u00e4iten oder vun der ganzer Offer z&#8217;\u00e4nneren, erg\u00e4nzen oder ze l\u00e4schen oder d&#8217;Publikatioun tempor\u00e4r oder permanent ouni Pr\u00e9avis opzehalen.<\/p>\n","protected":false},"excerpt":{"rendered":"<p>Inhalt vun der online Offer zeitlos design + vertriebs GmbH iwwerh\u00eblt keng Haftung fir d&#8217;Aktualit\u00e9it oder Vollst\u00e4ndegkeet vun der geliwwert Informatioun. Haftungsfuerderunge g\u00e9int z\u00e4itlos Design + vertriebs GmbH, d\u00e9i op &#8230;<\/p>\n","protected":false},"author":1,"featured_media":0,"parent":0,"menu_order":0,"comment_status":"closed","ping_status":"closed","template":"","meta":{"footnotes":""},"class_list":["post-112","page","type-page","status-publish","hentry"],"yoast_head":"<!-- This site is optimized with the Yoast SEO plugin v27.4 - https:\/\/yoast.com\/product\/yoast-seo-wordpress\/ -->\n<title>Verzichterkl\u00e4rung<\/title>\n<meta name=\"description\" content=\"Inhalt vun der online Offer zeitlos design + vertriebs GmbH iwwerh\u00eblt keng Haftung fir d&#039;Aktualit\u00e9it oder Vollst\u00e4ndegkeet vun der geliwwert Informatioun. Haftungsfuerderunge g\u00e9int z\u00e4itlos Design + vertriebs GmbH, d\u00e9i op materiellen oder immaterielle Schued bez\u00e9ien, deen duerch d&#039;Benotzung oder Net-Notzung vun der geliwwertem Informatioun oder duerch d&#039;Benotzung vu falschen an onkompletten Informatioune verursaacht g\u00ebtt, sinn&hellip;\" \/>\n<meta name=\"robots\" content=\"noindex, follow\" \/>\n<meta property=\"og:locale\" content=\"de_DE\" \/>\n<meta property=\"og:type\" content=\"article\" \/>\n<meta property=\"og:title\" content=\"Verzichterkl\u00e4rung\" \/>\n<meta property=\"og:description\" content=\"Inhalt vun der online Offer zeitlos design + vertriebs GmbH iwwerh\u00eblt keng Haftung fir d&#039;Aktualit\u00e9it oder Vollst\u00e4ndegkeet vun der geliwwert Informatioun. Haftungsfuerderunge g\u00e9int z\u00e4itlos Design + vertriebs GmbH, d\u00e9i op materiellen oder immaterielle Schued bez\u00e9ien, deen duerch d&#039;Benotzung oder Net-Notzung vun der geliwwertem Informatioun oder duerch d&#039;Benotzung vu falschen an onkompletten Informatioune verursaacht g\u00ebtt, sinn&hellip;\" \/>\n<meta property=\"og:url\" content=\"https:\/\/www.zeitlos-vertrieb.de\/lb\/verzichterklarung\/\" \/>\n<meta property=\"og:site_name\" content=\"ZEITLOS\" \/>\n<meta property=\"article:modified_time\" content=\"2023-01-17T09:27:39+00:00\" \/>\n<meta name=\"twitter:card\" content=\"summary_large_image\" \/>\n<script type=\"application\/ld+json\" class=\"yoast-schema-graph\">{\"@context\":\"https:\\\/\\\/schema.org\",\"@graph\":[{\"@type\":\"WebPage\",\"@id\":\"https:\\\/\\\/www.zeitlos-vertrieb.de\\\/lb\\\/verzichterklarung\\\/\",\"url\":\"https:\\\/\\\/www.zeitlos-vertrieb.de\\\/lb\\\/verzichterklarung\\\/\",\"name\":\"ZEITLOS - Haftungsausschluss\",\"isPartOf\":{\"@id\":\"https:\\\/\\\/www.zeitlos-vertrieb.de\\\/#website\"},\"datePublished\":\"2020-10-12T07:56:59+00:00\",\"dateModified\":\"2023-01-17T09:27:39+00:00\",\"description\":\"Zeitlos bietet als Outsourcing-Dienstleister im Logistik- und Fulfillmentbereich innovative L\u00f6sungen f\u00fcr alle Prozesse im After Sales Service.\",\"breadcrumb\":{\"@id\":\"https:\\\/\\\/www.zeitlos-vertrieb.de\\\/lb\\\/verzichterklarung\\\/#breadcrumb\"},\"inLanguage\":\"de-CH\",\"potentialAction\":[{\"@type\":\"ReadAction\",\"target\":[\"https:\\\/\\\/www.zeitlos-vertrieb.de\\\/lb\\\/verzichterklarung\\\/\"]}]},{\"@type\":\"BreadcrumbList\",\"@id\":\"https:\\\/\\\/www.zeitlos-vertrieb.de\\\/lb\\\/verzichterklarung\\\/#breadcrumb\",\"itemListElement\":[{\"@type\":\"ListItem\",\"position\":1,\"name\":\"Startseite\",\"item\":\"https:\\\/\\\/www.zeitlos-vertrieb.de\\\/\"},{\"@type\":\"ListItem\",\"position\":2,\"name\":\"Verzichterkl\u00e4rung\"}]},{\"@type\":\"WebSite\",\"@id\":\"https:\\\/\\\/www.zeitlos-vertrieb.de\\\/lb\\\/#website\",\"url\":\"https:\\\/\\\/www.zeitlos-vertrieb.de\\\/lb\\\/\",\"name\":\"ZEITLOS\",\"description\":\"Design- und Vertriebs GmbH\",\"publisher\":{\"@id\":\"https:\\\/\\\/www.zeitlos-vertrieb.de\\\/lb\\\/#organization\"},\"potentialAction\":[{\"@type\":\"SearchAction\",\"target\":{\"@type\":\"EntryPoint\",\"urlTemplate\":\"https:\\\/\\\/www.zeitlos-vertrieb.de\\\/lb\\\/?s={search_term_string}\"},\"query-input\":{\"@type\":\"PropertyValueSpecification\",\"valueRequired\":true,\"valueName\":\"search_term_string\"}}],\"inLanguage\":\"de-CH\"},{\"@type\":\"Organization\",\"@id\":\"https:\\\/\\\/www.zeitlos-vertrieb.de\\\/lb\\\/#organization\",\"name\":\"ZEITLOS Design- und Vertriebs GmbH\",\"url\":\"https:\\\/\\\/www.zeitlos-vertrieb.de\\\/lb\\\/\",\"logo\":{\"@type\":\"ImageObject\",\"inLanguage\":\"de-CH\",\"@id\":\"https:\\\/\\\/www.zeitlos-vertrieb.de\\\/lb\\\/#\\\/schema\\\/logo\\\/image\\\/\",\"url\":\"https:\\\/\\\/www.zeitlos-vertrieb.de\\\/wp-content\\\/uploads\\\/2020\\\/10\\\/Logo2.png\",\"contentUrl\":\"https:\\\/\\\/www.zeitlos-vertrieb.de\\\/wp-content\\\/uploads\\\/2020\\\/10\\\/Logo2.png\",\"width\":551,\"height\":154,\"caption\":\"ZEITLOS Design- und Vertriebs GmbH\"},\"image\":{\"@id\":\"https:\\\/\\\/www.zeitlos-vertrieb.de\\\/lb\\\/#\\\/schema\\\/logo\\\/image\\\/\"}}]}<\/script>\n<!-- \/ Yoast SEO plugin. -->","yoast_head_json":{"title":"Verzichterkl\u00e4rung","description":"Inhalt vun der online Offer zeitlos design + vertriebs GmbH iwwerh\u00eblt keng Haftung fir d'Aktualit\u00e9it oder Vollst\u00e4ndegkeet vun der geliwwert Informatioun. Haftungsfuerderunge g\u00e9int z\u00e4itlos Design + vertriebs GmbH, d\u00e9i op materiellen oder immaterielle Schued bez\u00e9ien, deen duerch d'Benotzung oder Net-Notzung vun der geliwwertem Informatioun oder duerch d'Benotzung vu falschen an onkompletten Informatioune verursaacht g\u00ebtt, sinn&hellip;","robots":{"index":"noindex","follow":"follow"},"og_locale":"de_DE","og_type":"article","og_title":"Verzichterkl\u00e4rung","og_description":"Inhalt vun der online Offer zeitlos design + vertriebs GmbH iwwerh\u00eblt keng Haftung fir d'Aktualit\u00e9it oder Vollst\u00e4ndegkeet vun der geliwwert Informatioun. Haftungsfuerderunge g\u00e9int z\u00e4itlos Design + vertriebs GmbH, d\u00e9i op materiellen oder immaterielle Schued bez\u00e9ien, deen duerch d'Benotzung oder Net-Notzung vun der geliwwertem Informatioun oder duerch d'Benotzung vu falschen an onkompletten Informatioune verursaacht g\u00ebtt, sinn&hellip;","og_url":"https:\/\/www.zeitlos-vertrieb.de\/lb\/verzichterklarung\/","og_site_name":"ZEITLOS","article_modified_time":"2023-01-17T09:27:39+00:00","twitter_card":"summary_large_image","schema":{"@context":"https:\/\/schema.org","@graph":[{"@type":"WebPage","@id":"https:\/\/www.zeitlos-vertrieb.de\/lb\/verzichterklarung\/","url":"https:\/\/www.zeitlos-vertrieb.de\/lb\/verzichterklarung\/","name":"ZEITLOS - Haftungsausschluss","isPartOf":{"@id":"https:\/\/www.zeitlos-vertrieb.de\/#website"},"datePublished":"2020-10-12T07:56:59+00:00","dateModified":"2023-01-17T09:27:39+00:00","description":"Zeitlos bietet als Outsourcing-Dienstleister im Logistik- und Fulfillmentbereich innovative L\u00f6sungen f\u00fcr alle Prozesse im After Sales Service.","breadcrumb":{"@id":"https:\/\/www.zeitlos-vertrieb.de\/lb\/verzichterklarung\/#breadcrumb"},"inLanguage":"de-CH","potentialAction":[{"@type":"ReadAction","target":["https:\/\/www.zeitlos-vertrieb.de\/lb\/verzichterklarung\/"]}]},{"@type":"BreadcrumbList","@id":"https:\/\/www.zeitlos-vertrieb.de\/lb\/verzichterklarung\/#breadcrumb","itemListElement":[{"@type":"ListItem","position":1,"name":"Startseite","item":"https:\/\/www.zeitlos-vertrieb.de\/"},{"@type":"ListItem","position":2,"name":"Verzichterkl\u00e4rung"}]},{"@type":"WebSite","@id":"https:\/\/www.zeitlos-vertrieb.de\/lb\/#website","url":"https:\/\/www.zeitlos-vertrieb.de\/lb\/","name":"ZEITLOS","description":"Design- und Vertriebs GmbH","publisher":{"@id":"https:\/\/www.zeitlos-vertrieb.de\/lb\/#organization"},"potentialAction":[{"@type":"SearchAction","target":{"@type":"EntryPoint","urlTemplate":"https:\/\/www.zeitlos-vertrieb.de\/lb\/?s={search_term_string}"},"query-input":{"@type":"PropertyValueSpecification","valueRequired":true,"valueName":"search_term_string"}}],"inLanguage":"de-CH"},{"@type":"Organization","@id":"https:\/\/www.zeitlos-vertrieb.de\/lb\/#organization","name":"ZEITLOS Design- und Vertriebs GmbH","url":"https:\/\/www.zeitlos-vertrieb.de\/lb\/","logo":{"@type":"ImageObject","inLanguage":"de-CH","@id":"https:\/\/www.zeitlos-vertrieb.de\/lb\/#\/schema\/logo\/image\/","url":"https:\/\/www.zeitlos-vertrieb.de\/wp-content\/uploads\/2020\/10\/Logo2.png","contentUrl":"https:\/\/www.zeitlos-vertrieb.de\/wp-content\/uploads\/2020\/10\/Logo2.png","width":551,"height":154,"caption":"ZEITLOS Design- und Vertriebs GmbH"},"image":{"@id":"https:\/\/www.zeitlos-vertrieb.de\/lb\/#\/schema\/logo\/image\/"}}]}},"_links":{"self":[{"href":"https:\/\/www.zeitlos-vertrieb.de\/lb\/wp-json\/wp\/v2\/pages\/112","targetHints":{"allow":["GET"]}}],"collection":[{"href":"https:\/\/www.zeitlos-vertrieb.de\/lb\/wp-json\/wp\/v2\/pages"}],"about":[{"href":"https:\/\/www.zeitlos-vertrieb.de\/lb\/wp-json\/wp\/v2\/types\/page"}],"author":[{"embeddable":true,"href":"https:\/\/www.zeitlos-vertrieb.de\/lb\/wp-json\/wp\/v2\/users\/1"}],"replies":[{"embeddable":true,"href":"https:\/\/www.zeitlos-vertrieb.de\/lb\/wp-json\/wp\/v2\/comments?post=112"}],"version-history":[{"count":4,"href":"https:\/\/www.zeitlos-vertrieb.de\/lb\/wp-json\/wp\/v2\/pages\/112\/revisions"}],"predecessor-version":[{"id":345,"href":"https:\/\/www.zeitlos-vertrieb.de\/lb\/wp-json\/wp\/v2\/pages\/112\/revisions\/345"}],"wp:attachment":[{"href":"https:\/\/www.zeitlos-vertrieb.de\/lb\/wp-json\/wp\/v2\/media?parent=112"}],"curies":[{"name":"wp","href":"https:\/\/api.w.org\/{rel}","templated":true}]}}