{"id":114,"date":"2020-10-12T09:57:22","date_gmt":"2020-10-12T07:57:22","guid":{"rendered":"https:\/\/www2.zeitlos-vertrieb.de\/?page_id=114"},"modified":"2023-01-17T10:26:47","modified_gmt":"2023-01-17T09:26:47","slug":"agb","status":"publish","type":"page","link":"https:\/\/www.zeitlos-vertrieb.de\/lb\/konditioune\/","title":{"rendered":"Allgemeng Konditioune vun Aff\u00e4r"},"content":{"rendered":"\r\n<p><strong>Allgemeng Konditioune vum Online Shop zeitlos vertrieb &#038; design GmbH<\/strong><br>(nachfolgend als Onlineshop zeitlos bezeechent)<br><\/p>\r\n\r\n\r\n\r\n<p><strong>1. General<\/strong><br>All Servicer, d\u00e9i vum Online Shop fir de Client geliwwert ginn, ginn exklusiv op Basis vun den folgenden allgemenge Bed\u00e9ngungen duerchgefouert. Ofw\u00e4ichend Reglementer g\u00ebllen n\u00ebmme wa se schr\u00ebftlech t\u00ebscht dem Online Shop an dem Client ausgemaach goufen.<\/p>\r\n\r\n\r\n\r\n<p><strong>2. Ofschloss vum Kontrakt<\/strong><br>a) D&#8217;Offer vum Online Shop sinn eng onverbindlech Invitatioun un de Client fir Wueren am Online Shop ze bestellen.<br>b) De Client stellt eng verbindlech Offer fir e Kafvertrag ofzeschl\u00e9issen wann Dir Wueren um Internet bestellt.<br>c) Den Online Shop ass berechtegt d\u00ebs Offer bannent 2 Kalennerdeeg ze akzept\u00e9ieren andeems Dir eng Bestellungsbest\u00e4tegung sch\u00e9ckt. D&#8217;Bestellung g\u00ebtt per E-Mail best\u00e4tegt. Nodeems d&#8217;2-Dag Period ouni \u00c4ntwert ofgelaaf ass, g\u00ebtt d&#8217;Offer als refus\u00e9iert ugesinn.<\/p>\r\n\r\n\r\n\r\n<p><strong>3. Liwwerz\u00e4iten<\/strong><br>All Artikele ginn direkt geliwwert, virausgesat datt se aus Lager verf\u00fcgbar sinn an n\u00ebmme soulaang d&#8217;Lager daueren.<br>Liwwerung n\u00ebmmen an D\u00e4itschland. D&#8217;Liwwerz\u00e4it ass normalerweis 5 Aarbechtsdeeg a f\u00e4nkt un wann d&#8217;Bestellungsbest\u00e4tegung gesch\u00e9ckt g\u00ebtt. D&#8217;Indikatioun vun der Liwwerz\u00e4it ass net bindend, ausser et g\u00ebtt en anere schr\u00ebftlechen Accord.<br>Wann en Artikel net kuerzfristeg verf\u00fcgbar ass, inform\u00e9iere mir Iech per E-Mail iwwer d\u00e9i erwaart Liwwerz\u00e4it, wa mir eng Adress vun Iech hunn.<br>E puer Elementer hunn eng m\u00e9i laang Liwwerz\u00e4it.<br>Am Fall vun Versp\u00e9idungen an der Liwwerung, z.B. duerch Force Majeure, Verk\u00e9iersst\u00e9ierungen an Uerderen vun m\u00e9i h\u00e9ijen Autorit\u00e9iten souw\u00e9i aner Eventer, fir d\u00e9i den Online Shop net verantwortlech ass, k\u00ebnne keng Schuedenersaz g\u00e9int den Online Shop gemaach ginn.<\/p>\r\n\r\n\r\n\r\n<p><strong>4. Verpakung a Versandk\u00e4schten<\/strong><br>Fir d&#8217;Liwwerung an D\u00e4itschland an d&#8217;Verpakungsk\u00e4schte berechent den Online-Shop e proportionalen Forfait vun EUR, onofh\u00e4ngeg vun der Zuel a Gewiicht vun den Artikelen.<br>Fir Bestellungen mat engem Bestellungsw\u00e4ert vu m\u00e9i w\u00e9i EUR liwwere mir gratis an D\u00e4itschland (ausgeschloss dovun). Express Liwwerungen k\u00ebnnen och op Ufro vum Client duerchgefouert ginn. De Client dr\u00e9it d\u00e9i result\u00e9ierend zous\u00e4tzlech K\u00e4schten.<br><br><strong>5. Pr\u00e4isser a Bezuelen<\/strong><br>1. All Pr\u00e4isser sinn Finale Pr\u00e4isser d\u00e9i gesetzlech TVA vun aktuell 19% enthalen.<br>2. D&#8217;Finale Pr\u00e4isser enthalen net d&#8217;K\u00e4schte fir Verpakung a Versand.<br>3. W\u00e9inst der konstanter Aktualis\u00e9ierung vun den Internets\u00e4iten vum Online-Shop ass d&#8217;Informatioun, d\u00e9i op engem fr\u00e9iere Punkt iwwer de Pr\u00e4is a Qualit\u00e9it vun de Wueren zur Verf\u00fcgung gestallt g\u00ebtt, net m\u00e9i g\u00eblteg.<br>4. Entscheedend fir d&#8217;Rechnung ass de Pr\u00e4is deen an der Z\u00e4it wou de Client d&#8217;Offer present\u00e9iert g\u00ebtt.<br>5. D&#8217;Wuere sinn op Kont bezuelt. Ausnahmen sinn n\u00ebmme valabel wann se schr\u00ebftlech t\u00ebscht dem Online Shop an dem Client ausgemaach goufen.<br>6. De Client ass verflicht de Rechnungsbetrag bannent 14 Deeg no der Empfang vun de Wueren ze bezuelen.<br>7. Wann de Client seng Bezuelverpflichtung net erf\u00ebllt huet nodeems d&#8217;Period, d\u00e9i am Nr 6 uginn ass, ofgelaaf ass, beh\u00e4lt sech den Online Shop d&#8217;Recht fir de Client fir d\u00e9i result\u00e9ierend zous\u00e4tzlech Er\u00ebnnerung a Veraarbechtungsgeb\u00fchren ze faktur\u00e9ieren.<br>8. Wann de Client mat der Bezuelung hannerlooss ass, huet den Online-Shop d&#8217;Recht d&#8217;Z\u00ebnsen op d&#8217;Z\u00ebnsen um gesetzlechen Taux ze froen. D&#8217;Recht vum Online Shop fir weider Schuedenersaz ze behaapten bleift onofh\u00e4ngeg.<br><br><strong>6. Titelbehalen<\/strong><br>D\u00e9i bestallt Wueren bleiwen d&#8217;Eegeschafte vum Online-Shop bis d\u00e9i voll Bezuelung gemaach gouf (Eigentumsbehalen no \u00a7 449 BGB). Virun dem Transfert vum Bes\u00ebtz, Verpflichtung, Transfert vum Bes\u00ebtz, Veraarbechtung oder Neidesign vun de Wueren ass net erlaabt ouni ausdr\u00e9cklech Zoust\u00ebmmung vum Online Shop.<\/p>\r\n\r\n\r\n\r\n<p><strong>7. Garantie<\/strong><br>1. Dem Client seng Fuerderungen g\u00e9int den Online Shop op Grond vun engem Defekt an de Wueren bas\u00e9ieren op de gesetzleche Best\u00ebmmungen.<br>2. De Client verpflicht d&#8217;Wueren beim Empfang fir M\u00e4ngel z&#8217;\u00ebnnersichen an den Online Shop direkt z&#8217;inform\u00e9ieren wann esou M\u00e4ngel fonnt ginn. Wann de Client zu engem sp\u00e9ideren Z\u00e4itpunkt erausf\u00ebnnt, datt d&#8217;Wueren defekt sinn, ass hien verflicht den Online-Shop direkt ze inform\u00e9ieren nodeems hien datselwecht entdeckt huet. Wann de Client net en Defekt mellt, ginn d&#8217;Wuer ugesinn als guttgeheescht.<br>3. Schued, dee vum Client duerch falsch oder net-kontraktuell Handhabung verursaacht g\u00ebtt, zielt net als Defekt an de Wueren. D&#8217;Informatioun, d\u00e9i vum Hiersteller vun de Wueren geliwwert g\u00ebtt, ass entscheedend fir d&#8217;Inappropriateness an d&#8217;Net-Konformit\u00e9it.<\/p>\r\n\r\n\r\n\r\n<p><strong>8. Limitatioun vun Haftung<\/strong><br>Den Online Shop zeitlos ass n\u00ebmme haftbar fir Schuedenersaz, d\u00e9i op gr\u00ebndlech vernol\u00e9isseg oder virsiichteg Handlungen oder op sch\u00eblleg Verstouss vun enger materieller kontraktueller Verpflichtung bas\u00e9ieren a vu sech selwer oder engem vu senge vicarious Agenten verursaacht goufen. Fuerderungen fir Schuedenersaz doriwwer eraus sinn ausgeschloss. D&#8217;Best\u00ebmmunge vum Produktverantwortungsgesetz bleiwen net beaflosst.<br>Ausserdeem kann den Online-Shop net fir d\u00e9i onbeschr\u00e4nkt Disponibilit\u00e9it vum Online-Shop selwer verantwortlech gemaach ginn, well en net d\u00e9i glat a fehlerfr\u00e4i Datekommunikatioun iwwert den Internet garant\u00e9ieren kann, d\u00e9i dofir n\u00e9ideg ass.<\/p>\r\n\r\n\r\n\r\n<p><strong>9. Dateschutz<\/strong><br>D&#8217;Donn\u00e9e\u00ebn, d\u00e9i vum Client iwwerdroe ginn, ginn n\u00ebmme vum Online Shop benotzt fir d&#8217;Bestellungen ze veraarbecht. All Donn\u00e9e\u00eb ginn vertraulech behandelt. D&#8217;Donn\u00e9e\u00eb ginn n\u00ebmmen un Dr\u00ebttubidder weidergeleet (z.B. Versandd\u00e9ngschter) wann dat fir d&#8217;Bestellungsveraarbechtung n\u00e9ideg ass. D&#8217;Bestellungsdaten si verschl\u00ebsselt a s\u00e9cher iwwerdroen, awer mir iwwerhuelen keng Haftung fir d&#8217;Dates\u00e9cherheet w\u00e4hrend d\u00ebser Iwwerdroung iwwer den Internet (z.B. w\u00e9inst technesche Feeler vum Provider) oder fir kriminellen Zougang vun Dr\u00ebttpersounen op Dateien op eiser InternetPr\u00e4senz . Client Login Zougangsdaten, d\u00e9i dem Client op Ufro vum Client gesch\u00e9ckt ginn, musse vum Client strikt vertraulech behandelt ginn, well mir keng Verantwortung fir d&#8217;Benotzung an Uwendung vun d\u00ebsen Donn\u00e9e\u00ebn iwwerhuelen.<\/p>\r\n\r\n\r\n\r\n<p><strong>10. Copyright<\/strong><br>All dr\u00ebtt-Partei Logoen, Biller a Grafiken ugewisen sinn d&#8217;Propri\u00e9t\u00e9it vun de jeeweileg Firmen a sinn \u00ebnnerleien dem Copyright vun de jeeweileg Lizenzgeber. All Fotoen, Logoen, Texter, Berichter, Scripten a Programm\u00e9ierungsroutine, d\u00e9i op d\u00ebse S\u00e4iten present\u00e9iert ginn, d\u00e9i eis eegen Entw\u00e9cklungen sinn oder vun eis virbereet goufen, d\u00e4erfen net ouni eis Zoust\u00ebmmung kop\u00e9iert oder op eng aner Man\u00e9ier benotzt ginn. All Rechter reserv\u00e9iert.<\/p>\r\n\r\n\r\n\r\n<p><strong>11. Linken op eisem Site<\/strong><br>Mam Urteel vum 12. Mee 1998 &#8211; 312 O 85\/98 &#8211; &#171;Verantwortung fir Links&#187; huet d&#8217;Bezierksgeriicht vun Hamburg decid\u00e9iert, datt een, andeems ee Link setzt, verantwortlech ass fir den Inhalt vun der verlinkter S\u00e4it. Dem Regionalgeriicht no kann d\u00ebs Rechenschaftspflicht n\u00ebmmen ausgeschloss ginn, wann een sech ausdr\u00e9cklech vun d\u00ebsem Inhalt ofzeschl\u00e9issen. Mir distanz\u00e9ieren eis dofir ausdr\u00e9cklech vun all Inhalt op all verlinkte S\u00e4iten op d\u00ebser Homepage. D\u00ebs Deklaratioun g\u00ebllt fir all Linken op eiser Webs\u00e4it.<\/p>\r\n\r\n\r\n\r\n<p><strong>12. Plaz vun der Juridictioun<\/strong><br>1. Ausser d&#8217;Gesetz anescht virges\u00e4it, ass d&#8217;Plaz vun der Juridictioun d&#8217;Gesch\u00e4ftsplaz vum Online Shop.<br>2. D\u00e4itsch Gesetz g\u00ebllt fir all Streidereien, d\u00e9i aus d\u00ebser juristescher Bez\u00e9iung entstinn. D&#8217;Applikatioun vum UNO Verkafsgesetz ass ausgeschloss.<\/p>\r\n\r\n\r\n\r\n<p><strong>13. Validit\u00e9it vun de Konditioune<\/strong><br>Mat enger Bestellung ginn d\u00e9i allgemeng Konditioune vum Online Shop zeitlos unerkannt. Sollt eng Best\u00ebmmung vun d\u00ebsen allgemenge Bed\u00e9ngungen aus iergendengem Grond ong\u00eblteg sinn, bleift d&#8217;Validit\u00e9it vun de verbleiwen Best\u00ebmmungen onofh\u00e4ngeg. Verbal Accorde verlaangen schr\u00ebftlech Best\u00e4tegung.<\/p>\r\n\r\n","protected":false},"excerpt":{"rendered":"<p>Allgemeng Konditioune vum Online Shop zeitlos vertrieb &#038; design GmbH(nachfolgend als Onlineshop zeitlos bezeechent) 1. GeneralAll Servicer, d\u00e9i vum Online Shop fir de Client geliwwert ginn, ginn exklusiv op Basis &#8230;<\/p>\n","protected":false},"author":1,"featured_media":0,"parent":0,"menu_order":0,"comment_status":"closed","ping_status":"closed","template":"","meta":{"footnotes":""},"class_list":["post-114","page","type-page","status-publish","hentry"],"yoast_head":"<!-- This site is optimized with the Yoast SEO plugin v27.4 - https:\/\/yoast.com\/product\/yoast-seo-wordpress\/ -->\n<title>Allgemeng Konditioune vun Aff\u00e4r<\/title>\n<meta name=\"description\" content=\"Allgemeng Konditioune vum Online Shop zeitlos vertrieb &amp; design GmbH(nachfolgend als Onlineshop zeitlos bezeechent) 1. GeneralAll Servicer, d\u00e9i vum Online Shop fir de Client geliwwert ginn, ginn exklusiv op Basis vun den folgenden allgemenge Bed\u00e9ngungen duerchgefouert. Ofw\u00e4ichend Reglementer g\u00ebllen n\u00ebmme wa se schr\u00ebftlech t\u00ebscht dem Online Shop an dem Client ausgemaach goufen. 2. Ofschloss vum&hellip;\" \/>\n<meta name=\"robots\" content=\"noindex, follow\" \/>\n<meta property=\"og:locale\" content=\"de_DE\" \/>\n<meta property=\"og:type\" content=\"article\" \/>\n<meta property=\"og:title\" content=\"Allgemeng Konditioune vun Aff\u00e4r\" \/>\n<meta property=\"og:description\" content=\"Allgemeng Konditioune vum Online Shop zeitlos vertrieb &amp; design GmbH(nachfolgend als Onlineshop zeitlos bezeechent) 1. GeneralAll Servicer, d\u00e9i vum Online Shop fir de Client geliwwert ginn, ginn exklusiv op Basis vun den folgenden allgemenge Bed\u00e9ngungen duerchgefouert. Ofw\u00e4ichend Reglementer g\u00ebllen n\u00ebmme wa se schr\u00ebftlech t\u00ebscht dem Online Shop an dem Client ausgemaach goufen. 2. Ofschloss vum&hellip;\" \/>\n<meta property=\"og:url\" content=\"https:\/\/www.zeitlos-vertrieb.de\/lb\/konditioune\/\" \/>\n<meta property=\"og:site_name\" content=\"ZEITLOS\" \/>\n<meta property=\"article:modified_time\" content=\"2023-01-17T09:26:47+00:00\" \/>\n<meta name=\"twitter:card\" content=\"summary_large_image\" \/>\n<script type=\"application\/ld+json\" class=\"yoast-schema-graph\">{\"@context\":\"https:\\\/\\\/schema.org\",\"@graph\":[{\"@type\":\"WebPage\",\"@id\":\"https:\\\/\\\/www.zeitlos-vertrieb.de\\\/lb\\\/konditioune\\\/\",\"url\":\"https:\\\/\\\/www.zeitlos-vertrieb.de\\\/lb\\\/konditioune\\\/\",\"name\":\"ZEITLOS - AGB\",\"isPartOf\":{\"@id\":\"https:\\\/\\\/www.zeitlos-vertrieb.de\\\/#website\"},\"datePublished\":\"2020-10-12T07:57:22+00:00\",\"dateModified\":\"2023-01-17T09:26:47+00:00\",\"description\":\"Zeitlos bietet als Outsourcing-Dienstleister im Logistik- und Fulfillmentbereich innovative L\u00f6sungen f\u00fcr alle Prozesse im After Sales Service.\",\"breadcrumb\":{\"@id\":\"https:\\\/\\\/www.zeitlos-vertrieb.de\\\/lb\\\/konditioune\\\/#breadcrumb\"},\"inLanguage\":\"de-CH\",\"potentialAction\":[{\"@type\":\"ReadAction\",\"target\":[\"https:\\\/\\\/www.zeitlos-vertrieb.de\\\/lb\\\/konditioune\\\/\"]}]},{\"@type\":\"BreadcrumbList\",\"@id\":\"https:\\\/\\\/www.zeitlos-vertrieb.de\\\/lb\\\/konditioune\\\/#breadcrumb\",\"itemListElement\":[{\"@type\":\"ListItem\",\"position\":1,\"name\":\"Startseite\",\"item\":\"https:\\\/\\\/www.zeitlos-vertrieb.de\\\/\"},{\"@type\":\"ListItem\",\"position\":2,\"name\":\"Allgemeng Konditioune vun Aff\u00e4r\"}]},{\"@type\":\"WebSite\",\"@id\":\"https:\\\/\\\/www.zeitlos-vertrieb.de\\\/lb\\\/#website\",\"url\":\"https:\\\/\\\/www.zeitlos-vertrieb.de\\\/lb\\\/\",\"name\":\"ZEITLOS\",\"description\":\"Design- und Vertriebs GmbH\",\"publisher\":{\"@id\":\"https:\\\/\\\/www.zeitlos-vertrieb.de\\\/lb\\\/#organization\"},\"potentialAction\":[{\"@type\":\"SearchAction\",\"target\":{\"@type\":\"EntryPoint\",\"urlTemplate\":\"https:\\\/\\\/www.zeitlos-vertrieb.de\\\/lb\\\/?s={search_term_string}\"},\"query-input\":{\"@type\":\"PropertyValueSpecification\",\"valueRequired\":true,\"valueName\":\"search_term_string\"}}],\"inLanguage\":\"de-CH\"},{\"@type\":\"Organization\",\"@id\":\"https:\\\/\\\/www.zeitlos-vertrieb.de\\\/lb\\\/#organization\",\"name\":\"ZEITLOS Design- und Vertriebs GmbH\",\"url\":\"https:\\\/\\\/www.zeitlos-vertrieb.de\\\/lb\\\/\",\"logo\":{\"@type\":\"ImageObject\",\"inLanguage\":\"de-CH\",\"@id\":\"https:\\\/\\\/www.zeitlos-vertrieb.de\\\/lb\\\/#\\\/schema\\\/logo\\\/image\\\/\",\"url\":\"https:\\\/\\\/www.zeitlos-vertrieb.de\\\/wp-content\\\/uploads\\\/2020\\\/10\\\/Logo2.png\",\"contentUrl\":\"https:\\\/\\\/www.zeitlos-vertrieb.de\\\/wp-content\\\/uploads\\\/2020\\\/10\\\/Logo2.png\",\"width\":551,\"height\":154,\"caption\":\"ZEITLOS Design- und Vertriebs GmbH\"},\"image\":{\"@id\":\"https:\\\/\\\/www.zeitlos-vertrieb.de\\\/lb\\\/#\\\/schema\\\/logo\\\/image\\\/\"}}]}<\/script>\n<!-- \/ Yoast SEO plugin. -->","yoast_head_json":{"title":"Allgemeng Konditioune vun Aff\u00e4r","description":"Allgemeng Konditioune vum Online Shop zeitlos vertrieb & design GmbH(nachfolgend als Onlineshop zeitlos bezeechent) 1. GeneralAll Servicer, d\u00e9i vum Online Shop fir de Client geliwwert ginn, ginn exklusiv op Basis vun den folgenden allgemenge Bed\u00e9ngungen duerchgefouert. Ofw\u00e4ichend Reglementer g\u00ebllen n\u00ebmme wa se schr\u00ebftlech t\u00ebscht dem Online Shop an dem Client ausgemaach goufen. 2. Ofschloss vum&hellip;","robots":{"index":"noindex","follow":"follow"},"og_locale":"de_DE","og_type":"article","og_title":"Allgemeng Konditioune vun Aff\u00e4r","og_description":"Allgemeng Konditioune vum Online Shop zeitlos vertrieb & design GmbH(nachfolgend als Onlineshop zeitlos bezeechent) 1. GeneralAll Servicer, d\u00e9i vum Online Shop fir de Client geliwwert ginn, ginn exklusiv op Basis vun den folgenden allgemenge Bed\u00e9ngungen duerchgefouert. Ofw\u00e4ichend Reglementer g\u00ebllen n\u00ebmme wa se schr\u00ebftlech t\u00ebscht dem Online Shop an dem Client ausgemaach goufen. 2. Ofschloss vum&hellip;","og_url":"https:\/\/www.zeitlos-vertrieb.de\/lb\/konditioune\/","og_site_name":"ZEITLOS","article_modified_time":"2023-01-17T09:26:47+00:00","twitter_card":"summary_large_image","schema":{"@context":"https:\/\/schema.org","@graph":[{"@type":"WebPage","@id":"https:\/\/www.zeitlos-vertrieb.de\/lb\/konditioune\/","url":"https:\/\/www.zeitlos-vertrieb.de\/lb\/konditioune\/","name":"ZEITLOS - AGB","isPartOf":{"@id":"https:\/\/www.zeitlos-vertrieb.de\/#website"},"datePublished":"2020-10-12T07:57:22+00:00","dateModified":"2023-01-17T09:26:47+00:00","description":"Zeitlos bietet als Outsourcing-Dienstleister im Logistik- und Fulfillmentbereich innovative L\u00f6sungen f\u00fcr alle Prozesse im After Sales Service.","breadcrumb":{"@id":"https:\/\/www.zeitlos-vertrieb.de\/lb\/konditioune\/#breadcrumb"},"inLanguage":"de-CH","potentialAction":[{"@type":"ReadAction","target":["https:\/\/www.zeitlos-vertrieb.de\/lb\/konditioune\/"]}]},{"@type":"BreadcrumbList","@id":"https:\/\/www.zeitlos-vertrieb.de\/lb\/konditioune\/#breadcrumb","itemListElement":[{"@type":"ListItem","position":1,"name":"Startseite","item":"https:\/\/www.zeitlos-vertrieb.de\/"},{"@type":"ListItem","position":2,"name":"Allgemeng Konditioune vun Aff\u00e4r"}]},{"@type":"WebSite","@id":"https:\/\/www.zeitlos-vertrieb.de\/lb\/#website","url":"https:\/\/www.zeitlos-vertrieb.de\/lb\/","name":"ZEITLOS","description":"Design- und Vertriebs GmbH","publisher":{"@id":"https:\/\/www.zeitlos-vertrieb.de\/lb\/#organization"},"potentialAction":[{"@type":"SearchAction","target":{"@type":"EntryPoint","urlTemplate":"https:\/\/www.zeitlos-vertrieb.de\/lb\/?s={search_term_string}"},"query-input":{"@type":"PropertyValueSpecification","valueRequired":true,"valueName":"search_term_string"}}],"inLanguage":"de-CH"},{"@type":"Organization","@id":"https:\/\/www.zeitlos-vertrieb.de\/lb\/#organization","name":"ZEITLOS Design- und Vertriebs GmbH","url":"https:\/\/www.zeitlos-vertrieb.de\/lb\/","logo":{"@type":"ImageObject","inLanguage":"de-CH","@id":"https:\/\/www.zeitlos-vertrieb.de\/lb\/#\/schema\/logo\/image\/","url":"https:\/\/www.zeitlos-vertrieb.de\/wp-content\/uploads\/2020\/10\/Logo2.png","contentUrl":"https:\/\/www.zeitlos-vertrieb.de\/wp-content\/uploads\/2020\/10\/Logo2.png","width":551,"height":154,"caption":"ZEITLOS Design- und Vertriebs GmbH"},"image":{"@id":"https:\/\/www.zeitlos-vertrieb.de\/lb\/#\/schema\/logo\/image\/"}}]}},"_links":{"self":[{"href":"https:\/\/www.zeitlos-vertrieb.de\/lb\/wp-json\/wp\/v2\/pages\/114","targetHints":{"allow":["GET"]}}],"collection":[{"href":"https:\/\/www.zeitlos-vertrieb.de\/lb\/wp-json\/wp\/v2\/pages"}],"about":[{"href":"https:\/\/www.zeitlos-vertrieb.de\/lb\/wp-json\/wp\/v2\/types\/page"}],"author":[{"embeddable":true,"href":"https:\/\/www.zeitlos-vertrieb.de\/lb\/wp-json\/wp\/v2\/users\/1"}],"replies":[{"embeddable":true,"href":"https:\/\/www.zeitlos-vertrieb.de\/lb\/wp-json\/wp\/v2\/comments?post=114"}],"version-history":[{"count":10,"href":"https:\/\/www.zeitlos-vertrieb.de\/lb\/wp-json\/wp\/v2\/pages\/114\/revisions"}],"predecessor-version":[{"id":343,"href":"https:\/\/www.zeitlos-vertrieb.de\/lb\/wp-json\/wp\/v2\/pages\/114\/revisions\/343"}],"wp:attachment":[{"href":"https:\/\/www.zeitlos-vertrieb.de\/lb\/wp-json\/wp\/v2\/media?parent=114"}],"curies":[{"name":"wp","href":"https:\/\/api.w.org\/{rel}","templated":true}]}}