{"id":112,"date":"2020-10-12T09:56:59","date_gmt":"2020-10-12T07:56:59","guid":{"rendered":"https:\/\/www2.zeitlos-vertrieb.de\/?page_id=112"},"modified":"2023-01-17T10:27:39","modified_gmt":"2023-01-17T09:27:39","slug":"haftungsausschluss","status":"publish","type":"page","link":"https:\/\/www.zeitlos-vertrieb.de\/lt\/apribojimas\/","title":{"rendered":"Atsakomyb\u0117s apribojimas"},"content":{"rendered":"<p><strong>Internetinio pasi\u016blymo turinys<\/strong><br \/>\n&#8222;zeitlos design + vertriebs GmbH&#8221; pasilieka teis\u0119 neatsakyti u\u017e pateiktos informacijos aktualum\u0105 ar i\u0161samum\u0105. Reikalavimai bendrovei &#8222;zeitlos design + vertriebs GmbH&#8221; d\u0117l materialin\u0117s ar nematerialin\u0117s \u017ealos, atsiradusios d\u0117l pateiktos informacijos naudojimo ar nenaudojimo arba d\u0117l neteisingos ar nei\u0161samios informacijos naudojimo, i\u0161 esm\u0117s yra atmestini, jei n\u0117ra \u012frodym\u0173 apie bendrov\u0117s &#8222;zeitlos design + vertriebs GmbH&#8221; ty\u010di\u0105 ar didel\u012f neatsargum\u0105.<\/p>\n<p>Visi pasi\u016blymai gali b\u016bti kei\u010diami be i\u0161ankstinio \u012fsp\u0117jimo ir yra neprivalomi. &#8222;zeitlos design + vertriebs GmbH&#8221; ai\u0161kiai pasilieka teis\u0119 keisti, papildyti ar i\u0161trinti puslapi\u0173 dalis arba vis\u0105 pasi\u016blym\u0105 be i\u0161ankstinio \u012fsp\u0117jimo arba laikinai ar visam laikui nutraukti jo skelbim\u0105.<\/p>\n","protected":false},"excerpt":{"rendered":"<p>Internetinio pasi\u016blymo turinys &#8222;zeitlos design + vertriebs GmbH&#8221; pasilieka teis\u0119 neatsakyti u\u017e pateiktos informacijos aktualum\u0105 ar i\u0161samum\u0105. Reikalavimai bendrovei &#8222;zeitlos design + vertriebs GmbH&#8221; d\u0117l materialin\u0117s ar nematerialin\u0117s \u017ealos, atsiradusios &#8230;<\/p>\n","protected":false},"author":1,"featured_media":0,"parent":0,"menu_order":0,"comment_status":"closed","ping_status":"closed","template":"","meta":{"footnotes":""},"class_list":["post-112","page","type-page","status-publish","hentry"],"yoast_head":"<!-- This site is optimized with the Yoast SEO plugin v27.4 - https:\/\/yoast.com\/product\/yoast-seo-wordpress\/ -->\n<title>Atsakomyb\u0117s apribojimas<\/title>\n<meta name=\"description\" content=\"Internetinio pasi\u016blymo turinys &quot;zeitlos design + vertriebs GmbH&quot; pasilieka teis\u0119 neatsakyti u\u017e pateiktos informacijos aktualum\u0105 ar i\u0161samum\u0105. Reikalavimai bendrovei &quot;zeitlos design + vertriebs GmbH&quot; d\u0117l materialin\u0117s ar nematerialin\u0117s \u017ealos, atsiradusios d\u0117l pateiktos informacijos naudojimo ar nenaudojimo arba d\u0117l neteisingos ar nei\u0161samios informacijos naudojimo, i\u0161 esm\u0117s yra atmestini, jei n\u0117ra \u012frodym\u0173 apie bendrov\u0117s &quot;zeitlos design +&hellip;\" \/>\n<meta name=\"robots\" content=\"noindex, follow\" \/>\n<meta property=\"og:locale\" content=\"lt_LT\" \/>\n<meta property=\"og:type\" content=\"article\" \/>\n<meta property=\"og:title\" content=\"Atsakomyb\u0117s apribojimas\" \/>\n<meta property=\"og:description\" content=\"Internetinio pasi\u016blymo turinys &quot;zeitlos design + vertriebs GmbH&quot; pasilieka teis\u0119 neatsakyti u\u017e pateiktos informacijos aktualum\u0105 ar i\u0161samum\u0105. Reikalavimai bendrovei &quot;zeitlos design + vertriebs GmbH&quot; d\u0117l materialin\u0117s ar nematerialin\u0117s \u017ealos, atsiradusios d\u0117l pateiktos informacijos naudojimo ar nenaudojimo arba d\u0117l neteisingos ar nei\u0161samios informacijos naudojimo, i\u0161 esm\u0117s yra atmestini, jei n\u0117ra \u012frodym\u0173 apie bendrov\u0117s &quot;zeitlos design +&hellip;\" \/>\n<meta property=\"og:url\" content=\"https:\/\/www.zeitlos-vertrieb.de\/lt\/apribojimas\/\" \/>\n<meta property=\"og:site_name\" content=\"ZEITLOS\" \/>\n<meta property=\"article:modified_time\" content=\"2023-01-17T09:27:39+00:00\" \/>\n<meta name=\"twitter:card\" content=\"summary_large_image\" \/>\n<script type=\"application\/ld+json\" class=\"yoast-schema-graph\">{\"@context\":\"https:\\\/\\\/schema.org\",\"@graph\":[{\"@type\":\"WebPage\",\"@id\":\"https:\\\/\\\/www.zeitlos-vertrieb.de\\\/lt\\\/apribojimas\\\/\",\"url\":\"https:\\\/\\\/www.zeitlos-vertrieb.de\\\/lt\\\/apribojimas\\\/\",\"name\":\"ZEITLOS - Haftungsausschluss\",\"isPartOf\":{\"@id\":\"https:\\\/\\\/www.zeitlos-vertrieb.de\\\/#website\"},\"datePublished\":\"2020-10-12T07:56:59+00:00\",\"dateModified\":\"2023-01-17T09:27:39+00:00\",\"description\":\"Zeitlos bietet als Outsourcing-Dienstleister im Logistik- und Fulfillmentbereich innovative L\u00f6sungen f\u00fcr alle Prozesse im After Sales Service.\",\"breadcrumb\":{\"@id\":\"https:\\\/\\\/www.zeitlos-vertrieb.de\\\/lt\\\/apribojimas\\\/#breadcrumb\"},\"inLanguage\":\"lt-LT\",\"potentialAction\":[{\"@type\":\"ReadAction\",\"target\":[\"https:\\\/\\\/www.zeitlos-vertrieb.de\\\/lt\\\/apribojimas\\\/\"]}]},{\"@type\":\"BreadcrumbList\",\"@id\":\"https:\\\/\\\/www.zeitlos-vertrieb.de\\\/lt\\\/apribojimas\\\/#breadcrumb\",\"itemListElement\":[{\"@type\":\"ListItem\",\"position\":1,\"name\":\"Startseite\",\"item\":\"https:\\\/\\\/www.zeitlos-vertrieb.de\\\/\"},{\"@type\":\"ListItem\",\"position\":2,\"name\":\"Atsakomyb\u0117s apribojimas\"}]},{\"@type\":\"WebSite\",\"@id\":\"https:\\\/\\\/www.zeitlos-vertrieb.de\\\/lt\\\/#website\",\"url\":\"https:\\\/\\\/www.zeitlos-vertrieb.de\\\/lt\\\/\",\"name\":\"ZEITLOS\",\"description\":\"Design- und Vertriebs GmbH\",\"publisher\":{\"@id\":\"https:\\\/\\\/www.zeitlos-vertrieb.de\\\/lt\\\/#organization\"},\"potentialAction\":[{\"@type\":\"SearchAction\",\"target\":{\"@type\":\"EntryPoint\",\"urlTemplate\":\"https:\\\/\\\/www.zeitlos-vertrieb.de\\\/lt\\\/?s={search_term_string}\"},\"query-input\":{\"@type\":\"PropertyValueSpecification\",\"valueRequired\":true,\"valueName\":\"search_term_string\"}}],\"inLanguage\":\"lt-LT\"},{\"@type\":\"Organization\",\"@id\":\"https:\\\/\\\/www.zeitlos-vertrieb.de\\\/lt\\\/#organization\",\"name\":\"ZEITLOS Design- und Vertriebs GmbH\",\"url\":\"https:\\\/\\\/www.zeitlos-vertrieb.de\\\/lt\\\/\",\"logo\":{\"@type\":\"ImageObject\",\"inLanguage\":\"lt-LT\",\"@id\":\"https:\\\/\\\/www.zeitlos-vertrieb.de\\\/lt\\\/#\\\/schema\\\/logo\\\/image\\\/\",\"url\":\"https:\\\/\\\/www.zeitlos-vertrieb.de\\\/wp-content\\\/uploads\\\/2020\\\/10\\\/Logo2.png\",\"contentUrl\":\"https:\\\/\\\/www.zeitlos-vertrieb.de\\\/wp-content\\\/uploads\\\/2020\\\/10\\\/Logo2.png\",\"width\":551,\"height\":154,\"caption\":\"ZEITLOS Design- und Vertriebs GmbH\"},\"image\":{\"@id\":\"https:\\\/\\\/www.zeitlos-vertrieb.de\\\/lt\\\/#\\\/schema\\\/logo\\\/image\\\/\"}}]}<\/script>\n<!-- \/ Yoast SEO plugin. -->","yoast_head_json":{"title":"Atsakomyb\u0117s apribojimas","description":"Internetinio pasi\u016blymo turinys \"zeitlos design + vertriebs GmbH\" pasilieka teis\u0119 neatsakyti u\u017e pateiktos informacijos aktualum\u0105 ar i\u0161samum\u0105. Reikalavimai bendrovei \"zeitlos design + vertriebs GmbH\" d\u0117l materialin\u0117s ar nematerialin\u0117s \u017ealos, atsiradusios d\u0117l pateiktos informacijos naudojimo ar nenaudojimo arba d\u0117l neteisingos ar nei\u0161samios informacijos naudojimo, i\u0161 esm\u0117s yra atmestini, jei n\u0117ra \u012frodym\u0173 apie bendrov\u0117s \"zeitlos design +&hellip;","robots":{"index":"noindex","follow":"follow"},"og_locale":"lt_LT","og_type":"article","og_title":"Atsakomyb\u0117s apribojimas","og_description":"Internetinio pasi\u016blymo turinys \"zeitlos design + vertriebs GmbH\" pasilieka teis\u0119 neatsakyti u\u017e pateiktos informacijos aktualum\u0105 ar i\u0161samum\u0105. Reikalavimai bendrovei \"zeitlos design + vertriebs GmbH\" d\u0117l materialin\u0117s ar nematerialin\u0117s \u017ealos, atsiradusios d\u0117l pateiktos informacijos naudojimo ar nenaudojimo arba d\u0117l neteisingos ar nei\u0161samios informacijos naudojimo, i\u0161 esm\u0117s yra atmestini, jei n\u0117ra \u012frodym\u0173 apie bendrov\u0117s \"zeitlos design +&hellip;","og_url":"https:\/\/www.zeitlos-vertrieb.de\/lt\/apribojimas\/","og_site_name":"ZEITLOS","article_modified_time":"2023-01-17T09:27:39+00:00","twitter_card":"summary_large_image","schema":{"@context":"https:\/\/schema.org","@graph":[{"@type":"WebPage","@id":"https:\/\/www.zeitlos-vertrieb.de\/lt\/apribojimas\/","url":"https:\/\/www.zeitlos-vertrieb.de\/lt\/apribojimas\/","name":"ZEITLOS - Haftungsausschluss","isPartOf":{"@id":"https:\/\/www.zeitlos-vertrieb.de\/#website"},"datePublished":"2020-10-12T07:56:59+00:00","dateModified":"2023-01-17T09:27:39+00:00","description":"Zeitlos bietet als Outsourcing-Dienstleister im Logistik- und Fulfillmentbereich innovative L\u00f6sungen f\u00fcr alle Prozesse im After Sales Service.","breadcrumb":{"@id":"https:\/\/www.zeitlos-vertrieb.de\/lt\/apribojimas\/#breadcrumb"},"inLanguage":"lt-LT","potentialAction":[{"@type":"ReadAction","target":["https:\/\/www.zeitlos-vertrieb.de\/lt\/apribojimas\/"]}]},{"@type":"BreadcrumbList","@id":"https:\/\/www.zeitlos-vertrieb.de\/lt\/apribojimas\/#breadcrumb","itemListElement":[{"@type":"ListItem","position":1,"name":"Startseite","item":"https:\/\/www.zeitlos-vertrieb.de\/"},{"@type":"ListItem","position":2,"name":"Atsakomyb\u0117s apribojimas"}]},{"@type":"WebSite","@id":"https:\/\/www.zeitlos-vertrieb.de\/lt\/#website","url":"https:\/\/www.zeitlos-vertrieb.de\/lt\/","name":"ZEITLOS","description":"Design- und Vertriebs GmbH","publisher":{"@id":"https:\/\/www.zeitlos-vertrieb.de\/lt\/#organization"},"potentialAction":[{"@type":"SearchAction","target":{"@type":"EntryPoint","urlTemplate":"https:\/\/www.zeitlos-vertrieb.de\/lt\/?s={search_term_string}"},"query-input":{"@type":"PropertyValueSpecification","valueRequired":true,"valueName":"search_term_string"}}],"inLanguage":"lt-LT"},{"@type":"Organization","@id":"https:\/\/www.zeitlos-vertrieb.de\/lt\/#organization","name":"ZEITLOS Design- und Vertriebs GmbH","url":"https:\/\/www.zeitlos-vertrieb.de\/lt\/","logo":{"@type":"ImageObject","inLanguage":"lt-LT","@id":"https:\/\/www.zeitlos-vertrieb.de\/lt\/#\/schema\/logo\/image\/","url":"https:\/\/www.zeitlos-vertrieb.de\/wp-content\/uploads\/2020\/10\/Logo2.png","contentUrl":"https:\/\/www.zeitlos-vertrieb.de\/wp-content\/uploads\/2020\/10\/Logo2.png","width":551,"height":154,"caption":"ZEITLOS Design- und Vertriebs GmbH"},"image":{"@id":"https:\/\/www.zeitlos-vertrieb.de\/lt\/#\/schema\/logo\/image\/"}}]}},"_links":{"self":[{"href":"https:\/\/www.zeitlos-vertrieb.de\/lt\/wp-json\/wp\/v2\/pages\/112","targetHints":{"allow":["GET"]}}],"collection":[{"href":"https:\/\/www.zeitlos-vertrieb.de\/lt\/wp-json\/wp\/v2\/pages"}],"about":[{"href":"https:\/\/www.zeitlos-vertrieb.de\/lt\/wp-json\/wp\/v2\/types\/page"}],"author":[{"embeddable":true,"href":"https:\/\/www.zeitlos-vertrieb.de\/lt\/wp-json\/wp\/v2\/users\/1"}],"replies":[{"embeddable":true,"href":"https:\/\/www.zeitlos-vertrieb.de\/lt\/wp-json\/wp\/v2\/comments?post=112"}],"version-history":[{"count":4,"href":"https:\/\/www.zeitlos-vertrieb.de\/lt\/wp-json\/wp\/v2\/pages\/112\/revisions"}],"predecessor-version":[{"id":345,"href":"https:\/\/www.zeitlos-vertrieb.de\/lt\/wp-json\/wp\/v2\/pages\/112\/revisions\/345"}],"wp:attachment":[{"href":"https:\/\/www.zeitlos-vertrieb.de\/lt\/wp-json\/wp\/v2\/media?parent=112"}],"curies":[{"name":"wp","href":"https:\/\/api.w.org\/{rel}","templated":true}]}}