{"id":114,"date":"2020-10-12T09:57:22","date_gmt":"2020-10-12T07:57:22","guid":{"rendered":"https:\/\/www2.zeitlos-vertrieb.de\/?page_id=114"},"modified":"2023-01-17T10:26:47","modified_gmt":"2023-01-17T09:26:47","slug":"agb","status":"publish","type":"page","link":"https:\/\/www.zeitlos-vertrieb.de\/lt\/salygos\/","title":{"rendered":"Bendrosios s\u0105lygos"},"content":{"rendered":"\r\n<p><strong>Internetin\u0117s parduotuv\u0117s &#8222;zeitlos vertrieb &#038; design GmbH&#8221; bendrosios s\u0105lygos<\/strong><br>(toliau &#8211; internetin\u0117 parduotuv\u0117 zeitlos)<br><\/p>\r\n\r\n\r\n\r\n<p><strong>1. Bendra<\/strong><br>Visos internetin\u0117s parduotuv\u0117s &#8222;zeitlos&#8221; klientui teikiamos paslaugos teikiamos tik pagal \u0161ias bendr\u0105sias s\u0105lygas. Nukrypstantys nuostatai galioja tik tuo atveju, jei &#8222;Onlineshop zeitlos&#8221; ir klientas d\u0117l j\u0173 susitar\u0117 ra\u0161tu.<\/p>\r\n\r\n\r\n\r\n<p><strong>2. Sutarties sudarymas<\/strong><br>a) Internetin\u0117s parduotuv\u0117s nesenstantys pasi\u016blymai internete yra ne\u012fpareigojantis kvietimas klientui u\u017esisakyti preki\u0173 internetin\u0117je parduotuv\u0117je.<br>b) U\u017esakydamas prekes internetu klientas pateikia privalom\u0105 pasi\u016blym\u0105 sudaryti pirkimo sutart\u012f.<br>c) Internetin\u0117 parduotuv\u0117 &#8222;zeitlos&#8221; turi teis\u0119 priimti \u0161\u012f pasi\u016blym\u0105 per 2 kalendorines dienas, i\u0161si\u0173sdama u\u017esakymo patvirtinim\u0105. U\u017esakymo patvirtinimas siun\u010diamas el. pa\u0161tu. Jei 2 dien\u0173 laikotarpis baigiasi negavus atsakymo, laikoma, kad pasi\u016blymas atmestas.<\/p>\r\n\r\n\r\n\r\n<p><strong>3. Pristatymo laikas<\/strong><br>Visos prek\u0117s bus pristatytos nedelsiant, jei j\u0173 yra sand\u0117lyje, ir tik tol, kol bus atsarg\u0173.<br>Pristatymas vykdomas tik Vokietijoje. Pristatymo terminas paprastai yra 5 darbo dienos ir prasideda nuo u\u017esakymo patvirtinimo i\u0161siuntimo. Pristatymo termino nurodymas n\u0117ra privalomas, nebent ra\u0161tu b\u016bt\u0173 susitarta kitaip.<br>Jei prek\u0117s negalima \u012fsigyti per trump\u0105 laik\u0105, el. pa\u0161tu informuosime apie numatom\u0105 pristatymo laik\u0105, jei tur\u0117sime j\u016bs\u0173 adres\u0105.<br>Kai kuri\u0173 preki\u0173 pristatymo laikas ilgesnis.<br>Jei pristatymas v\u0117luoja, pavyzd\u017eiui, d\u0117l nenugalimos j\u0117gos (force majeure) aplinkybi\u0173, eismo sutrikim\u0173 ir auk\u0161tesni\u0173 institucij\u0173 nurodym\u0173, taip pat kit\u0173 \u012fvyki\u0173, u\u017e kuriuos internetin\u0117 parduotuv\u0117 &#8222;zeitlos&#8221; n\u0117ra atsakinga, internetinei parduotuvei &#8222;zeitlos&#8221; negali b\u016bti rei\u0161kiamos jokios pretenzijos d\u0117l \u017ealos atlyginimo.<\/p>\r\n\r\n\r\n\r\n<p><strong>4. Pakavimo ir siuntimo i\u0161laidos<\/strong><br>U\u017e pristatym\u0105 Vokietijoje ir pakavimo i\u0161laidas internetin\u0117 parduotuv\u0117, nepriklausomai nuo preki\u0173 skai\u010diaus ir svorio, taiko proporcing\u0105 fiksuot\u0105 EUR tarif\u0105.<br>U\u017esakymus, kuri\u0173 vert\u0117 didesn\u0117 nei EUR, pristatome nemokamai, o siuntimo i\u0161laidos Vokietijoje (i\u0161skyrus \u0161\u012f atvej\u012f) netaikomos. Kliento pageidavimu taip pat gali b\u016bti vykdomas skubus pristatymas. Klientas padengia patirtas papildomas i\u0161laidas.<br><br><strong>5. Kainos ir mok\u0117jimas<\/strong><br>1. Visos nurodytos kainos yra galutin\u0117s kainos, \u012f kurias \u012fskai\u010diuotas teis\u0117s aktais nustatytas 19 % PVM.<br>2. \u012e galutines kainas ne\u012fskai\u010diuotos pakavimo ir siuntimo i\u0161laidos.<br>3. D\u0117l nuolatinio internetin\u0117s parduotuv\u0117s puslapi\u0173 atnaujinimo, anks\u010diau pateikta informacija apie preki\u0173 kain\u0105 ir b\u016bkl\u0119 netenka galios.<br>4. I\u0161ra\u0161ant s\u0105skait\u0105 fakt\u016br\u0105 lemiam\u0105 reik\u0161m\u0119 turi kliento pasi\u016blymo pateikimo metu nurodyta kaina.<br>5. Mok\u0117jimas u\u017e prekes atliekamas \u012f s\u0105skait\u0105. I\u0161imtys galioja tik tuo atveju, jei d\u0117l j\u0173 ra\u0161tu susitar\u0117 am\u017eina internetin\u0117 parduotuv\u0117 ir klientas.<br>6. Klientas privalo apmok\u0117ti s\u0105skaitos fakt\u016bros sum\u0105 per 14 dien\u0173 nuo preki\u0173 gavimo.<br>7. Jei klientas ne\u012fvykdo savo mok\u0117jimo prievol\u0117s pasibaigus 6 punkte nurodytam terminui, internetin\u0117 parduotuv\u0117 pasilieka teis\u0119 i\u0161 kliento imti papildomus priminimo ir tvarkymo mokes\u010dius.<br>8. Jei klientas v\u0117luoja sumok\u0117ti, internetin\u0117 parduotuv\u0117 &#8222;zeitlos&#8221; turi teis\u0119 reikalauti sumok\u0117ti teis\u0117s aktuose nustatyto dyd\u017eio delspinigius. Tai neturi \u012ftakos internetin\u0117s parduotuv\u0117s &#8222;zeitlos&#8221; teisei reik\u0161ti kitus reikalavimus d\u0117l \u017ealos atlyginimo.<br><br><strong>6. Nuosavyb\u0117s teis\u0117s i\u0161saugojimas<\/strong><br>U\u017esakytos prek\u0117s lieka internetin\u0117s parduotuv\u0117s &#8222;zeitlos&#8221; nuosavybe iki visi\u0161ko apmok\u0117jimo (nuosavyb\u0117s teis\u0117s i\u0161saugojimas pagal BGB 449 straipsn\u012f). Prie\u0161 perduodant nuosavyb\u0117s teis\u0119, preki\u0173 \u012fkeitimas, perdavimas kaip u\u017estatas, perdirbimas ar transformavimas be ai\u0161kaus internetin\u0117s parduotuv\u0117s &#8222;zeitlos&#8221; sutikimo neleid\u017eiamas.<\/p>\r\n\r\n\r\n\r\n<p><strong>7. Garantija<\/strong><br>1. Pirk\u0117jo pretenzijas internetinei parduotuvei, kylan\u010dias d\u0117l preki\u0173 defekt\u0173, reglamentuoja \u012fstatym\u0173 nuostatos.<br>2. Pirk\u0117jas \u012fsipareigoja gav\u0119s prekes patikrinti, ar jos neturi defekt\u0173, ir nedelsdamas informuoti internetin\u0119 parduotuv\u0119, jei toki\u0173 defekt\u0173 aptiks. Jei klientas v\u0117liau nustato, kad prek\u0117s yra nekokybi\u0161kos, jis privalo apie tai nedelsiant informuoti internetin\u0119 parduotuv\u0119. Jei klientas neprane\u0161a apie defekt\u0105, laikoma, kad prek\u0117s yra patvirtintos.<br>3. Preki\u0173 defektais nelaikoma \u017eala, kuri\u0105 klientas padaro netinkamai arba ne pagal sutart\u012f elgdamasis su prek\u0117mis. Sprend\u017eiant d\u0117l netinkamo ir nesutartinio tvarkymo, lemiam\u0105 reik\u0161m\u0119 turi preki\u0173 gamintojo pateikta informacija.<\/p>\r\n\r\n\r\n\r\n<p><strong>8. Atsakomyb\u0117s apribojimas<\/strong><br>Internetin\u0117 parduotuv\u0117 &#8222;zeitlos&#8221; atsako tik u\u017e \u017eal\u0105, kuri atsirado d\u0117l didelio aplaidumo ar ty\u010dini\u0173 veiksm\u0173 arba d\u0117l kalto esminio sutartinio \u012fsipareigojimo pa\u017eeidimo ir kuri\u0105 suk\u0117l\u0117 ji pati arba vienas i\u0161 jos pavaduotoj\u0173. Bet kokie kiti reikalavimai d\u0117l \u017ealos atlyginimo yra atmestini. Produkt\u0173 atsakomyb\u0117s \u012fstatymo nuostatos lieka nepakeistos.<br>Be to, internetin\u0117 parduotuv\u0117 &#8222;zeitlos&#8221; neatsako u\u017e pa\u010dios internetin\u0117s parduotuv\u0117s neribot\u0105 prieinamum\u0105, nes negali u\u017etikrinti sklandaus ir be klaid\u0173 perduodam\u0173 duomen\u0173 perdavimo internetu, kuris yra b\u016btinas.<\/p>\r\n\r\n\r\n\r\n<p><strong>9. Duomen\u0173 apsauga<\/strong><br>Kliento perduotus duomenis internetin\u0117 parduotuv\u0117 &#8222;zeitlos&#8221; naudos tik u\u017esakymams apdoroti. Visi duomenys laikomi grie\u017etai konfidencialiais. Duomenys bus perduodami tre\u010diosioms \u0161alims (pvz., siunt\u0173 tarnyboms) tik tuo atveju, jei tai b\u016btina u\u017esakymui apdoroti. U\u017esakym\u0173 duomenys perduodami u\u017e\u0161ifruota ir apsaugota forma, ta\u010diau mes neprisiimame jokios atsakomyb\u0117s u\u017e duomen\u0173 saugum\u0105 \u0161i\u0173 duomen\u0173 perdavimo internetu metu (pvz., d\u0117l paslaug\u0173 teik\u0117jo technini\u0173 klaid\u0173) ar u\u017e tre\u010di\u0173j\u0173 \u0161ali\u0173 nusikalstam\u0105 prieig\u0105 prie m\u016bs\u0173 interneto svetain\u0117je esan\u010di\u0173 fail\u0173. Kliento pra\u0161ymu perduotus kliento prisijungimo duomenis klientas turi laikyti grie\u017etai konfidencialiais, nes mes neprisiimame jokios atsakomyb\u0117s u\u017e \u0161i\u0173 duomen\u0173 naudojim\u0105 ir taikym\u0105.<\/p>\r\n\r\n\r\n\r\n<p><strong>10. Copyright<\/strong><br>Alle dargestellten Fremdlogos, Bilder und Grafiken sind Eigentum der entsprechenden Firmen und unterliegen dem Copyright der entsprechenden Lizenzgeber. S\u00e4mtliche auf diesen Seiten dargestellten Fotos, Logos, Texte, Berichte, Scripte und Programmierroutinen, welche Eigenentwicklungen von uns sind oder von uns aufbereitet wurden, d\u00fcrfen nicht ohne unser Einverst\u00e4ndnis kopiert oder anderweitig genutzt werden. Alle Rechte vorbehalten.<\/p>\r\n\r\n\r\n\r\n<p><strong>11. Nuorodos m\u016bs\u0173 puslapiuose<\/strong><br>1998 m. gegu\u017e\u0117s 12 d. sprendime 312 O 85\/98 &#8222;Atsakomyb\u0117 u\u017e nuorodas&#8221; Hamburgo apygardos teismas nusprend\u0117, kad nuorod\u0173 pateikimas taip pat lemia bendr\u0105 atsakomyb\u0119 u\u017e tomis nuorodomis pateikiam\u0105 med\u017eiag\u0105. Apygardos teismo nuomone, to galima i\u0161vengti tik ai\u0161kiai atsiribojant nuo tokio turinio. Tod\u0117l mes ai\u0161kiai atsiribojame nuo vis\u0173 \u0161iame tinklalapyje pateikt\u0173 nuorod\u0173 turinio. \u0160is parei\u0161kimas galioja visoms m\u016bs\u0173 svetain\u0117je esan\u010dioms nuorodoms.<\/p>\r\n\r\n\r\n\r\n<p><strong>12. Jurisdikcijos vieta<\/strong><br>1. Jei \u012fstatymuose nenumatyta kitaip, jurisdikcijos vieta yra internetin\u0117s parduotuv\u0117s &#8222;zeitlos&#8221; registruota buvein\u0117.<br>2. Visiems gin\u010dams, kurie gali kilti d\u0117l \u0161i\u0173 teisini\u0173 santyki\u0173, taikoma Vokietijos teis\u0117. JT pardavimo teis\u0117 netaikoma.<\/p>\r\n\r\n\r\n\r\n<p><strong>13. Bendr\u0173j\u0173 s\u0105lyg\u0173 galiojimas<\/strong><br>Pateikdami u\u017esakym\u0105, sutinkate su bendromis internetin\u0117s parduotuv\u0117s s\u0105lygomis, kurios galioja vis\u0105 laik\u0105. Jei kuri nors \u0161i\u0173 bendr\u0173j\u0173 s\u0105lyg\u0173 nuostata d\u0117l koki\u0173 nors prie\u017eas\u010di\u0173 negalioja, likusi\u0173 nuostat\u0173 galiojimui tai neturi \u012ftakos. \u017dodinius susitarimus reikia patvirtinti ra\u0161tu.<\/p>\r\n\r\n","protected":false},"excerpt":{"rendered":"<p>Internetin\u0117s parduotuv\u0117s &#8222;zeitlos vertrieb &#038; design GmbH&#8221; bendrosios s\u0105lygos(toliau &#8211; internetin\u0117 parduotuv\u0117 zeitlos) 1. BendraVisos internetin\u0117s parduotuv\u0117s &#8222;zeitlos&#8221; klientui teikiamos paslaugos teikiamos tik pagal \u0161ias bendr\u0105sias s\u0105lygas. Nukrypstantys nuostatai galioja &#8230;<\/p>\n","protected":false},"author":1,"featured_media":0,"parent":0,"menu_order":0,"comment_status":"closed","ping_status":"closed","template":"","meta":{"footnotes":""},"class_list":["post-114","page","type-page","status-publish","hentry"],"yoast_head":"<!-- This site is optimized with the Yoast SEO plugin v27.5 - https:\/\/yoast.com\/product\/yoast-seo-wordpress\/ -->\n<title>Bendrosios s\u0105lygos<\/title>\n<meta name=\"description\" content=\"Internetin\u0117s parduotuv\u0117s &quot;zeitlos vertrieb &amp; design GmbH&quot; bendrosios s\u0105lygos(toliau - internetin\u0117 parduotuv\u0117 zeitlos) 1. BendraVisos internetin\u0117s parduotuv\u0117s &quot;zeitlos&quot; klientui teikiamos paslaugos teikiamos tik pagal \u0161ias bendr\u0105sias s\u0105lygas. Nukrypstantys nuostatai galioja tik tuo atveju, jei &quot;Onlineshop zeitlos&quot; ir klientas d\u0117l j\u0173 susitar\u0117 ra\u0161tu. 2. Sutarties sudarymasa) Internetin\u0117s parduotuv\u0117s nesenstantys pasi\u016blymai internete yra ne\u012fpareigojantis kvietimas klientui u\u017esisakyti&hellip;\" \/>\n<meta name=\"robots\" content=\"noindex, follow\" \/>\n<meta property=\"og:locale\" content=\"lt_LT\" \/>\n<meta property=\"og:type\" content=\"article\" \/>\n<meta property=\"og:title\" content=\"Bendrosios s\u0105lygos\" \/>\n<meta property=\"og:description\" content=\"Internetin\u0117s parduotuv\u0117s &quot;zeitlos vertrieb &amp; design GmbH&quot; bendrosios s\u0105lygos(toliau - internetin\u0117 parduotuv\u0117 zeitlos) 1. BendraVisos internetin\u0117s parduotuv\u0117s &quot;zeitlos&quot; klientui teikiamos paslaugos teikiamos tik pagal \u0161ias bendr\u0105sias s\u0105lygas. Nukrypstantys nuostatai galioja tik tuo atveju, jei &quot;Onlineshop zeitlos&quot; ir klientas d\u0117l j\u0173 susitar\u0117 ra\u0161tu. 2. Sutarties sudarymasa) Internetin\u0117s parduotuv\u0117s nesenstantys pasi\u016blymai internete yra ne\u012fpareigojantis kvietimas klientui u\u017esisakyti&hellip;\" \/>\n<meta property=\"og:url\" content=\"https:\/\/www.zeitlos-vertrieb.de\/lt\/salygos\/\" \/>\n<meta property=\"og:site_name\" content=\"ZEITLOS\" \/>\n<meta property=\"article:modified_time\" content=\"2023-01-17T09:26:47+00:00\" \/>\n<meta name=\"twitter:card\" content=\"summary_large_image\" \/>\n<script type=\"application\/ld+json\" class=\"yoast-schema-graph\">{\"@context\":\"https:\\\/\\\/schema.org\",\"@graph\":[{\"@type\":\"WebPage\",\"@id\":\"https:\\\/\\\/www.zeitlos-vertrieb.de\\\/lt\\\/salygos\\\/\",\"url\":\"https:\\\/\\\/www.zeitlos-vertrieb.de\\\/lt\\\/salygos\\\/\",\"name\":\"ZEITLOS - AGB\",\"isPartOf\":{\"@id\":\"https:\\\/\\\/www.zeitlos-vertrieb.de\\\/#website\"},\"datePublished\":\"2020-10-12T07:57:22+00:00\",\"dateModified\":\"2023-01-17T09:26:47+00:00\",\"description\":\"Zeitlos bietet als Outsourcing-Dienstleister im Logistik- und Fulfillmentbereich innovative L\u00f6sungen f\u00fcr alle Prozesse im After Sales Service.\",\"breadcrumb\":{\"@id\":\"https:\\\/\\\/www.zeitlos-vertrieb.de\\\/lt\\\/salygos\\\/#breadcrumb\"},\"inLanguage\":\"lt-LT\",\"potentialAction\":[{\"@type\":\"ReadAction\",\"target\":[\"https:\\\/\\\/www.zeitlos-vertrieb.de\\\/lt\\\/salygos\\\/\"]}]},{\"@type\":\"BreadcrumbList\",\"@id\":\"https:\\\/\\\/www.zeitlos-vertrieb.de\\\/lt\\\/salygos\\\/#breadcrumb\",\"itemListElement\":[{\"@type\":\"ListItem\",\"position\":1,\"name\":\"Startseite\",\"item\":\"https:\\\/\\\/www.zeitlos-vertrieb.de\\\/\"},{\"@type\":\"ListItem\",\"position\":2,\"name\":\"Bendrosios s\u0105lygos\"}]},{\"@type\":\"WebSite\",\"@id\":\"https:\\\/\\\/www.zeitlos-vertrieb.de\\\/lt\\\/#website\",\"url\":\"https:\\\/\\\/www.zeitlos-vertrieb.de\\\/lt\\\/\",\"name\":\"ZEITLOS\",\"description\":\"Design- und Vertriebs GmbH\",\"publisher\":{\"@id\":\"https:\\\/\\\/www.zeitlos-vertrieb.de\\\/lt\\\/#organization\"},\"potentialAction\":[{\"@type\":\"SearchAction\",\"target\":{\"@type\":\"EntryPoint\",\"urlTemplate\":\"https:\\\/\\\/www.zeitlos-vertrieb.de\\\/lt\\\/?s={search_term_string}\"},\"query-input\":{\"@type\":\"PropertyValueSpecification\",\"valueRequired\":true,\"valueName\":\"search_term_string\"}}],\"inLanguage\":\"lt-LT\"},{\"@type\":\"Organization\",\"@id\":\"https:\\\/\\\/www.zeitlos-vertrieb.de\\\/lt\\\/#organization\",\"name\":\"ZEITLOS Design- und Vertriebs GmbH\",\"url\":\"https:\\\/\\\/www.zeitlos-vertrieb.de\\\/lt\\\/\",\"logo\":{\"@type\":\"ImageObject\",\"inLanguage\":\"lt-LT\",\"@id\":\"https:\\\/\\\/www.zeitlos-vertrieb.de\\\/lt\\\/#\\\/schema\\\/logo\\\/image\\\/\",\"url\":\"https:\\\/\\\/www.zeitlos-vertrieb.de\\\/wp-content\\\/uploads\\\/2020\\\/10\\\/Logo2.png\",\"contentUrl\":\"https:\\\/\\\/www.zeitlos-vertrieb.de\\\/wp-content\\\/uploads\\\/2020\\\/10\\\/Logo2.png\",\"width\":551,\"height\":154,\"caption\":\"ZEITLOS Design- und Vertriebs GmbH\"},\"image\":{\"@id\":\"https:\\\/\\\/www.zeitlos-vertrieb.de\\\/lt\\\/#\\\/schema\\\/logo\\\/image\\\/\"}}]}<\/script>\n<!-- \/ Yoast SEO plugin. -->","yoast_head_json":{"title":"Bendrosios s\u0105lygos","description":"Internetin\u0117s parduotuv\u0117s \"zeitlos vertrieb & design GmbH\" bendrosios s\u0105lygos(toliau - internetin\u0117 parduotuv\u0117 zeitlos) 1. BendraVisos internetin\u0117s parduotuv\u0117s \"zeitlos\" klientui teikiamos paslaugos teikiamos tik pagal \u0161ias bendr\u0105sias s\u0105lygas. Nukrypstantys nuostatai galioja tik tuo atveju, jei \"Onlineshop zeitlos\" ir klientas d\u0117l j\u0173 susitar\u0117 ra\u0161tu. 2. Sutarties sudarymasa) Internetin\u0117s parduotuv\u0117s nesenstantys pasi\u016blymai internete yra ne\u012fpareigojantis kvietimas klientui u\u017esisakyti&hellip;","robots":{"index":"noindex","follow":"follow"},"og_locale":"lt_LT","og_type":"article","og_title":"Bendrosios s\u0105lygos","og_description":"Internetin\u0117s parduotuv\u0117s \"zeitlos vertrieb & design GmbH\" bendrosios s\u0105lygos(toliau - internetin\u0117 parduotuv\u0117 zeitlos) 1. BendraVisos internetin\u0117s parduotuv\u0117s \"zeitlos\" klientui teikiamos paslaugos teikiamos tik pagal \u0161ias bendr\u0105sias s\u0105lygas. Nukrypstantys nuostatai galioja tik tuo atveju, jei \"Onlineshop zeitlos\" ir klientas d\u0117l j\u0173 susitar\u0117 ra\u0161tu. 2. Sutarties sudarymasa) Internetin\u0117s parduotuv\u0117s nesenstantys pasi\u016blymai internete yra ne\u012fpareigojantis kvietimas klientui u\u017esisakyti&hellip;","og_url":"https:\/\/www.zeitlos-vertrieb.de\/lt\/salygos\/","og_site_name":"ZEITLOS","article_modified_time":"2023-01-17T09:26:47+00:00","twitter_card":"summary_large_image","schema":{"@context":"https:\/\/schema.org","@graph":[{"@type":"WebPage","@id":"https:\/\/www.zeitlos-vertrieb.de\/lt\/salygos\/","url":"https:\/\/www.zeitlos-vertrieb.de\/lt\/salygos\/","name":"ZEITLOS - AGB","isPartOf":{"@id":"https:\/\/www.zeitlos-vertrieb.de\/#website"},"datePublished":"2020-10-12T07:57:22+00:00","dateModified":"2023-01-17T09:26:47+00:00","description":"Zeitlos bietet als Outsourcing-Dienstleister im Logistik- und Fulfillmentbereich innovative L\u00f6sungen f\u00fcr alle Prozesse im After Sales Service.","breadcrumb":{"@id":"https:\/\/www.zeitlos-vertrieb.de\/lt\/salygos\/#breadcrumb"},"inLanguage":"lt-LT","potentialAction":[{"@type":"ReadAction","target":["https:\/\/www.zeitlos-vertrieb.de\/lt\/salygos\/"]}]},{"@type":"BreadcrumbList","@id":"https:\/\/www.zeitlos-vertrieb.de\/lt\/salygos\/#breadcrumb","itemListElement":[{"@type":"ListItem","position":1,"name":"Startseite","item":"https:\/\/www.zeitlos-vertrieb.de\/"},{"@type":"ListItem","position":2,"name":"Bendrosios s\u0105lygos"}]},{"@type":"WebSite","@id":"https:\/\/www.zeitlos-vertrieb.de\/lt\/#website","url":"https:\/\/www.zeitlos-vertrieb.de\/lt\/","name":"ZEITLOS","description":"Design- und Vertriebs GmbH","publisher":{"@id":"https:\/\/www.zeitlos-vertrieb.de\/lt\/#organization"},"potentialAction":[{"@type":"SearchAction","target":{"@type":"EntryPoint","urlTemplate":"https:\/\/www.zeitlos-vertrieb.de\/lt\/?s={search_term_string}"},"query-input":{"@type":"PropertyValueSpecification","valueRequired":true,"valueName":"search_term_string"}}],"inLanguage":"lt-LT"},{"@type":"Organization","@id":"https:\/\/www.zeitlos-vertrieb.de\/lt\/#organization","name":"ZEITLOS Design- und Vertriebs GmbH","url":"https:\/\/www.zeitlos-vertrieb.de\/lt\/","logo":{"@type":"ImageObject","inLanguage":"lt-LT","@id":"https:\/\/www.zeitlos-vertrieb.de\/lt\/#\/schema\/logo\/image\/","url":"https:\/\/www.zeitlos-vertrieb.de\/wp-content\/uploads\/2020\/10\/Logo2.png","contentUrl":"https:\/\/www.zeitlos-vertrieb.de\/wp-content\/uploads\/2020\/10\/Logo2.png","width":551,"height":154,"caption":"ZEITLOS Design- und Vertriebs GmbH"},"image":{"@id":"https:\/\/www.zeitlos-vertrieb.de\/lt\/#\/schema\/logo\/image\/"}}]}},"_links":{"self":[{"href":"https:\/\/www.zeitlos-vertrieb.de\/lt\/wp-json\/wp\/v2\/pages\/114","targetHints":{"allow":["GET"]}}],"collection":[{"href":"https:\/\/www.zeitlos-vertrieb.de\/lt\/wp-json\/wp\/v2\/pages"}],"about":[{"href":"https:\/\/www.zeitlos-vertrieb.de\/lt\/wp-json\/wp\/v2\/types\/page"}],"author":[{"embeddable":true,"href":"https:\/\/www.zeitlos-vertrieb.de\/lt\/wp-json\/wp\/v2\/users\/1"}],"replies":[{"embeddable":true,"href":"https:\/\/www.zeitlos-vertrieb.de\/lt\/wp-json\/wp\/v2\/comments?post=114"}],"version-history":[{"count":10,"href":"https:\/\/www.zeitlos-vertrieb.de\/lt\/wp-json\/wp\/v2\/pages\/114\/revisions"}],"predecessor-version":[{"id":343,"href":"https:\/\/www.zeitlos-vertrieb.de\/lt\/wp-json\/wp\/v2\/pages\/114\/revisions\/343"}],"wp:attachment":[{"href":"https:\/\/www.zeitlos-vertrieb.de\/lt\/wp-json\/wp\/v2\/media?parent=114"}],"curies":[{"name":"wp","href":"https:\/\/api.w.org\/{rel}","templated":true}]}}