{"id":114,"date":"2020-10-12T09:57:22","date_gmt":"2020-10-12T07:57:22","guid":{"rendered":"https:\/\/www2.zeitlos-vertrieb.de\/?page_id=114"},"modified":"2023-01-17T10:26:47","modified_gmt":"2023-01-17T09:26:47","slug":"agb","status":"publish","type":"page","link":"https:\/\/www.zeitlos-vertrieb.de\/pl\/zasady\/","title":{"rendered":"Og\u00f3lne zasady i warunki"},"content":{"rendered":"\r\n<p><strong>Og\u00f3lne warunki handlowe sklepu internetowego zeitlos vertrieb &#038; design GmbH<\/strong><br>(zwanym dalej sklepem internetowym zeitlos)<br><\/p>\r\n\r\n\r\n\r\n<p><strong>1. Og\u00f3lne<\/strong><br>Wszystkie us\u0142ugi \u015bwiadczone przez Onlineshop zeitlos na rzecz klienta s\u0105 realizowane wy\u0142\u0105cznie na podstawie poni\u017cszych Og\u00f3lnych Warunk\u00f3w Handlowych. Odmienne regulacje obowi\u0105zuj\u0105 tylko wtedy, gdy zosta\u0142y uzgodnione w formie pisemnej pomi\u0119dzy Onlineshop zeitlos a klientem.<\/p>\r\n\r\n\r\n\r\n<p><strong>2. Zawarcie umowy<\/strong><br>a) Oferty sklepu internetowego ponadczasowe w Internecie s\u0105 niewi\u0105\u017c\u0105cym zaproszeniem dla klienta do zam\u00f3wienia towaru w sklepie internetowym.<br>b) Klient sk\u0142ada wi\u0105\u017c\u0105c\u0105 ofert\u0119 zawarcia umowy kupna przy zam\u00f3wieniu towaru w Internecie.<br>c) Sklep internetowy zeitlos jest uprawniony do przyj\u0119cia tej oferty w ci\u0105gu 2 dni kalendarzowych poprzez wys\u0142anie potwierdzenia zam\u00f3wienia. Potwierdzenie zam\u00f3wienia zostanie wys\u0142ane poczt\u0105 elektroniczn\u0105. W przypadku braku odpowiedzi w ci\u0105gu 2 dni, ofert\u0119 uwa\u017ca si\u0119 za odrzucon\u0105.<\/p>\r\n\r\n\r\n\r\n<p><strong>3. Czas dostawy<\/strong><br>Wszystkie przedmioty zostan\u0105 dostarczone natychmiast, je\u015bli b\u0119d\u0105 dost\u0119pne z magazynu i tylko do wyczerpania zapas\u00f3w.<br>Dostawa jest realizowana tylko na terenie Niemiec. Czas dostawy wynosi z regu\u0142y 5 dni roboczych i rozpoczyna si\u0119 od wys\u0142ania potwierdzenia zam\u00f3wienia. Podanie czasu dostawy jest niewi\u0105\u017c\u0105ce, chyba \u017ce istnieje pisemne porozumienie o odmiennej tre\u015bci.<br>Je\u015bli przedmiot nie jest dost\u0119pny w kr\u00f3tkim czasie, poinformujemy Ci\u0119 e-mailem o przewidywanym czasie dostawy, pod warunkiem, \u017ce mamy Tw\u00f3j adres.<br>Niekt\u00f3re przedmioty maj\u0105 d\u0142u\u017cszy czas dostawy.<br>W przypadku op\u00f3\u017anie\u0144 w dostawie, spowodowanych np. si\u0142\u0105 wy\u017csz\u0105, zak\u0142\u00f3ceniami w ruchu drogowym oraz nakazami w\u0142adz wy\u017cszych, jak r\u00f3wnie\u017c innymi zdarzeniami, za kt\u00f3re sklep internetowy zeitlos nie ponosi odpowiedzialno\u015bci, nie ma mo\u017cliwo\u015bci dochodzenia roszcze\u0144 odszkodowawczych wobec sklepu internetowego zeitlos.<\/p>\r\n\r\n\r\n\r\n<p><strong>4. Koszty opakowania i wysy\u0142ki<\/strong><br>Za dostaw\u0119 na terenie Niemiec i koszty opakowania sklep internetowy zeitlos pobiera proporcjonaln\u0105 stawk\u0119 rycza\u0142tow\u0105 w wysoko\u015bci EUR, niezale\u017cnie od liczby i wagi przedmiot\u00f3w.<br>W przypadku zam\u00f3wie\u0144 o warto\u015bci powy\u017cej EUR dostarczamy bezp\u0142atnie koszty wysy\u0142ki na terenie Niemiec (z wy\u0142\u0105czeniem tego). Na \u017cyczenie klienta mo\u017cliwe s\u0105 r\u00f3wnie\u017c dostawy ekspresowe. Klient ponosi dodatkowe koszty z tym zwi\u0105zane.<br><br><strong>5. Ceny i p\u0142atno\u015bci<\/strong><br>1. Wszystkie podane ceny s\u0105 cenami ostatecznymi, kt\u00f3re zawieraj\u0105 ustawowy podatek VAT wynosz\u0105cy obecnie 19 %.<br>2. Ceny ko\u0144cowe nie zawieraj\u0105 koszt\u00f3w opakowania i wysy\u0142ki.<br>3. W zwi\u0105zku z ci\u0105g\u0142\u0105 aktualizacj\u0105 stron internetowych sklepu internetowego zeitlos , informacje podane we wcze\u015bniejszym momencie odno\u015bnie ceny i stanu towaru trac\u0105 swoj\u0105 wa\u017cno\u015b\u0107.<br>4. Decyduj\u0105ce znaczenie dla fakturowania ma cena podana w momencie sk\u0142adania oferty przez klienta.<br>5. Zap\u0142ata za towar nast\u0119puje na konto. Wyj\u0105tki obowi\u0105zuj\u0105 tylko wtedy, gdy zosta\u0142y uzgodnione w formie pisemnej pomi\u0119dzy sklepem internetowym Bezczas i klientem.<br>6. Klient zobowi\u0105zany jest do zap\u0142aty kwoty wynikaj\u0105cej z faktury w ci\u0105gu 14 dni od otrzymania towaru.<br>7. Je\u017celi po up\u0142ywie terminu wskazanego w punkcie nr 6 Klient nie wywi\u0105za\u0142 si\u0119 z obowi\u0105zku zap\u0142aty, Sklep internetowy zeitlos zastrzega sobie prawo do obci\u0105\u017cenia Klienta dodatkowymi kosztami upomnienia i obs\u0142ugi wynikaj\u0105cymi z tego tytu\u0142u.<br>8. Je\u017celi klient zalega z p\u0142atno\u015bci\u0105, sklep internetowy zeitlos jest uprawniony do \u017c\u0105dania odsetek za zw\u0142ok\u0119 w wysoko\u015bci przewidzianej prawem. Nie narusza to prawa sklepu internetowego zeitlos do ewentualnego dochodzenia dalszych roszcze\u0144 odszkodowawczych.<br><br><strong>6. Zachowanie tytu\u0142u<\/strong><br>Zam\u00f3wiony towar pozostaje w\u0142asno\u015bci\u0105 sklepu internetowego zeitlos do momentu dokonania pe\u0142nej zap\u0142aty (zastrze\u017cenie w\u0142asno\u015bci zgodnie z \u00a7 449 BGB). Wcze\u015bniejsze przeniesienie w\u0142asno\u015bci, zastawienie, przeniesienie w drodze zabezpieczenia, przetwarzanie lub przekszta\u0142canie towaru jest niedozwolone bez wyra\u017anej zgody sklepu internetowego zeitlos.<\/p>\r\n\r\n\r\n\r\n<p><strong>7. Gwarancja<\/strong><br>1. Roszczenia klienta wobec sklepu internetowego zeitlos wynikaj\u0105ce z wady towaru podlegaj\u0105 przepisom ustawowym.<br>2. Klient zobowi\u0105zuje si\u0119 do sprawdzenia towaru przy odbiorze pod k\u0105tem ewentualnych wad i do niezw\u0142ocznego poinformowania sklepu internetowego w przypadku stwierdzenia takich wad. Je\u017celi klient stwierdzi w p\u00f3\u017aniejszym czasie, \u017ce towar jest wadliwy, jest zobowi\u0105zany do poinformowania o tym sklepu internetowego niezw\u0142ocznie po stwierdzeniu wady. Je\u017celi klient nie zg\u0142osi wady, towar uznaje si\u0119 za zaakceptowany.<br>3. Wady towaru nie obejmuj\u0105 szk\u00f3d spowodowanych przez klienta poprzez niew\u0142a\u015bciwe lub niezgodne z umow\u0105 obchodzenie si\u0119 z nim. O niew\u0142a\u015bciwym i bezumownym obchodzeniu si\u0119 z towarem decyduj\u0105 informacje podane przez producenta towaru.<\/p>\r\n\r\n\r\n\r\n<p><strong>8. Ograniczenie odpowiedzialno\u015bci<\/strong><br>Sklep internetowy zeitlos odpowiada wy\u0142\u0105cznie za szkody, kt\u00f3re wynikaj\u0105 z ra\u017c\u0105co niedba\u0142ego lub umy\u015blnego dzia\u0142ania lub z zawinionego naruszenia istotnych zobowi\u0105za\u0144 umownych i zosta\u0142y spowodowane przez niego samego lub jednego z jego pomocnik\u00f3w. Wszelkie dalsze roszczenia odszkodowawcze s\u0105 wykluczone. Postanowienia ustawy o odpowiedzialno\u015bci za produkt pozostaj\u0105 nienaruszone.<br>Ponadto sklep internetowy zeitlos nie ponosi odpowiedzialno\u015bci za nieograniczon\u0105 dost\u0119pno\u015b\u0107 samego sklepu internetowego, poniewa\u017c nie mo\u017ce zagwarantowa\u0107 wymaganej do tego p\u0142ynnej i bezb\u0142\u0119dnej transmisji danych przez Internet.<\/p>\r\n\r\n\r\n\r\n<p><strong>9. Ochrona danych<\/strong><br>Dane przekazane przez klienta b\u0119d\u0105 wykorzystywane przez sklep internetowy zeitlos wy\u0142\u0105cznie do realizacji zam\u00f3wie\u0144. Wszystkie dane traktowane s\u0105 jako \u015bci\u015ble poufne. Dane b\u0119d\u0105 przekazywane osobom trzecim (np. firmom spedycyjnym) tylko wtedy, gdy b\u0119dzie to konieczne do realizacji zam\u00f3wienia. Dane dotycz\u0105ce zam\u00f3wie\u0144 s\u0105 przekazywane w formie zaszyfrowanej i zabezpieczonej, jednak nie ponosimy odpowiedzialno\u015bci za bezpiecze\u0144stwo danych podczas tych transmisji przez Internet (np. z powodu b\u0142\u0119d\u00f3w technicznych dostawcy) lub za nieuprawniony dost\u0119p os\u00f3b trzecich do plik\u00f3w na naszej stronie internetowej. Przekazane na \u017cyczenie klienta dane logowania klienta musz\u0105 by\u0107 traktowane przez klienta jako \u015bci\u015ble poufne, poniewa\u017c nie ponosimy odpowiedzialno\u015bci za wykorzystanie i zastosowanie tych danych.<\/p>\r\n\r\n\r\n\r\n<p><strong>10. Copyright<\/strong><br>Wszystkie loga, obrazy i grafiki os\u00f3b trzecich s\u0105 w\u0142asno\u015bci\u0105 odpowiednich firm i podlegaj\u0105 prawom autorskim odpowiednich licencjodawc\u00f3w. Wszystkie zdj\u0119cia, loga, teksty, raporty, skrypty i procedury programistyczne przedstawione na tych stronach, kt\u00f3re s\u0105 naszym w\u0142asnym opracowaniem lub zosta\u0142y przez nas przygotowane, nie mog\u0105 by\u0107 kopiowane ani wykorzystywane w \u017caden inny spos\u00f3b bez naszej zgody. Wszelkie prawa zastrze\u017cone.<\/p>\r\n\r\n\r\n\r\n<p><strong>11. Linki na naszych stronach<\/strong><br>W wyroku z dnia 12 maja 1998 r. &#8211; 312 O 85\/98 &#8211; &#8222;Odpowiedzialno\u015b\u0107 za linki&#8221; S\u0105d Okr\u0119gowy w Hamburgu orzek\u0142, \u017ce zamieszczenie link\u00f3w prowadzi r\u00f3wnie\u017c do wsp\u00f3\u0142odpowiedzialno\u015bci za materia\u0142y oferowane za ich po\u015brednictwem. Wed\u0142ug S\u0105du Krajowego mo\u017cna temu zapobiec jedynie poprzez wyra\u017ane zdystansowanie si\u0119 od tych tre\u015bci. Dlatego niniejszym wyra\u017anie dystansujemy si\u0119 od wszystkich tre\u015bci wszystkich stron, do kt\u00f3rych prowadz\u0105 linki na tej stronie. To o\u015bwiadczenie dotyczy wszystkich link\u00f3w na naszej stronie internetowej.<\/p>\r\n\r\n\r\n\r\n<p><strong>12. Miejsce jurysdykcji<\/strong><br>1. O ile przepisy prawa nie stanowi\u0105 inaczej, miejscem jurysdykcji jest siedziba sklepu internetowego zeitlos.<br>2. Do wszystkich spor\u00f3w, kt\u00f3re mog\u0105 wynika\u0107 z tego stosunku prawnego, stosuje si\u0119 prawo niemieckie. Zastosowanie prawa sprzeda\u017cy ONZ jest wykluczone.<\/p>\r\n\r\n\r\n\r\n<p><strong>13. Wa\u017cno\u015b\u0107 GTC<\/strong><br>Z\u0142o\u017cenie zam\u00f3wienia jest r\u00f3wnoznaczne z akceptacj\u0105 og\u00f3lnych warunk\u00f3w sklepu internetowego zeitlos. Je\u017celi kt\u00f3rekolwiek z postanowie\u0144 niniejszych Og\u00f3lnych Warunk\u00f3w Handlowych jest z jakiegokolwiek powodu niewa\u017cne, nie narusza to wa\u017cno\u015bci pozosta\u0142ych postanowie\u0144. Uzgodnienia ustne wymagaj\u0105 pisemnego potwierdzenia.<\/p>\r\n\r\n","protected":false},"excerpt":{"rendered":"<p>Og\u00f3lne warunki handlowe sklepu internetowego zeitlos vertrieb &#038; design GmbH(zwanym dalej sklepem internetowym zeitlos) 1. Og\u00f3lneWszystkie us\u0142ugi \u015bwiadczone przez Onlineshop zeitlos na rzecz klienta s\u0105 realizowane wy\u0142\u0105cznie na podstawie poni\u017cszych &#8230;<\/p>\n","protected":false},"author":1,"featured_media":0,"parent":0,"menu_order":0,"comment_status":"closed","ping_status":"closed","template":"","meta":{"footnotes":""},"class_list":["post-114","page","type-page","status-publish","hentry"],"yoast_head":"<!-- This site is optimized with the Yoast SEO plugin v27.4 - https:\/\/yoast.com\/product\/yoast-seo-wordpress\/ -->\n<title>Og\u00f3lne zasady i warunki<\/title>\n<meta name=\"description\" content=\"Og\u00f3lne warunki handlowe sklepu internetowego zeitlos vertrieb &amp; design GmbH(zwanym dalej sklepem internetowym zeitlos) 1. Og\u00f3lneWszystkie us\u0142ugi \u015bwiadczone przez Onlineshop zeitlos na rzecz klienta s\u0105 realizowane wy\u0142\u0105cznie na podstawie poni\u017cszych Og\u00f3lnych Warunk\u00f3w Handlowych. Odmienne regulacje obowi\u0105zuj\u0105 tylko wtedy, gdy zosta\u0142y uzgodnione w formie pisemnej pomi\u0119dzy Onlineshop zeitlos a klientem. 2. Zawarcie umowya) Oferty sklepu internetowego&hellip;\" \/>\n<meta name=\"robots\" content=\"noindex, follow\" \/>\n<meta property=\"og:locale\" content=\"pl_PL\" \/>\n<meta property=\"og:type\" content=\"article\" \/>\n<meta property=\"og:title\" content=\"Og\u00f3lne zasady i warunki\" \/>\n<meta property=\"og:description\" content=\"Og\u00f3lne warunki handlowe sklepu internetowego zeitlos vertrieb &amp; design GmbH(zwanym dalej sklepem internetowym zeitlos) 1. Og\u00f3lneWszystkie us\u0142ugi \u015bwiadczone przez Onlineshop zeitlos na rzecz klienta s\u0105 realizowane wy\u0142\u0105cznie na podstawie poni\u017cszych Og\u00f3lnych Warunk\u00f3w Handlowych. Odmienne regulacje obowi\u0105zuj\u0105 tylko wtedy, gdy zosta\u0142y uzgodnione w formie pisemnej pomi\u0119dzy Onlineshop zeitlos a klientem. 2. Zawarcie umowya) Oferty sklepu internetowego&hellip;\" \/>\n<meta property=\"og:url\" content=\"https:\/\/www.zeitlos-vertrieb.de\/pl\/zasady\/\" \/>\n<meta property=\"og:site_name\" content=\"ZEITLOS\" \/>\n<meta property=\"article:modified_time\" content=\"2023-01-17T09:26:47+00:00\" \/>\n<meta name=\"twitter:card\" content=\"summary_large_image\" \/>\n<script type=\"application\/ld+json\" class=\"yoast-schema-graph\">{\"@context\":\"https:\\\/\\\/schema.org\",\"@graph\":[{\"@type\":\"WebPage\",\"@id\":\"https:\\\/\\\/www.zeitlos-vertrieb.de\\\/pl\\\/zasady\\\/\",\"url\":\"https:\\\/\\\/www.zeitlos-vertrieb.de\\\/pl\\\/zasady\\\/\",\"name\":\"ZEITLOS - AGB\",\"isPartOf\":{\"@id\":\"https:\\\/\\\/www.zeitlos-vertrieb.de\\\/#website\"},\"datePublished\":\"2020-10-12T07:57:22+00:00\",\"dateModified\":\"2023-01-17T09:26:47+00:00\",\"description\":\"Zeitlos bietet als Outsourcing-Dienstleister im Logistik- und Fulfillmentbereich innovative L\u00f6sungen f\u00fcr alle Prozesse im After Sales Service.\",\"breadcrumb\":{\"@id\":\"https:\\\/\\\/www.zeitlos-vertrieb.de\\\/pl\\\/zasady\\\/#breadcrumb\"},\"inLanguage\":\"pl-PL\",\"potentialAction\":[{\"@type\":\"ReadAction\",\"target\":[\"https:\\\/\\\/www.zeitlos-vertrieb.de\\\/pl\\\/zasady\\\/\"]}]},{\"@type\":\"BreadcrumbList\",\"@id\":\"https:\\\/\\\/www.zeitlos-vertrieb.de\\\/pl\\\/zasady\\\/#breadcrumb\",\"itemListElement\":[{\"@type\":\"ListItem\",\"position\":1,\"name\":\"Startseite\",\"item\":\"https:\\\/\\\/www.zeitlos-vertrieb.de\\\/\"},{\"@type\":\"ListItem\",\"position\":2,\"name\":\"Og\u00f3lne zasady i warunki\"}]},{\"@type\":\"WebSite\",\"@id\":\"https:\\\/\\\/www.zeitlos-vertrieb.de\\\/pl\\\/#website\",\"url\":\"https:\\\/\\\/www.zeitlos-vertrieb.de\\\/pl\\\/\",\"name\":\"ZEITLOS\",\"description\":\"Design- und Vertriebs GmbH\",\"publisher\":{\"@id\":\"https:\\\/\\\/www.zeitlos-vertrieb.de\\\/pl\\\/#organization\"},\"potentialAction\":[{\"@type\":\"SearchAction\",\"target\":{\"@type\":\"EntryPoint\",\"urlTemplate\":\"https:\\\/\\\/www.zeitlos-vertrieb.de\\\/pl\\\/?s={search_term_string}\"},\"query-input\":{\"@type\":\"PropertyValueSpecification\",\"valueRequired\":true,\"valueName\":\"search_term_string\"}}],\"inLanguage\":\"pl-PL\"},{\"@type\":\"Organization\",\"@id\":\"https:\\\/\\\/www.zeitlos-vertrieb.de\\\/pl\\\/#organization\",\"name\":\"ZEITLOS Design- und Vertriebs GmbH\",\"url\":\"https:\\\/\\\/www.zeitlos-vertrieb.de\\\/pl\\\/\",\"logo\":{\"@type\":\"ImageObject\",\"inLanguage\":\"pl-PL\",\"@id\":\"https:\\\/\\\/www.zeitlos-vertrieb.de\\\/pl\\\/#\\\/schema\\\/logo\\\/image\\\/\",\"url\":\"https:\\\/\\\/www.zeitlos-vertrieb.de\\\/wp-content\\\/uploads\\\/2020\\\/10\\\/Logo2.png\",\"contentUrl\":\"https:\\\/\\\/www.zeitlos-vertrieb.de\\\/wp-content\\\/uploads\\\/2020\\\/10\\\/Logo2.png\",\"width\":551,\"height\":154,\"caption\":\"ZEITLOS Design- und Vertriebs GmbH\"},\"image\":{\"@id\":\"https:\\\/\\\/www.zeitlos-vertrieb.de\\\/pl\\\/#\\\/schema\\\/logo\\\/image\\\/\"}}]}<\/script>\n<!-- \/ Yoast SEO plugin. -->","yoast_head_json":{"title":"Og\u00f3lne zasady i warunki","description":"Og\u00f3lne warunki handlowe sklepu internetowego zeitlos vertrieb & design GmbH(zwanym dalej sklepem internetowym zeitlos) 1. Og\u00f3lneWszystkie us\u0142ugi \u015bwiadczone przez Onlineshop zeitlos na rzecz klienta s\u0105 realizowane wy\u0142\u0105cznie na podstawie poni\u017cszych Og\u00f3lnych Warunk\u00f3w Handlowych. Odmienne regulacje obowi\u0105zuj\u0105 tylko wtedy, gdy zosta\u0142y uzgodnione w formie pisemnej pomi\u0119dzy Onlineshop zeitlos a klientem. 2. Zawarcie umowya) Oferty sklepu internetowego&hellip;","robots":{"index":"noindex","follow":"follow"},"og_locale":"pl_PL","og_type":"article","og_title":"Og\u00f3lne zasady i warunki","og_description":"Og\u00f3lne warunki handlowe sklepu internetowego zeitlos vertrieb & design GmbH(zwanym dalej sklepem internetowym zeitlos) 1. Og\u00f3lneWszystkie us\u0142ugi \u015bwiadczone przez Onlineshop zeitlos na rzecz klienta s\u0105 realizowane wy\u0142\u0105cznie na podstawie poni\u017cszych Og\u00f3lnych Warunk\u00f3w Handlowych. Odmienne regulacje obowi\u0105zuj\u0105 tylko wtedy, gdy zosta\u0142y uzgodnione w formie pisemnej pomi\u0119dzy Onlineshop zeitlos a klientem. 2. Zawarcie umowya) Oferty sklepu internetowego&hellip;","og_url":"https:\/\/www.zeitlos-vertrieb.de\/pl\/zasady\/","og_site_name":"ZEITLOS","article_modified_time":"2023-01-17T09:26:47+00:00","twitter_card":"summary_large_image","schema":{"@context":"https:\/\/schema.org","@graph":[{"@type":"WebPage","@id":"https:\/\/www.zeitlos-vertrieb.de\/pl\/zasady\/","url":"https:\/\/www.zeitlos-vertrieb.de\/pl\/zasady\/","name":"ZEITLOS - AGB","isPartOf":{"@id":"https:\/\/www.zeitlos-vertrieb.de\/#website"},"datePublished":"2020-10-12T07:57:22+00:00","dateModified":"2023-01-17T09:26:47+00:00","description":"Zeitlos bietet als Outsourcing-Dienstleister im Logistik- und Fulfillmentbereich innovative L\u00f6sungen f\u00fcr alle Prozesse im After Sales Service.","breadcrumb":{"@id":"https:\/\/www.zeitlos-vertrieb.de\/pl\/zasady\/#breadcrumb"},"inLanguage":"pl-PL","potentialAction":[{"@type":"ReadAction","target":["https:\/\/www.zeitlos-vertrieb.de\/pl\/zasady\/"]}]},{"@type":"BreadcrumbList","@id":"https:\/\/www.zeitlos-vertrieb.de\/pl\/zasady\/#breadcrumb","itemListElement":[{"@type":"ListItem","position":1,"name":"Startseite","item":"https:\/\/www.zeitlos-vertrieb.de\/"},{"@type":"ListItem","position":2,"name":"Og\u00f3lne zasady i warunki"}]},{"@type":"WebSite","@id":"https:\/\/www.zeitlos-vertrieb.de\/pl\/#website","url":"https:\/\/www.zeitlos-vertrieb.de\/pl\/","name":"ZEITLOS","description":"Design- und Vertriebs GmbH","publisher":{"@id":"https:\/\/www.zeitlos-vertrieb.de\/pl\/#organization"},"potentialAction":[{"@type":"SearchAction","target":{"@type":"EntryPoint","urlTemplate":"https:\/\/www.zeitlos-vertrieb.de\/pl\/?s={search_term_string}"},"query-input":{"@type":"PropertyValueSpecification","valueRequired":true,"valueName":"search_term_string"}}],"inLanguage":"pl-PL"},{"@type":"Organization","@id":"https:\/\/www.zeitlos-vertrieb.de\/pl\/#organization","name":"ZEITLOS Design- und Vertriebs GmbH","url":"https:\/\/www.zeitlos-vertrieb.de\/pl\/","logo":{"@type":"ImageObject","inLanguage":"pl-PL","@id":"https:\/\/www.zeitlos-vertrieb.de\/pl\/#\/schema\/logo\/image\/","url":"https:\/\/www.zeitlos-vertrieb.de\/wp-content\/uploads\/2020\/10\/Logo2.png","contentUrl":"https:\/\/www.zeitlos-vertrieb.de\/wp-content\/uploads\/2020\/10\/Logo2.png","width":551,"height":154,"caption":"ZEITLOS Design- und Vertriebs GmbH"},"image":{"@id":"https:\/\/www.zeitlos-vertrieb.de\/pl\/#\/schema\/logo\/image\/"}}]}},"_links":{"self":[{"href":"https:\/\/www.zeitlos-vertrieb.de\/pl\/wp-json\/wp\/v2\/pages\/114","targetHints":{"allow":["GET"]}}],"collection":[{"href":"https:\/\/www.zeitlos-vertrieb.de\/pl\/wp-json\/wp\/v2\/pages"}],"about":[{"href":"https:\/\/www.zeitlos-vertrieb.de\/pl\/wp-json\/wp\/v2\/types\/page"}],"author":[{"embeddable":true,"href":"https:\/\/www.zeitlos-vertrieb.de\/pl\/wp-json\/wp\/v2\/users\/1"}],"replies":[{"embeddable":true,"href":"https:\/\/www.zeitlos-vertrieb.de\/pl\/wp-json\/wp\/v2\/comments?post=114"}],"version-history":[{"count":10,"href":"https:\/\/www.zeitlos-vertrieb.de\/pl\/wp-json\/wp\/v2\/pages\/114\/revisions"}],"predecessor-version":[{"id":343,"href":"https:\/\/www.zeitlos-vertrieb.de\/pl\/wp-json\/wp\/v2\/pages\/114\/revisions\/343"}],"wp:attachment":[{"href":"https:\/\/www.zeitlos-vertrieb.de\/pl\/wp-json\/wp\/v2\/media?parent=114"}],"curies":[{"name":"wp","href":"https:\/\/api.w.org\/{rel}","templated":true}]}}