{"id":112,"date":"2020-10-12T09:56:59","date_gmt":"2020-10-12T07:56:59","guid":{"rendered":"https:\/\/www2.zeitlos-vertrieb.de\/?page_id=112"},"modified":"2023-01-17T10:27:39","modified_gmt":"2023-01-17T09:27:39","slug":"haftungsausschluss","status":"publish","type":"page","link":"https:\/\/www.zeitlos-vertrieb.de\/pt\/responsabilidade\/","title":{"rendered":"Ren\u00fancia de responsabilidade"},"content":{"rendered":"\r\n\r\n<strong>Conte\u00fado da oferta online<\/strong><br \/>\r\nzeitlos design + vertriebs GmbH reserva-se o direito de n\u00e3o ser respons\u00e1vel pela actualidade ou integralidade da informa\u00e7\u00e3o fornecida. As reclama\u00e7\u00f5es de responsabilidade contra a zeitlos design + vertriebs GmbH relativas a danos materiais ou n\u00e3o materiais causados pela utiliza\u00e7\u00e3o ou n\u00e3o utiliza\u00e7\u00e3o das informa\u00e7\u00f5es fornecidas ou pela utiliza\u00e7\u00e3o de informa\u00e7\u00f5es incorrectas ou incompletas s\u00e3o exclu\u00eddas por princ\u00edpio, a menos que se possa provar que a zeitlos design + vertriebs GmbH agiu com inten\u00e7\u00e3o ou neglig\u00eancia grave.<br \/><br \/>\r\n\r\nTodas as ofertas est\u00e3o sujeitas a altera\u00e7\u00f5es sem aviso pr\u00e9vio e n\u00e3o s\u00e3o vinculativas. zeitlos design + vertriebs GmbH reserva-se expressamente o direito de alterar, complementar ou eliminar partes das p\u00e1ginas ou a oferta inteira sem aviso pr\u00e9vio ou de cessar a publica\u00e7\u00e3o tempor\u00e1ria ou permanentemente.\r\n","protected":false},"excerpt":{"rendered":"<p>Conte\u00fado da oferta online zeitlos design + vertriebs GmbH reserva-se o direito de n\u00e3o ser respons\u00e1vel pela actualidade ou integralidade da informa\u00e7\u00e3o fornecida. As reclama\u00e7\u00f5es de responsabilidade contra a zeitlos &#8230;<\/p>\n","protected":false},"author":1,"featured_media":0,"parent":0,"menu_order":0,"comment_status":"closed","ping_status":"closed","template":"","meta":{"footnotes":""},"class_list":["post-112","page","type-page","status-publish","hentry"],"yoast_head":"<!-- This site is optimized with the Yoast SEO plugin v27.4 - https:\/\/yoast.com\/product\/yoast-seo-wordpress\/ -->\n<title>Ren\u00fancia de responsabilidade<\/title>\n<meta name=\"description\" content=\"Conte\u00fado da oferta online zeitlos design + vertriebs GmbH reserva-se o direito de n\u00e3o ser respons\u00e1vel pela actualidade ou integralidade da informa\u00e7\u00e3o fornecida. As reclama\u00e7\u00f5es de responsabilidade contra a zeitlos design + vertriebs GmbH relativas a danos materiais ou n\u00e3o materiais causados pela utiliza\u00e7\u00e3o ou n\u00e3o utiliza\u00e7\u00e3o das informa\u00e7\u00f5es fornecidas ou pela utiliza\u00e7\u00e3o de informa\u00e7\u00f5es&hellip;\" \/>\n<meta name=\"robots\" content=\"noindex, follow\" \/>\n<meta property=\"og:locale\" content=\"pt_PT\" \/>\n<meta property=\"og:type\" content=\"article\" \/>\n<meta property=\"og:title\" content=\"Ren\u00fancia de responsabilidade\" \/>\n<meta property=\"og:description\" content=\"Conte\u00fado da oferta online zeitlos design + vertriebs GmbH reserva-se o direito de n\u00e3o ser respons\u00e1vel pela actualidade ou integralidade da informa\u00e7\u00e3o fornecida. As reclama\u00e7\u00f5es de responsabilidade contra a zeitlos design + vertriebs GmbH relativas a danos materiais ou n\u00e3o materiais causados pela utiliza\u00e7\u00e3o ou n\u00e3o utiliza\u00e7\u00e3o das informa\u00e7\u00f5es fornecidas ou pela utiliza\u00e7\u00e3o de informa\u00e7\u00f5es&hellip;\" \/>\n<meta property=\"og:url\" content=\"https:\/\/www.zeitlos-vertrieb.de\/pt\/responsabilidade\/\" \/>\n<meta property=\"og:site_name\" content=\"ZEITLOS\" \/>\n<meta property=\"article:modified_time\" content=\"2023-01-17T09:27:39+00:00\" \/>\n<meta name=\"twitter:card\" content=\"summary_large_image\" \/>\n<script type=\"application\/ld+json\" class=\"yoast-schema-graph\">{\"@context\":\"https:\\\/\\\/schema.org\",\"@graph\":[{\"@type\":\"WebPage\",\"@id\":\"https:\\\/\\\/www.zeitlos-vertrieb.de\\\/pt\\\/responsabilidade\\\/\",\"url\":\"https:\\\/\\\/www.zeitlos-vertrieb.de\\\/pt\\\/responsabilidade\\\/\",\"name\":\"ZEITLOS - Haftungsausschluss\",\"isPartOf\":{\"@id\":\"https:\\\/\\\/www.zeitlos-vertrieb.de\\\/#website\"},\"datePublished\":\"2020-10-12T07:56:59+00:00\",\"dateModified\":\"2023-01-17T09:27:39+00:00\",\"description\":\"Zeitlos bietet als Outsourcing-Dienstleister im Logistik- und Fulfillmentbereich innovative L\u00f6sungen f\u00fcr alle Prozesse im After Sales Service.\",\"breadcrumb\":{\"@id\":\"https:\\\/\\\/www.zeitlos-vertrieb.de\\\/pt\\\/responsabilidade\\\/#breadcrumb\"},\"inLanguage\":\"pt-PT\",\"potentialAction\":[{\"@type\":\"ReadAction\",\"target\":[\"https:\\\/\\\/www.zeitlos-vertrieb.de\\\/pt\\\/responsabilidade\\\/\"]}]},{\"@type\":\"BreadcrumbList\",\"@id\":\"https:\\\/\\\/www.zeitlos-vertrieb.de\\\/pt\\\/responsabilidade\\\/#breadcrumb\",\"itemListElement\":[{\"@type\":\"ListItem\",\"position\":1,\"name\":\"Startseite\",\"item\":\"https:\\\/\\\/www.zeitlos-vertrieb.de\\\/\"},{\"@type\":\"ListItem\",\"position\":2,\"name\":\"Ren\u00fancia de responsabilidade\"}]},{\"@type\":\"WebSite\",\"@id\":\"https:\\\/\\\/www.zeitlos-vertrieb.de\\\/pt\\\/#website\",\"url\":\"https:\\\/\\\/www.zeitlos-vertrieb.de\\\/pt\\\/\",\"name\":\"ZEITLOS\",\"description\":\"Design- und Vertriebs GmbH\",\"publisher\":{\"@id\":\"https:\\\/\\\/www.zeitlos-vertrieb.de\\\/pt\\\/#organization\"},\"potentialAction\":[{\"@type\":\"SearchAction\",\"target\":{\"@type\":\"EntryPoint\",\"urlTemplate\":\"https:\\\/\\\/www.zeitlos-vertrieb.de\\\/pt\\\/?s={search_term_string}\"},\"query-input\":{\"@type\":\"PropertyValueSpecification\",\"valueRequired\":true,\"valueName\":\"search_term_string\"}}],\"inLanguage\":\"pt-PT\"},{\"@type\":\"Organization\",\"@id\":\"https:\\\/\\\/www.zeitlos-vertrieb.de\\\/pt\\\/#organization\",\"name\":\"ZEITLOS Design- und Vertriebs GmbH\",\"url\":\"https:\\\/\\\/www.zeitlos-vertrieb.de\\\/pt\\\/\",\"logo\":{\"@type\":\"ImageObject\",\"inLanguage\":\"pt-PT\",\"@id\":\"https:\\\/\\\/www.zeitlos-vertrieb.de\\\/pt\\\/#\\\/schema\\\/logo\\\/image\\\/\",\"url\":\"https:\\\/\\\/www.zeitlos-vertrieb.de\\\/wp-content\\\/uploads\\\/2020\\\/10\\\/Logo2.png\",\"contentUrl\":\"https:\\\/\\\/www.zeitlos-vertrieb.de\\\/wp-content\\\/uploads\\\/2020\\\/10\\\/Logo2.png\",\"width\":551,\"height\":154,\"caption\":\"ZEITLOS Design- und Vertriebs GmbH\"},\"image\":{\"@id\":\"https:\\\/\\\/www.zeitlos-vertrieb.de\\\/pt\\\/#\\\/schema\\\/logo\\\/image\\\/\"}}]}<\/script>\n<!-- \/ Yoast SEO plugin. -->","yoast_head_json":{"title":"Ren\u00fancia de responsabilidade","description":"Conte\u00fado da oferta online zeitlos design + vertriebs GmbH reserva-se o direito de n\u00e3o ser respons\u00e1vel pela actualidade ou integralidade da informa\u00e7\u00e3o fornecida. As reclama\u00e7\u00f5es de responsabilidade contra a zeitlos design + vertriebs GmbH relativas a danos materiais ou n\u00e3o materiais causados pela utiliza\u00e7\u00e3o ou n\u00e3o utiliza\u00e7\u00e3o das informa\u00e7\u00f5es fornecidas ou pela utiliza\u00e7\u00e3o de informa\u00e7\u00f5es&hellip;","robots":{"index":"noindex","follow":"follow"},"og_locale":"pt_PT","og_type":"article","og_title":"Ren\u00fancia de responsabilidade","og_description":"Conte\u00fado da oferta online zeitlos design + vertriebs GmbH reserva-se o direito de n\u00e3o ser respons\u00e1vel pela actualidade ou integralidade da informa\u00e7\u00e3o fornecida. As reclama\u00e7\u00f5es de responsabilidade contra a zeitlos design + vertriebs GmbH relativas a danos materiais ou n\u00e3o materiais causados pela utiliza\u00e7\u00e3o ou n\u00e3o utiliza\u00e7\u00e3o das informa\u00e7\u00f5es fornecidas ou pela utiliza\u00e7\u00e3o de informa\u00e7\u00f5es&hellip;","og_url":"https:\/\/www.zeitlos-vertrieb.de\/pt\/responsabilidade\/","og_site_name":"ZEITLOS","article_modified_time":"2023-01-17T09:27:39+00:00","twitter_card":"summary_large_image","schema":{"@context":"https:\/\/schema.org","@graph":[{"@type":"WebPage","@id":"https:\/\/www.zeitlos-vertrieb.de\/pt\/responsabilidade\/","url":"https:\/\/www.zeitlos-vertrieb.de\/pt\/responsabilidade\/","name":"ZEITLOS - Haftungsausschluss","isPartOf":{"@id":"https:\/\/www.zeitlos-vertrieb.de\/#website"},"datePublished":"2020-10-12T07:56:59+00:00","dateModified":"2023-01-17T09:27:39+00:00","description":"Zeitlos bietet als Outsourcing-Dienstleister im Logistik- und Fulfillmentbereich innovative L\u00f6sungen f\u00fcr alle Prozesse im After Sales Service.","breadcrumb":{"@id":"https:\/\/www.zeitlos-vertrieb.de\/pt\/responsabilidade\/#breadcrumb"},"inLanguage":"pt-PT","potentialAction":[{"@type":"ReadAction","target":["https:\/\/www.zeitlos-vertrieb.de\/pt\/responsabilidade\/"]}]},{"@type":"BreadcrumbList","@id":"https:\/\/www.zeitlos-vertrieb.de\/pt\/responsabilidade\/#breadcrumb","itemListElement":[{"@type":"ListItem","position":1,"name":"Startseite","item":"https:\/\/www.zeitlos-vertrieb.de\/"},{"@type":"ListItem","position":2,"name":"Ren\u00fancia de responsabilidade"}]},{"@type":"WebSite","@id":"https:\/\/www.zeitlos-vertrieb.de\/pt\/#website","url":"https:\/\/www.zeitlos-vertrieb.de\/pt\/","name":"ZEITLOS","description":"Design- und Vertriebs GmbH","publisher":{"@id":"https:\/\/www.zeitlos-vertrieb.de\/pt\/#organization"},"potentialAction":[{"@type":"SearchAction","target":{"@type":"EntryPoint","urlTemplate":"https:\/\/www.zeitlos-vertrieb.de\/pt\/?s={search_term_string}"},"query-input":{"@type":"PropertyValueSpecification","valueRequired":true,"valueName":"search_term_string"}}],"inLanguage":"pt-PT"},{"@type":"Organization","@id":"https:\/\/www.zeitlos-vertrieb.de\/pt\/#organization","name":"ZEITLOS Design- und Vertriebs GmbH","url":"https:\/\/www.zeitlos-vertrieb.de\/pt\/","logo":{"@type":"ImageObject","inLanguage":"pt-PT","@id":"https:\/\/www.zeitlos-vertrieb.de\/pt\/#\/schema\/logo\/image\/","url":"https:\/\/www.zeitlos-vertrieb.de\/wp-content\/uploads\/2020\/10\/Logo2.png","contentUrl":"https:\/\/www.zeitlos-vertrieb.de\/wp-content\/uploads\/2020\/10\/Logo2.png","width":551,"height":154,"caption":"ZEITLOS Design- und Vertriebs GmbH"},"image":{"@id":"https:\/\/www.zeitlos-vertrieb.de\/pt\/#\/schema\/logo\/image\/"}}]}},"_links":{"self":[{"href":"https:\/\/www.zeitlos-vertrieb.de\/pt\/wp-json\/wp\/v2\/pages\/112","targetHints":{"allow":["GET"]}}],"collection":[{"href":"https:\/\/www.zeitlos-vertrieb.de\/pt\/wp-json\/wp\/v2\/pages"}],"about":[{"href":"https:\/\/www.zeitlos-vertrieb.de\/pt\/wp-json\/wp\/v2\/types\/page"}],"author":[{"embeddable":true,"href":"https:\/\/www.zeitlos-vertrieb.de\/pt\/wp-json\/wp\/v2\/users\/1"}],"replies":[{"embeddable":true,"href":"https:\/\/www.zeitlos-vertrieb.de\/pt\/wp-json\/wp\/v2\/comments?post=112"}],"version-history":[{"count":4,"href":"https:\/\/www.zeitlos-vertrieb.de\/pt\/wp-json\/wp\/v2\/pages\/112\/revisions"}],"predecessor-version":[{"id":345,"href":"https:\/\/www.zeitlos-vertrieb.de\/pt\/wp-json\/wp\/v2\/pages\/112\/revisions\/345"}],"wp:attachment":[{"href":"https:\/\/www.zeitlos-vertrieb.de\/pt\/wp-json\/wp\/v2\/media?parent=112"}],"curies":[{"name":"wp","href":"https:\/\/api.w.org\/{rel}","templated":true}]}}