{"id":114,"date":"2020-10-12T09:57:22","date_gmt":"2020-10-12T07:57:22","guid":{"rendered":"https:\/\/www2.zeitlos-vertrieb.de\/?page_id=114"},"modified":"2023-01-17T10:26:47","modified_gmt":"2023-01-17T09:26:47","slug":"agb","status":"publish","type":"page","link":"https:\/\/www.zeitlos-vertrieb.de\/pt\/termos\/","title":{"rendered":"Termos e condi\u00e7\u00f5es gerais"},"content":{"rendered":"\r\n<p><strong>Termos e Condi\u00e7\u00f5es Gerais da Loja Online zeitlos vertrieb &#038; design GmbH<\/strong><br>(doravante referida como a loja online zeitlos)<br><\/p>\r\n\r\n\r\n\r\n<p><strong>1. Geral<\/strong><br>Todos os servi\u00e7os prestados pela loja online zeitlos para o cliente s\u00e3o exclusivamente baseados nos seguintes termos e condi\u00e7\u00f5es gerais. Os regulamentos divergentes s\u00f3 s\u00e3o v\u00e1lidos se tiverem sido acordados por escrito entre Onlineshop zeitlos e o cliente.<\/p>\r\n\r\n\r\n\r\n<p><strong>2. Celebra\u00e7\u00e3o do contrato<\/strong><br>a) As ofertas da loja online zeitlos na Internet s\u00e3o um convite n\u00e3o vinculativo ao cliente para encomendar mercadorias na loja online.<br>b) O cliente faz uma oferta vinculativa para celebrar um contrato de compra ao encomendar bens na Internet.<br>c) A loja online zeitlos tem o direito de aceitar esta oferta no prazo de 2 dias de calend\u00e1rio, enviando uma confirma\u00e7\u00e3o de encomenda. A confirma\u00e7\u00e3o da encomenda ser\u00e1 enviada por correio electr\u00f3nico. Se o prazo de 2 dias expirar sem resposta, a oferta ser\u00e1 considerada como tendo sido rejeitada.<\/p>\r\n\r\n\r\n\r\n<p><strong>3. Prazos de entrega<\/strong><br>Todos os artigos ser\u00e3o entregues imediatamente, se dispon\u00edveis a partir do stock e apenas enquanto durar o stock.<br>A entrega s\u00f3 \u00e9 feita dentro da Alemanha. O prazo de entrega \u00e9 normalmente de 5 dias \u00fateis e come\u00e7a com o envio da confirma\u00e7\u00e3o da encomenda. A indica\u00e7\u00e3o do prazo de entrega n\u00e3o \u00e9 vinculativa, a menos que haja um acordo escrito em contr\u00e1rio.<br>Se um artigo n\u00e3o estiver dispon\u00edvel a curto prazo, inform\u00e1-lo-emos por e-mail sobre o prazo de entrega previsto, desde que tenhamos o seu endere\u00e7o.<br>Alguns artigos t\u00eam um prazo de entrega mais longo.<br>Em caso de atrasos na entrega, por exemplo devido a for\u00e7a maior, interrup\u00e7\u00f5es de tr\u00e2nsito e encomendas de autoridades superiores, bem como outros eventos pelos quais a loja online zeitlos n\u00e3o \u00e9 respons\u00e1vel, n\u00e3o pode ser feita qualquer reclama\u00e7\u00e3o por danos contra a loja online zeitlos.<\/p>\r\n\r\n\r\n\r\n<p><strong>4. Custos de embalagem e envio<\/strong><br>Para entrega dentro da Alemanha e custos de embalagem, a loja online cobra uma taxa fixa pro rata de EUR, independentemente do n\u00famero e peso dos artigos.<br>Para encomendas com um valor de encomenda superior a EUR, entregamos sem custos de envio dentro da Alemanha (exclu\u00edda desta). A pedido do cliente, tamb\u00e9m podem ser feitas entregas expressas. O cliente suportar\u00e1 os custos adicionais incorridos.<br><br><strong>5. Pre\u00e7os e pagamento<\/strong><br>1. Todos os pre\u00e7os indicados s\u00e3o pre\u00e7os finais que incluem o IVA legal de 19 % actualmente.<br>2. Os pre\u00e7os finais n\u00e3o incluem os custos de embalagem e expedi\u00e7\u00e3o.<br>3. Devido \u00e0 constante actualiza\u00e7\u00e3o das p\u00e1ginas da Internet da loja online zeitlos , a informa\u00e7\u00e3o fornecida num momento anterior relativamente ao pre\u00e7o e estado da mercadoria perde a sua validade.<br>4. O pre\u00e7o indicado no momento da apresenta\u00e7\u00e3o da oferta do cliente ser\u00e1 decisivo para a factura\u00e7\u00e3o.<br>5. O pagamento das mercadorias ser\u00e1 efectuado por conta. As excep\u00e7\u00f5es s\u00f3 s\u00e3o v\u00e1lidas se tiverem sido acordadas por escrito entre a loja online zeitlos e o cliente.<br>6. O cliente \u00e9 obrigado a pagar o montante da factura no prazo de 14 dias ap\u00f3s a recep\u00e7\u00e3o da mercadoria.<br>7. Se o cliente n\u00e3o tiver cumprido a sua obriga\u00e7\u00e3o de pagamento ap\u00f3s o termo do prazo indicado no n.\u00ba 6, a Loja Online reserva o direito de cobrar ao cliente lembrete adicional e taxas de processamento decorrentes do mesmo.<br>8. Se o cliente estiver em atraso com o pagamento, a loja online zeitlos tem direito a reclamar juros de mora \u00e0 taxa legalmente prescrita. O direito da loja online zeitlos de eventualmente reivindicar outros pedidos de indemniza\u00e7\u00e3o n\u00e3o \u00e9 afectado por isto.<br><br><strong>6. Reten\u00e7\u00e3o do t\u00edtulo<\/strong><br>Os bens encomendados continuam a ser propriedade da loja online zeitlos at\u00e9 ao pagamento integral (reserva de propriedade de acordo com \u00a7 449 BGB). Antes da transfer\u00eancia de propriedade, penhora, transfer\u00eancia a t\u00edtulo de seguran\u00e7a, processamento ou transforma\u00e7\u00e3o da mercadoria n\u00e3o \u00e9 permitida sem o consentimento expresso da loja online zeitlos.<\/p>\r\n\r\n\r\n\r\n<p><strong>7. Garantia<\/strong><br>1. As reclama\u00e7\u00f5es do cliente contra a loja online intemporais decorrentes de um defeito na mercadoria ser\u00e3o regidas pelas disposi\u00e7\u00f5es legais.<br>2. O cliente compromete-se a inspeccionar a mercadoria em busca de quaisquer defeitos ap\u00f3s a sua recep\u00e7\u00e3o e a informar imediatamente a loja online se tais defeitos forem descobertos. Se o cliente descobrir posteriormente que a mercadoria est\u00e1 defeituosa, \u00e9 obrigado a informar a loja online imediatamente ap\u00f3s a descoberta da mesma. Se o cliente n\u00e3o comunicar um defeito, considera-se que a mercadoria foi aprovada.<br>3. Os defeitos na mercadoria n\u00e3o incluem danos causados pelo cliente atrav\u00e9s de manuseamento impr\u00f3prio ou extracontratual. As informa\u00e7\u00f5es fornecidas pelo fabricante da mercadoria s\u00e3o decisivas para um manuseamento impr\u00f3prio e extracontratual.<\/p>\r\n\r\n\r\n\r\n<p><strong>8. Limita\u00e7\u00e3o da responsabilidade<\/strong><br>A loja online zeitlos s\u00f3 \u00e9 respons\u00e1vel por danos que se baseiem em actos de neglig\u00eancia grosseira ou intencional ou em viola\u00e7\u00e3o culposa de uma obriga\u00e7\u00e3o contratual essencial e que tenham sido causados por ela pr\u00f3pria ou por um dos seus agentes de execu\u00e7\u00e3o. Est\u00e3o exclu\u00eddos quaisquer outros pedidos de indemniza\u00e7\u00e3o por danos. As disposi\u00e7\u00f5es da Lei de Responsabilidade pelo Produto n\u00e3o s\u00e3o afectadas.<br>Al\u00e9m disso, a loja online zeitlos n\u00e3o \u00e9 respons\u00e1vel pela disponibilidade irrestrita da pr\u00f3pria loja online, uma vez que n\u00e3o pode garantir a comunica\u00e7\u00e3o de dados fluida e livre de erros atrav\u00e9s da Internet que \u00e9 necess\u00e1ria para tal.<\/p>\r\n\r\n\r\n\r\n<p><strong>9. Protec\u00e7\u00e3o de dados<\/strong><br>Os dados transmitidos pelo cliente ser\u00e3o utilizados pela loja online zeitlos exclusivamente para o processamento das encomendas. Todos os dados s\u00e3o tratados como estritamente confidenciais. Os dados s\u00f3 ser\u00e3o transmitidos a terceiros (por exemplo, servi\u00e7os de expedi\u00e7\u00e3o) se tal for necess\u00e1rio para o processamento da encomenda. Os dados da encomenda s\u00e3o transmitidos de forma codificada e segura, mas n\u00e3o aceitamos qualquer responsabilidade pela seguran\u00e7a dos dados durante estas transmiss\u00f5es via Internet (por exemplo, devido a erros t\u00e9cnicos por parte do fornecedor) ou por qualquer acesso criminal por terceiros a ficheiros no nosso s\u00edtio da Internet. Os dados de login do cliente transmitidos ao cliente a pedido deste devem ser tratados como estritamente confidenciais pelo cliente, uma vez que n\u00e3o assumimos qualquer responsabilidade pela utiliza\u00e7\u00e3o e aplica\u00e7\u00e3o destes dados.<\/p>\r\n\r\n\r\n\r\n<p><strong>10. Copyright<\/strong><br>Todos os log\u00f3tipos, imagens e gr\u00e1ficos de terceiros s\u00e3o propriedade das respectivas empresas e est\u00e3o sujeitos aos direitos de autor dos respectivos licenciadores. Todas as fotografias, log\u00f3tipos, textos, relat\u00f3rios, roteiros e rotinas de programa\u00e7\u00e3o mostrados nestas p\u00e1ginas, que sejam nossos pr\u00f3prios desenvolvimentos ou que tenham sido preparados por n\u00f3s, n\u00e3o podem ser copiados ou utilizados de qualquer outra forma sem o nosso consentimento. Todos os direitos reservados.<\/p>\r\n\r\n\r\n\r\n<p><strong>11. Liga\u00e7\u00f5es nas nossas p\u00e1ginas<\/strong><br>No seu ac\u00f3rd\u00e3o de 12 de Maio de 1998 &#8211; 312 O 85\/98 &#8211; &#8220;Responsabilidade pelas liga\u00e7\u00f5es&#8221;, o Tribunal Regional de Hamburgo decidiu que a inclus\u00e3o de liga\u00e7\u00f5es tamb\u00e9m conduz \u00e0 co-responsabilidade do material oferecido atrav\u00e9s destas liga\u00e7\u00f5es. De acordo com o Tribunal Regional, isto s\u00f3 pode ser evitado se nos distanciarmos expressamente destes conte\u00fados. Por conseguinte, distanciamo-nos expressamente de todos os conte\u00fados de todas as p\u00e1ginas ligadas nesta p\u00e1gina inicial. Esta declara\u00e7\u00e3o aplica-se a todos os links do nosso website.<\/p>\r\n\r\n\r\n\r\n<p><strong>12. Local de jurisdi\u00e7\u00e3o<\/strong><br>1. Salvo disposi\u00e7\u00e3o legal em contr\u00e1rio, o local de jurisdi\u00e7\u00e3o \u00e9 a sede social da loja online zeitlos.<br>2. A lei alem\u00e3 \u00e9 aplic\u00e1vel a todos os lit\u00edgios que possam surgir desta rela\u00e7\u00e3o jur\u00eddica. A aplica\u00e7\u00e3o da lei de vendas da ONU est\u00e1 exclu\u00edda.<\/p>\r\n\r\n\r\n\r\n<p><strong>13. Validade do TCG<\/strong><br>Ao fazer uma encomenda, os termos e condi\u00e7\u00f5es gerais da loja online zeitlos. Se qualquer disposi\u00e7\u00e3o destes Termos e Condi\u00e7\u00f5es Gerais for nula, por qualquer raz\u00e3o, a validade das restantes disposi\u00e7\u00f5es permanecer\u00e1 inalterada. Os acordos verbais requerem confirma\u00e7\u00e3o por escrito.<\/p>\r\n\r\n","protected":false},"excerpt":{"rendered":"<p>Termos e Condi\u00e7\u00f5es Gerais da Loja Online zeitlos vertrieb &#038; design GmbH(doravante referida como a loja online zeitlos) 1. GeralTodos os servi\u00e7os prestados pela loja online zeitlos para o cliente &#8230;<\/p>\n","protected":false},"author":1,"featured_media":0,"parent":0,"menu_order":0,"comment_status":"closed","ping_status":"closed","template":"","meta":{"footnotes":""},"class_list":["post-114","page","type-page","status-publish","hentry"],"yoast_head":"<!-- This site is optimized with the Yoast SEO plugin v27.4 - https:\/\/yoast.com\/product\/yoast-seo-wordpress\/ -->\n<title>Termos e condi\u00e7\u00f5es gerais<\/title>\n<meta name=\"description\" content=\"Termos e Condi\u00e7\u00f5es Gerais da Loja Online zeitlos vertrieb &amp; design GmbH(doravante referida como a loja online zeitlos) 1. GeralTodos os servi\u00e7os prestados pela loja online zeitlos para o cliente s\u00e3o exclusivamente baseados nos seguintes termos e condi\u00e7\u00f5es gerais. Os regulamentos divergentes s\u00f3 s\u00e3o v\u00e1lidos se tiverem sido acordados por escrito entre Onlineshop zeitlos e&hellip;\" \/>\n<meta name=\"robots\" content=\"noindex, follow\" \/>\n<meta property=\"og:locale\" content=\"pt_PT\" \/>\n<meta property=\"og:type\" content=\"article\" \/>\n<meta property=\"og:title\" content=\"Termos e condi\u00e7\u00f5es gerais\" \/>\n<meta property=\"og:description\" content=\"Termos e Condi\u00e7\u00f5es Gerais da Loja Online zeitlos vertrieb &amp; design GmbH(doravante referida como a loja online zeitlos) 1. GeralTodos os servi\u00e7os prestados pela loja online zeitlos para o cliente s\u00e3o exclusivamente baseados nos seguintes termos e condi\u00e7\u00f5es gerais. Os regulamentos divergentes s\u00f3 s\u00e3o v\u00e1lidos se tiverem sido acordados por escrito entre Onlineshop zeitlos e&hellip;\" \/>\n<meta property=\"og:url\" content=\"https:\/\/www.zeitlos-vertrieb.de\/pt\/termos\/\" \/>\n<meta property=\"og:site_name\" content=\"ZEITLOS\" \/>\n<meta property=\"article:modified_time\" content=\"2023-01-17T09:26:47+00:00\" \/>\n<meta name=\"twitter:card\" content=\"summary_large_image\" \/>\n<script type=\"application\/ld+json\" class=\"yoast-schema-graph\">{\"@context\":\"https:\\\/\\\/schema.org\",\"@graph\":[{\"@type\":\"WebPage\",\"@id\":\"https:\\\/\\\/www.zeitlos-vertrieb.de\\\/pt\\\/termos\\\/\",\"url\":\"https:\\\/\\\/www.zeitlos-vertrieb.de\\\/pt\\\/termos\\\/\",\"name\":\"ZEITLOS - AGB\",\"isPartOf\":{\"@id\":\"https:\\\/\\\/www.zeitlos-vertrieb.de\\\/#website\"},\"datePublished\":\"2020-10-12T07:57:22+00:00\",\"dateModified\":\"2023-01-17T09:26:47+00:00\",\"description\":\"Zeitlos bietet als Outsourcing-Dienstleister im Logistik- und Fulfillmentbereich innovative L\u00f6sungen f\u00fcr alle Prozesse im After Sales Service.\",\"breadcrumb\":{\"@id\":\"https:\\\/\\\/www.zeitlos-vertrieb.de\\\/pt\\\/termos\\\/#breadcrumb\"},\"inLanguage\":\"pt-PT\",\"potentialAction\":[{\"@type\":\"ReadAction\",\"target\":[\"https:\\\/\\\/www.zeitlos-vertrieb.de\\\/pt\\\/termos\\\/\"]}]},{\"@type\":\"BreadcrumbList\",\"@id\":\"https:\\\/\\\/www.zeitlos-vertrieb.de\\\/pt\\\/termos\\\/#breadcrumb\",\"itemListElement\":[{\"@type\":\"ListItem\",\"position\":1,\"name\":\"Startseite\",\"item\":\"https:\\\/\\\/www.zeitlos-vertrieb.de\\\/\"},{\"@type\":\"ListItem\",\"position\":2,\"name\":\"Termos e condi\u00e7\u00f5es gerais\"}]},{\"@type\":\"WebSite\",\"@id\":\"https:\\\/\\\/www.zeitlos-vertrieb.de\\\/pt\\\/#website\",\"url\":\"https:\\\/\\\/www.zeitlos-vertrieb.de\\\/pt\\\/\",\"name\":\"ZEITLOS\",\"description\":\"Design- und Vertriebs GmbH\",\"publisher\":{\"@id\":\"https:\\\/\\\/www.zeitlos-vertrieb.de\\\/pt\\\/#organization\"},\"potentialAction\":[{\"@type\":\"SearchAction\",\"target\":{\"@type\":\"EntryPoint\",\"urlTemplate\":\"https:\\\/\\\/www.zeitlos-vertrieb.de\\\/pt\\\/?s={search_term_string}\"},\"query-input\":{\"@type\":\"PropertyValueSpecification\",\"valueRequired\":true,\"valueName\":\"search_term_string\"}}],\"inLanguage\":\"pt-PT\"},{\"@type\":\"Organization\",\"@id\":\"https:\\\/\\\/www.zeitlos-vertrieb.de\\\/pt\\\/#organization\",\"name\":\"ZEITLOS Design- und Vertriebs GmbH\",\"url\":\"https:\\\/\\\/www.zeitlos-vertrieb.de\\\/pt\\\/\",\"logo\":{\"@type\":\"ImageObject\",\"inLanguage\":\"pt-PT\",\"@id\":\"https:\\\/\\\/www.zeitlos-vertrieb.de\\\/pt\\\/#\\\/schema\\\/logo\\\/image\\\/\",\"url\":\"https:\\\/\\\/www.zeitlos-vertrieb.de\\\/wp-content\\\/uploads\\\/2020\\\/10\\\/Logo2.png\",\"contentUrl\":\"https:\\\/\\\/www.zeitlos-vertrieb.de\\\/wp-content\\\/uploads\\\/2020\\\/10\\\/Logo2.png\",\"width\":551,\"height\":154,\"caption\":\"ZEITLOS Design- und Vertriebs GmbH\"},\"image\":{\"@id\":\"https:\\\/\\\/www.zeitlos-vertrieb.de\\\/pt\\\/#\\\/schema\\\/logo\\\/image\\\/\"}}]}<\/script>\n<!-- \/ Yoast SEO plugin. -->","yoast_head_json":{"title":"Termos e condi\u00e7\u00f5es gerais","description":"Termos e Condi\u00e7\u00f5es Gerais da Loja Online zeitlos vertrieb & design GmbH(doravante referida como a loja online zeitlos) 1. GeralTodos os servi\u00e7os prestados pela loja online zeitlos para o cliente s\u00e3o exclusivamente baseados nos seguintes termos e condi\u00e7\u00f5es gerais. Os regulamentos divergentes s\u00f3 s\u00e3o v\u00e1lidos se tiverem sido acordados por escrito entre Onlineshop zeitlos e&hellip;","robots":{"index":"noindex","follow":"follow"},"og_locale":"pt_PT","og_type":"article","og_title":"Termos e condi\u00e7\u00f5es gerais","og_description":"Termos e Condi\u00e7\u00f5es Gerais da Loja Online zeitlos vertrieb & design GmbH(doravante referida como a loja online zeitlos) 1. GeralTodos os servi\u00e7os prestados pela loja online zeitlos para o cliente s\u00e3o exclusivamente baseados nos seguintes termos e condi\u00e7\u00f5es gerais. Os regulamentos divergentes s\u00f3 s\u00e3o v\u00e1lidos se tiverem sido acordados por escrito entre Onlineshop zeitlos e&hellip;","og_url":"https:\/\/www.zeitlos-vertrieb.de\/pt\/termos\/","og_site_name":"ZEITLOS","article_modified_time":"2023-01-17T09:26:47+00:00","twitter_card":"summary_large_image","schema":{"@context":"https:\/\/schema.org","@graph":[{"@type":"WebPage","@id":"https:\/\/www.zeitlos-vertrieb.de\/pt\/termos\/","url":"https:\/\/www.zeitlos-vertrieb.de\/pt\/termos\/","name":"ZEITLOS - AGB","isPartOf":{"@id":"https:\/\/www.zeitlos-vertrieb.de\/#website"},"datePublished":"2020-10-12T07:57:22+00:00","dateModified":"2023-01-17T09:26:47+00:00","description":"Zeitlos bietet als Outsourcing-Dienstleister im Logistik- und Fulfillmentbereich innovative L\u00f6sungen f\u00fcr alle Prozesse im After Sales Service.","breadcrumb":{"@id":"https:\/\/www.zeitlos-vertrieb.de\/pt\/termos\/#breadcrumb"},"inLanguage":"pt-PT","potentialAction":[{"@type":"ReadAction","target":["https:\/\/www.zeitlos-vertrieb.de\/pt\/termos\/"]}]},{"@type":"BreadcrumbList","@id":"https:\/\/www.zeitlos-vertrieb.de\/pt\/termos\/#breadcrumb","itemListElement":[{"@type":"ListItem","position":1,"name":"Startseite","item":"https:\/\/www.zeitlos-vertrieb.de\/"},{"@type":"ListItem","position":2,"name":"Termos e condi\u00e7\u00f5es gerais"}]},{"@type":"WebSite","@id":"https:\/\/www.zeitlos-vertrieb.de\/pt\/#website","url":"https:\/\/www.zeitlos-vertrieb.de\/pt\/","name":"ZEITLOS","description":"Design- und Vertriebs GmbH","publisher":{"@id":"https:\/\/www.zeitlos-vertrieb.de\/pt\/#organization"},"potentialAction":[{"@type":"SearchAction","target":{"@type":"EntryPoint","urlTemplate":"https:\/\/www.zeitlos-vertrieb.de\/pt\/?s={search_term_string}"},"query-input":{"@type":"PropertyValueSpecification","valueRequired":true,"valueName":"search_term_string"}}],"inLanguage":"pt-PT"},{"@type":"Organization","@id":"https:\/\/www.zeitlos-vertrieb.de\/pt\/#organization","name":"ZEITLOS Design- und Vertriebs GmbH","url":"https:\/\/www.zeitlos-vertrieb.de\/pt\/","logo":{"@type":"ImageObject","inLanguage":"pt-PT","@id":"https:\/\/www.zeitlos-vertrieb.de\/pt\/#\/schema\/logo\/image\/","url":"https:\/\/www.zeitlos-vertrieb.de\/wp-content\/uploads\/2020\/10\/Logo2.png","contentUrl":"https:\/\/www.zeitlos-vertrieb.de\/wp-content\/uploads\/2020\/10\/Logo2.png","width":551,"height":154,"caption":"ZEITLOS Design- und Vertriebs GmbH"},"image":{"@id":"https:\/\/www.zeitlos-vertrieb.de\/pt\/#\/schema\/logo\/image\/"}}]}},"_links":{"self":[{"href":"https:\/\/www.zeitlos-vertrieb.de\/pt\/wp-json\/wp\/v2\/pages\/114","targetHints":{"allow":["GET"]}}],"collection":[{"href":"https:\/\/www.zeitlos-vertrieb.de\/pt\/wp-json\/wp\/v2\/pages"}],"about":[{"href":"https:\/\/www.zeitlos-vertrieb.de\/pt\/wp-json\/wp\/v2\/types\/page"}],"author":[{"embeddable":true,"href":"https:\/\/www.zeitlos-vertrieb.de\/pt\/wp-json\/wp\/v2\/users\/1"}],"replies":[{"embeddable":true,"href":"https:\/\/www.zeitlos-vertrieb.de\/pt\/wp-json\/wp\/v2\/comments?post=114"}],"version-history":[{"count":10,"href":"https:\/\/www.zeitlos-vertrieb.de\/pt\/wp-json\/wp\/v2\/pages\/114\/revisions"}],"predecessor-version":[{"id":343,"href":"https:\/\/www.zeitlos-vertrieb.de\/pt\/wp-json\/wp\/v2\/pages\/114\/revisions\/343"}],"wp:attachment":[{"href":"https:\/\/www.zeitlos-vertrieb.de\/pt\/wp-json\/wp\/v2\/media?parent=114"}],"curies":[{"name":"wp","href":"https:\/\/api.w.org\/{rel}","templated":true}]}}