{"id":112,"date":"2020-10-12T09:56:59","date_gmt":"2020-10-12T07:56:59","guid":{"rendered":"https:\/\/www2.zeitlos-vertrieb.de\/?page_id=112"},"modified":"2023-01-17T10:27:39","modified_gmt":"2023-01-17T09:27:39","slug":"haftungsausschluss","status":"publish","type":"page","link":"https:\/\/www.zeitlos-vertrieb.de\/sk\/zrieknutie\/","title":{"rendered":"Zrieknutie sa zodpovednosti"},"content":{"rendered":"<p><strong>Obsah online ponuky<\/strong><br \/>\nSpolo\u010dnos\u0165 zeitlos design + vertriebs GmbH si vyhradzuje pr\u00e1vo nezodpoveda\u0165 za aktu\u00e1lnos\u0165 a \u00faplnos\u0165 poskytnut\u00fdch inform\u00e1ci\u00ed. N\u00e1roky na zodpovednos\u0165 vo\u010di spolo\u010dnosti zeitlos design + vertriebs GmbH t\u00fdkaj\u00face sa materi\u00e1lnych alebo nemateri\u00e1lnych \u0161k\u00f4d sp\u00f4soben\u00fdch pou\u017eit\u00edm alebo nepou\u017eit\u00edm poskytnut\u00fdch inform\u00e1ci\u00ed alebo pou\u017eit\u00edm nespr\u00e1vnych alebo ne\u00fapln\u00fdch inform\u00e1ci\u00ed s\u00fa z\u00e1sadne vyl\u00fa\u010den\u00e9, pokia\u013e neexistuje d\u00f4kaz o \u00famyselnom konan\u00ed alebo hrubej nedbanlivosti zo strany spolo\u010dnosti zeitlos design + vertriebs GmbH.<\/p>\n<p>V\u0161etky ponuky sa m\u00f4\u017eu meni\u0165 bez predch\u00e1dzaj\u00faceho upozornenia a nie s\u00fa z\u00e1v\u00e4zn\u00e9. zeitlos design + vertriebs GmbH si v\u00fdslovne vyhradzuje pr\u00e1vo zmeni\u0165, doplni\u0165 alebo vymaza\u0165 \u010dasti str\u00e1nok alebo cel\u00fa ponuku bez predch\u00e1dzaj\u00faceho upozornenia alebo do\u010dasne alebo trvalo ukon\u010di\u0165 jej zverej\u0148ovanie.<\/p>\n","protected":false},"excerpt":{"rendered":"<p>Obsah online ponuky Spolo\u010dnos\u0165 zeitlos design + vertriebs GmbH si vyhradzuje pr\u00e1vo nezodpoveda\u0165 za aktu\u00e1lnos\u0165 a \u00faplnos\u0165 poskytnut\u00fdch inform\u00e1ci\u00ed. N\u00e1roky na zodpovednos\u0165 vo\u010di spolo\u010dnosti zeitlos design + vertriebs GmbH t\u00fdkaj\u00face &#8230;<\/p>\n","protected":false},"author":1,"featured_media":0,"parent":0,"menu_order":0,"comment_status":"closed","ping_status":"closed","template":"","meta":{"footnotes":""},"class_list":["post-112","page","type-page","status-publish","hentry"],"yoast_head":"<!-- This site is optimized with the Yoast SEO plugin v27.4 - https:\/\/yoast.com\/product\/yoast-seo-wordpress\/ -->\n<title>Zrieknutie sa zodpovednosti<\/title>\n<meta name=\"description\" content=\"Obsah online ponuky Spolo\u010dnos\u0165 zeitlos design + vertriebs GmbH si vyhradzuje pr\u00e1vo nezodpoveda\u0165 za aktu\u00e1lnos\u0165 a \u00faplnos\u0165 poskytnut\u00fdch inform\u00e1ci\u00ed. N\u00e1roky na zodpovednos\u0165 vo\u010di spolo\u010dnosti zeitlos design + vertriebs GmbH t\u00fdkaj\u00face sa materi\u00e1lnych alebo nemateri\u00e1lnych \u0161k\u00f4d sp\u00f4soben\u00fdch pou\u017eit\u00edm alebo nepou\u017eit\u00edm poskytnut\u00fdch inform\u00e1ci\u00ed alebo pou\u017eit\u00edm nespr\u00e1vnych alebo ne\u00fapln\u00fdch inform\u00e1ci\u00ed s\u00fa z\u00e1sadne vyl\u00fa\u010den\u00e9, pokia\u013e neexistuje d\u00f4kaz o \u00famyselnom&hellip;\" \/>\n<meta name=\"robots\" content=\"noindex, follow\" \/>\n<meta property=\"og:locale\" content=\"sk_SK\" \/>\n<meta property=\"og:type\" content=\"article\" \/>\n<meta property=\"og:title\" content=\"Zrieknutie sa zodpovednosti\" \/>\n<meta property=\"og:description\" content=\"Obsah online ponuky Spolo\u010dnos\u0165 zeitlos design + vertriebs GmbH si vyhradzuje pr\u00e1vo nezodpoveda\u0165 za aktu\u00e1lnos\u0165 a \u00faplnos\u0165 poskytnut\u00fdch inform\u00e1ci\u00ed. N\u00e1roky na zodpovednos\u0165 vo\u010di spolo\u010dnosti zeitlos design + vertriebs GmbH t\u00fdkaj\u00face sa materi\u00e1lnych alebo nemateri\u00e1lnych \u0161k\u00f4d sp\u00f4soben\u00fdch pou\u017eit\u00edm alebo nepou\u017eit\u00edm poskytnut\u00fdch inform\u00e1ci\u00ed alebo pou\u017eit\u00edm nespr\u00e1vnych alebo ne\u00fapln\u00fdch inform\u00e1ci\u00ed s\u00fa z\u00e1sadne vyl\u00fa\u010den\u00e9, pokia\u013e neexistuje d\u00f4kaz o \u00famyselnom&hellip;\" \/>\n<meta property=\"og:url\" content=\"https:\/\/www.zeitlos-vertrieb.de\/sk\/zrieknutie\/\" \/>\n<meta property=\"og:site_name\" content=\"ZEITLOS\" \/>\n<meta property=\"article:modified_time\" content=\"2023-01-17T09:27:39+00:00\" \/>\n<meta name=\"twitter:card\" content=\"summary_large_image\" \/>\n<script type=\"application\/ld+json\" class=\"yoast-schema-graph\">{\"@context\":\"https:\\\/\\\/schema.org\",\"@graph\":[{\"@type\":\"WebPage\",\"@id\":\"https:\\\/\\\/www.zeitlos-vertrieb.de\\\/sk\\\/zrieknutie\\\/\",\"url\":\"https:\\\/\\\/www.zeitlos-vertrieb.de\\\/sk\\\/zrieknutie\\\/\",\"name\":\"ZEITLOS - Haftungsausschluss\",\"isPartOf\":{\"@id\":\"https:\\\/\\\/www.zeitlos-vertrieb.de\\\/#website\"},\"datePublished\":\"2020-10-12T07:56:59+00:00\",\"dateModified\":\"2023-01-17T09:27:39+00:00\",\"description\":\"Zeitlos bietet als Outsourcing-Dienstleister im Logistik- und Fulfillmentbereich innovative L\u00f6sungen f\u00fcr alle Prozesse im After Sales Service.\",\"breadcrumb\":{\"@id\":\"https:\\\/\\\/www.zeitlos-vertrieb.de\\\/sk\\\/zrieknutie\\\/#breadcrumb\"},\"inLanguage\":\"sk-SK\",\"potentialAction\":[{\"@type\":\"ReadAction\",\"target\":[\"https:\\\/\\\/www.zeitlos-vertrieb.de\\\/sk\\\/zrieknutie\\\/\"]}]},{\"@type\":\"BreadcrumbList\",\"@id\":\"https:\\\/\\\/www.zeitlos-vertrieb.de\\\/sk\\\/zrieknutie\\\/#breadcrumb\",\"itemListElement\":[{\"@type\":\"ListItem\",\"position\":1,\"name\":\"Startseite\",\"item\":\"https:\\\/\\\/www.zeitlos-vertrieb.de\\\/\"},{\"@type\":\"ListItem\",\"position\":2,\"name\":\"Zrieknutie sa zodpovednosti\"}]},{\"@type\":\"WebSite\",\"@id\":\"https:\\\/\\\/www.zeitlos-vertrieb.de\\\/sk\\\/#website\",\"url\":\"https:\\\/\\\/www.zeitlos-vertrieb.de\\\/sk\\\/\",\"name\":\"ZEITLOS\",\"description\":\"Design- und Vertriebs GmbH\",\"publisher\":{\"@id\":\"https:\\\/\\\/www.zeitlos-vertrieb.de\\\/sk\\\/#organization\"},\"potentialAction\":[{\"@type\":\"SearchAction\",\"target\":{\"@type\":\"EntryPoint\",\"urlTemplate\":\"https:\\\/\\\/www.zeitlos-vertrieb.de\\\/sk\\\/?s={search_term_string}\"},\"query-input\":{\"@type\":\"PropertyValueSpecification\",\"valueRequired\":true,\"valueName\":\"search_term_string\"}}],\"inLanguage\":\"sk-SK\"},{\"@type\":\"Organization\",\"@id\":\"https:\\\/\\\/www.zeitlos-vertrieb.de\\\/sk\\\/#organization\",\"name\":\"ZEITLOS Design- und Vertriebs GmbH\",\"url\":\"https:\\\/\\\/www.zeitlos-vertrieb.de\\\/sk\\\/\",\"logo\":{\"@type\":\"ImageObject\",\"inLanguage\":\"sk-SK\",\"@id\":\"https:\\\/\\\/www.zeitlos-vertrieb.de\\\/sk\\\/#\\\/schema\\\/logo\\\/image\\\/\",\"url\":\"https:\\\/\\\/www.zeitlos-vertrieb.de\\\/wp-content\\\/uploads\\\/2020\\\/10\\\/Logo2.png\",\"contentUrl\":\"https:\\\/\\\/www.zeitlos-vertrieb.de\\\/wp-content\\\/uploads\\\/2020\\\/10\\\/Logo2.png\",\"width\":551,\"height\":154,\"caption\":\"ZEITLOS Design- und Vertriebs GmbH\"},\"image\":{\"@id\":\"https:\\\/\\\/www.zeitlos-vertrieb.de\\\/sk\\\/#\\\/schema\\\/logo\\\/image\\\/\"}}]}<\/script>\n<!-- \/ Yoast SEO plugin. -->","yoast_head_json":{"title":"Zrieknutie sa zodpovednosti","description":"Obsah online ponuky Spolo\u010dnos\u0165 zeitlos design + vertriebs GmbH si vyhradzuje pr\u00e1vo nezodpoveda\u0165 za aktu\u00e1lnos\u0165 a \u00faplnos\u0165 poskytnut\u00fdch inform\u00e1ci\u00ed. N\u00e1roky na zodpovednos\u0165 vo\u010di spolo\u010dnosti zeitlos design + vertriebs GmbH t\u00fdkaj\u00face sa materi\u00e1lnych alebo nemateri\u00e1lnych \u0161k\u00f4d sp\u00f4soben\u00fdch pou\u017eit\u00edm alebo nepou\u017eit\u00edm poskytnut\u00fdch inform\u00e1ci\u00ed alebo pou\u017eit\u00edm nespr\u00e1vnych alebo ne\u00fapln\u00fdch inform\u00e1ci\u00ed s\u00fa z\u00e1sadne vyl\u00fa\u010den\u00e9, pokia\u013e neexistuje d\u00f4kaz o \u00famyselnom&hellip;","robots":{"index":"noindex","follow":"follow"},"og_locale":"sk_SK","og_type":"article","og_title":"Zrieknutie sa zodpovednosti","og_description":"Obsah online ponuky Spolo\u010dnos\u0165 zeitlos design + vertriebs GmbH si vyhradzuje pr\u00e1vo nezodpoveda\u0165 za aktu\u00e1lnos\u0165 a \u00faplnos\u0165 poskytnut\u00fdch inform\u00e1ci\u00ed. N\u00e1roky na zodpovednos\u0165 vo\u010di spolo\u010dnosti zeitlos design + vertriebs GmbH t\u00fdkaj\u00face sa materi\u00e1lnych alebo nemateri\u00e1lnych \u0161k\u00f4d sp\u00f4soben\u00fdch pou\u017eit\u00edm alebo nepou\u017eit\u00edm poskytnut\u00fdch inform\u00e1ci\u00ed alebo pou\u017eit\u00edm nespr\u00e1vnych alebo ne\u00fapln\u00fdch inform\u00e1ci\u00ed s\u00fa z\u00e1sadne vyl\u00fa\u010den\u00e9, pokia\u013e neexistuje d\u00f4kaz o \u00famyselnom&hellip;","og_url":"https:\/\/www.zeitlos-vertrieb.de\/sk\/zrieknutie\/","og_site_name":"ZEITLOS","article_modified_time":"2023-01-17T09:27:39+00:00","twitter_card":"summary_large_image","schema":{"@context":"https:\/\/schema.org","@graph":[{"@type":"WebPage","@id":"https:\/\/www.zeitlos-vertrieb.de\/sk\/zrieknutie\/","url":"https:\/\/www.zeitlos-vertrieb.de\/sk\/zrieknutie\/","name":"ZEITLOS - Haftungsausschluss","isPartOf":{"@id":"https:\/\/www.zeitlos-vertrieb.de\/#website"},"datePublished":"2020-10-12T07:56:59+00:00","dateModified":"2023-01-17T09:27:39+00:00","description":"Zeitlos bietet als Outsourcing-Dienstleister im Logistik- und Fulfillmentbereich innovative L\u00f6sungen f\u00fcr alle Prozesse im After Sales Service.","breadcrumb":{"@id":"https:\/\/www.zeitlos-vertrieb.de\/sk\/zrieknutie\/#breadcrumb"},"inLanguage":"sk-SK","potentialAction":[{"@type":"ReadAction","target":["https:\/\/www.zeitlos-vertrieb.de\/sk\/zrieknutie\/"]}]},{"@type":"BreadcrumbList","@id":"https:\/\/www.zeitlos-vertrieb.de\/sk\/zrieknutie\/#breadcrumb","itemListElement":[{"@type":"ListItem","position":1,"name":"Startseite","item":"https:\/\/www.zeitlos-vertrieb.de\/"},{"@type":"ListItem","position":2,"name":"Zrieknutie sa zodpovednosti"}]},{"@type":"WebSite","@id":"https:\/\/www.zeitlos-vertrieb.de\/sk\/#website","url":"https:\/\/www.zeitlos-vertrieb.de\/sk\/","name":"ZEITLOS","description":"Design- und Vertriebs GmbH","publisher":{"@id":"https:\/\/www.zeitlos-vertrieb.de\/sk\/#organization"},"potentialAction":[{"@type":"SearchAction","target":{"@type":"EntryPoint","urlTemplate":"https:\/\/www.zeitlos-vertrieb.de\/sk\/?s={search_term_string}"},"query-input":{"@type":"PropertyValueSpecification","valueRequired":true,"valueName":"search_term_string"}}],"inLanguage":"sk-SK"},{"@type":"Organization","@id":"https:\/\/www.zeitlos-vertrieb.de\/sk\/#organization","name":"ZEITLOS Design- und Vertriebs GmbH","url":"https:\/\/www.zeitlos-vertrieb.de\/sk\/","logo":{"@type":"ImageObject","inLanguage":"sk-SK","@id":"https:\/\/www.zeitlos-vertrieb.de\/sk\/#\/schema\/logo\/image\/","url":"https:\/\/www.zeitlos-vertrieb.de\/wp-content\/uploads\/2020\/10\/Logo2.png","contentUrl":"https:\/\/www.zeitlos-vertrieb.de\/wp-content\/uploads\/2020\/10\/Logo2.png","width":551,"height":154,"caption":"ZEITLOS Design- und Vertriebs GmbH"},"image":{"@id":"https:\/\/www.zeitlos-vertrieb.de\/sk\/#\/schema\/logo\/image\/"}}]}},"_links":{"self":[{"href":"https:\/\/www.zeitlos-vertrieb.de\/sk\/wp-json\/wp\/v2\/pages\/112","targetHints":{"allow":["GET"]}}],"collection":[{"href":"https:\/\/www.zeitlos-vertrieb.de\/sk\/wp-json\/wp\/v2\/pages"}],"about":[{"href":"https:\/\/www.zeitlos-vertrieb.de\/sk\/wp-json\/wp\/v2\/types\/page"}],"author":[{"embeddable":true,"href":"https:\/\/www.zeitlos-vertrieb.de\/sk\/wp-json\/wp\/v2\/users\/1"}],"replies":[{"embeddable":true,"href":"https:\/\/www.zeitlos-vertrieb.de\/sk\/wp-json\/wp\/v2\/comments?post=112"}],"version-history":[{"count":4,"href":"https:\/\/www.zeitlos-vertrieb.de\/sk\/wp-json\/wp\/v2\/pages\/112\/revisions"}],"predecessor-version":[{"id":345,"href":"https:\/\/www.zeitlos-vertrieb.de\/sk\/wp-json\/wp\/v2\/pages\/112\/revisions\/345"}],"wp:attachment":[{"href":"https:\/\/www.zeitlos-vertrieb.de\/sk\/wp-json\/wp\/v2\/media?parent=112"}],"curies":[{"name":"wp","href":"https:\/\/api.w.org\/{rel}","templated":true}]}}