{"id":114,"date":"2020-10-12T09:57:22","date_gmt":"2020-10-12T07:57:22","guid":{"rendered":"https:\/\/www2.zeitlos-vertrieb.de\/?page_id=114"},"modified":"2023-01-17T10:26:47","modified_gmt":"2023-01-17T09:26:47","slug":"agb","status":"publish","type":"page","link":"https:\/\/www.zeitlos-vertrieb.de\/sk\/podmienky\/","title":{"rendered":"V\u0161eobecn\u00e9 podmienky"},"content":{"rendered":"\r\n<p><strong>V\u0161eobecn\u00e9 obchodn\u00e9 podmienky internetov\u00e9ho obchodu zeitlos vertrieb &#038; design GmbH<\/strong><br>(\u010falej len &#8222;internetov\u00fd obchod zeitlos&#8220;)<br><\/p>\r\n\r\n\r\n\r\n<p><strong>1. V\u0161eobecn\u00e9<\/strong><br>V\u0161etky slu\u017eby, ktor\u00e9 poskytuje Onlineshop zeitlos pre z\u00e1kazn\u00edka, sa poskytuj\u00fa v\u00fdlu\u010dne na z\u00e1klade t\u00fdchto V\u0161eobecn\u00fdch obchodn\u00fdch podmienok. Odli\u0161n\u00e9 ustanovenia s\u00fa platn\u00e9 len vtedy, ak boli p\u00edsomne dohodnut\u00e9 medzi Onlineshop zeitlos a z\u00e1kazn\u00edkom.<\/p>\r\n\r\n\r\n\r\n<p><strong>2. Uzatvorenie zmluvy<\/strong><br>a) Ponuky nad\u010dasov\u00e9ho internetov\u00e9ho obchodu na internete s\u00fa nez\u00e1v\u00e4znou v\u00fdzvou pre z\u00e1kazn\u00edka na objednanie tovaru v internetovom obchode.<br>b) Z\u00e1kazn\u00edk pri objedn\u00e1van\u00ed tovaru na internete pod\u00e1va z\u00e1v\u00e4zn\u00fd n\u00e1vrh na uzavretie k\u00fapnej zmluvy.<br>c) Internetov\u00fd obchod zeitlos je opr\u00e1vnen\u00fd prija\u0165 t\u00fato ponuku do 2 kalend\u00e1rnych dn\u00ed zaslan\u00edm potvrdenia objedn\u00e1vky. Potvrdenie objedn\u00e1vky sa zasiela e-mailom. Ak uplynie dvojd\u0148ov\u00e1 lehota bez odpovede, ponuka sa pova\u017euje za odmietnut\u00fa.<\/p>\r\n\r\n\r\n\r\n<p><strong>3. Dodacie lehoty<\/strong><br>V\u0161etky polo\u017eky bud\u00fa dodan\u00e9 okam\u017eite, ak s\u00fa dostupn\u00e9 na sklade, a len do vypredania z\u00e1sob.<br>Doru\u010denie sa uskuto\u010d\u0148uje len v r\u00e1mci Nemecka. Dodacia lehota je zvy\u010dajne 5 pracovn\u00fdch dn\u00ed a za\u010d\u00edna plyn\u00fa\u0165 od odoslania potvrdenia objedn\u00e1vky. \u00dadaj o dodacej lehote nie je z\u00e1v\u00e4zn\u00fd, pokia\u013e nie je p\u00edsomne dohodnut\u00e9 inak.<br>Ak tovar nie je k dispoz\u00edcii v kr\u00e1tkom \u010dase, budeme v\u00e1s informova\u0165 e-mailom o predpokladanom \u010dase dodania, ak m\u00e1me va\u0161u adresu.<br>Niektor\u00e9 polo\u017eky maj\u00fa dlh\u0161\u00ed \u010das dodania.<br>V pr\u00edpade oneskorenia dod\u00e1vky, napr. z d\u00f4vodu vy\u0161\u0161ej moci, preru\u0161enia dopravy a pr\u00edkazov vy\u0161\u0161\u00edch org\u00e1nov, ako aj in\u00fdch udalost\u00ed, za ktor\u00e9 internetov\u00fd obchod zeitlos nezodpoved\u00e1, nie je mo\u017en\u00e9 vo\u010di internetov\u00e9mu obchodu zeitlos uplatni\u0165 n\u00e1rok na n\u00e1hradu \u0161kody.<\/p>\r\n\r\n\r\n\r\n<p><strong>4. N\u00e1klady na balenie a prepravu<\/strong><br>Za doru\u010denie v r\u00e1mci Nemecka a n\u00e1klady na balenie si nad\u010dasov\u00fd internetov\u00fd obchod \u00fa\u010dtuje pomern\u00fd pau\u0161\u00e1l vo v\u00fd\u0161ke EUR bez oh\u013eadu na po\u010det a hmotnos\u0165 polo\u017eiek.<br>Pri objedn\u00e1vkach v hodnote nad EUR doru\u010dujeme v r\u00e1mci Nemecka bez po\u0161tovn\u00e9ho (s v\u00fdnimkou tohto). Na \u017eiados\u0165 z\u00e1kazn\u00edka je mo\u017en\u00e9 uskuto\u010dni\u0165 aj expresn\u00e9 doru\u010denie. Vzniknut\u00e9 dodato\u010dn\u00e9 n\u00e1klady zn\u00e1\u0161a z\u00e1kazn\u00edk.<br><br><strong>5. Ceny a platby<\/strong><br>1. V\u0161etky uveden\u00e9 ceny s\u00fa kone\u010dn\u00e9 a zah\u0155\u0148aj\u00fa z\u00e1konn\u00fa DPH vo v\u00fd\u0161ke 19 %.<br>2. Kone\u010dn\u00e9 ceny nezah\u0155\u0148aj\u00fa n\u00e1klady na balenie a prepravu.<br>3. Vzh\u013eadom na neust\u00e1lu aktualiz\u00e1ciu internetov\u00fdch str\u00e1nok nad\u010dasov\u00e9ho internetov\u00e9ho obchodu str\u00e1caj\u00fa inform\u00e1cie o cene a stave tovaru poskytnut\u00e9 v predch\u00e1dzaj\u00facom \u010dase svoju platnos\u0165.<br>4. Pre faktur\u00e1ciu je rozhoduj\u00faca cena uveden\u00e1 v \u010dase predlo\u017eenia ponuky z\u00e1kazn\u00edka.<br>5. Platba za tovar sa uskuto\u010d\u0148uje na \u00fa\u010det. V\u00fdnimky s\u00fa platn\u00e9 len vtedy, ak boli p\u00edsomne dohodnut\u00e9 medzi nad\u010dasov\u00fdm internetov\u00fdm obchodom a z\u00e1kazn\u00edkom.<br>6. Z\u00e1kazn\u00edk je povinn\u00fd uhradi\u0165 fakturovan\u00fa sumu do 14 dn\u00ed od prevzatia tovaru.<br>7. Ak z\u00e1kazn\u00edk nespln\u00ed svoju platobn\u00fa povinnos\u0165 po uplynut\u00ed lehoty uvedenej v bode \u010d. 6, internetov\u00fd obchod si vyhradzuje pr\u00e1vo \u00fa\u010dtova\u0165 z\u00e1kazn\u00edkovi \u010fal\u0161ie poplatky za upomienky a spracovanie, ktor\u00e9 z toho vypl\u00fdvaj\u00fa.<br>8. Ak je z\u00e1kazn\u00edk v ome\u0161kan\u00ed s platbou, internetov\u00fd obchod zeitlos je opr\u00e1vnen\u00fd po\u017eadova\u0165 \u00farok z ome\u0161kania v z\u00e1konom stanovenej v\u00fd\u0161ke. Pr\u00e1vo internetov\u00e9ho obchodu zeitlos na pr\u00edpadn\u00e9 uplatnenie \u010fal\u0161\u00edch n\u00e1rokov na n\u00e1hradu \u0161kody t\u00fdm nie je dotknut\u00e9.<br><br><strong>6. Vyhradenie vlastn\u00edckeho pr\u00e1va<\/strong><br>Objednan\u00fd tovar zost\u00e1va majetkom internetov\u00e9ho obchodu zeitlos a\u017e do \u00fapln\u00e9ho zaplatenia (v\u00fdhrada vlastn\u00edctva pod\u013ea \u00a7 449 BGB). Pred prevodom vlastn\u00edckeho pr\u00e1va nie je bez v\u00fdslovn\u00e9ho s\u00fahlasu internetov\u00e9ho obchodu zeitlos povolen\u00e9 zalo\u017ei\u0165, previes\u0165 ako z\u00e1bezpeku, spracova\u0165 alebo transformova\u0165 tovar.<\/p>\r\n\r\n\r\n\r\n<p><strong>7. Z\u00e1ruka<\/strong><br>1. N\u00e1roky z\u00e1kazn\u00edka vo\u010di nad\u010dasov\u00e9mu internetov\u00e9mu obchodu vypl\u00fdvaj\u00face z vady tovaru sa riadia z\u00e1konn\u00fdmi ustanoveniami.<br>2. Z\u00e1kazn\u00edk sa zav\u00e4zuje, \u017ee pri prevzat\u00ed tovaru skontroluje jeho pr\u00edpadn\u00e9 vady a v pr\u00edpade zistenia tak\u00fdchto v\u00e1d o tom bezodkladne informuje internetov\u00fd obchod. Ak z\u00e1kazn\u00edk nesk\u00f4r zist\u00ed, \u017ee tovar m\u00e1 vady, je povinn\u00fd o tom bezodkladne po ich zisten\u00ed informova\u0165 internetov\u00fd obchod. Ak z\u00e1kazn\u00edk neozn\u00e1mi vadu, tovar sa pova\u017euje za schv\u00e1len\u00fd.<br>3. Za vady tovaru sa nepova\u017euje po\u0161kodenie sp\u00f4soben\u00e9 z\u00e1kazn\u00edkom nespr\u00e1vnym alebo nezmluvn\u00fdm zaobch\u00e1dzan\u00edm. Pri nespr\u00e1vnom a nezmluvnom zaobch\u00e1dzan\u00ed s tovarom s\u00fa rozhoduj\u00face inform\u00e1cie poskytnut\u00e9 v\u00fdrobcom tovaru.<\/p>\r\n\r\n\r\n\r\n<p><strong>8. Obmedzenie zodpovednosti<\/strong><br>Internetov\u00fd obchod zeitlos je zodpovedn\u00fd len za \u0161kody, ktor\u00e9 s\u00fa zalo\u017een\u00e9 na hrubej nedbanlivosti alebo \u00famyselnom konan\u00ed alebo na zavinenom poru\u0161en\u00ed podstatnej zmluvnej povinnosti a ktor\u00e9 sp\u00f4sobil on s\u00e1m alebo jeden z jeho z\u00e1stupcov. Ak\u00e9ko\u013evek \u010fal\u0161ie n\u00e1roky na n\u00e1hradu \u0161kody s\u00fa vyl\u00fa\u010den\u00e9. Ustanovenia z\u00e1kona o zodpovednosti za \u0161kodu sp\u00f4soben\u00fa vadou v\u00fdrobku zost\u00e1vaj\u00fa nedotknut\u00e9.<br>Okrem toho internetov\u00fd obchod zeitlos nezodpoved\u00e1 za neobmedzen\u00fa dostupnos\u0165 samotn\u00e9ho internetov\u00e9ho obchodu, preto\u017ee nem\u00f4\u017ee zaru\u010di\u0165 plynul\u00fa a bezchybn\u00fa d\u00e1tov\u00fa komunik\u00e1ciu prostredn\u00edctvom internetu, ktor\u00e1 je na to potrebn\u00e1.<\/p>\r\n\r\n\r\n\r\n<p><strong>9. Ochrana \u00fadajov<\/strong><br>\u00dadaje odoslan\u00e9 z\u00e1kazn\u00edkom pou\u017eije internetov\u00fd obchod zeitlos v\u00fdlu\u010dne na spracovanie objedn\u00e1vok. V\u0161etky \u00fadaje s\u00fa pova\u017eovan\u00e9 za pr\u00edsne d\u00f4vern\u00e9. \u00dadaje bud\u00fa odovzdan\u00e9 tret\u00edm stran\u00e1m (napr. prepravn\u00fdm slu\u017eb\u00e1m) len vtedy, ak je to nevyhnutn\u00e9 na spracovanie objedn\u00e1vky. \u00dadaje o objedn\u00e1vkach sa pren\u00e1\u0161aj\u00fa v za\u0161ifrovanej a zabezpe\u010denej forme, ale nenesieme \u017eiadnu zodpovednos\u0165 za bezpe\u010dnos\u0165 \u00fadajov po\u010das t\u00fdchto prenosov cez internet (napr. v d\u00f4sledku technick\u00fdch ch\u00fdb na strane poskytovate\u013ea) alebo za pr\u00edpadn\u00fd krimin\u00e1lny pr\u00edstup tret\u00edch os\u00f4b k s\u00faborom na na\u0161ej internetovej str\u00e1nke. S prihlasovac\u00edmi \u00fadajmi z\u00e1kazn\u00edka, ktor\u00e9 s\u00fa z\u00e1kazn\u00edkovi odovzdan\u00e9 na jeho \u017eiados\u0165, mus\u00ed z\u00e1kazn\u00edk zaobch\u00e1dza\u0165 ako s pr\u00edsne d\u00f4vern\u00fdmi, preto\u017ee za pou\u017eitie a aplik\u00e1ciu t\u00fdchto \u00fadajov nenesieme \u017eiadnu zodpovednos\u0165.<\/p>\r\n\r\n\r\n\r\n<p><strong>10. Copyright<\/strong><br>V\u0161etky log\u00e1, obr\u00e1zky a grafika tret\u00edch str\u00e1n s\u00fa majetkom pr\u00edslu\u0161n\u00fdch spolo\u010dnost\u00ed a podliehaj\u00fa autorsk\u00fdm pr\u00e1vam pr\u00edslu\u0161n\u00fdch poskytovate\u013eov licenci\u00ed. V\u0161etky fotografie, log\u00e1, texty, spr\u00e1vy, skripty a programov\u00e9 postupy uveden\u00e9 na t\u00fdchto str\u00e1nkach, ktor\u00e9 s\u00fa na\u0161\u00edm vlastn\u00fdm v\u00fdvojom alebo boli nami pripraven\u00e9, sa nesm\u00fa kop\u00edrova\u0165 ani inak pou\u017e\u00edva\u0165 bez n\u00e1\u0161ho s\u00fahlasu. V\u0161etky pr\u00e1va s\u00fa vyhraden\u00e9.<\/p>\r\n\r\n\r\n\r\n<p><strong>11. Odkazy na na\u0161ich str\u00e1nkach<\/strong><br>Krajinsk\u00fd s\u00fad v Hamburgu vo svojom rozsudku z 12. m\u00e1ja 1998 &#8211; 312 O 85\/98 &#8211; &#8222;Zodpovednos\u0165 za odkazy&#8220; rozhodol, \u017ee uvedenie odkazov vedie aj k spoluzodpovednosti za materi\u00e1l pon\u00fakan\u00fd prostredn\u00edctvom t\u00fdchto odkazov. Pod\u013ea krajsk\u00e9ho s\u00fadu sa tomu d\u00e1 zabr\u00e1ni\u0165 len v\u00fdslovn\u00fdm di\u0161tancovan\u00edm sa od tohto obsahu. T\u00fdmto sa preto v\u00fdslovne di\u0161tancujeme od v\u0161etk\u00fdch obsahov v\u0161etk\u00fdch odkazovan\u00fdch str\u00e1nok na tejto domovskej str\u00e1nke. Toto vyhl\u00e1senie sa vz\u0165ahuje na v\u0161etky odkazy na na\u0161ej webovej str\u00e1nke.<\/p>\r\n\r\n\r\n\r\n<p><strong>12. Miesto s\u00fadnej pr\u00e1vomoci<\/strong><br>1. Ak z\u00e1kon nestanovuje inak, miestom pr\u00edslu\u0161nosti je s\u00eddlo internetov\u00e9ho obchodu zeitlos.<br>2. Na v\u0161etky spory, ktor\u00e9 m\u00f4\u017eu vznikn\u00fa\u0165 z tohto pr\u00e1vneho vz\u0165ahu, sa vz\u0165ahuje nemeck\u00e9 pr\u00e1vo. Uplat\u0148ovanie obchodn\u00e9ho pr\u00e1va OSN je vyl\u00fa\u010den\u00e9.<\/p>\r\n\r\n\r\n\r\n<p><strong>13. Platnos\u0165 VOP<\/strong><br>Odoslan\u00edm objedn\u00e1vky akceptujete v\u0161eobecn\u00e9 podmienky nad\u010dasov\u00e9ho internetov\u00e9ho obchodu. Ak by niektor\u00e9 ustanovenie t\u00fdchto v\u0161eobecn\u00fdch obchodn\u00fdch podmienok bolo z ak\u00e9hoko\u013evek d\u00f4vodu neplatn\u00e9, platnos\u0165 ostatn\u00fdch ustanoven\u00ed zost\u00e1va nedotknut\u00e1. \u00dastne dohody si vy\u017eaduj\u00fa p\u00edsomn\u00e9 potvrdenie.<\/p>\r\n\r\n","protected":false},"excerpt":{"rendered":"<p>V\u0161eobecn\u00e9 obchodn\u00e9 podmienky internetov\u00e9ho obchodu zeitlos vertrieb &#038; design GmbH(\u010falej len &#8222;internetov\u00fd obchod zeitlos&#8220;) 1. V\u0161eobecn\u00e9V\u0161etky slu\u017eby, ktor\u00e9 poskytuje Onlineshop zeitlos pre z\u00e1kazn\u00edka, sa poskytuj\u00fa v\u00fdlu\u010dne na z\u00e1klade t\u00fdchto V\u0161eobecn\u00fdch &#8230;<\/p>\n","protected":false},"author":1,"featured_media":0,"parent":0,"menu_order":0,"comment_status":"closed","ping_status":"closed","template":"","meta":{"footnotes":""},"class_list":["post-114","page","type-page","status-publish","hentry"],"yoast_head":"<!-- This site is optimized with the Yoast SEO plugin v27.4 - https:\/\/yoast.com\/product\/yoast-seo-wordpress\/ -->\n<title>V\u0161eobecn\u00e9 podmienky<\/title>\n<meta name=\"description\" content=\"V\u0161eobecn\u00e9 obchodn\u00e9 podmienky internetov\u00e9ho obchodu zeitlos vertrieb &amp; design GmbH(\u010falej len &quot;internetov\u00fd obchod zeitlos&quot;) 1. V\u0161eobecn\u00e9V\u0161etky slu\u017eby, ktor\u00e9 poskytuje Onlineshop zeitlos pre z\u00e1kazn\u00edka, sa poskytuj\u00fa v\u00fdlu\u010dne na z\u00e1klade t\u00fdchto V\u0161eobecn\u00fdch obchodn\u00fdch podmienok. Odli\u0161n\u00e9 ustanovenia s\u00fa platn\u00e9 len vtedy, ak boli p\u00edsomne dohodnut\u00e9 medzi Onlineshop zeitlos a z\u00e1kazn\u00edkom. 2. Uzatvorenie zmluvya) Ponuky nad\u010dasov\u00e9ho internetov\u00e9ho obchodu na&hellip;\" \/>\n<meta name=\"robots\" content=\"noindex, follow\" \/>\n<meta property=\"og:locale\" content=\"sk_SK\" \/>\n<meta property=\"og:type\" content=\"article\" \/>\n<meta property=\"og:title\" content=\"V\u0161eobecn\u00e9 podmienky\" \/>\n<meta property=\"og:description\" content=\"V\u0161eobecn\u00e9 obchodn\u00e9 podmienky internetov\u00e9ho obchodu zeitlos vertrieb &amp; design GmbH(\u010falej len &quot;internetov\u00fd obchod zeitlos&quot;) 1. V\u0161eobecn\u00e9V\u0161etky slu\u017eby, ktor\u00e9 poskytuje Onlineshop zeitlos pre z\u00e1kazn\u00edka, sa poskytuj\u00fa v\u00fdlu\u010dne na z\u00e1klade t\u00fdchto V\u0161eobecn\u00fdch obchodn\u00fdch podmienok. Odli\u0161n\u00e9 ustanovenia s\u00fa platn\u00e9 len vtedy, ak boli p\u00edsomne dohodnut\u00e9 medzi Onlineshop zeitlos a z\u00e1kazn\u00edkom. 2. Uzatvorenie zmluvya) Ponuky nad\u010dasov\u00e9ho internetov\u00e9ho obchodu na&hellip;\" \/>\n<meta property=\"og:url\" content=\"https:\/\/www.zeitlos-vertrieb.de\/sk\/podmienky\/\" \/>\n<meta property=\"og:site_name\" content=\"ZEITLOS\" \/>\n<meta property=\"article:modified_time\" content=\"2023-01-17T09:26:47+00:00\" \/>\n<meta name=\"twitter:card\" content=\"summary_large_image\" \/>\n<script type=\"application\/ld+json\" class=\"yoast-schema-graph\">{\"@context\":\"https:\\\/\\\/schema.org\",\"@graph\":[{\"@type\":\"WebPage\",\"@id\":\"https:\\\/\\\/www.zeitlos-vertrieb.de\\\/sk\\\/podmienky\\\/\",\"url\":\"https:\\\/\\\/www.zeitlos-vertrieb.de\\\/sk\\\/podmienky\\\/\",\"name\":\"ZEITLOS - AGB\",\"isPartOf\":{\"@id\":\"https:\\\/\\\/www.zeitlos-vertrieb.de\\\/#website\"},\"datePublished\":\"2020-10-12T07:57:22+00:00\",\"dateModified\":\"2023-01-17T09:26:47+00:00\",\"description\":\"Zeitlos bietet als Outsourcing-Dienstleister im Logistik- und Fulfillmentbereich innovative L\u00f6sungen f\u00fcr alle Prozesse im After Sales Service.\",\"breadcrumb\":{\"@id\":\"https:\\\/\\\/www.zeitlos-vertrieb.de\\\/sk\\\/podmienky\\\/#breadcrumb\"},\"inLanguage\":\"sk-SK\",\"potentialAction\":[{\"@type\":\"ReadAction\",\"target\":[\"https:\\\/\\\/www.zeitlos-vertrieb.de\\\/sk\\\/podmienky\\\/\"]}]},{\"@type\":\"BreadcrumbList\",\"@id\":\"https:\\\/\\\/www.zeitlos-vertrieb.de\\\/sk\\\/podmienky\\\/#breadcrumb\",\"itemListElement\":[{\"@type\":\"ListItem\",\"position\":1,\"name\":\"Startseite\",\"item\":\"https:\\\/\\\/www.zeitlos-vertrieb.de\\\/\"},{\"@type\":\"ListItem\",\"position\":2,\"name\":\"V\u0161eobecn\u00e9 podmienky\"}]},{\"@type\":\"WebSite\",\"@id\":\"https:\\\/\\\/www.zeitlos-vertrieb.de\\\/sk\\\/#website\",\"url\":\"https:\\\/\\\/www.zeitlos-vertrieb.de\\\/sk\\\/\",\"name\":\"ZEITLOS\",\"description\":\"Design- und Vertriebs GmbH\",\"publisher\":{\"@id\":\"https:\\\/\\\/www.zeitlos-vertrieb.de\\\/sk\\\/#organization\"},\"potentialAction\":[{\"@type\":\"SearchAction\",\"target\":{\"@type\":\"EntryPoint\",\"urlTemplate\":\"https:\\\/\\\/www.zeitlos-vertrieb.de\\\/sk\\\/?s={search_term_string}\"},\"query-input\":{\"@type\":\"PropertyValueSpecification\",\"valueRequired\":true,\"valueName\":\"search_term_string\"}}],\"inLanguage\":\"sk-SK\"},{\"@type\":\"Organization\",\"@id\":\"https:\\\/\\\/www.zeitlos-vertrieb.de\\\/sk\\\/#organization\",\"name\":\"ZEITLOS Design- und Vertriebs GmbH\",\"url\":\"https:\\\/\\\/www.zeitlos-vertrieb.de\\\/sk\\\/\",\"logo\":{\"@type\":\"ImageObject\",\"inLanguage\":\"sk-SK\",\"@id\":\"https:\\\/\\\/www.zeitlos-vertrieb.de\\\/sk\\\/#\\\/schema\\\/logo\\\/image\\\/\",\"url\":\"https:\\\/\\\/www.zeitlos-vertrieb.de\\\/wp-content\\\/uploads\\\/2020\\\/10\\\/Logo2.png\",\"contentUrl\":\"https:\\\/\\\/www.zeitlos-vertrieb.de\\\/wp-content\\\/uploads\\\/2020\\\/10\\\/Logo2.png\",\"width\":551,\"height\":154,\"caption\":\"ZEITLOS Design- und Vertriebs GmbH\"},\"image\":{\"@id\":\"https:\\\/\\\/www.zeitlos-vertrieb.de\\\/sk\\\/#\\\/schema\\\/logo\\\/image\\\/\"}}]}<\/script>\n<!-- \/ Yoast SEO plugin. -->","yoast_head_json":{"title":"V\u0161eobecn\u00e9 podmienky","description":"V\u0161eobecn\u00e9 obchodn\u00e9 podmienky internetov\u00e9ho obchodu zeitlos vertrieb & design GmbH(\u010falej len \"internetov\u00fd obchod zeitlos\") 1. V\u0161eobecn\u00e9V\u0161etky slu\u017eby, ktor\u00e9 poskytuje Onlineshop zeitlos pre z\u00e1kazn\u00edka, sa poskytuj\u00fa v\u00fdlu\u010dne na z\u00e1klade t\u00fdchto V\u0161eobecn\u00fdch obchodn\u00fdch podmienok. Odli\u0161n\u00e9 ustanovenia s\u00fa platn\u00e9 len vtedy, ak boli p\u00edsomne dohodnut\u00e9 medzi Onlineshop zeitlos a z\u00e1kazn\u00edkom. 2. Uzatvorenie zmluvya) Ponuky nad\u010dasov\u00e9ho internetov\u00e9ho obchodu na&hellip;","robots":{"index":"noindex","follow":"follow"},"og_locale":"sk_SK","og_type":"article","og_title":"V\u0161eobecn\u00e9 podmienky","og_description":"V\u0161eobecn\u00e9 obchodn\u00e9 podmienky internetov\u00e9ho obchodu zeitlos vertrieb & design GmbH(\u010falej len \"internetov\u00fd obchod zeitlos\") 1. V\u0161eobecn\u00e9V\u0161etky slu\u017eby, ktor\u00e9 poskytuje Onlineshop zeitlos pre z\u00e1kazn\u00edka, sa poskytuj\u00fa v\u00fdlu\u010dne na z\u00e1klade t\u00fdchto V\u0161eobecn\u00fdch obchodn\u00fdch podmienok. Odli\u0161n\u00e9 ustanovenia s\u00fa platn\u00e9 len vtedy, ak boli p\u00edsomne dohodnut\u00e9 medzi Onlineshop zeitlos a z\u00e1kazn\u00edkom. 2. Uzatvorenie zmluvya) Ponuky nad\u010dasov\u00e9ho internetov\u00e9ho obchodu na&hellip;","og_url":"https:\/\/www.zeitlos-vertrieb.de\/sk\/podmienky\/","og_site_name":"ZEITLOS","article_modified_time":"2023-01-17T09:26:47+00:00","twitter_card":"summary_large_image","schema":{"@context":"https:\/\/schema.org","@graph":[{"@type":"WebPage","@id":"https:\/\/www.zeitlos-vertrieb.de\/sk\/podmienky\/","url":"https:\/\/www.zeitlos-vertrieb.de\/sk\/podmienky\/","name":"ZEITLOS - AGB","isPartOf":{"@id":"https:\/\/www.zeitlos-vertrieb.de\/#website"},"datePublished":"2020-10-12T07:57:22+00:00","dateModified":"2023-01-17T09:26:47+00:00","description":"Zeitlos bietet als Outsourcing-Dienstleister im Logistik- und Fulfillmentbereich innovative L\u00f6sungen f\u00fcr alle Prozesse im After Sales Service.","breadcrumb":{"@id":"https:\/\/www.zeitlos-vertrieb.de\/sk\/podmienky\/#breadcrumb"},"inLanguage":"sk-SK","potentialAction":[{"@type":"ReadAction","target":["https:\/\/www.zeitlos-vertrieb.de\/sk\/podmienky\/"]}]},{"@type":"BreadcrumbList","@id":"https:\/\/www.zeitlos-vertrieb.de\/sk\/podmienky\/#breadcrumb","itemListElement":[{"@type":"ListItem","position":1,"name":"Startseite","item":"https:\/\/www.zeitlos-vertrieb.de\/"},{"@type":"ListItem","position":2,"name":"V\u0161eobecn\u00e9 podmienky"}]},{"@type":"WebSite","@id":"https:\/\/www.zeitlos-vertrieb.de\/sk\/#website","url":"https:\/\/www.zeitlos-vertrieb.de\/sk\/","name":"ZEITLOS","description":"Design- und Vertriebs GmbH","publisher":{"@id":"https:\/\/www.zeitlos-vertrieb.de\/sk\/#organization"},"potentialAction":[{"@type":"SearchAction","target":{"@type":"EntryPoint","urlTemplate":"https:\/\/www.zeitlos-vertrieb.de\/sk\/?s={search_term_string}"},"query-input":{"@type":"PropertyValueSpecification","valueRequired":true,"valueName":"search_term_string"}}],"inLanguage":"sk-SK"},{"@type":"Organization","@id":"https:\/\/www.zeitlos-vertrieb.de\/sk\/#organization","name":"ZEITLOS Design- und Vertriebs GmbH","url":"https:\/\/www.zeitlos-vertrieb.de\/sk\/","logo":{"@type":"ImageObject","inLanguage":"sk-SK","@id":"https:\/\/www.zeitlos-vertrieb.de\/sk\/#\/schema\/logo\/image\/","url":"https:\/\/www.zeitlos-vertrieb.de\/wp-content\/uploads\/2020\/10\/Logo2.png","contentUrl":"https:\/\/www.zeitlos-vertrieb.de\/wp-content\/uploads\/2020\/10\/Logo2.png","width":551,"height":154,"caption":"ZEITLOS Design- und Vertriebs GmbH"},"image":{"@id":"https:\/\/www.zeitlos-vertrieb.de\/sk\/#\/schema\/logo\/image\/"}}]}},"_links":{"self":[{"href":"https:\/\/www.zeitlos-vertrieb.de\/sk\/wp-json\/wp\/v2\/pages\/114","targetHints":{"allow":["GET"]}}],"collection":[{"href":"https:\/\/www.zeitlos-vertrieb.de\/sk\/wp-json\/wp\/v2\/pages"}],"about":[{"href":"https:\/\/www.zeitlos-vertrieb.de\/sk\/wp-json\/wp\/v2\/types\/page"}],"author":[{"embeddable":true,"href":"https:\/\/www.zeitlos-vertrieb.de\/sk\/wp-json\/wp\/v2\/users\/1"}],"replies":[{"embeddable":true,"href":"https:\/\/www.zeitlos-vertrieb.de\/sk\/wp-json\/wp\/v2\/comments?post=114"}],"version-history":[{"count":10,"href":"https:\/\/www.zeitlos-vertrieb.de\/sk\/wp-json\/wp\/v2\/pages\/114\/revisions"}],"predecessor-version":[{"id":343,"href":"https:\/\/www.zeitlos-vertrieb.de\/sk\/wp-json\/wp\/v2\/pages\/114\/revisions\/343"}],"wp:attachment":[{"href":"https:\/\/www.zeitlos-vertrieb.de\/sk\/wp-json\/wp\/v2\/media?parent=114"}],"curies":[{"name":"wp","href":"https:\/\/api.w.org\/{rel}","templated":true}]}}