{"id":114,"date":"2020-10-12T09:57:22","date_gmt":"2020-10-12T07:57:22","guid":{"rendered":"https:\/\/www2.zeitlos-vertrieb.de\/?page_id=114"},"modified":"2023-01-17T10:26:47","modified_gmt":"2023-01-17T09:26:47","slug":"agb","status":"publish","type":"page","link":"https:\/\/www.zeitlos-vertrieb.de\/sl\/pogoji\/","title":{"rendered":"Splo\u0161ni pogoji"},"content":{"rendered":"\r\n<p><strong>Splo\u0161ni pogoji poslovanja spletne trgovine zeitlos vertrieb &#038; design GmbH<\/strong><br>(v nadaljnjem besedilu: spletna trgovina zeitlos)<br><\/p>\r\n\r\n\r\n\r\n<p><strong>1. Splo\u0161no<\/strong><br>Vse storitve, ki jih spletna trgovina zeitlos opravlja za stranko, se opravljajo izklju\u010dno na podlagi naslednjih splo\u0161nih pogojev. Odstopanja od teh pravil veljajo le, \u010de sta se Onlineshop zeitlos in stranka o njih pisno dogovorila.<\/p>\r\n\r\n\r\n\r\n<p><strong>2. Sklenitev pogodbe<\/strong><br>a) Ponudbe zeitlos spletne trgovine na internetu so nezavezujo\u010de povabilo kupcu, da naro\u010di blago v spletni trgovini.<br>b) Kupec z naro\u010dilom blaga prek spleta poda zavezujo\u010do ponudbo za sklenitev kupoprodajne pogodbe.<br>c) Spletna trgovina zeitlos lahko sprejme to ponudbo v dveh koledarskih dneh s po\u0161iljanjem potrditve naro\u010dila. Potrditev naro\u010dila se po\u0161lje po elektronski po\u0161ti. \u010ce se dvodnevni rok izte\u010de brez odgovora, se \u0161teje, da je bila ponudba zavrnjena.<\/p>\r\n\r\n\r\n\r\n<p><strong>3. \u010cas dostave<\/strong><br>Vsi izdelki bodo dostavljeni takoj, \u010de bodo na voljo na zalogi, in le do porabe zalog.<br>Dostava je mogo\u010da samo v Nem\u010diji. \u010cas dostave je obi\u010dajno 5 delovnih dni in se za\u010dne z odpo\u0161iljanjem potrditve naro\u010dila. Navedba dobavnega roka je nezavezujo\u010da, razen v primeru druga\u010dnega pisnega dogovora.<br>\u010ce izdelek ni na voljo v kratkem \u010dasu, vas bomo po e-po\u0161ti obvestili o pri\u010dakovanem \u010dasu dostave, \u010de bomo imeli va\u0161 naslov.<br>Pri nekaterih izdelkih je \u010das dostave dalj\u0161i.<br>V primeru zamud pri dostavi, npr. zaradi vi\u0161je sile, motenj v prometu in ukazov vi\u0161jih organov ter drugih dogodkov, za katere spletna trgovina zeitlos ni odgovorna, spletna trgovina zeitlos ne more uveljavljati od\u0161kodninskih zahtevkov.<\/p>\r\n\r\n\r\n\r\n<p><strong>4. Stro\u0161ki pakiranja in po\u0161iljanja<\/strong><br>Za dostavo po Nem\u010diji in stro\u0161ke pakiranja zeitlos spletna trgovina zara\u010duna sorazmerni pav\u0161alni znesek v vi\u0161ini EUR, ne glede na \u0161tevilo in te\u017eo izdelkov.<br>Pri naro\u010dilih z vrednostjo naro\u010dila nad EUR dostavljamo brez stro\u0161kov dostave znotraj Nem\u010dije (razen v tej dr\u017eavi). Na zahtevo stranke lahko opravimo tudi ekspresno dostavo. Dodatne stro\u0161ke, ki nastanejo, krije stranka.<br><br><strong>5. Cene in pla\u010dilo<\/strong><br>1. Vse navedene cene so kon\u010dne in vklju\u010dujejo zakonsko dolo\u010den DDV, ki trenutno zna\u0161a 19 %.<br>2. Kon\u010dne cene ne vklju\u010dujejo stro\u0161kov pakiranja in po\u0161iljanja.<br>3. Zaradi stalnega posodabljanja spletnih strani zeitlos spletne trgovine izgubijo veljavnost informacije o ceni in stanju blaga, ki so bile podane prej.<br>4. Za izstavitev ra\u010duna je odlo\u010dilna cena, navedena ob predlo\u017eitvi strankine ponudbe.<br>5. Pla\u010dilo za blago se opravi na ra\u010dun. Izjeme veljajo le, \u010de se o njih pisno dogovorita zeitlos spletna trgovina in kupec.<br>6. Kupec je dol\u017ean pla\u010dati znesek na ra\u010dunu v 14 dneh po prejemu blaga.<br>7. \u010ce kupec po poteku roka iz \u0161t. 6 ne izpolni svoje obveznosti pla\u010dila, si zeitlos spletna trgovina pridr\u017euje pravico, da kupcu zara\u010duna dodatne stro\u0161ke opomina in obdelave, ki iz tega izhajajo.<br>8. \u010ce kupec zamuja s pla\u010dilom, ima spletna trgovina zeitlos pravico zahtevati zamudne obresti po zakonsko predpisani obrestni meri. To ne vpliva na pravico spletne trgovine zeitlos do morebitnega uveljavljanja nadaljnjih od\u0161kodninskih zahtevkov.<br><br><strong>6. Ohranitev naslova<\/strong><br>Naro\u010deno blago ostane last spletne trgovine zeitlos do celotnega pla\u010dila (pridr\u017eek lastninske pravice v skladu s \u00a7 449 BGB). Pred prenosom lastni\u0161tva, zastavljanje, prenos v zavarovanje, predelava ali preoblikovanje blaga brez izrecnega soglasja spletne trgovine zeitlos niso dovoljeni.<\/p>\r\n\r\n\r\n\r\n<p><strong>7. Garancija<\/strong><br>1. Za zahtevke kupca do spletne trgovine, ki izhajajo iz napake na blagu, veljajo zakonske dolo\u010dbe.<br>2. Kupec se zavezuje, da bo ob prejemu blaga preveril, ali ima blago kakr\u0161ne koli napake, in da bo spletno trgovino nemudoma obvestil o ugotovljenih napakah. \u010ce kupec pozneje ugotovi, da je blago pomanjkljivo, je dol\u017ean o tem nemudoma obvestiti spletno trgovino. \u010ce kupec napake ne sporo\u010di, se \u0161teje, da je blago odobreno.<br>3. Napake na blagu ne vklju\u010dujejo \u0161kode, ki jo povzro\u010di stranka z nepravilnim ali nepogodbenim ravnanjem. Za nepravilno in nepogodbeno ravnanje so odlo\u010dilni podatki, ki jih je zagotovil proizvajalec blaga.<\/p>\r\n\r\n\r\n\r\n<p><strong>8. Omejitev odgovornosti<\/strong><br>Spletna trgovina zeitlos je odgovorna le za \u0161kodo, ki temelji na hudo malomarnem ali namernem ravnanju ali na krivdni kr\u0161itvi bistvene pogodbene obveznosti in jo je povzro\u010dila sama ali eden od njenih posrednikov. Vsi nadaljnji od\u0161kodninski zahtevki so izklju\u010deni. Dolo\u010dbe zakona o odgovornosti za izdelke ostajajo nespremenjene.<br>Poleg tega spletna trgovina zeitlos ni odgovorna za neomejeno razpolo\u017eljivost same spletne trgovine, saj ne more zagotoviti teko\u010dega in brezhibnega prenosa podatkov prek interneta, ki je za to potreben.<\/p>\r\n\r\n\r\n\r\n<p><strong>9. Varstvo podatkov<\/strong><br>Podatke, ki jih posreduje kupec, bo spletna trgovina zeitlos uporabila izklju\u010dno za obdelavo naro\u010dil. Vsi podatki se obravnavajo kot strogo zaupni. Podatki bodo posredovani tretjim osebam (npr. po\u0161tnim slu\u017ebam) le, \u010de bo to potrebno za obdelavo naro\u010dila. Podatki o naro\u010dilih se prena\u0161ajo v \u0161ifrirani in za\u0161\u010diteni obliki, vendar ne prevzemamo nobene odgovornosti za varnost podatkov med temi prenosi prek interneta (npr. zaradi tehni\u010dnih napak na strani ponudnika) ali za morebiten kriminalni dostop tretjih oseb do datotek na na\u0161i spletni strani. Prijavne podatke stranke, ki so ji posredovani na njeno zahtevo, mora stranka obravnavati kot strogo zaupne, saj za uporabo in uporabo teh podatkov ne prevzemamo nobene odgovornosti.<\/p>\r\n\r\n\r\n\r\n<p><strong>10. Copyright<\/strong><br>Vsi logotipi, slike in grafike tretjih oseb so last zadevnih podjetij in so predmet avtorskih pravic ustreznih dajalcev licenc. Vse fotografije, logotipi, besedila, poro\u010dila, skripte in programske rutine, prikazane na teh straneh, ki so na\u0161 lastni razvoj ali smo jih pripravili mi, se ne smejo kopirati ali uporabljati na kakr\u0161en koli drug na\u010din brez na\u0161ega soglasja. Vse pravice pridr\u017eane.<\/p>\r\n\r\n\r\n\r\n<p><strong>11. Povezave na na\u0161ih straneh<\/strong><br>V sodbi z dne 12. maja 1998 &#8211; 312 O 85\/98 &#8211; &#8220;Odgovornost za povezave&#8221; je de\u017eelno sodi\u0161\u010de v Hamburgu razsodilo, da vklju\u010ditev povezav vodi tudi do soodgovornosti za gradivo, ki se ponuja prek teh povezav. Po mnenju de\u017eelnega sodi\u0161\u010da je to mogo\u010de prepre\u010diti le z izrecnim distanciranjem od teh vsebin. Zato se izrecno distanciramo od vseh vsebin vseh povezanih strani na tej spletni strani. Ta izjava velja za vse povezave na na\u0161i spletni strani.<\/p>\r\n\r\n\r\n\r\n<p><strong>12. Kraj pristojnosti<\/strong><br>1. \u010ce zakon ne dolo\u010da druga\u010de, je krajevno pristojen sede\u017e spletne trgovine zeitlos.<br>2. Za vse spore, ki lahko izhajajo iz tega pravnega razmerja, se uporablja nem\u0161ko pravo. Uporaba prodajnega prava ZN je izklju\u010dena.<\/p>\r\n\r\n\r\n\r\n<p><strong>13. Veljavnost splo\u0161nih pogojev poslovanja<\/strong><br>Z oddajo naro\u010dila se strinjate s splo\u0161nimi pogoji in dolo\u010dili zeitlos spletne trgovine. \u010ce je katera koli dolo\u010dba teh splo\u0161nih pogojev iz kakr\u0161nega koli razloga neveljavna, to ne vpliva na veljavnost preostalih dolo\u010db. Ustni dogovori zahtevajo pisno potrditev.<\/p>\r\n\r\n","protected":false},"excerpt":{"rendered":"<p>Splo\u0161ni pogoji poslovanja spletne trgovine zeitlos vertrieb &#038; design GmbH(v nadaljnjem besedilu: spletna trgovina zeitlos) 1. Splo\u0161noVse storitve, ki jih spletna trgovina zeitlos opravlja za stranko, se opravljajo izklju\u010dno na &#8230;<\/p>\n","protected":false},"author":1,"featured_media":0,"parent":0,"menu_order":0,"comment_status":"closed","ping_status":"closed","template":"","meta":{"footnotes":""},"class_list":["post-114","page","type-page","status-publish","hentry"],"yoast_head":"<!-- This site is optimized with the Yoast SEO plugin v27.4 - https:\/\/yoast.com\/product\/yoast-seo-wordpress\/ -->\n<title>Splo\u0161ni pogoji<\/title>\n<meta name=\"description\" content=\"Splo\u0161ni pogoji poslovanja spletne trgovine zeitlos vertrieb &amp; design GmbH(v nadaljnjem besedilu: spletna trgovina zeitlos) 1. Splo\u0161noVse storitve, ki jih spletna trgovina zeitlos opravlja za stranko, se opravljajo izklju\u010dno na podlagi naslednjih splo\u0161nih pogojev. Odstopanja od teh pravil veljajo le, \u010de sta se Onlineshop zeitlos in stranka o njih pisno dogovorila. 2. Sklenitev pogodbea) Ponudbe&hellip;\" \/>\n<meta name=\"robots\" content=\"noindex, follow\" \/>\n<meta property=\"og:locale\" content=\"sl_SI\" \/>\n<meta property=\"og:type\" content=\"article\" \/>\n<meta property=\"og:title\" content=\"Splo\u0161ni pogoji\" \/>\n<meta property=\"og:description\" content=\"Splo\u0161ni pogoji poslovanja spletne trgovine zeitlos vertrieb &amp; design GmbH(v nadaljnjem besedilu: spletna trgovina zeitlos) 1. Splo\u0161noVse storitve, ki jih spletna trgovina zeitlos opravlja za stranko, se opravljajo izklju\u010dno na podlagi naslednjih splo\u0161nih pogojev. Odstopanja od teh pravil veljajo le, \u010de sta se Onlineshop zeitlos in stranka o njih pisno dogovorila. 2. Sklenitev pogodbea) Ponudbe&hellip;\" \/>\n<meta property=\"og:url\" content=\"https:\/\/www.zeitlos-vertrieb.de\/sl\/pogoji\/\" \/>\n<meta property=\"og:site_name\" content=\"ZEITLOS\" \/>\n<meta property=\"article:modified_time\" content=\"2023-01-17T09:26:47+00:00\" \/>\n<meta name=\"twitter:card\" content=\"summary_large_image\" \/>\n<script type=\"application\/ld+json\" class=\"yoast-schema-graph\">{\"@context\":\"https:\\\/\\\/schema.org\",\"@graph\":[{\"@type\":\"WebPage\",\"@id\":\"https:\\\/\\\/www.zeitlos-vertrieb.de\\\/sl\\\/pogoji\\\/\",\"url\":\"https:\\\/\\\/www.zeitlos-vertrieb.de\\\/sl\\\/pogoji\\\/\",\"name\":\"ZEITLOS - AGB\",\"isPartOf\":{\"@id\":\"https:\\\/\\\/www.zeitlos-vertrieb.de\\\/#website\"},\"datePublished\":\"2020-10-12T07:57:22+00:00\",\"dateModified\":\"2023-01-17T09:26:47+00:00\",\"description\":\"Zeitlos bietet als Outsourcing-Dienstleister im Logistik- und Fulfillmentbereich innovative L\u00f6sungen f\u00fcr alle Prozesse im After Sales Service.\",\"breadcrumb\":{\"@id\":\"https:\\\/\\\/www.zeitlos-vertrieb.de\\\/sl\\\/pogoji\\\/#breadcrumb\"},\"inLanguage\":\"sl-SI\",\"potentialAction\":[{\"@type\":\"ReadAction\",\"target\":[\"https:\\\/\\\/www.zeitlos-vertrieb.de\\\/sl\\\/pogoji\\\/\"]}]},{\"@type\":\"BreadcrumbList\",\"@id\":\"https:\\\/\\\/www.zeitlos-vertrieb.de\\\/sl\\\/pogoji\\\/#breadcrumb\",\"itemListElement\":[{\"@type\":\"ListItem\",\"position\":1,\"name\":\"Startseite\",\"item\":\"https:\\\/\\\/www.zeitlos-vertrieb.de\\\/\"},{\"@type\":\"ListItem\",\"position\":2,\"name\":\"Splo\u0161ni pogoji\"}]},{\"@type\":\"WebSite\",\"@id\":\"https:\\\/\\\/www.zeitlos-vertrieb.de\\\/sl\\\/#website\",\"url\":\"https:\\\/\\\/www.zeitlos-vertrieb.de\\\/sl\\\/\",\"name\":\"ZEITLOS\",\"description\":\"Design- und Vertriebs GmbH\",\"publisher\":{\"@id\":\"https:\\\/\\\/www.zeitlos-vertrieb.de\\\/sl\\\/#organization\"},\"potentialAction\":[{\"@type\":\"SearchAction\",\"target\":{\"@type\":\"EntryPoint\",\"urlTemplate\":\"https:\\\/\\\/www.zeitlos-vertrieb.de\\\/sl\\\/?s={search_term_string}\"},\"query-input\":{\"@type\":\"PropertyValueSpecification\",\"valueRequired\":true,\"valueName\":\"search_term_string\"}}],\"inLanguage\":\"sl-SI\"},{\"@type\":\"Organization\",\"@id\":\"https:\\\/\\\/www.zeitlos-vertrieb.de\\\/sl\\\/#organization\",\"name\":\"ZEITLOS Design- und Vertriebs GmbH\",\"url\":\"https:\\\/\\\/www.zeitlos-vertrieb.de\\\/sl\\\/\",\"logo\":{\"@type\":\"ImageObject\",\"inLanguage\":\"sl-SI\",\"@id\":\"https:\\\/\\\/www.zeitlos-vertrieb.de\\\/sl\\\/#\\\/schema\\\/logo\\\/image\\\/\",\"url\":\"https:\\\/\\\/www.zeitlos-vertrieb.de\\\/wp-content\\\/uploads\\\/2020\\\/10\\\/Logo2.png\",\"contentUrl\":\"https:\\\/\\\/www.zeitlos-vertrieb.de\\\/wp-content\\\/uploads\\\/2020\\\/10\\\/Logo2.png\",\"width\":551,\"height\":154,\"caption\":\"ZEITLOS Design- und Vertriebs GmbH\"},\"image\":{\"@id\":\"https:\\\/\\\/www.zeitlos-vertrieb.de\\\/sl\\\/#\\\/schema\\\/logo\\\/image\\\/\"}}]}<\/script>\n<!-- \/ Yoast SEO plugin. -->","yoast_head_json":{"title":"Splo\u0161ni pogoji","description":"Splo\u0161ni pogoji poslovanja spletne trgovine zeitlos vertrieb & design GmbH(v nadaljnjem besedilu: spletna trgovina zeitlos) 1. Splo\u0161noVse storitve, ki jih spletna trgovina zeitlos opravlja za stranko, se opravljajo izklju\u010dno na podlagi naslednjih splo\u0161nih pogojev. Odstopanja od teh pravil veljajo le, \u010de sta se Onlineshop zeitlos in stranka o njih pisno dogovorila. 2. Sklenitev pogodbea) Ponudbe&hellip;","robots":{"index":"noindex","follow":"follow"},"og_locale":"sl_SI","og_type":"article","og_title":"Splo\u0161ni pogoji","og_description":"Splo\u0161ni pogoji poslovanja spletne trgovine zeitlos vertrieb & design GmbH(v nadaljnjem besedilu: spletna trgovina zeitlos) 1. Splo\u0161noVse storitve, ki jih spletna trgovina zeitlos opravlja za stranko, se opravljajo izklju\u010dno na podlagi naslednjih splo\u0161nih pogojev. Odstopanja od teh pravil veljajo le, \u010de sta se Onlineshop zeitlos in stranka o njih pisno dogovorila. 2. Sklenitev pogodbea) Ponudbe&hellip;","og_url":"https:\/\/www.zeitlos-vertrieb.de\/sl\/pogoji\/","og_site_name":"ZEITLOS","article_modified_time":"2023-01-17T09:26:47+00:00","twitter_card":"summary_large_image","schema":{"@context":"https:\/\/schema.org","@graph":[{"@type":"WebPage","@id":"https:\/\/www.zeitlos-vertrieb.de\/sl\/pogoji\/","url":"https:\/\/www.zeitlos-vertrieb.de\/sl\/pogoji\/","name":"ZEITLOS - AGB","isPartOf":{"@id":"https:\/\/www.zeitlos-vertrieb.de\/#website"},"datePublished":"2020-10-12T07:57:22+00:00","dateModified":"2023-01-17T09:26:47+00:00","description":"Zeitlos bietet als Outsourcing-Dienstleister im Logistik- und Fulfillmentbereich innovative L\u00f6sungen f\u00fcr alle Prozesse im After Sales Service.","breadcrumb":{"@id":"https:\/\/www.zeitlos-vertrieb.de\/sl\/pogoji\/#breadcrumb"},"inLanguage":"sl-SI","potentialAction":[{"@type":"ReadAction","target":["https:\/\/www.zeitlos-vertrieb.de\/sl\/pogoji\/"]}]},{"@type":"BreadcrumbList","@id":"https:\/\/www.zeitlos-vertrieb.de\/sl\/pogoji\/#breadcrumb","itemListElement":[{"@type":"ListItem","position":1,"name":"Startseite","item":"https:\/\/www.zeitlos-vertrieb.de\/"},{"@type":"ListItem","position":2,"name":"Splo\u0161ni pogoji"}]},{"@type":"WebSite","@id":"https:\/\/www.zeitlos-vertrieb.de\/sl\/#website","url":"https:\/\/www.zeitlos-vertrieb.de\/sl\/","name":"ZEITLOS","description":"Design- und Vertriebs GmbH","publisher":{"@id":"https:\/\/www.zeitlos-vertrieb.de\/sl\/#organization"},"potentialAction":[{"@type":"SearchAction","target":{"@type":"EntryPoint","urlTemplate":"https:\/\/www.zeitlos-vertrieb.de\/sl\/?s={search_term_string}"},"query-input":{"@type":"PropertyValueSpecification","valueRequired":true,"valueName":"search_term_string"}}],"inLanguage":"sl-SI"},{"@type":"Organization","@id":"https:\/\/www.zeitlos-vertrieb.de\/sl\/#organization","name":"ZEITLOS Design- und Vertriebs GmbH","url":"https:\/\/www.zeitlos-vertrieb.de\/sl\/","logo":{"@type":"ImageObject","inLanguage":"sl-SI","@id":"https:\/\/www.zeitlos-vertrieb.de\/sl\/#\/schema\/logo\/image\/","url":"https:\/\/www.zeitlos-vertrieb.de\/wp-content\/uploads\/2020\/10\/Logo2.png","contentUrl":"https:\/\/www.zeitlos-vertrieb.de\/wp-content\/uploads\/2020\/10\/Logo2.png","width":551,"height":154,"caption":"ZEITLOS Design- und Vertriebs GmbH"},"image":{"@id":"https:\/\/www.zeitlos-vertrieb.de\/sl\/#\/schema\/logo\/image\/"}}]}},"_links":{"self":[{"href":"https:\/\/www.zeitlos-vertrieb.de\/sl\/wp-json\/wp\/v2\/pages\/114","targetHints":{"allow":["GET"]}}],"collection":[{"href":"https:\/\/www.zeitlos-vertrieb.de\/sl\/wp-json\/wp\/v2\/pages"}],"about":[{"href":"https:\/\/www.zeitlos-vertrieb.de\/sl\/wp-json\/wp\/v2\/types\/page"}],"author":[{"embeddable":true,"href":"https:\/\/www.zeitlos-vertrieb.de\/sl\/wp-json\/wp\/v2\/users\/1"}],"replies":[{"embeddable":true,"href":"https:\/\/www.zeitlos-vertrieb.de\/sl\/wp-json\/wp\/v2\/comments?post=114"}],"version-history":[{"count":10,"href":"https:\/\/www.zeitlos-vertrieb.de\/sl\/wp-json\/wp\/v2\/pages\/114\/revisions"}],"predecessor-version":[{"id":343,"href":"https:\/\/www.zeitlos-vertrieb.de\/sl\/wp-json\/wp\/v2\/pages\/114\/revisions\/343"}],"wp:attachment":[{"href":"https:\/\/www.zeitlos-vertrieb.de\/sl\/wp-json\/wp\/v2\/media?parent=114"}],"curies":[{"name":"wp","href":"https:\/\/api.w.org\/{rel}","templated":true}]}}