{"id":112,"date":"2020-10-12T09:56:59","date_gmt":"2020-10-12T07:56:59","guid":{"rendered":"https:\/\/www2.zeitlos-vertrieb.de\/?page_id=112"},"modified":"2023-01-17T10:27:39","modified_gmt":"2023-01-17T09:27:39","slug":"haftungsausschluss","status":"publish","type":"page","link":"https:\/\/www.zeitlos-vertrieb.de\/sv\/ansvarsfriskrivning\/","title":{"rendered":"Ansvarsfriskrivning"},"content":{"rendered":"<p><strong>Inneh\u00e5llet i online-erbjudandet<\/strong><br \/>\nzeitlos design + vertriebs GmbH f\u00f6rbeh\u00e5ller sig r\u00e4tten att inte ansvara f\u00f6r att informationen \u00e4r aktuell eller fullst\u00e4ndig. Ansvarskrav mot zeitlos design + vertriebs GmbH avseende materiella eller immateriella skador som orsakats av anv\u00e4ndning eller icke-anv\u00e4ndning av den tillhandah\u00e5llna informationen eller av anv\u00e4ndning av felaktig eller ofullst\u00e4ndig information \u00e4r principiellt uteslutna, i den m\u00e5n det inte finns n\u00e5gra bevis f\u00f6r upps\u00e5t eller grov v\u00e5rdsl\u00f6shet fr\u00e5n zeitlos design + vertriebs GmbH:s sida.<\/p>\n<p>Alla erbjudanden kan \u00e4ndras utan f\u00f6rvarning och \u00e4r inte bindande. zeitlos design + vertriebs GmbH f\u00f6rbeh\u00e5ller sig uttryckligen r\u00e4tten att \u00e4ndra, komplettera eller radera delar av sidorna eller hela erbjudandet utan f\u00f6rvarning eller att tillf\u00e4lligt eller permanent upph\u00f6ra med publiceringen.<\/p>\n","protected":false},"excerpt":{"rendered":"<p>Inneh\u00e5llet i online-erbjudandet zeitlos design + vertriebs GmbH f\u00f6rbeh\u00e5ller sig r\u00e4tten att inte ansvara f\u00f6r att informationen \u00e4r aktuell eller fullst\u00e4ndig. Ansvarskrav mot zeitlos design + vertriebs GmbH avseende materiella &#8230;<\/p>\n","protected":false},"author":1,"featured_media":0,"parent":0,"menu_order":0,"comment_status":"closed","ping_status":"closed","template":"","meta":{"footnotes":""},"class_list":["post-112","page","type-page","status-publish","hentry"],"yoast_head":"<!-- This site is optimized with the Yoast SEO plugin v27.5 - https:\/\/yoast.com\/product\/yoast-seo-wordpress\/ -->\n<title>Ansvarsfriskrivning<\/title>\n<meta name=\"description\" content=\"Inneh\u00e5llet i online-erbjudandet zeitlos design + vertriebs GmbH f\u00f6rbeh\u00e5ller sig r\u00e4tten att inte ansvara f\u00f6r att informationen \u00e4r aktuell eller fullst\u00e4ndig. Ansvarskrav mot zeitlos design + vertriebs GmbH avseende materiella eller immateriella skador som orsakats av anv\u00e4ndning eller icke-anv\u00e4ndning av den tillhandah\u00e5llna informationen eller av anv\u00e4ndning av felaktig eller ofullst\u00e4ndig information \u00e4r principiellt uteslutna, i&hellip;\" \/>\n<meta name=\"robots\" content=\"noindex, follow\" \/>\n<meta property=\"og:locale\" content=\"sv_SE\" \/>\n<meta property=\"og:type\" content=\"article\" \/>\n<meta property=\"og:title\" content=\"Ansvarsfriskrivning\" \/>\n<meta property=\"og:description\" content=\"Inneh\u00e5llet i online-erbjudandet zeitlos design + vertriebs GmbH f\u00f6rbeh\u00e5ller sig r\u00e4tten att inte ansvara f\u00f6r att informationen \u00e4r aktuell eller fullst\u00e4ndig. Ansvarskrav mot zeitlos design + vertriebs GmbH avseende materiella eller immateriella skador som orsakats av anv\u00e4ndning eller icke-anv\u00e4ndning av den tillhandah\u00e5llna informationen eller av anv\u00e4ndning av felaktig eller ofullst\u00e4ndig information \u00e4r principiellt uteslutna, i&hellip;\" \/>\n<meta property=\"og:url\" content=\"https:\/\/www.zeitlos-vertrieb.de\/sv\/ansvarsfriskrivning\/\" \/>\n<meta property=\"og:site_name\" content=\"ZEITLOS\" \/>\n<meta property=\"article:modified_time\" content=\"2023-01-17T09:27:39+00:00\" \/>\n<meta name=\"twitter:card\" content=\"summary_large_image\" \/>\n<script type=\"application\/ld+json\" class=\"yoast-schema-graph\">{\"@context\":\"https:\\\/\\\/schema.org\",\"@graph\":[{\"@type\":\"WebPage\",\"@id\":\"https:\\\/\\\/www.zeitlos-vertrieb.de\\\/sv\\\/ansvarsfriskrivning\\\/\",\"url\":\"https:\\\/\\\/www.zeitlos-vertrieb.de\\\/sv\\\/ansvarsfriskrivning\\\/\",\"name\":\"ZEITLOS - Haftungsausschluss\",\"isPartOf\":{\"@id\":\"https:\\\/\\\/www.zeitlos-vertrieb.de\\\/#website\"},\"datePublished\":\"2020-10-12T07:56:59+00:00\",\"dateModified\":\"2023-01-17T09:27:39+00:00\",\"description\":\"Zeitlos bietet als Outsourcing-Dienstleister im Logistik- und Fulfillmentbereich innovative L\u00f6sungen f\u00fcr alle Prozesse im After Sales Service.\",\"breadcrumb\":{\"@id\":\"https:\\\/\\\/www.zeitlos-vertrieb.de\\\/sv\\\/ansvarsfriskrivning\\\/#breadcrumb\"},\"inLanguage\":\"sv-SE\",\"potentialAction\":[{\"@type\":\"ReadAction\",\"target\":[\"https:\\\/\\\/www.zeitlos-vertrieb.de\\\/sv\\\/ansvarsfriskrivning\\\/\"]}]},{\"@type\":\"BreadcrumbList\",\"@id\":\"https:\\\/\\\/www.zeitlos-vertrieb.de\\\/sv\\\/ansvarsfriskrivning\\\/#breadcrumb\",\"itemListElement\":[{\"@type\":\"ListItem\",\"position\":1,\"name\":\"Startseite\",\"item\":\"https:\\\/\\\/www.zeitlos-vertrieb.de\\\/\"},{\"@type\":\"ListItem\",\"position\":2,\"name\":\"Ansvarsfriskrivning\"}]},{\"@type\":\"WebSite\",\"@id\":\"https:\\\/\\\/www.zeitlos-vertrieb.de\\\/sv\\\/#website\",\"url\":\"https:\\\/\\\/www.zeitlos-vertrieb.de\\\/sv\\\/\",\"name\":\"ZEITLOS\",\"description\":\"Design- und Vertriebs GmbH\",\"publisher\":{\"@id\":\"https:\\\/\\\/www.zeitlos-vertrieb.de\\\/sv\\\/#organization\"},\"potentialAction\":[{\"@type\":\"SearchAction\",\"target\":{\"@type\":\"EntryPoint\",\"urlTemplate\":\"https:\\\/\\\/www.zeitlos-vertrieb.de\\\/sv\\\/?s={search_term_string}\"},\"query-input\":{\"@type\":\"PropertyValueSpecification\",\"valueRequired\":true,\"valueName\":\"search_term_string\"}}],\"inLanguage\":\"sv-SE\"},{\"@type\":\"Organization\",\"@id\":\"https:\\\/\\\/www.zeitlos-vertrieb.de\\\/sv\\\/#organization\",\"name\":\"ZEITLOS Design- und Vertriebs GmbH\",\"url\":\"https:\\\/\\\/www.zeitlos-vertrieb.de\\\/sv\\\/\",\"logo\":{\"@type\":\"ImageObject\",\"inLanguage\":\"sv-SE\",\"@id\":\"https:\\\/\\\/www.zeitlos-vertrieb.de\\\/sv\\\/#\\\/schema\\\/logo\\\/image\\\/\",\"url\":\"https:\\\/\\\/www.zeitlos-vertrieb.de\\\/wp-content\\\/uploads\\\/2020\\\/10\\\/Logo2.png\",\"contentUrl\":\"https:\\\/\\\/www.zeitlos-vertrieb.de\\\/wp-content\\\/uploads\\\/2020\\\/10\\\/Logo2.png\",\"width\":551,\"height\":154,\"caption\":\"ZEITLOS Design- und Vertriebs GmbH\"},\"image\":{\"@id\":\"https:\\\/\\\/www.zeitlos-vertrieb.de\\\/sv\\\/#\\\/schema\\\/logo\\\/image\\\/\"}}]}<\/script>\n<!-- \/ Yoast SEO plugin. -->","yoast_head_json":{"title":"Ansvarsfriskrivning","description":"Inneh\u00e5llet i online-erbjudandet zeitlos design + vertriebs GmbH f\u00f6rbeh\u00e5ller sig r\u00e4tten att inte ansvara f\u00f6r att informationen \u00e4r aktuell eller fullst\u00e4ndig. Ansvarskrav mot zeitlos design + vertriebs GmbH avseende materiella eller immateriella skador som orsakats av anv\u00e4ndning eller icke-anv\u00e4ndning av den tillhandah\u00e5llna informationen eller av anv\u00e4ndning av felaktig eller ofullst\u00e4ndig information \u00e4r principiellt uteslutna, i&hellip;","robots":{"index":"noindex","follow":"follow"},"og_locale":"sv_SE","og_type":"article","og_title":"Ansvarsfriskrivning","og_description":"Inneh\u00e5llet i online-erbjudandet zeitlos design + vertriebs GmbH f\u00f6rbeh\u00e5ller sig r\u00e4tten att inte ansvara f\u00f6r att informationen \u00e4r aktuell eller fullst\u00e4ndig. Ansvarskrav mot zeitlos design + vertriebs GmbH avseende materiella eller immateriella skador som orsakats av anv\u00e4ndning eller icke-anv\u00e4ndning av den tillhandah\u00e5llna informationen eller av anv\u00e4ndning av felaktig eller ofullst\u00e4ndig information \u00e4r principiellt uteslutna, i&hellip;","og_url":"https:\/\/www.zeitlos-vertrieb.de\/sv\/ansvarsfriskrivning\/","og_site_name":"ZEITLOS","article_modified_time":"2023-01-17T09:27:39+00:00","twitter_card":"summary_large_image","schema":{"@context":"https:\/\/schema.org","@graph":[{"@type":"WebPage","@id":"https:\/\/www.zeitlos-vertrieb.de\/sv\/ansvarsfriskrivning\/","url":"https:\/\/www.zeitlos-vertrieb.de\/sv\/ansvarsfriskrivning\/","name":"ZEITLOS - Haftungsausschluss","isPartOf":{"@id":"https:\/\/www.zeitlos-vertrieb.de\/#website"},"datePublished":"2020-10-12T07:56:59+00:00","dateModified":"2023-01-17T09:27:39+00:00","description":"Zeitlos bietet als Outsourcing-Dienstleister im Logistik- und Fulfillmentbereich innovative L\u00f6sungen f\u00fcr alle Prozesse im After Sales Service.","breadcrumb":{"@id":"https:\/\/www.zeitlos-vertrieb.de\/sv\/ansvarsfriskrivning\/#breadcrumb"},"inLanguage":"sv-SE","potentialAction":[{"@type":"ReadAction","target":["https:\/\/www.zeitlos-vertrieb.de\/sv\/ansvarsfriskrivning\/"]}]},{"@type":"BreadcrumbList","@id":"https:\/\/www.zeitlos-vertrieb.de\/sv\/ansvarsfriskrivning\/#breadcrumb","itemListElement":[{"@type":"ListItem","position":1,"name":"Startseite","item":"https:\/\/www.zeitlos-vertrieb.de\/"},{"@type":"ListItem","position":2,"name":"Ansvarsfriskrivning"}]},{"@type":"WebSite","@id":"https:\/\/www.zeitlos-vertrieb.de\/sv\/#website","url":"https:\/\/www.zeitlos-vertrieb.de\/sv\/","name":"ZEITLOS","description":"Design- und Vertriebs GmbH","publisher":{"@id":"https:\/\/www.zeitlos-vertrieb.de\/sv\/#organization"},"potentialAction":[{"@type":"SearchAction","target":{"@type":"EntryPoint","urlTemplate":"https:\/\/www.zeitlos-vertrieb.de\/sv\/?s={search_term_string}"},"query-input":{"@type":"PropertyValueSpecification","valueRequired":true,"valueName":"search_term_string"}}],"inLanguage":"sv-SE"},{"@type":"Organization","@id":"https:\/\/www.zeitlos-vertrieb.de\/sv\/#organization","name":"ZEITLOS Design- und Vertriebs GmbH","url":"https:\/\/www.zeitlos-vertrieb.de\/sv\/","logo":{"@type":"ImageObject","inLanguage":"sv-SE","@id":"https:\/\/www.zeitlos-vertrieb.de\/sv\/#\/schema\/logo\/image\/","url":"https:\/\/www.zeitlos-vertrieb.de\/wp-content\/uploads\/2020\/10\/Logo2.png","contentUrl":"https:\/\/www.zeitlos-vertrieb.de\/wp-content\/uploads\/2020\/10\/Logo2.png","width":551,"height":154,"caption":"ZEITLOS Design- und Vertriebs GmbH"},"image":{"@id":"https:\/\/www.zeitlos-vertrieb.de\/sv\/#\/schema\/logo\/image\/"}}]}},"_links":{"self":[{"href":"https:\/\/www.zeitlos-vertrieb.de\/sv\/wp-json\/wp\/v2\/pages\/112","targetHints":{"allow":["GET"]}}],"collection":[{"href":"https:\/\/www.zeitlos-vertrieb.de\/sv\/wp-json\/wp\/v2\/pages"}],"about":[{"href":"https:\/\/www.zeitlos-vertrieb.de\/sv\/wp-json\/wp\/v2\/types\/page"}],"author":[{"embeddable":true,"href":"https:\/\/www.zeitlos-vertrieb.de\/sv\/wp-json\/wp\/v2\/users\/1"}],"replies":[{"embeddable":true,"href":"https:\/\/www.zeitlos-vertrieb.de\/sv\/wp-json\/wp\/v2\/comments?post=112"}],"version-history":[{"count":4,"href":"https:\/\/www.zeitlos-vertrieb.de\/sv\/wp-json\/wp\/v2\/pages\/112\/revisions"}],"predecessor-version":[{"id":345,"href":"https:\/\/www.zeitlos-vertrieb.de\/sv\/wp-json\/wp\/v2\/pages\/112\/revisions\/345"}],"wp:attachment":[{"href":"https:\/\/www.zeitlos-vertrieb.de\/sv\/wp-json\/wp\/v2\/media?parent=112"}],"curies":[{"name":"wp","href":"https:\/\/api.w.org\/{rel}","templated":true}]}}