{"id":114,"date":"2020-10-12T09:57:22","date_gmt":"2020-10-12T07:57:22","guid":{"rendered":"https:\/\/www2.zeitlos-vertrieb.de\/?page_id=114"},"modified":"2023-01-17T10:26:47","modified_gmt":"2023-01-17T09:26:47","slug":"agb","status":"publish","type":"page","link":"https:\/\/www.zeitlos-vertrieb.de\/sv\/villkor\/","title":{"rendered":"Allm\u00e4nna villkor"},"content":{"rendered":"\r\n<p><strong>Allm\u00e4nna villkor f\u00f6r webbutiken zeitlos vertrieb &#038; design GmbH<\/strong><br>(nedan kallad n\u00e4tbutiken zeitlos).<br><\/p>\r\n\r\n\r\n\r\n<p><strong>1. Allm\u00e4n information<\/strong><br>Alla tj\u00e4nster som Onlineshop zeitlos tillhandah\u00e5ller kunden ska uteslutande tillhandah\u00e5llas p\u00e5 grundval av f\u00f6ljande allm\u00e4nna villkor. Avvikande best\u00e4mmelser \u00e4r endast giltiga om de har \u00f6verenskommits skriftligen mellan Onlineshop zeitlos och kunden.<\/p>\r\n\r\n\r\n\r\n<p><strong>2. Slutande av kontraktet<\/strong><br>a) Erbjudandena fr\u00e5n den zeitlos n\u00e4tbutiken p\u00e5 Internet \u00e4r en icke-bindande inbjudan till kunden att best\u00e4lla varor i n\u00e4tbutiken.<br>b) Kunden l\u00e4mnar ett bindande erbjudande om att ing\u00e5 ett k\u00f6peavtal n\u00e4r han eller hon best\u00e4ller varor p\u00e5 Internet.<br>c) Onlinebutiken zeitlos har r\u00e4tt att acceptera erbjudandet inom 2 kalenderdagar genom att skicka en orderbekr\u00e4ftelse. Best\u00e4llningsbekr\u00e4ftelsen ska skickas via e-post. Om 2-dagarsfristen l\u00f6per ut utan svar ska erbjudandet anses ha avvisats.<\/p>\r\n\r\n\r\n\r\n<p><strong>3. Leveranstider<\/strong><br>Alla varor levereras omedelbart om de finns i lager och endast s\u00e5 l\u00e4nge lagret r\u00e4cker.<br>Leverans sker endast inom Tyskland. Leveranstiden \u00e4r vanligtvis 5 arbetsdagar och b\u00f6rjar n\u00e4r orderbekr\u00e4ftelsen skickas. Uppgiften om leveranstid \u00e4r icke bindande om det inte finns ett skriftligt avtal om motsatsen.<br>Om en vara inte \u00e4r tillg\u00e4nglig med kort varsel informerar vi dig via e-post om den f\u00f6rv\u00e4ntade leveranstiden, f\u00f6rutsatt att vi har din adress.<br>Vissa varor har en l\u00e4ngre leveranstid.<br>Vid leveransf\u00f6rseningar, t.ex. p\u00e5 grund av force majeure, trafikst\u00f6rningar och order fr\u00e5n h\u00f6gre myndigheter samt andra h\u00e4ndelser som n\u00e4tbutiken zeitlos inte ansvarar f\u00f6r, kan inget skadest\u00e5ndskrav st\u00e4llas mot n\u00e4tbutiken zeitlos.<\/p>\r\n\r\n\r\n\r\n<p><strong>4. F\u00f6rpacknings- och fraktkostnader<\/strong><br>F\u00f6r leverans inom Tyskland och f\u00f6rpackningskostnader tar n\u00e4tbutiken zeitlos ut en proportionell schablonavgift p\u00e5 EUR, oavsett antal och vikt av artiklarna.<br>F\u00f6r best\u00e4llningar med ett orderv\u00e4rde \u00f6ver EUR levererar vi fraktfritt inom Tyskland (undantaget fr\u00e5n detta). P\u00e5 kundens beg\u00e4ran kan \u00e4ven expressleveranser g\u00f6ras. Kunden st\u00e5r f\u00f6r de extra kostnader som uppst\u00e5r.<br><br><strong>5. Priser och betalning<\/strong><br>1. Alla angivna priser \u00e4r slutpriser och inkluderar den lagstadgade momsen p\u00e5 f\u00f6r n\u00e4rvarande 19 %.<br>2. I slutpriserna ing\u00e5r inte kostnaderna f\u00f6r f\u00f6rpackning och frakt.<br>3. P\u00e5 grund av den st\u00e4ndiga uppdateringen av webbsidorna f\u00f6r n\u00e4tbutiken zeitlos f\u00f6rlorar den information som l\u00e4mnats vid en tidigare tidpunkt om varornas pris och skick sin giltighet.<br>4. Det pris som anges n\u00e4r kundens anbud l\u00e4mnas in ska vara avg\u00f6rande f\u00f6r faktureringen.<br>5. Betalning f\u00f6r varorna ska ske mot betalning. Undantag \u00e4r endast giltiga om de har avtalats skriftligen mellan zeitlos onlinebutik och kunden.<br>6. Kunden \u00e4r skyldig att betala fakturabeloppet inom 14 dagar efter mottagandet av varorna.<br>7. Om kunden inte har uppfyllt sin betalningsskyldighet efter utg\u00e5ngen av den tidsfrist som anges i punkt 6, f\u00f6rbeh\u00e5ller sig Online Shop zeitlos r\u00e4tten att debitera kunden ytterligare p\u00e5minnelse- och behandlingsavgifter som uppst\u00e5r p\u00e5 grund av detta.<br>8. Om kunden \u00e4r i dr\u00f6jsm\u00e5l med betalningen har n\u00e4tbutiken zeitlos r\u00e4tt att kr\u00e4va dr\u00f6jsm\u00e5lsr\u00e4nta enligt den lagstadgade r\u00e4ntesatsen. Onlinebutiken zeitloss r\u00e4tt att eventuellt g\u00f6ra ytterligare skadest\u00e5ndskrav g\u00e4llande p\u00e5verkas inte av detta.<br><br><strong>6. Beh\u00e5llande av \u00e4gander\u00e4tten<\/strong><br>De best\u00e4llda varorna f\u00f6rblir n\u00e4tbutiken zeitlos:s egendom till dess att full betalning har skett (\u00e4gander\u00e4ttsf\u00f6rbeh\u00e5ll enligt \u00a7 449 BGB). F\u00f6re \u00f6verf\u00f6ring av \u00e4gander\u00e4tten \u00e4r pants\u00e4ttning, \u00f6verf\u00f6ring som s\u00e4kerhet, bearbetning eller omvandling av varorna inte till\u00e5ten utan uttryckligt samtycke fr\u00e5n online shop zeitlos.<\/p>\r\n\r\n\r\n\r\n<p><strong>7. Garanti<\/strong><br>1. Kundens anspr\u00e5k mot n\u00e4tbutiken zeitlos p\u00e5 grund av fel i varorna ska regleras av de lagstadgade best\u00e4mmelserna.<br>2. Kunden f\u00f6rbinder sig att unders\u00f6ka varorna f\u00f6r eventuella fel vid mottagandet och att omedelbart informera n\u00e4tbutiken om s\u00e5dana fel uppt\u00e4cks. Om kunden senare uppt\u00e4cker att varorna \u00e4r defekta, \u00e4r han skyldig att informera n\u00e4tbutiken om detta utan dr\u00f6jsm\u00e5l efter att ha uppt\u00e4ckt det. Om kunden underl\u00e5ter att anm\u00e4la ett fel ska varorna anses vara godk\u00e4nda.<br>3. Brister i varorna omfattar inte skador som kunden orsakat genom felaktig eller icke avtalsenlig hantering. Den information som tillhandah\u00e5llits av tillverkaren av varorna ska vara avg\u00f6rande f\u00f6r felaktig och icke avtalsenlig hantering.<\/p>\r\n\r\n\r\n\r\n<p><strong>8. Begr\u00e4nsning av ansvar<\/strong><br>Onlinebutiken zeitlos \u00e4r endast ansvarig f\u00f6r skador som grundar sig p\u00e5 grovt v\u00e5rdsl\u00f6sa eller avsiktliga handlingar eller p\u00e5 grovt brott mot en v\u00e4sentlig avtalsf\u00f6rpliktelse och som orsakats av den sj\u00e4lv eller n\u00e5gon av dess st\u00e4llf\u00f6retr\u00e4dare. Alla ytterligare skadest\u00e5ndsanspr\u00e5k \u00e4r uteslutna. Best\u00e4mmelserna i produktansvarslagen ska f\u00f6rbli of\u00f6r\u00e4ndrade.<br>Dessutom ansvarar n\u00e4tbutiken zeitlos inte f\u00f6r att n\u00e4tbutiken \u00e4r obegr\u00e4nsat tillg\u00e4nglig, eftersom den inte kan garantera en smidig och felfri datakommunikation via Internet som kr\u00e4vs f\u00f6r detta.<\/p>\r\n\r\n\r\n\r\n<p><strong>9. Uppgiftsskydd<\/strong><br>De uppgifter som kunden \u00f6verf\u00f6r kommer att anv\u00e4ndas av n\u00e4tbutiken zeitlos uteslutande f\u00f6r att behandla best\u00e4llningarna. Alla uppgifter behandlas strikt konfidentiellt. Uppgifter \u00f6verl\u00e4mnas endast till tredje part (t.ex. frakttj\u00e4nster) om detta \u00e4r n\u00f6dv\u00e4ndigt f\u00f6r orderbehandlingen. Best\u00e4llningsuppgifterna \u00f6verf\u00f6rs i krypterad och s\u00e4ker form, men vi tar inget ansvar f\u00f6r datas\u00e4kerheten vid dessa \u00f6verf\u00f6ringar via Internet (t.ex. p\u00e5 grund av tekniska fel fr\u00e5n leverant\u00f6rens sida) eller f\u00f6r att tredje part har kriminell tillg\u00e5ng till filer p\u00e5 v\u00e5r webbplats. Kundinloggningsuppgifter som \u00f6verf\u00f6rs till kunden p\u00e5 kundens beg\u00e4ran m\u00e5ste behandlas strikt konfidentiellt av kunden, eftersom vi inte tar n\u00e5got ansvar f\u00f6r anv\u00e4ndningen och till\u00e4mpningen av dessa uppgifter.<\/p>\r\n\r\n\r\n\r\n<p><strong>10. Copyright<\/strong><br>Alla logotyper, bilder och grafik fr\u00e5n tredje part tillh\u00f6r respektive f\u00f6retag och omfattas av respektive licensgivares upphovsr\u00e4tt. Alla foton, logotyper, texter, rapporter, manus och programmeringsrutiner som visas p\u00e5 dessa sidor, som \u00e4r v\u00e5r egen utveckling eller har utarbetats av oss, f\u00e5r inte kopieras eller anv\u00e4ndas p\u00e5 n\u00e5got annat s\u00e4tt utan v\u00e5rt samtycke. Alla r\u00e4ttigheter \u00e4r f\u00f6rbeh\u00e5llna.<\/p>\r\n\r\n\r\n\r\n<p><strong>11. L\u00e4nkar p\u00e5 v\u00e5ra sidor<\/strong><br>I sin dom av den 12 maj 1998 &#8211; 312 O 85\/98 &#8211; &#8221;Ansvar f\u00f6r l\u00e4nkar&#8221;, beslutade den regionala domstolen i Hamburg att medverkan till ansvaret f\u00f6r det material som erbjuds via dessa l\u00e4nkar ocks\u00e5 kan uppst\u00e5 genom att l\u00e4nkar l\u00e4ggs in. Enligt domstolen kan detta endast f\u00f6rhindras genom att man uttryckligen tar avst\u00e5nd fr\u00e5n detta inneh\u00e5ll. Vi tar d\u00e4rf\u00f6r uttryckligen avst\u00e5nd fr\u00e5n allt inneh\u00e5ll p\u00e5 alla l\u00e4nkade sidor p\u00e5 denna hemsida. Detta uttalande g\u00e4ller f\u00f6r alla l\u00e4nkar p\u00e5 v\u00e5r hemsida.<\/p>\r\n\r\n\r\n\r\n<p><strong>12. Plats f\u00f6r jurisdiktion<\/strong><br>1. Om inte annat f\u00f6reskrivs i lag \u00e4r jurisdiktionen den registrerade platsen f\u00f6r n\u00e4tbutiken zeitlos.<br>2. Tysk lag ska till\u00e4mpas p\u00e5 alla tvister som kan uppst\u00e5 i samband med detta r\u00e4ttsliga f\u00f6rh\u00e5llande. Till\u00e4mpning av FN:s f\u00f6rs\u00e4ljningslagstiftning \u00e4r utesluten.<\/p>\r\n\r\n\r\n\r\n<p><strong>13. Giltigheten av de allm\u00e4nna villkoren<\/strong><br>Genom att g\u00f6ra en best\u00e4llning godk\u00e4nner du de allm\u00e4nna villkoren f\u00f6r n\u00e4tbutiken zeitlos. Om n\u00e5gon best\u00e4mmelse i dessa allm\u00e4nna villkor skulle vara ogiltig, oavsett anledning, ska giltigheten av de \u00f6vriga best\u00e4mmelserna f\u00f6rbli of\u00f6r\u00e4ndrad. Muntliga avtal kr\u00e4ver skriftlig bekr\u00e4ftelse.<\/p>\r\n\r\n","protected":false},"excerpt":{"rendered":"<p>Allm\u00e4nna villkor f\u00f6r webbutiken zeitlos vertrieb &#038; design GmbH(nedan kallad n\u00e4tbutiken zeitlos). 1. Allm\u00e4n informationAlla tj\u00e4nster som Onlineshop zeitlos tillhandah\u00e5ller kunden ska uteslutande tillhandah\u00e5llas p\u00e5 grundval av f\u00f6ljande allm\u00e4nna villkor. &#8230;<\/p>\n","protected":false},"author":1,"featured_media":0,"parent":0,"menu_order":0,"comment_status":"closed","ping_status":"closed","template":"","meta":{"footnotes":""},"class_list":["post-114","page","type-page","status-publish","hentry"],"yoast_head":"<!-- This site is optimized with the Yoast SEO plugin v27.5 - https:\/\/yoast.com\/product\/yoast-seo-wordpress\/ -->\n<title>Allm\u00e4nna villkor<\/title>\n<meta name=\"description\" content=\"Allm\u00e4nna villkor f\u00f6r webbutiken zeitlos vertrieb &amp; design GmbH(nedan kallad n\u00e4tbutiken zeitlos). 1. Allm\u00e4n informationAlla tj\u00e4nster som Onlineshop zeitlos tillhandah\u00e5ller kunden ska uteslutande tillhandah\u00e5llas p\u00e5 grundval av f\u00f6ljande allm\u00e4nna villkor. Avvikande best\u00e4mmelser \u00e4r endast giltiga om de har \u00f6verenskommits skriftligen mellan Onlineshop zeitlos och kunden. 2. Slutande av kontrakteta) Erbjudandena fr\u00e5n den zeitlos n\u00e4tbutiken p\u00e5&hellip;\" \/>\n<meta name=\"robots\" content=\"noindex, follow\" \/>\n<meta property=\"og:locale\" content=\"sv_SE\" \/>\n<meta property=\"og:type\" content=\"article\" \/>\n<meta property=\"og:title\" content=\"Allm\u00e4nna villkor\" \/>\n<meta property=\"og:description\" content=\"Allm\u00e4nna villkor f\u00f6r webbutiken zeitlos vertrieb &amp; design GmbH(nedan kallad n\u00e4tbutiken zeitlos). 1. Allm\u00e4n informationAlla tj\u00e4nster som Onlineshop zeitlos tillhandah\u00e5ller kunden ska uteslutande tillhandah\u00e5llas p\u00e5 grundval av f\u00f6ljande allm\u00e4nna villkor. Avvikande best\u00e4mmelser \u00e4r endast giltiga om de har \u00f6verenskommits skriftligen mellan Onlineshop zeitlos och kunden. 2. Slutande av kontrakteta) Erbjudandena fr\u00e5n den zeitlos n\u00e4tbutiken p\u00e5&hellip;\" \/>\n<meta property=\"og:url\" content=\"https:\/\/www.zeitlos-vertrieb.de\/sv\/villkor\/\" \/>\n<meta property=\"og:site_name\" content=\"ZEITLOS\" \/>\n<meta property=\"article:modified_time\" content=\"2023-01-17T09:26:47+00:00\" \/>\n<meta name=\"twitter:card\" content=\"summary_large_image\" \/>\n<script type=\"application\/ld+json\" class=\"yoast-schema-graph\">{\"@context\":\"https:\\\/\\\/schema.org\",\"@graph\":[{\"@type\":\"WebPage\",\"@id\":\"https:\\\/\\\/www.zeitlos-vertrieb.de\\\/sv\\\/villkor\\\/\",\"url\":\"https:\\\/\\\/www.zeitlos-vertrieb.de\\\/sv\\\/villkor\\\/\",\"name\":\"ZEITLOS - AGB\",\"isPartOf\":{\"@id\":\"https:\\\/\\\/www.zeitlos-vertrieb.de\\\/#website\"},\"datePublished\":\"2020-10-12T07:57:22+00:00\",\"dateModified\":\"2023-01-17T09:26:47+00:00\",\"description\":\"Zeitlos bietet als Outsourcing-Dienstleister im Logistik- und Fulfillmentbereich innovative L\u00f6sungen f\u00fcr alle Prozesse im After Sales Service.\",\"breadcrumb\":{\"@id\":\"https:\\\/\\\/www.zeitlos-vertrieb.de\\\/sv\\\/villkor\\\/#breadcrumb\"},\"inLanguage\":\"sv-SE\",\"potentialAction\":[{\"@type\":\"ReadAction\",\"target\":[\"https:\\\/\\\/www.zeitlos-vertrieb.de\\\/sv\\\/villkor\\\/\"]}]},{\"@type\":\"BreadcrumbList\",\"@id\":\"https:\\\/\\\/www.zeitlos-vertrieb.de\\\/sv\\\/villkor\\\/#breadcrumb\",\"itemListElement\":[{\"@type\":\"ListItem\",\"position\":1,\"name\":\"Startseite\",\"item\":\"https:\\\/\\\/www.zeitlos-vertrieb.de\\\/\"},{\"@type\":\"ListItem\",\"position\":2,\"name\":\"Allm\u00e4nna villkor\"}]},{\"@type\":\"WebSite\",\"@id\":\"https:\\\/\\\/www.zeitlos-vertrieb.de\\\/sv\\\/#website\",\"url\":\"https:\\\/\\\/www.zeitlos-vertrieb.de\\\/sv\\\/\",\"name\":\"ZEITLOS\",\"description\":\"Design- und Vertriebs GmbH\",\"publisher\":{\"@id\":\"https:\\\/\\\/www.zeitlos-vertrieb.de\\\/sv\\\/#organization\"},\"potentialAction\":[{\"@type\":\"SearchAction\",\"target\":{\"@type\":\"EntryPoint\",\"urlTemplate\":\"https:\\\/\\\/www.zeitlos-vertrieb.de\\\/sv\\\/?s={search_term_string}\"},\"query-input\":{\"@type\":\"PropertyValueSpecification\",\"valueRequired\":true,\"valueName\":\"search_term_string\"}}],\"inLanguage\":\"sv-SE\"},{\"@type\":\"Organization\",\"@id\":\"https:\\\/\\\/www.zeitlos-vertrieb.de\\\/sv\\\/#organization\",\"name\":\"ZEITLOS Design- und Vertriebs GmbH\",\"url\":\"https:\\\/\\\/www.zeitlos-vertrieb.de\\\/sv\\\/\",\"logo\":{\"@type\":\"ImageObject\",\"inLanguage\":\"sv-SE\",\"@id\":\"https:\\\/\\\/www.zeitlos-vertrieb.de\\\/sv\\\/#\\\/schema\\\/logo\\\/image\\\/\",\"url\":\"https:\\\/\\\/www.zeitlos-vertrieb.de\\\/wp-content\\\/uploads\\\/2020\\\/10\\\/Logo2.png\",\"contentUrl\":\"https:\\\/\\\/www.zeitlos-vertrieb.de\\\/wp-content\\\/uploads\\\/2020\\\/10\\\/Logo2.png\",\"width\":551,\"height\":154,\"caption\":\"ZEITLOS Design- und Vertriebs GmbH\"},\"image\":{\"@id\":\"https:\\\/\\\/www.zeitlos-vertrieb.de\\\/sv\\\/#\\\/schema\\\/logo\\\/image\\\/\"}}]}<\/script>\n<!-- \/ Yoast SEO plugin. -->","yoast_head_json":{"title":"Allm\u00e4nna villkor","description":"Allm\u00e4nna villkor f\u00f6r webbutiken zeitlos vertrieb & design GmbH(nedan kallad n\u00e4tbutiken zeitlos). 1. Allm\u00e4n informationAlla tj\u00e4nster som Onlineshop zeitlos tillhandah\u00e5ller kunden ska uteslutande tillhandah\u00e5llas p\u00e5 grundval av f\u00f6ljande allm\u00e4nna villkor. Avvikande best\u00e4mmelser \u00e4r endast giltiga om de har \u00f6verenskommits skriftligen mellan Onlineshop zeitlos och kunden. 2. Slutande av kontrakteta) Erbjudandena fr\u00e5n den zeitlos n\u00e4tbutiken p\u00e5&hellip;","robots":{"index":"noindex","follow":"follow"},"og_locale":"sv_SE","og_type":"article","og_title":"Allm\u00e4nna villkor","og_description":"Allm\u00e4nna villkor f\u00f6r webbutiken zeitlos vertrieb & design GmbH(nedan kallad n\u00e4tbutiken zeitlos). 1. Allm\u00e4n informationAlla tj\u00e4nster som Onlineshop zeitlos tillhandah\u00e5ller kunden ska uteslutande tillhandah\u00e5llas p\u00e5 grundval av f\u00f6ljande allm\u00e4nna villkor. Avvikande best\u00e4mmelser \u00e4r endast giltiga om de har \u00f6verenskommits skriftligen mellan Onlineshop zeitlos och kunden. 2. Slutande av kontrakteta) Erbjudandena fr\u00e5n den zeitlos n\u00e4tbutiken p\u00e5&hellip;","og_url":"https:\/\/www.zeitlos-vertrieb.de\/sv\/villkor\/","og_site_name":"ZEITLOS","article_modified_time":"2023-01-17T09:26:47+00:00","twitter_card":"summary_large_image","schema":{"@context":"https:\/\/schema.org","@graph":[{"@type":"WebPage","@id":"https:\/\/www.zeitlos-vertrieb.de\/sv\/villkor\/","url":"https:\/\/www.zeitlos-vertrieb.de\/sv\/villkor\/","name":"ZEITLOS - AGB","isPartOf":{"@id":"https:\/\/www.zeitlos-vertrieb.de\/#website"},"datePublished":"2020-10-12T07:57:22+00:00","dateModified":"2023-01-17T09:26:47+00:00","description":"Zeitlos bietet als Outsourcing-Dienstleister im Logistik- und Fulfillmentbereich innovative L\u00f6sungen f\u00fcr alle Prozesse im After Sales Service.","breadcrumb":{"@id":"https:\/\/www.zeitlos-vertrieb.de\/sv\/villkor\/#breadcrumb"},"inLanguage":"sv-SE","potentialAction":[{"@type":"ReadAction","target":["https:\/\/www.zeitlos-vertrieb.de\/sv\/villkor\/"]}]},{"@type":"BreadcrumbList","@id":"https:\/\/www.zeitlos-vertrieb.de\/sv\/villkor\/#breadcrumb","itemListElement":[{"@type":"ListItem","position":1,"name":"Startseite","item":"https:\/\/www.zeitlos-vertrieb.de\/"},{"@type":"ListItem","position":2,"name":"Allm\u00e4nna villkor"}]},{"@type":"WebSite","@id":"https:\/\/www.zeitlos-vertrieb.de\/sv\/#website","url":"https:\/\/www.zeitlos-vertrieb.de\/sv\/","name":"ZEITLOS","description":"Design- und Vertriebs GmbH","publisher":{"@id":"https:\/\/www.zeitlos-vertrieb.de\/sv\/#organization"},"potentialAction":[{"@type":"SearchAction","target":{"@type":"EntryPoint","urlTemplate":"https:\/\/www.zeitlos-vertrieb.de\/sv\/?s={search_term_string}"},"query-input":{"@type":"PropertyValueSpecification","valueRequired":true,"valueName":"search_term_string"}}],"inLanguage":"sv-SE"},{"@type":"Organization","@id":"https:\/\/www.zeitlos-vertrieb.de\/sv\/#organization","name":"ZEITLOS Design- und Vertriebs GmbH","url":"https:\/\/www.zeitlos-vertrieb.de\/sv\/","logo":{"@type":"ImageObject","inLanguage":"sv-SE","@id":"https:\/\/www.zeitlos-vertrieb.de\/sv\/#\/schema\/logo\/image\/","url":"https:\/\/www.zeitlos-vertrieb.de\/wp-content\/uploads\/2020\/10\/Logo2.png","contentUrl":"https:\/\/www.zeitlos-vertrieb.de\/wp-content\/uploads\/2020\/10\/Logo2.png","width":551,"height":154,"caption":"ZEITLOS Design- und Vertriebs GmbH"},"image":{"@id":"https:\/\/www.zeitlos-vertrieb.de\/sv\/#\/schema\/logo\/image\/"}}]}},"_links":{"self":[{"href":"https:\/\/www.zeitlos-vertrieb.de\/sv\/wp-json\/wp\/v2\/pages\/114","targetHints":{"allow":["GET"]}}],"collection":[{"href":"https:\/\/www.zeitlos-vertrieb.de\/sv\/wp-json\/wp\/v2\/pages"}],"about":[{"href":"https:\/\/www.zeitlos-vertrieb.de\/sv\/wp-json\/wp\/v2\/types\/page"}],"author":[{"embeddable":true,"href":"https:\/\/www.zeitlos-vertrieb.de\/sv\/wp-json\/wp\/v2\/users\/1"}],"replies":[{"embeddable":true,"href":"https:\/\/www.zeitlos-vertrieb.de\/sv\/wp-json\/wp\/v2\/comments?post=114"}],"version-history":[{"count":10,"href":"https:\/\/www.zeitlos-vertrieb.de\/sv\/wp-json\/wp\/v2\/pages\/114\/revisions"}],"predecessor-version":[{"id":343,"href":"https:\/\/www.zeitlos-vertrieb.de\/sv\/wp-json\/wp\/v2\/pages\/114\/revisions\/343"}],"wp:attachment":[{"href":"https:\/\/www.zeitlos-vertrieb.de\/sv\/wp-json\/wp\/v2\/media?parent=114"}],"curies":[{"name":"wp","href":"https:\/\/api.w.org\/{rel}","templated":true}]}}